{"id":8567,"date":"2016-09-08T14:01:12","date_gmt":"2016-09-08T05:01:12","guid":{"rendered":"https:\/\/top-seiko.com\/services-dusinage-de-precision-pour-les-materiaux-ultra-durs\/"},"modified":"2023-10-23T18:16:52","modified_gmt":"2023-10-23T09:16:52","slug":"technology","status":"publish","type":"page","link":"https:\/\/top-seiko.com\/fr\/technology\/","title":{"rendered":"Services d&#8217;usinage de pr\u00e9cision pour les mat\u00e9riaux ultra-durs"},"content":{"rendered":"<article class=\"m-technology\">\n\t<!-- \u52a0\u5de5\u6280\u8853\u7d39\u4ecb --><\/p>\n<section class=\"technology\">\n<div class=\"container\">\n<h2 class=\"ttl01\">\n\t\t\t\t<span class=\"ja\">Services d&#8217;usinage de pr\u00e9cision pour les mat\u00e9riaux ultra-durs<\/span><br \/>\n\t\t\t<\/h2>\n<div class=\"contents_top box-shadow row\">\n<div class=\"contents_top_text col-sm-7\">\n<p><strong>&#8220;De nombreuses pi\u00e8ces de pr\u00e9cision ont \u00e9t\u00e9 r\u00e9alis\u00e9es dans des mat\u00e9riaux m\u00e9talliques courants. Mais nous usinons des mat\u00e9riaux durs exotiques et fabriquons les m\u00eames pi\u00e8ces.&#8221;<\/strong><br \/>\n Avec cette devise, Top Seiko s&#8217;est sp\u00e9cialis\u00e9 dans les mat\u00e9riaux ultra-durs tels que les c\u00e9ramiques avanc\u00e9es, les verres, les m\u00e9taux r\u00e9fractaires et les mat\u00e9riaux haute performance r\u00e9cemment d\u00e9velopp\u00e9s comme les mat\u00e9riaux composites. En fonction des caract\u00e9ristiques d&#8217;usinabilit\u00e9 de chaque mat\u00e9riau et de la complexit\u00e9 de la forme de la pi\u00e8ce, nous d\u00e9terminons la m\u00e9thode de fabrication la plus appropri\u00e9e en utilisant des approches physiques et chimiques. <\/p>\n<p>Nous sommes \u00e9galement experts dans la conception d&#8217;outils d&#8217;usinage qui peuvent maximiser la productivit\u00e9 tout en maintenant la plus haute qualit\u00e9 des produits. La plupart de ces outils sont produits par des entreprises de fabrication d&#8217;outils selon nos sp\u00e9cifications. Dans le cas contraire, nous les fabriquons nous-m\u00eames.  <\/p>\n<p>Nous recherchons et investissons en permanence dans de nouvelles technologies afin de fournir \u00e0 nos clients des services d&#8217;usinage de la plus haute qualit\u00e9. En outre, nous effectuons r\u00e9guli\u00e8rement des essais d&#8217;usinage pour recueillir des donn\u00e9es afin d&#8217;\u00e9tendre encore davantage nos capacit\u00e9s. <\/p>\n<\/p><\/div>\n<div class=\"contents_img col-sm-5 tC\">\n\t\t\t\t\t<img decoding=\"async\" src=\"\/img\/technology\/technology_img01.jpg\" alt=\"\">\n\t\t\t\t<\/div>\n<p>\t\t\t<!-- \/.contents_top --><\/div>\n<ul class=\"tech_kind row\">\n<li class=\"tech_kind_box col-sm-6\">\n<div class=\"tech_kind_box_in row\">\n<div class=\"left col-sm-6\">\n<h4>Usinage complexe et 3D<\/h4>\n<div><img decoding=\"async\" src=\"\/img\/index\/index_tech_img01.jpg\" alt=\"\"><\/div>\n<\/p><\/div>\n<div class=\"tech_kind_box_in2 col-sm-6\">\n<p>Gr\u00e2ce \u00e0 des technologies de pointe telles que le centre de fraisage \u00e0 grande vitesse \u00e0 entra\u00eenement par moteur lin\u00e9aire et les centres d&#8217;usinage \u00e0 5 axes, Top Seiko offre un service d&#8217;usinage de pr\u00e9cision sur mesure pour les mat\u00e9riaux ultra-durs. Nous sommes sp\u00e9cialis\u00e9s dans l&#8217;usinage complexe et de pr\u00e9cision de formes, de fentes, de rainures, de tranch\u00e9es, de marches\/formes sur\u00e9lev\u00e9es, de contre-al\u00e9sages, de filets, de trous droits\/coniques, etc. dans les c\u00e9ramiques, les verres et les m\u00e9taux r\u00e9fractaires. Un service d&#8217;usinage en 3D est disponible pour les c\u00e9ramiques et le molybd\u00e8ne. <\/p>\n<div class=\"detail_btn tC\">\n\t\t\t\t\t\t\t\t\t<a href=\"tech01\/\"><\/a>\n\t\t\t\t\t\t\t\t<\/div>\n<p>\t\t\t\t\t\t<!-- \/.tech_kind_box_in2 --><\/div>\n<p>\t\t\t\t\t<!-- \/.tech_kind_box_in --><\/div>\n<p>\t\t\t<!-- \/.tech_kind_box.col-sm-6 --><\/li>\n<li class=\"tech_kind_box col-sm-6\">\n<div class=\"tech_kind_box_in row\">\n<div class=\"left col-sm-6\">\n<h4>Usinage de haute pr\u00e9cision \/ micro-usinage<\/h4>\n<div><img decoding=\"async\" src=\"\/img\/index\/index_tech_img02.jpg\" alt=\"\"><\/div>\n<\/p><\/div>\n<div class=\"tech_kind_box_in2 col-sm-6\">\n<p>&#8220;Relever logiquement les d\u00e9fis de l&#8217;usinage par des approches physiques et chimiques&#8221;, telle est notre devise. <br \/>\n\t\t\t\t\t\t\t\tEn tant que l&#8217;un des principaux fournisseurs de l&#8217;industrie, nous sommes en mesure de fournir des services d&#8217;usinage de haute pr\u00e9cision et de micro-usinage pour une grande vari\u00e9t\u00e9 de mat\u00e9riaux durs exotiques. Gr\u00e2ce \u00e0 notre connaissance approfondie de ces mat\u00e9riaux, \u00e0 nos machines et outils de pr\u00e9cision de pointe, \u00e0 nos ing\u00e9nieurs exp\u00e9riment\u00e9s et \u00e0 nos op\u00e9rateurs de machines bien form\u00e9s, nous fabriquons des pi\u00e8ces usin\u00e9es sur mesure avec une pr\u00e9cision de l&#8217;ordre du micron. <br \/>\n\t\t\t\t\t\t\t\tNous disposons \u00e9galement d&#8217;un \u00e9quipement de mesure qui nous permet de garantir la pr\u00e9cision dimensionnelle de chaque pi\u00e8ce usin\u00e9e.<\/p>\n<div class=\"detail_btn tC\">\n\t\t\t\t\t\t\t\t\t<a href=\"tech02\/\"><\/a>\n\t\t\t\t\t\t\t\t<\/div>\n<p>\t\t\t\t\t\t<!-- \/.tech_kind_box_in2 --><\/div>\n<p>\t\t\t\t\t<!-- \/.tech_kind_box_in --><\/div>\n<p>\t\t\t<!-- \/.tech_kind_box.col-sm-6 --><\/li>\n<li class=\"tech_kind_box col-sm-6\">\n<div class=\"tech_kind_box_in row\">\n<div class=\"left col-sm-6\">\n<h4>Per\u00e7age<\/h4>\n<div><img decoding=\"async\" src=\"\/img\/index\/index_tech_img03.jpg\" alt=\"\"><\/div>\n<\/p><\/div>\n<div class=\"tech_kind_box_in2 col-sm-6\">\n<p>Le per\u00e7age des mat\u00e9riaux durs est notre sp\u00e9cialit\u00e9. Des trous de pr\u00e9cision, des micro-trous et des trous multiples peuvent \u00eatre usin\u00e9s dans les c\u00e9ramiques, les verres et les m\u00e9taux r\u00e9fractaires tels que le tungst\u00e8ne, le molybd\u00e8ne et le tantale.  <br \/>Nous concevons des outils d&#8217;usinage pour percer avec pr\u00e9cision selon vos besoins. Il suffit de nous indiquer le diam\u00e8tre, la profondeur, les tol\u00e9rances, etc. des trous dont vous avez besoin !<\/p>\n<div class=\"detail_btn tC\">\n\t\t\t\t\t\t\t\t\t<a href=\"tech03\/\"><\/a>\n\t\t\t\t\t\t\t\t<\/div>\n<p>\t\t\t\t\t\t<!-- \/.tech_kind_box_in2 --><\/div>\n<p>\t\t\t\t\t<!-- \/.tech_kind_box_in --><\/div>\n<p>\t\t\t<!-- \/.tech_kind_box.col-sm-6 --><\/li>\n<li class=\"tech_kind_box col-sm-6\">\n<div class=\"tech_kind_box_in row\">\n<div class=\"left col-sm-6\">\n<h4>Per\u00e7age profond<\/h4>\n<div><img decoding=\"async\" src=\"\/img\/index\/index_tech_img04.jpg\" alt=\"\"><\/div>\n<\/p><\/div>\n<div class=\"tech_kind_box_in2 col-sm-6\">\n<p>Gr\u00e2ce \u00e0 des outils d&#8217;usinage con\u00e7us sur mesure par notre \u00e9quipe d&#8217;ing\u00e9nieurs, nous sommes fiers d&#8217;\u00eatre en mesure percer des trous droits profonds et de longs trous coniques dans des mat\u00e9riaux ultra-durs tels que les c\u00e9ramiques avanc\u00e9es, le verre de silice fondue (quartz fondu), le molybd\u00e8ne et le tungst\u00e8ne. <br \/>\n\t\t\t\t\t\t\t\tThe keys to success in deep hole drilling are; 1. Keep the drill straight, 2. Flush chips out of the hole and avoid chip accumulation at the bottom of the hole. And we know exactly how to do them!<\/p>\n<div class=\"detail_btn tC\">\n\t\t\t\t\t\t\t\t\t<a href=\"tech04\/\"><\/a>\n\t\t\t\t\t\t\t\t<\/div>\n<p>\t\t\t\t\t\t<!-- \/.tech_kind_box_in2 --><\/div>\n<p>\t\t\t\t\t<!-- \/.tech_kind_box_in --><\/div>\n<p>\t\t\t<!-- \/.tech_kind_box.col-sm-6 --><\/li>\n<p>\t\t\t<!-- \/.tech_kind --><\/ul>\n<div class=\"technology_bottom\">\n<ul class=\"technology_bottom_list\">\n<li class=\"col-sm-6 btn_grad_blue\"><a href=\"..\/works\/material-cat\/ceramics\/#comparison\">Comparaison des proc\u00e9d\u00e9s apr\u00e8s frittage<i class=\"fa fa-caret-right\" aria-hidden=\"true\"><\/i><\/a><\/li>\n<p>\t\t\t\t\t<!--\n\n<li class=\"col-sm-6 btn_grad_blue\"><a href=\"..\/works\/material-cat\/ceramics\/\">\u7d20\u6750\u3054\u3068\u306e\u52a0\u5de5\u53ef\u80fd\u306a\u76ee\u5b89<i class=\"fa fa-caret-right\" aria-hidden=\"true\"><\/i><\/a><\/li>\n\n-->\n\t\t\t\t<\/ul>\n<\/p><\/div>\n<p>\t\t<!-- container --><\/div>\n<\/section>\n<\/article>\n","protected":false},"excerpt":{"rendered":"<p>Services d&#8217;usinage de pr\u00e9cision pour les mat\u00e9riaux ultra-durs &#8220;De nombreuses pi\u00e8ces de pr\u00e9cision ont \u00e9t\u00e9 r\u00e9alis\u00e9es dans des mat\u00e9riaux m\u00e9talliques courants. Mais nous usinons des mat\u00e9riaux durs exotiques et fabriquons les m\u00eames pi\u00e8ces.&#8221; Avec cette devise, Top Seiko s&#8217;est sp\u00e9cialis\u00e9 dans les mat\u00e9riaux ultra-durs tels que les c\u00e9ramiques avanc\u00e9es, les verres, les m\u00e9taux r\u00e9fractaires et les mat\u00e9riaux haute performance r\u00e9cemment d\u00e9velopp\u00e9s comme les mat\u00e9riaux composites. En fonction des caract\u00e9ristiques d&#8217;usinabilit\u00e9 de chaque mat\u00e9riau et de la complexit\u00e9 de la forme de la pi\u00e8ce, nous d\u00e9terminons la m\u00e9thode de fabrication la plus appropri\u00e9e en utilisant des approches physiques et chimiques. Nous sommes \u00e9galement experts dans la conception d&#8217;outils d&#8217;usinage qui peuvent [&hellip;]<\/p>\n","protected":false},"author":1,"featured_media":0,"parent":0,"menu_order":0,"comment_status":"closed","ping_status":"closed","template":"","meta":{"om_disable_all_campaigns":false,"_monsterinsights_skip_tracking":false,"_monsterinsights_sitenote_active":false,"_monsterinsights_sitenote_note":"","_monsterinsights_sitenote_category":0,"footnotes":""},"aioseo_notices":[],"_links":{"self":[{"href":"https:\/\/top-seiko.com\/fr\/wp-json\/wp\/v2\/pages\/8567"}],"collection":[{"href":"https:\/\/top-seiko.com\/fr\/wp-json\/wp\/v2\/pages"}],"about":[{"href":"https:\/\/top-seiko.com\/fr\/wp-json\/wp\/v2\/types\/page"}],"author":[{"embeddable":true,"href":"https:\/\/top-seiko.com\/fr\/wp-json\/wp\/v2\/users\/1"}],"replies":[{"embeddable":true,"href":"https:\/\/top-seiko.com\/fr\/wp-json\/wp\/v2\/comments?post=8567"}],"version-history":[{"count":4,"href":"https:\/\/top-seiko.com\/fr\/wp-json\/wp\/v2\/pages\/8567\/revisions"}],"predecessor-version":[{"id":10041,"href":"https:\/\/top-seiko.com\/fr\/wp-json\/wp\/v2\/pages\/8567\/revisions\/10041"}],"wp:attachment":[{"href":"https:\/\/top-seiko.com\/fr\/wp-json\/wp\/v2\/media?parent=8567"}],"curies":[{"name":"wp","href":"https:\/\/api.w.org\/{rel}","templated":true}]}}