{"id":8583,"date":"2016-09-08T14:03:22","date_gmt":"2016-09-08T05:03:22","guid":{"rendered":"https:\/\/top-seiko.com\/technology\/complex-3d-machining-of-exotic-hard-materials\/"},"modified":"2023-01-31T12:00:12","modified_gmt":"2023-01-31T03:00:12","slug":"tech01","status":"publish","type":"page","link":"https:\/\/top-seiko.com\/fr\/technology\/tech01\/","title":{"rendered":"Complex &amp; 3D Machining of Exotic Hard Materials"},"content":{"rendered":"<article class=\"m-tech01\">\n\t<!-- \u52a0\u5de5\u6280\u8853\u7d39\u4ecb --><\/p>\n<section class=\"technology\">\n<div class=\"container\">\n<h2 class=\"ttl01\"><span class=\"ja\">Usinage complexe et 3D de mat\u00e9riaux durs exotiques<\/span><\/h2>\n<div class=\"contents_top box-shadow row\">\n<div class=\"contents_top_text col-sm-7\">\n<h4>&#8220;De nombreuses pi\u00e8ces de pr\u00e9cision ont \u00e9t\u00e9 r\u00e9alis\u00e9es dans des mat\u00e9riaux m\u00e9talliques courants. Mais nous usinons des mat\u00e9riaux durs exotiques et fabriquons les m\u00eames pi\u00e8ces.&#8221; <\/h4>\n<p>Avec cette devise, Top Seiko s&#8217;est sp\u00e9cialis\u00e9 dans les mat\u00e9riaux ultra-durs tels que les c\u00e9ramiques avanc\u00e9es, les verres, les m\u00e9taux r\u00e9fractaires, et les mat\u00e9riaux haute performance nouvellement d\u00e9velopp\u00e9s comme les mat\u00e9riaux composites. <\/p>\n<div class=\"table-responsive2\">\n<table>\n<th>Nos services d&#8217;usinage comprennent :<\/th>\n<td>\u30fbL&#8217;usinage CNC pour former une vari\u00e9t\u00e9 de formes et de caract\u00e9ristiques telles que des fentes, des rainures, des tranch\u00e9es, des marches\/formes sur\u00e9lev\u00e9es, des contre-al\u00e9sages, des filets, des trous droits\/coniques, etc. <br \/>\u30fbUsinage du diam\u00e8tre ext\u00e9rieur\/du diam\u00e8tre int\u00e9rieur<br \/>\u30fbTournage<br \/>\u30fbRectification de pr\u00e9cision<br \/>\u30fbRectification cylindrique<br \/>\u30fbUsinage 3D de formes compliqu\u00e9es et profil\u00e9es<\/td>\n<\/table>\n<p>\t\t\t\t\t<!-- \/.table-responsive2 --><\/div>\n<\/p><\/div>\n<div class=\"contents_img col-sm-5 tC\">\n\t\t\t\t\t<img decoding=\"async\" src=\"\/img\/technology\/tech01\/tech01_img01.jpg\" alt=\"\"><\/p>\n<div class=\"frame\"><\/div>\n<\/p><\/div>\n<p>\t\t\t<!-- \/.contents_top --><\/div>\n<div class=\"row\">\n<div class=\"contents_img col-sm-5 tC\">\n<iframe loading=\"lazy\" width=\"320\" height=\"180\" src=\"https:\/\/www.youtube.com\/embed\/7eZLxC-DGeQ?rel=0&amp;showinfo=0\" frameborder=\"0\" allowfullscreen=\"\"><\/iframe>\n\t\t\t\t<\/div>\n<div class=\"contents_top_text col-sm-7\">\n<p>Regardez notre vid\u00e9o de l&#8217;usinage 3D d&#8217;un verre \u00e0 vin en alumine par la CNC 5 axes D300.<\/p>\n<\/p><\/div>\n<\/p><\/div>\n<ul class=\"shape_list row\">\n<li class=\"col-sm-6 col-md-6 col-lg-6\">\n<div class=\"list_in row\">\n\t\t\t\t\t\t<span class=\"image col-sm-4\"><img decoding=\"async\" src=\"\/img\/technology\/tech01\/shape_img01.jpg\" alt=\"\"><\/span><br \/>\n\t\t\t\t\t\t<span class=\"text col-sm-8\">Usinage des c\u00e9ramiques<\/span><br \/>\n\t\t\t\t\t\t<a href=\"shape#shape01\/\"><\/a><br \/>\n\t\t\t\t\t<!-- \/.list_in --><\/div>\n<\/li>\n<li class=\"col-sm-6 col-md-6 col-lg-6\">\n<div class=\"list_in row\">\n\t\t\t\t\t\t<span class=\"image col-sm-4\"><img decoding=\"async\" src=\"\/img\/technology\/tech01\/shape_img02.jpg\" alt=\"\"><\/span><br \/>\n\t\t\t\t\t\t<span class=\"text col-sm-8\">Usinage du tungst\u00e8ne<\/span><br \/>\n\t\t\t\t\t\t<a href=\"shape#shape02\/\"><\/a><br \/>\n\t\t\t\t\t<!-- \/.list_in --><\/div>\n<\/li>\n<li class=\"col-sm-6 col-md-6 col-lg-6\">\n<div class=\"list_in row\">\n\t\t\t\t\t\t<span class=\"image col-sm-4\"><img decoding=\"async\" src=\"\/img\/technology\/tech01\/shape_img03.jpg\" alt=\"\"><\/span><br \/>\n\t\t\t\t\t\t<span class=\"text col-sm-8\">Usinage du verre de silice fondu et du silicium<\/span><br \/>\n\t\t\t\t\t\t<a href=\"shape#shape03\/\"><\/a><br \/>\n\t\t\t\t\t<!-- \/.list_in --><\/div>\n<\/li>\n<li class=\"col-sm-6 col-md-6 col-lg-6\">\n<div class=\"list_in row\">\n\t\t\t\t\t\t<span class=\"image col-sm-4\"><img decoding=\"async\" src=\"\/img\/technology\/tech01\/shape_img04.jpg\" alt=\"\"><\/span><br \/>\n\t\t\t\t\t\t<span class=\"text col-sm-8\">Usinage du tantale<\/span><br \/>\n\t\t\t\t\t\t<a href=\"shape#shape04\/\"><\/a><br \/>\n\t\t\t\t\t<!-- \/.list_in --><\/div>\n<\/li>\n<li class=\"col-sm-6 col-md-6 col-lg-6\">\n<div class=\"list_in row\">\n\t\t\t\t\t\t<span class=\"image col-sm-4\"><img decoding=\"async\" src=\"\/img\/technology\/tech01\/shape_img05.jpg\" alt=\"\"><\/span><br \/>\n\t\t\t\t\t\t<span class=\"text col-sm-8\">Usinage du molybd\u00e8ne<\/span><br \/>\n\t\t\t\t\t\t<a href=\"shape#shape05\/\"><\/a><br \/>\n\t\t\t\t\t<!-- \/.list_in --><\/div>\n<\/li>\n<\/ul>\n<h3 class=\"ttl02\"><span class=\"ja\">Usinage 3D des c\u00e9ramiques, des verres, du tungst\u00e8ne et du molybd\u00e8ne<\/span><\/h3>\n<div class=\"detail_area_in\">\n<div class=\"shape_detail_text\">\n<h4 class=\"ttl03 ttl_grad_blue\">Traitement 3D des mat\u00e9riaux difficiles \u00e0 d\u00e9couper<\/h4>\n<p>L&#8217;usinage 3D de mat\u00e9riaux ultra-durs requiert \u00e0 la fois des capacit\u00e9s d&#8217;usinage de mat\u00e9riaux difficiles \u00e0 usiner et d&#8217;usinage 3D. Pour commencer, l&#8217;usinage de mat\u00e9riaux durs entra\u00eene une usure rapide des outils. L&#8217;usinage 3D n\u00e9cessite g\u00e9n\u00e9ralement un temps d&#8217;usinage long, ce qui endommage encore plus les outils. L&#8217;usure des outils affecte directement la pr\u00e9cision dimensionnelle de la pi\u00e8ce usin\u00e9e.    <br \/>Il est \u00e9galement important d&#8217;estimer le d\u00e9placement thermique d&#8217;un centre d&#8217;usinage qui se produit en raison d&#8217;une longue dur\u00e9e d&#8217;usinage et de proc\u00e9der aux ajustements n\u00e9cessaires. Des outils, des m\u00e9thodes et des conditions d&#8217;usinage appropri\u00e9s sont les cl\u00e9s d&#8217;un usinage 3D des mat\u00e9riaux durs r\u00e9ussi. <\/p>\n<\/p><\/div>\n<div class=\"shape_detail_text\">\n<h4 class=\"ttl03 ttl_grad_blue\">Nos traitements 3D<\/h4>\n<p>Top Seiko propose un service d&#8217;usinage 3D pour les mat\u00e9riaux ultra-durs avec les outils et \u00e9quipements suivants. <br \/>\n Logiciels de CAO\/FAO : hyperMILL\u00ae et Space-E.<br \/>\n Centres d&#8217;usinage : centres d&#8217;usinage verticaux de haute pr\u00e9cision \u00e0 commande 5 axes (Makino \/ DMG Mori), et centre d&#8217;usinage \u00e0 moteur lin\u00e9aire \u00e0 haute vitesse (Makino \/ Sodick).<br \/>\n \u00c9quipement de mesure : Machines de mesure de coordonn\u00e9es (Mitutoyo) et machine de mesure d&#8217;image de haute pr\u00e9cision CNC. <\/p>\n<p>Nous avons produit des pi\u00e8ces et des composants en 3D, notamment : des moules pour la production de lentilles de contact en verre Tempax (verre borosilicate), des pi\u00e8ces de moteur d&#8217;avion en CMC (Ceramic Matrix Composites), des composants pour l&#8217;implantation ionique en molybd\u00e8ne et en tungst\u00e8ne, et bien d&#8217;autres encore. <\/p>\n<p>Les besoins en services d&#8217;usinage 3D pour les mat\u00e9riaux ultra-durs n&#8217;ont jamais \u00e9t\u00e9 aussi nombreux. Contactez-nous d\u00e8s maintenant pour vos besoins en usinage 3D ! <\/p>\n<\/p><\/div>\n<p>\t\t\t<!-- \/.detail_area_in --><\/div>\n<p>\t\t<!-- container --><\/div>\n<\/section>\n<\/article>\n","protected":false},"excerpt":{"rendered":"<p>Usinage complexe et 3D de mat\u00e9riaux durs exotiques &#8220;De nombreuses pi\u00e8ces de pr\u00e9cision ont \u00e9t\u00e9 r\u00e9alis\u00e9es dans des mat\u00e9riaux m\u00e9talliques courants. Mais nous usinons des mat\u00e9riaux durs exotiques et fabriquons les m\u00eames pi\u00e8ces.&#8221; Avec cette devise, Top Seiko s&#8217;est sp\u00e9cialis\u00e9 dans les mat\u00e9riaux ultra-durs tels que les c\u00e9ramiques avanc\u00e9es, les verres, les m\u00e9taux r\u00e9fractaires, et les mat\u00e9riaux haute performance nouvellement d\u00e9velopp\u00e9s comme les mat\u00e9riaux composites. Nos services d&#8217;usinage comprennent : \u30fbL&#8217;usinage CNC pour former une vari\u00e9t\u00e9 de formes et de caract\u00e9ristiques telles que des fentes, des rainures, des tranch\u00e9es, des marches\/formes sur\u00e9lev\u00e9es, des contre-al\u00e9sages, des filets, des trous droits\/coniques, etc. \u30fbUsinage du diam\u00e8tre ext\u00e9rieur\/du diam\u00e8tre int\u00e9rieur\u30fbTournage\u30fbRectification de pr\u00e9cision\u30fbRectification cylindrique\u30fbUsinage 3D [&hellip;]<\/p>\n","protected":false},"author":1,"featured_media":0,"parent":8567,"menu_order":0,"comment_status":"closed","ping_status":"closed","template":"page-tech.php","meta":{"om_disable_all_campaigns":false,"_monsterinsights_skip_tracking":false,"_monsterinsights_sitenote_active":false,"_monsterinsights_sitenote_note":"","_monsterinsights_sitenote_category":0,"footnotes":""},"aioseo_notices":[],"_links":{"self":[{"href":"https:\/\/top-seiko.com\/fr\/wp-json\/wp\/v2\/pages\/8583"}],"collection":[{"href":"https:\/\/top-seiko.com\/fr\/wp-json\/wp\/v2\/pages"}],"about":[{"href":"https:\/\/top-seiko.com\/fr\/wp-json\/wp\/v2\/types\/page"}],"author":[{"embeddable":true,"href":"https:\/\/top-seiko.com\/fr\/wp-json\/wp\/v2\/users\/1"}],"replies":[{"embeddable":true,"href":"https:\/\/top-seiko.com\/fr\/wp-json\/wp\/v2\/comments?post=8583"}],"version-history":[{"count":4,"href":"https:\/\/top-seiko.com\/fr\/wp-json\/wp\/v2\/pages\/8583\/revisions"}],"predecessor-version":[{"id":8796,"href":"https:\/\/top-seiko.com\/fr\/wp-json\/wp\/v2\/pages\/8583\/revisions\/8796"}],"up":[{"embeddable":true,"href":"https:\/\/top-seiko.com\/fr\/wp-json\/wp\/v2\/pages\/8567"}],"wp:attachment":[{"href":"https:\/\/top-seiko.com\/fr\/wp-json\/wp\/v2\/media?parent=8583"}],"curies":[{"name":"wp","href":"https:\/\/api.w.org\/{rel}","templated":true}]}}