{"id":8597,"date":"2016-09-08T14:10:20","date_gmt":"2016-09-08T05:10:20","guid":{"rendered":"https:\/\/top-seiko.com\/technology\/high-precision-micro-machining-services\/"},"modified":"2023-01-26T10:26:44","modified_gmt":"2023-01-26T01:26:44","slug":"tech02","status":"publish","type":"page","link":"https:\/\/top-seiko.com\/fr\/technology\/tech02\/","title":{"rendered":"High Precision \/ Micro Machining Services"},"content":{"rendered":"<article class=\"m-tech02\">\n\t<!-- \u52a0\u5de5\u6280\u8853\u7d39\u4ecb --><\/p>\n<section class=\"technology\">\n<div class=\"container\">\n<h2 class=\"ttl01\"><span class=\"ja\">High Precision \/ Micro Machining Services<\/span><\/h2>\n<div class=\"contents_top box-shadow row\">\n<div class=\"contents_top_text col-sm-7\">\n<p>Top Seiko fournit des services d&#8217;usinage de haute pr\u00e9cision et de micro-usinage pour une grande vari\u00e9t\u00e9 de mat\u00e9riaux durs exotiques. Nos installations bien \u00e9quip\u00e9es et entretenues, combin\u00e9es \u00e0 notre connaissance approfondie et \u00e0 notre grande exp\u00e9rience de l&#8217;usinage des mat\u00e9riaux durs, nous permettent de fabriquer des pi\u00e8ces usin\u00e9es sur mesure de la plus haute qualit\u00e9. <\/p>\n<\/p><\/div>\n<div class=\"contents_img col-sm-5 tC\">\n\t\t\t\t\t<img decoding=\"async\" src=\"..\/..\/img\/technology\/tech02\/tech02_img.jpg\" alt=\"\"><\/p>\n<div class=\"frame\"><\/div>\n<\/p><\/div>\n<p>\t\t\t<!-- \/.contents_top --><\/div>\n<div class=\"detail_area_in box-shadow\">\n<table class=\"processing_table table-responsive2\">\n<tr>\n<th>Environnement de fabrication<\/th>\n<td>\n<ul>\n<li>Tous les processus sont r\u00e9alis\u00e9s dans un environnement \u00e0 climat contr\u00f4l\u00e9.<\/li>\n<li>Des contre-mesures anti-vibration sont prises pour les sols.<\/li>\n<\/ul>\n<\/td>\n<\/tr>\n<tr>\n<th>\u00c9quipement<\/th>\n<td>\n<ul>\n<li>Gr\u00e2ce \u00e0 un investissement continu dans les installations, les machines et les \u00e9quipements sont maintenus \u00e0 jour. <\/li>\n<li>Pour maintenir la pr\u00e9cision, toutes les machines sont contr\u00f4l\u00e9es quotidiennement et entretenues r\u00e9guli\u00e8rement.<\/li>\n<li>Pour maintenir la pr\u00e9cision, toutes les machines sont contr\u00f4l\u00e9es quotidiennement et entretenues r\u00e9guli\u00e8rement.<\/li>\n<\/ul>\n<\/td>\n<\/tr>\n<tr>\n<th>Outils<\/th>\n<td>\n<ul>\n<li>Les outils sont con\u00e7us par Top Seiko, puis fabriqu\u00e9s sur mesure par des fabricants d&#8217;outils ou produits par nous-m\u00eames. <\/li>\n<li>Nous effectuons des essais d&#8217;usinage pour \u00e9lucider les m\u00e9canismes de meulage et de coupe, et pour d\u00e9velopper les outils les plus appropri\u00e9s.<\/li>\n<\/ul>\n<\/td>\n<\/tr>\n<tr>\n<th>Fixations \/ Gabarits<\/th>\n<td>\n<ul>\n<li>Nous concevons et r\u00e9alisons des montages \/ gabarits si n\u00e9cessaire.<\/li>\n<\/ul>\n<\/td>\n<\/tr>\n<tr>\n<th>Personnel<\/th>\n<td>\n<ul>\n<li>Nous disposons de nombreux employ\u00e9s hautement qualifi\u00e9s et exp\u00e9riment\u00e9s.<\/li>\n<li>Nos programmes d&#8217;\u00e9ducation et de formation visent \u00e0 doter en permanence notre personnel de connaissances et de comp\u00e9tences.<\/li>\n<\/ul>\n<\/td>\n<\/tr>\n<tr>\n<th>Conditions d&#8217;usinage<\/th>\n<td>\n<ul>\n<li>Gr\u00e2ce \u00e0 nos donn\u00e9es d&#8217;usinage accumul\u00e9es, les conditions d&#8217;usinage optimales pour chaque projet peuvent \u00eatre d\u00e9cid\u00e9es facilement et rapidement.<\/li>\n<li>Si n\u00e9cessaire, nous effectuons des essais d&#8217;usinage, puis nous proc\u00e9dons \u00e0 la production r\u00e9elle en fonction des donn\u00e9es d&#8217;usinage acquises lors de l&#8217;essai. <\/li>\n<\/ul>\n<\/td>\n<\/tr>\n<tr>\n<th>Connaissance des mat\u00e9riaux<\/th>\n<td>\n<ul>\n<li>En tant qu&#8217;expert des mat\u00e9riaux durs, nous cherchons constamment \u00e0 \u00e9largir les connaissances sur les mat\u00e9riaux durs indispensables pour maintenir notre service d&#8217;usinage de pr\u00e9cision de haute qualit\u00e9.<\/li>\n<\/ul>\n<\/td>\n<\/tr>\n<tr>\n<th>Les mat\u00e9riaux que nous usinons<\/th>\n<td>\n<ul>\n<li>C\u00e9ramiques avanc\u00e9es, verre de quartz, vitroc\u00e9ramiques, Tempax, silicium, c\u00e9ramiques usinables, mat\u00e9riaux composites m\u00e9tal-c\u00e9ramique, molybd\u00e8ne, tungst\u00e8ne, tantale, etc.<\/li>\n<\/ul>\n<\/td>\n<\/tr>\n<tr>\n<th>Assurance qualit\u00e9<\/th>\n<td>\n<ul>\n<li>Chaque produit est inspect\u00e9 par notre personnel bien form\u00e9 qui poss\u00e8de \u00e0 la fois les connaissances et les comp\u00e9tences n\u00e9cessaires pour effectuer l&#8217;inspection correctement.<\/li>\n<li>Tous les \u00e9quipements d&#8217;inspection et de mesure sont v\u00e9rifi\u00e9s quotidiennement et \u00e9talonn\u00e9s r\u00e9guli\u00e8rement pour maintenir leur pr\u00e9cision.<\/li>\n<li>Pour vos besoins d&#8217;inspection particuliers, des inspections par des organismes d&#8217;inspection externes tels que l&#8217;Industrial Research Institute sont \u00e9galement disponibles sur demande.<\/li>\n<\/ul>\n<\/td>\n<\/tr>\n<\/table>\n<div class=\"precision_table_area\">\n<h3 class=\"ttl03\">Tol\u00e9rances d&#8217;usinage de haute pr\u00e9cision \/ micro-usinage pour les pi\u00e8ces<\/h3>\n<div class=\"precision_table table-responsive\">\n<table>\n<tr>\n<th rowspan=\"2\">Caract\u00e9ristiques<\/th>\n<td colspan=\"2\" class=\"border_bold\">Tol\u00e9rances (unit\u00e9 : mm)<\/td>\n<\/tr>\n<tr>\n<td>Normal<\/td>\n<td>Serr\u00e9<\/td>\n<\/tr>\n<tr class=\"border_bold\">\n<th>Pas<\/th>\n<td>\u00b10.05<\/td>\n<td>\u00b10.003<\/td>\n<\/tr>\n<tr>\n<th>Diam\u00e8tre int\u00e9rieur\/ext\u00e9rieur<\/th>\n<td>\u00b10.05<\/td>\n<td>\u00b10.003<\/td>\n<\/tr>\n<tr class=\"border_bold\">\n<th>\u00c9paisseur<\/th>\n<td>\u00b10.05<\/td>\n<td>\u00b10.002<\/td>\n<\/tr>\n<tr class=\"border_bold\">\n<th>Hauteur de la marche \/ colonne<\/th>\n<td>\u00b10.05<\/td>\n<td>\u00b10.003<\/td>\n<\/tr>\n<tr class=\"border_bold\">\n<th>Profondeur du contre-al\u00e9sage<\/th>\n<td>\u00b10.05<\/td>\n<td>\u00b10.003<\/td>\n<\/tr>\n<tr class=\"border_bold\">\n<th>Diam\u00e8tre du trou<\/th>\n<td>\u00b10.1<\/td>\n<td>\u00b10.005<\/td>\n<\/tr>\n<tr>\n<th>Filet<\/th>\n<td>&#8220;Go&#8221; : inspect\u00e9 avec une jauge \u00e0 filets<\/td>\n<td>N&#8217;entre pas : contr\u00f4le \u00e0 l&#8217;aide d&#8217;un calibre d&#8217;\u00e9pingle de la taille du trou pilote.<\/td>\n<\/tr>\n<tr>\n<th>Plan\u00e9it\u00e9<\/th>\n<td>0.05<\/td>\n<td>0.003<\/td>\n<\/tr>\n<tr class=\"border_bold\">\n<th>Parall\u00e9lisme<\/th>\n<td>0.05<\/td>\n<td>0.005<\/td>\n<\/tr>\n<tr class=\"border_bold\">\n<th>Circularit\u00e9<\/th>\n<td>0.05<\/td>\n<td>0.005<\/td>\n<\/tr>\n<tr>\n<th>Cylindricit\u00e9<\/th>\n<td>0.05\uff5e0.1<\/td>\n<td>0.005<\/td>\n<\/tr>\n<tr>\n<th>Rugosit\u00e9 de surface<\/th>\n<td>Ra0.8<\/td>\n<td>Ra0.05<\/td>\n<\/tr>\n<\/table><\/div>\n<\/p><\/div>\n<div class=\"processing_work\">\n<h3 class=\"ttl03\">\u00c9chantillons d&#8217;usinage<\/h3>\n<h4 class=\"ttl04 ml15\">\u00c9chantillon en molybd\u00e8ne usin\u00e9 sur mesure<\/h4>\n<p class=\"ml15\">\u00c9chantillon en molybd\u00e8ne usin\u00e9 sur mesure : Epaisseur 0.05, Largeur du cadre : 0.05<\/p>\n<ul class=\"row\">\n<li class=\"col-sm-3 col-lg-3 col-xs-6\">\n\t\t\t\t\t\t\t<a href=\"..\/..\/img\/technology\/tech02\/case01.jpg\" data-lightbox=\"tech02\" data-title=\"Machining Example\"><br \/>\n\t\t\t\t\t\t\t\t<img decoding=\"async\" src=\"..\/..\/img\/technology\/tech02\/case01.jpg\" alt=\"\"><br \/>\n\t\t\t\t\t\t\t<\/a>\n\t\t\t\t\t\t<\/li>\n<li class=\"col-sm-3 col-lg-3 col-xs-6\">\n\t\t\t\t\t\t\t<a href=\"..\/..\/img\/technology\/tech02\/case02.jpg\" data-lightbox=\"tech02\" data-title=\"Machining Example\"><br \/>\n\t\t\t\t\t\t\t\t<img decoding=\"async\" src=\"..\/..\/img\/technology\/tech02\/case02.jpg\" alt=\"\"><br \/>\n\t\t\t\t\t\t\t<\/a>\n\t\t\t\t\t\t<\/li>\n<li class=\"col-sm-3 col-lg-3 col-xs-6\">\n\t\t\t\t\t\t\t<a href=\"..\/..\/img\/technology\/tech02\/case03.jpg\" data-lightbox=\"tech02\" data-title=\"Machining Example\"><br \/>\n\t\t\t\t\t\t\t\t<img decoding=\"async\" src=\"..\/..\/img\/technology\/tech02\/case03.jpg\" alt=\"\"><br \/>\n\t\t\t\t\t\t\t<\/a>\n\t\t\t\t\t\t<\/li>\n<\/ul>\n<h4 class=\"ttl04 ml15\">Gabarit pour une protection de sonde<\/h4>\n<p class=\"ml15\">Gabarit pour une protection de sonde: \u03c60.07 x 100 PL pour les c\u00e9ramiques usinables<\/p>\n<ul class=\"row\">\n<li class=\"col-sm-3 col-lg-3 col-xs-6\">\n\t\t\t\t\t\t\t<a href=\"..\/..\/img\/technology\/tech02\/case04.jpg\" data-lightbox=\"tech02\" data-title=\"Machining Example\"><br \/>\n\t\t\t\t\t\t\t\t<img decoding=\"async\" src=\"..\/..\/img\/technology\/tech02\/case04.jpg\" alt=\"\"><br \/>\n\t\t\t\t\t\t\t<\/a>\n\t\t\t\t\t\t<\/li>\n<li class=\"col-sm-3 col-lg-3 col-xs-6\">\n\t\t\t\t\t\t\t<a href=\"..\/..\/img\/technology\/tech02\/case05.jpg\" data-lightbox=\"tech02\" data-title=\"Machining Example\"><br \/>\n\t\t\t\t\t\t\t\t<img decoding=\"async\" src=\"..\/..\/img\/technology\/tech02\/case05.jpg\" alt=\"\"><br \/>\n\t\t\t\t\t\t\t<\/a>\n\t\t\t\t\t\t<\/li>\n<li class=\"col-sm-3 col-lg-3 col-xs-6\">\n\t\t\t\t\t\t\t<a href=\"..\/..\/img\/technology\/tech02\/case06.jpg\" data-lightbox=\"tech02\" data-title=\"Machining Example\"><br \/>\n\t\t\t\t\t\t\t\t<img decoding=\"async\" src=\"..\/..\/img\/technology\/tech02\/case06.jpg\" alt=\"\"><br \/>\n\t\t\t\t\t\t\t<\/a>\n\t\t\t\t\t\t<\/li>\n<\/ul>\n<h4 class=\"ttl04 ml15\">Produit micro-usin\u00e9<\/h4>\n<p class=\"ml15\">\u03c6 Taille : \u03c61 x \u00e9paisseur 1mm<br \/>\n  <br \/>\n Mat\u00e9riau : Alumine noire<br \/>\n La largeur et la profondeur de la rainure sont de 0,07 mm.\n\t\t\t\t\t<\/p>\n<ul class=\"row\">\n<li class=\"col-sm-3 col-lg-3 col-xs-6\">\n\t\t\t\t\t\t\t<a href=\"..\/..\/img\/technology\/tech02\/case07.jpg\" data-lightbox=\"tech02\" data-title=\"Machining Example\"><br \/>\n\t\t\t\t\t\t\t\t<img decoding=\"async\" src=\"..\/..\/img\/technology\/tech02\/case07.jpg\" alt=\"\"><br \/>\n\t\t\t\t\t\t\t<\/a>\n\t\t\t\t\t\t<\/li>\n<li class=\"col-sm-3 col-lg-3 col-xs-6\">\n\t\t\t\t\t\t\t<a href=\"..\/..\/img\/technology\/tech02\/case08.jpg\" data-lightbox=\"tech02\" data-title=\"Machining Example\"><br \/>\n\t\t\t\t\t\t\t\t<img decoding=\"async\" src=\"..\/..\/img\/technology\/tech02\/case08.jpg\" alt=\"\"><br \/>\n\t\t\t\t\t\t\t<\/a>\n\t\t\t\t\t\t<\/li>\n<li class=\"col-sm-3 col-lg-3 col-xs-6\">\n\t\t\t\t\t\t\t<a href=\"..\/..\/img\/technology\/tech02\/case09.jpg\" data-lightbox=\"tech02\" data-title=\"Machining Example\"><br \/>\n\t\t\t\t\t\t\t\t<img decoding=\"async\" src=\"..\/..\/img\/technology\/tech02\/case09.jpg\" alt=\"\"><br \/>\n\t\t\t\t\t\t\t<\/a>\n\t\t\t\t\t\t<\/li>\n<\/ul><\/div>\n<p>\t\t\t<!-- container --><\/div>\n<p>\t\t<!-- detail_area_in --><\/div>\n<\/section>\n<\/article>\n","protected":false},"excerpt":{"rendered":"<p>High Precision \/ Micro Machining Services Top Seiko fournit des services d&#8217;usinage de haute pr\u00e9cision et de micro-usinage pour une grande vari\u00e9t\u00e9 de mat\u00e9riaux durs exotiques. Nos installations bien \u00e9quip\u00e9es et entretenues, combin\u00e9es \u00e0 notre connaissance approfondie et \u00e0 notre grande exp\u00e9rience de l&#8217;usinage des mat\u00e9riaux durs, nous permettent de fabriquer des pi\u00e8ces usin\u00e9es sur mesure de la plus haute qualit\u00e9. Environnement de fabrication Tous les processus sont r\u00e9alis\u00e9s dans un environnement \u00e0 climat contr\u00f4l\u00e9. Des contre-mesures anti-vibration sont prises pour les sols. \u00c9quipement Gr\u00e2ce \u00e0 un investissement continu dans les installations, les machines et les \u00e9quipements sont maintenus \u00e0 jour. Pour maintenir la pr\u00e9cision, toutes les machines sont contr\u00f4l\u00e9es [&hellip;]<\/p>\n","protected":false},"author":1,"featured_media":0,"parent":8567,"menu_order":0,"comment_status":"closed","ping_status":"closed","template":"page-tech.php","meta":{"om_disable_all_campaigns":false,"_monsterinsights_skip_tracking":false,"_monsterinsights_sitenote_active":false,"_monsterinsights_sitenote_note":"","_monsterinsights_sitenote_category":0,"footnotes":""},"aioseo_notices":[],"_links":{"self":[{"href":"https:\/\/top-seiko.com\/fr\/wp-json\/wp\/v2\/pages\/8597"}],"collection":[{"href":"https:\/\/top-seiko.com\/fr\/wp-json\/wp\/v2\/pages"}],"about":[{"href":"https:\/\/top-seiko.com\/fr\/wp-json\/wp\/v2\/types\/page"}],"author":[{"embeddable":true,"href":"https:\/\/top-seiko.com\/fr\/wp-json\/wp\/v2\/users\/1"}],"replies":[{"embeddable":true,"href":"https:\/\/top-seiko.com\/fr\/wp-json\/wp\/v2\/comments?post=8597"}],"version-history":[{"count":4,"href":"https:\/\/top-seiko.com\/fr\/wp-json\/wp\/v2\/pages\/8597\/revisions"}],"predecessor-version":[{"id":8758,"href":"https:\/\/top-seiko.com\/fr\/wp-json\/wp\/v2\/pages\/8597\/revisions\/8758"}],"up":[{"embeddable":true,"href":"https:\/\/top-seiko.com\/fr\/wp-json\/wp\/v2\/pages\/8567"}],"wp:attachment":[{"href":"https:\/\/top-seiko.com\/fr\/wp-json\/wp\/v2\/media?parent=8597"}],"curies":[{"name":"wp","href":"https:\/\/api.w.org\/{rel}","templated":true}]}}