{"id":8631,"date":"2016-09-08T14:10:51","date_gmt":"2016-09-08T05:10:51","guid":{"rendered":"https:\/\/top-seiko.com\/technology\/percage\/"},"modified":"2023-01-18T16:27:20","modified_gmt":"2023-01-18T07:27:20","slug":"tech03","status":"publish","type":"page","link":"https:\/\/top-seiko.com\/fr\/technology\/tech03\/","title":{"rendered":"Per\u00e7age"},"content":{"rendered":"<article class=\"m-tech03\">\n\t<!-- \u52a0\u5de5\u6280\u8853\u7d39\u4ecb --><\/p>\n<section class=\"technology\">\n<div class=\"container\">\n<h2 class=\"ttl01\"><span class=\"ja\">Per\u00e7age &#8211; Per\u00e7age de pr\u00e9cision et de trous multiples <\/span><\/h2>\n<div class=\"contents_top box-shadow row\">\n<div class=\"contents_top_text col-sm-7\">\n<p>De nombreuses pi\u00e8ces n\u00e9cessitent un processus de per\u00e7age. C&#8217;est l&#8217;un des processus d&#8217;usinage les plus courants et les plus fondamentaux. Chaque trou perc\u00e9 joue g\u00e9n\u00e9ralement un r\u00f4le important pour le fonctionnement de la pi\u00e8ce et doit \u00eatre produit exactement selon les sp\u00e9cifications. Lors du per\u00e7age de plusieurs trous dans une pi\u00e8ce, il est important de d\u00e9finir des conditions de per\u00e7age appropri\u00e9es pour maintenir un traitement stable, car une seule d\u00e9faillance pour un trou peut ruiner la pi\u00e8ce enti\u00e8re.    <br \/>Chez Top Seiko, nous quantifions la charge de per\u00e7age en mesurant la charge de l&#8217;outil pour d\u00e9velopper l&#8217;outil de per\u00e7age le plus appropri\u00e9 et \u00e9tablir les conditions de traitement optimales. <\/p>\n<\/p><\/div>\n<div class=\"contents_img img_frame col-sm-5 tC\">\n\t\t\t\t\t<img decoding=\"async\" src=\"\/img\/technology\/tech03\/tech03_img01.jpg\" alt=\"\"><\/p>\n<div class=\"frame\"><\/div>\n<\/p><\/div>\n<p>\t\t\t<!-- \/.contents_top --><\/div>\n<div class=\"detail_area_in box-shadow\">\n<table class=\"processing_table table-responsive2\">\n<tr>\n<th>Mat\u00e9riaux compatibles avec nos services de per\u00e7age<\/th>\n<td>Advanced Ceramics, Fused Silica Glass (Fused Quartz), Glass Ceramics, Borosilicate Glass (Tempax), Silicon, Machinable Ceramics, Metal Ceramic Composite Materials, Molybdenum, Tungsten, and Tantalum.\n\t\t\t\t\t\t<\/td>\n<\/tr>\n<tr>\n<th>Capacit\u00e9s de per\u00e7age<\/th>\n<td>\n Diam\u00e8tre des trous : micro trous, trous de petit diam\u00e8tre, trous de taille moyenne et grande. <br \/>\n Profondeur des trous : 0,05~400mm<br \/>\n Formes des trous : trous droits, coniques, carr\u00e9s et taraud\u00e9s.<br \/>\n Pr\u00e9cision du diam\u00e8tre des trous : \u00b10.005~0.1mm<br \/>\n Nombre de trous par pi\u00e8ce : 1~5,000\n\t\t\t\t\t\t<\/td>\n<\/tr>\n<tr>\n<th>Machines que nous utilisons<\/th>\n<td>\n Centres d&#8217;usinage : Centres d&#8217;usinage 3 axes \/ 5 axes avec syst\u00e8mes d&#8217;arrosage centre broche*, <br \/>\n et des centres d&#8217;usinage \u00e0 moteur lin\u00e9aire \u00e0 grande vitesse.<br \/>\n Tours combin\u00e9s<br \/>\n Machine d&#8217;\u00e9lectro\u00e9rosion (EDM) pour le per\u00e7age<br \/>\n Machine d&#8217;\u00e9lectro\u00e9rosion (EDM) \u00e0 fil <br \/>\n *Le syst\u00e8me d&#8217;arrosage centre broche fournit un liquide d&#8217;arrosage \u00e0 haute pression \u00e0 la pointe de l&#8217;outil \u00e0 travers un trou dans la broche et dans l&#8217;outil pour un enl\u00e8vement efficace des copeaux, un refroidissement et une prolongation de la dur\u00e9e de vie de l&#8217;outil.\n\t\t\t\t\t\t<\/td>\n<\/tr>\n<tr>\n<th>Mat\u00e9riaux des outils de per\u00e7age<\/th>\n<td>\n carbure de tungst\u00e8ne, grains de diamant, diamant monocristallin, rev\u00eatement de diamant et compax.\n\t\t\t\t\t\t<\/td>\n<\/tr>\n<\/table>\n<div class=\"indication\">\n<h3 class=\"ttl03\">Les capacit\u00e9s d&#8217;usinage de Top Seiko pour chaque mat\u00e9riau<\/h3>\n<div class=\"indication_area\">\n<h4 class=\"ttl04\">C\u00e9ramiques usinables<\/h4>\n<div class=\"table-responsive\">\n<table class=\"table_style2\">\n<tr>\n<th>Diam\u00e8tre du trou (mm)<\/th>\n<th>Rapport maximum entre la profondeur et le diam\u00e8tre (mm)<\/th>\n<th>Pr\u00e9cision du diam\u00e8tre du trou (mm)<\/th>\n<th>Nombre maximal de trous<\/th>\n<\/tr>\n<tr>\n<td>0.05~0.1<\/td>\n<td>10:1<\/td>\n<td>\u00b10.005~\u00b10.01<\/td>\n<td>100~5,000<\/td>\n<\/tr>\n<tr>\n<td>0.1~0.2<\/td>\n<td>10:1<\/td>\n<td>\u00b10.005~\u00b10.02<\/td>\n<td>5,000<\/td>\n<\/tr>\n<tr>\n<td>0.2~1.0<\/td>\n<td>20:1<\/td>\n<td>\u00b10.005~\u00b10.02<\/td>\n<td>5,000<\/td>\n<\/tr>\n<tr>\n<td>1.0~<\/td>\n<td>30:1<\/td>\n<td>\u00b10.005~\u00b10.05<\/td>\n<td>5,000<\/td>\n<\/tr>\n<\/table><\/div>\n<p>L&#8217;alumine, comme d&#8217;autres c\u00e9ramiques avanc\u00e9es, est tr\u00e8s dure et cassante, ce qui rend certaines pi\u00e8ces impossibles ou trop co\u00fbteuses \u00e0 produire. Dot\u00e9es d&#8217;une usinabilit\u00e9 sup\u00e9rieure, les c\u00e9ramiques usinables peuvent g\u00e9n\u00e9ralement constituer un excellent remplacement de l&#8217;alumine ou m\u00eame d&#8217;autres mat\u00e9riaux durs. Bien que chaque c\u00e9ramique usinable ait des propri\u00e9t\u00e9s uniques, vous pouvez trouver celle qui r\u00e9pond \u00e0 vos exigences en mati\u00e8re de propri\u00e9t\u00e9s et de co\u00fbt. Il existe de nombreux cas r\u00e9ussis de tels remplacements de mat\u00e9riaux.   <\/p>\n<ul class=\"row\">\n<li class=\"col-sm-3\">\n\t\t\t\t\t\t\t\t<a href=\"\/img\/technology\/tech03\/tech03_img02.jpg\" data-lightbox=\"tech03\" data-title=\"Machining Example\" class=\"hover\"><br \/>\n\t\t\t\t\t\t\t\t\t<img decoding=\"async\" src=\"\/img\/technology\/tech03\/tech03_img02.jpg\" alt=\"\"><br \/>\n\t\t\t\t\t\t\t\t<\/a>\n\t\t\t\t\t\t\t<\/li>\n<\/ul><\/div>\n<div class=\"indication_area\">\n<h4 class=\"ttl04\">Verre de silice fondue (quartz fondu), verre borosilicate, silicium<\/h4>\n<div class=\"table-responsive\">\n<table class=\"table_style2\">\n<tr>\n<th>Diam\u00e8tre du trou (mm)<\/th>\n<th>Rapport maximum entre la profondeur et le diam\u00e8tre (mm)<\/th>\n<th>Pr\u00e9cision du diam\u00e8tre du trou (mm)<\/th>\n<th>Nombre maximal de trous<\/th>\n<\/tr>\n<tr>\n<td>0.05~0.1<\/td>\n<td>10:1<\/td>\n<td>\u00b10.005\uff5e\u00b10.01<\/td>\n<td>10\uff5e200<\/td>\n<\/tr>\n<tr>\n<td>0.1\uff5e0.2<\/td>\n<td>10:1<\/td>\n<td>\u00b10.005~\u00b10.01<\/td>\n<td>200\uff5e500<\/td>\n<\/tr>\n<tr>\n<td>0.2\uff5e0.4<\/td>\n<td>20:1<\/td>\n<td>\u00b10.005~\u00b10.05<\/td>\n<td>500\uff5e2,000<\/td>\n<\/tr>\n<tr>\n<td>0.4\uff5e1.5<\/td>\n<td>30:1<\/td>\n<td>\u00b10.01\uff5e\u00b10.05<\/td>\n<td>2000\uff5e5,000<\/td>\n<\/tr>\n<tr>\n<td>1.5\uff5e<\/td>\n<td>30:1<\/td>\n<td>\u00b10.01\uff5e\u00b10.05<\/td>\n<td>5,000<\/td>\n<\/tr>\n<\/table><\/div>\n<ul class=\"row\">\n<li class=\"col-sm-3\">\n\t\t\t\t\t\t\t\t<a href=\"\/img\/technology\/tech03\/tech03_img03.jpg\" data-lightbox=\"tech03\" data-title=\"Machining Example\" class=\"hover\"><br \/>\n\t\t\t\t\t\t\t\t\t<img decoding=\"async\" src=\"\/img\/technology\/tech03\/tech03_img03.jpg\" alt=\"\"><br \/>\n\t\t\t\t\t\t\t\t<\/a>\n\t\t\t\t\t\t\t<\/li>\n<li class=\"col-sm-3\">\n\t\t\t\t\t\t\t\t<a href=\"\/img\/technology\/tech03\/tech03_img04.jpg\" data-lightbox=\"tech03\" data-title=\"Machining Example\" class=\"hover\"><br \/>\n\t\t\t\t\t\t\t\t\t<img decoding=\"async\" src=\"\/img\/technology\/tech03\/tech03_img04.jpg\" alt=\"\"><br \/>\n\t\t\t\t\t\t\t\t<\/a>\n\t\t\t\t\t\t\t<\/li>\n<\/ul><\/div>\n<div class=\"indication_area\">\n<h4 class=\"ttl04\">Alumine, Nitrure d&#8217;aluminium<\/h4>\n<div class=\"table-responsive\">\n<table class=\"table_style2\">\n<tr>\n<th>Diam\u00e8tre du trou (mm)<\/th>\n<th>Rapport maximum entre la profondeur et le diam\u00e8tre (mm)<\/th>\n<th>Pr\u00e9cision du diam\u00e8tre du trou (mm)<\/th>\n<th>Nombre maximal de trous<\/th>\n<\/tr>\n<tr>\n<td>0.05\uff5e0.1<\/td>\n<td>10:1<\/td>\n<td>\u00b10.005\uff5e\u00b10.01<\/td>\n<td>50<\/td>\n<\/tr>\n<tr>\n<td>0.1\uff5e0.2<\/td>\n<td>10:1<\/td>\n<td>\u00b10.005\uff5e\u00b10.02<\/td>\n<td>50\uff5e100<\/td>\n<\/tr>\n<tr>\n<td>0.2\uff5e0.4<\/td>\n<td>20:1<\/td>\n<td>\u00b10.005~\u00b10.05<\/td>\n<td>100\uff5e500<\/td>\n<\/tr>\n<tr>\n<td>0.4\uff5e1.5<\/td>\n<td>30:1<\/td>\n<td>\u00b10.005\uff5e\u00b10.05<\/td>\n<td>500\uff5e3,000<\/td>\n<\/tr>\n<tr>\n<td>1.5\uff5e<\/td>\n<td>30:1<\/td>\n<td>\u00b10.005\uff5e\u00b10.1<\/td>\n<td>500\uff5e3,000<\/td>\n<\/tr>\n<\/table><\/div>\n<ul class=\"row\">\n<li class=\"col-sm-3\">\n\t\t\t\t\t\t\t\t<a href=\"\/img\/technology\/tech03\/tech03_img05.jpg\" data-lightbox=\"tech03\" data-title=\"Machining Example\" class=\"hover\"><br \/>\n\t\t\t\t\t\t\t\t\t<img decoding=\"async\" src=\"\/img\/technology\/tech03\/tech03_img05.jpg\" alt=\"\"><br \/>\n\t\t\t\t\t\t\t\t<\/a>\n\t\t\t\t\t\t\t<\/li>\n<li class=\"col-sm-3\">\n\t\t\t\t\t\t\t\t<a href=\"\/img\/technology\/tech03\/tech03_img06.jpg\" data-lightbox=\"tech03\" data-title=\"Machining Example\" class=\"hover\"><br \/>\n\t\t\t\t\t\t\t\t\t<img decoding=\"async\" src=\"\/img\/technology\/tech03\/tech03_img06.jpg\" alt=\"\"><br \/>\n\t\t\t\t\t\t\t\t<\/a>\n\t\t\t\t\t\t\t<\/li>\n<\/ul><\/div>\n<div class=\"indication_area\">\n<h4 class=\"ttl04\">Carbure de silicium, Zircone, Nitrure de silicium<\/h4>\n<div class=\"table-responsive\">\n<table class=\"table_style2\">\n<tr>\n<th>Diam\u00e8tre du trou (mm)<\/th>\n<th>Rapport maximum entre la profondeur et le diam\u00e8tre (mm)<\/th>\n<th>Pr\u00e9cision du diam\u00e8tre du trou (mm)<\/th>\n<th>Nombre maximal de trous<\/th>\n<\/tr>\n<tr>\n<td>0.1\uff5e0.3<\/td>\n<td>10:1<\/td>\n<td>\u00b10.01\uff5e\u00b10.05<\/td>\n<td>20<\/td>\n<\/tr>\n<tr>\n<td>0.3\uff5e0.5<\/td>\n<td>10:1<\/td>\n<td>\u00b10.01\uff5e\u00b10.05<\/td>\n<td>50<\/td>\n<\/tr>\n<tr>\n<td>0.5\uff5e1.5<\/td>\n<td>20:1<\/td>\n<td>\u00b10.01\uff5e\u00b10.05<\/td>\n<td>50\uff5e100<\/td>\n<\/tr>\n<tr>\n<td>1.5\uff5e<\/td>\n<td>20:1<\/td>\n<td>\u00b10.01\uff5e\u00b10.05<\/td>\n<td>200<\/td>\n<\/tr>\n<\/table><\/div>\n<ul class=\"row\">\n<li class=\"col-sm-3\">\n\t\t\t\t\t\t\t\t<a href=\"\/img\/technology\/tech03\/tech03_img07.jpg\" data-lightbox=\"tech03\" data-title=\"Machining Example\" class=\"hover\"><br \/>\n\t\t\t\t\t\t\t\t\t<img decoding=\"async\" src=\"\/img\/technology\/tech03\/tech03_img07.jpg\" alt=\"\"><br \/>\n\t\t\t\t\t\t\t\t<\/a>\n\t\t\t\t\t\t\t<\/li>\n<li class=\"col-sm-3\">\n\t\t\t\t\t\t\t\t<a href=\"\/img\/technology\/tech03\/tech03_img08.jpg\" data-lightbox=\"tech03\" data-title=\"Machining Example\" class=\"hover\"><br \/>\n\t\t\t\t\t\t\t\t\t<img decoding=\"async\" src=\"\/img\/technology\/tech03\/tech03_img08.jpg\" alt=\"\"><br \/>\n\t\t\t\t\t\t\t\t<\/a>\n\t\t\t\t\t\t\t<\/li>\n<li class=\"col-sm-3\">\n\t\t\t\t\t\t\t\t<a href=\"\/img\/technology\/tech03\/tech03_img09.jpg\" data-lightbox=\"tech03\" data-title=\"Machining Example\" class=\"hover\"><br \/>\n\t\t\t\t\t\t\t\t\t<img decoding=\"async\" src=\"\/img\/technology\/tech03\/tech03_img09.jpg\" alt=\"\"><br \/>\n\t\t\t\t\t\t\t\t<\/a>\n\t\t\t\t\t\t\t<\/li>\n<\/ul><\/div>\n<div class=\"indication_area\">\n<h4 class=\"ttl04\">Molybdenum, Tantale<\/h4>\n<div class=\"table-responsive\">\n<table class=\"table_style2\">\n<tr>\n<th>Diam\u00e8tre du trou (mm)<\/th>\n<th>Rapport maximum entre la profondeur et le diam\u00e8tre (mm)<\/th>\n<th>Pr\u00e9cision du diam\u00e8tre du trou (mm)<\/th>\n<th>Nombre maximal de trous<\/th>\n<\/tr>\n<tr>\n<td>0.05<\/td>\n<td>10:1<\/td>\n<td>\u00b10.005\uff5e\u00b10.01<\/td>\n<td>100<\/td>\n<\/tr>\n<tr>\n<td>0.05\uff5e0.2<\/td>\n<td>10:1<\/td>\n<td>\u00b10.005\uff5e\u00b10.01<\/td>\n<td>100\uff5e500<\/td>\n<\/tr>\n<tr>\n<td>0.2\uff5e2.0<\/td>\n<td>20:1<\/td>\n<td>\u00b10.01\uff5e\u00b10.05<\/td>\n<td>500\uff5e3,000<\/td>\n<\/tr>\n<tr>\n<td>2.0\uff5e<\/td>\n<td>30:1<\/td>\n<td>\u00b10.01\uff5e\u00b10.05<\/td>\n<td>3,000<\/td>\n<\/tr>\n<\/table><\/div>\n<ul class=\"row\">\n<li class=\"col-sm-3\">\n\t\t\t\t\t\t\t\t<a href=\"\/img\/technology\/tech03\/tech03_img10.jpg\" data-lightbox=\"tech03\" data-title=\"Machining Example\" class=\"hover\"><br \/>\n\t\t\t\t\t\t\t\t\t<img decoding=\"async\" src=\"\/img\/technology\/tech03\/tech03_img10.jpg\" alt=\"\"><br \/>\n\t\t\t\t\t\t\t\t<\/a>\n\t\t\t\t\t\t\t<\/li>\n<li class=\"col-sm-3\">\n\t\t\t\t\t\t\t\t<a href=\"\/img\/technology\/tech03\/tech03_img11.jpg\" data-lightbox=\"tech03\" data-title=\"Machining Example\" class=\"hover\"><br \/>\n\t\t\t\t\t\t\t\t\t<img decoding=\"async\" src=\"\/img\/technology\/tech03\/tech03_img11.jpg\" alt=\"\"><br \/>\n\t\t\t\t\t\t\t\t<\/a>\n\t\t\t\t\t\t\t<\/li>\n<\/ul><\/div>\n<div class=\"indication_area\">\n<h4 class=\"ttl04\">Tungst\u00e8ne<\/h4>\n<div class=\"table-responsive\">\n<table class=\"table_style2\">\n<tr>\n<th>Diam\u00e8tre du trou (mm)<\/th>\n<th>Rapport maximum entre la profondeur et le diam\u00e8tre (mm)<\/th>\n<th>Pr\u00e9cision du diam\u00e8tre du trou (mm)<\/th>\n<th>Nombre maximal de trous<\/th>\n<\/tr>\n<tr>\n<td>0.1\uff5e0.3<\/td>\n<td>10:1<\/td>\n<td>\u00b10.01\uff5e\u00b10.05<\/td>\n<td>20\uff5e300<\/td>\n<\/tr>\n<tr>\n<td>0.3\uff5e2.0<\/td>\n<td>20:1<\/td>\n<td>\u00b10.01\uff5e\u00b10.05<\/td>\n<td>20\uff5e300<\/td>\n<\/tr>\n<tr>\n<td>2.0\uff5e<\/td>\n<td>30:1<\/td>\n<td>\u00b10.01\uff5e\u00b10.05<\/td>\n<td>3,00<\/td>\n<\/tr>\n<\/table><\/div>\n<ul class=\"row\">\n<li class=\"col-sm-3\">\n\t\t\t\t\t\t\t\t<a href=\"\/img\/technology\/tech03\/tech03_img12.jpg\" data-lightbox=\"tech03\" data-title=\"Machining Example\" class=\"hover\"><br \/>\n\t\t\t\t\t\t\t\t\t<img decoding=\"async\" src=\"\/img\/technology\/tech03\/tech03_img12.jpg\" alt=\"\"><br \/>\n\t\t\t\t\t\t\t\t<\/a>\n\t\t\t\t\t\t\t<\/li>\n<\/ul><\/div>\n<\/p><\/div>\n<div class=\"processing_work\">\n<h3 class=\"ttl03\">Exemples d&#8217;usinage<\/h3>\n<h4 class=\"ttl04 ml15\">Shower Plate<\/h4>\n<p class=\"ml15\">Exemple d&#8217;usinage : \u03c60.1 x 1.000 PL pour Macerite SP<\/p>\n<ul class=\"row\">\n<li class=\"col-sm-3 col-lg-3 col-xs-6\">\n\t\t\t\t\t\t\t<a href=\"\/img\/technology\/tech03\/case01.jpg\" data-lightbox=\"tech03\" data-title=\"Machining Example\" class=\"hover\"><br \/>\n\t\t\t\t\t\t\t\t<img decoding=\"async\" src=\"\/img\/technology\/tech03\/case01.jpg\" alt=\"\"><br \/>\n\t\t\t\t\t\t\t<\/a>\n\t\t\t\t\t\t<\/li>\n<li class=\"col-sm-3 col-lg-3 col-xs-6\">\n\t\t\t\t\t\t\t<a href=\"\/img\/technology\/tech03\/case02.jpg\" data-lightbox=\"tech03\" data-title=\"Machining Example\" class=\"hover\"><br \/>\n\t\t\t\t\t\t\t\t<img decoding=\"async\" src=\"\/img\/technology\/tech03\/case02.jpg\" alt=\"\"><br \/>\n\t\t\t\t\t\t\t<\/a>\n\t\t\t\t\t\t<\/li>\n<li class=\"col-sm-3 col-lg-3 col-xs-6\">\n\t\t\t\t\t\t\t<a href=\"\/img\/technology\/tech03\/case03.jpg\" data-lightbox=\"tech03\" data-title=\"Machining Example\" class=\"hover\"><br \/>\n\t\t\t\t\t\t\t\t<img decoding=\"async\" src=\"\/img\/technology\/tech03\/case03.jpg\" alt=\"\"><br \/>\n\t\t\t\t\t\t\t<\/a>\n\t\t\t\t\t\t<\/li>\n<\/ul>\n<h4 class=\"ttl04 ml15\">Buse \u00e0 gaz<\/h4>\n<p class=\"ml15\">Exemple d&#8217;usinage: \u03c60.1 x 1,650 PL for Shapal Hi M-Soft<\/p>\n<ul class=\"row\">\n<li class=\"col-sm-3 col-lg-3 col-xs-6\">\n\t\t\t\t\t\t\t<a href=\"\/img\/technology\/tech03\/case04.jpg\" data-lightbox=\"tech03\" data-title=\"Machining Example\" class=\"hover\"><br \/>\n\t\t\t\t\t\t\t\t<img decoding=\"async\" src=\"\/img\/technology\/tech03\/case04.jpg\" alt=\"\"><br \/>\n\t\t\t\t\t\t\t<\/a>\n\t\t\t\t\t\t<\/li>\n<li class=\"col-sm-3 col-lg-3 col-xs-6\">\n\t\t\t\t\t\t\t<a href=\"\/img\/technology\/tech03\/case05.jpg\" data-lightbox=\"tech03\" data-title=\"Machining Example\" class=\"hover\"><br \/>\n\t\t\t\t\t\t\t\t<img decoding=\"async\" src=\"\/img\/technology\/tech03\/case05.jpg\" alt=\"\"><br \/>\n\t\t\t\t\t\t\t<\/a>\n\t\t\t\t\t\t<\/li>\n<li class=\"col-sm-3 col-lg-3 col-xs-6\">\n\t\t\t\t\t\t\t<a href=\"\/img\/technology\/tech03\/case06.jpg\" data-lightbox=\"tech03\" data-title=\"Machining Example\" class=\"hover\"><br \/>\n\t\t\t\t\t\t\t\t<img decoding=\"async\" src=\"\/img\/technology\/tech03\/case06.jpg\" alt=\"\"><br \/>\n\t\t\t\t\t\t\t<\/a>\n\t\t\t\t\t\t<\/li>\n<\/ul>\n<h4 class=\"ttl04 ml15\">Filtre<\/h4>\n<p class=\"ml15\">Exemple d&#8217;usinage \u03c60.05 x 6,000 PL for Machinable Ceramics<\/p>\n<ul class=\"row\">\n<li class=\"col-sm-3 col-lg-3 col-xs-6\">\n\t\t\t\t\t\t\t<a href=\"\/img\/technology\/tech03\/case07.jpg\" data-lightbox=\"tech03\" data-title=\"Machining Example\" class=\"hover\"><br \/>\n\t\t\t\t\t\t\t\t<img decoding=\"async\" src=\"\/img\/technology\/tech03\/case07.jpg\" alt=\"\"><br \/>\n\t\t\t\t\t\t\t<\/a>\n\t\t\t\t\t\t<\/li>\n<li class=\"col-sm-3 col-lg-3 col-xs-6\">\n\t\t\t\t\t\t\t<a href=\"\/img\/technology\/tech03\/case08.jpg\" data-lightbox=\"tech03\" data-title=\"Machining Example\" class=\"hover\"><br \/>\n\t\t\t\t\t\t\t\t<img decoding=\"async\" src=\"\/img\/technology\/tech03\/case08.jpg\" alt=\"\"><br \/>\n\t\t\t\t\t\t\t<\/a>\n\t\t\t\t\t\t<\/li>\n<li class=\"col-sm-3 col-lg-3 col-xs-6\">\n\t\t\t\t\t\t\t<a href=\"\/img\/technology\/tech03\/case09.jpg\" data-lightbox=\"tech03\" data-title=\"Machining Example\" class=\"hover\"><br \/>\n\t\t\t\t\t\t\t\t<img decoding=\"async\" src=\"\/img\/technology\/tech03\/case09.jpg\" alt=\"\"><br \/>\n\t\t\t\t\t\t\t<\/a>\n\t\t\t\t\t\t<\/li>\n<\/ul>\n<h4 class=\"ttl04 ml15\">Exemple de per\u00e7age<\/h4>\n<p class=\"ml15\">Exemple de per\u00e7age : \u03c60.1\uff5e\u03c616.0 pour une plaque d&#8217;alumine \u00e0 99,5%.<\/p>\n<ul class=\"row\">\n<li class=\"col-sm-3 col-lg-3 col-xs-6\">\n\t\t\t\t\t\t\t<a href=\"\/img\/technology\/tech03\/case10.jpg\" data-lightbox=\"tech03\" data-title=\"Machining Example\" class=\"hover\"><br \/>\n\t\t\t\t\t\t\t\t<img decoding=\"async\" src=\"\/img\/technology\/tech03\/case10.jpg\" alt=\"\"><br \/>\n\t\t\t\t\t\t\t<\/a>\n\t\t\t\t\t\t<\/li>\n<li class=\"col-sm-3 col-lg-3 col-xs-6\">\n\t\t\t\t\t\t\t<a href=\"\/img\/technology\/tech03\/case11.jpg\" data-lightbox=\"tech03\" data-title=\"Machining Example\" class=\"hover\"><br \/>\n\t\t\t\t\t\t\t\t<img decoding=\"async\" src=\"\/img\/technology\/tech03\/case11.jpg\" alt=\"\"><br \/>\n\t\t\t\t\t\t\t<\/a>\n\t\t\t\t\t\t<\/li>\n<li class=\"col-sm-3 col-lg-3 col-xs-6\">\n\t\t\t\t\t\t\t<a href=\"\/img\/technology\/tech03\/case12.jpg\" data-lightbox=\"tech03\" data-title=\"Machining Example\" class=\"hover\"><br \/>\n\t\t\t\t\t\t\t\t<img decoding=\"async\" src=\"\/img\/technology\/tech03\/case12.jpg\" alt=\"\"><br \/>\n\t\t\t\t\t\t\t<\/a>\n\t\t\t\t\t\t<\/li>\n<\/ul>\n<h4 class=\"ttl04 ml15\">Exemples de produits usin\u00e9s sur mesure<\/h4>\n<p class=\"ml15\">Per\u00e7age de micro-trous : \u03c60.1 x 6,000 PL<\/p>\n<ul class=\"row\">\n<li class=\"col-sm-3 col-lg-3 col-xs-6\">\n\t\t\t\t\t\t\t<a href=\"\/img\/technology\/tech03\/case13.jpg\" data-lightbox=\"tech03\" data-title=\"Machining Example\" class=\"hover\"><br \/>\n\t\t\t\t\t\t\t\t<img decoding=\"async\" src=\"\/img\/technology\/tech03\/case13.jpg\" alt=\"\"><br \/>\n\t\t\t\t\t\t\t<\/a>\n\t\t\t\t\t\t<\/li>\n<li class=\"col-sm-3 col-lg-3 col-xs-6\">\n\t\t\t\t\t\t\t<a href=\"\/img\/technology\/tech03\/case14.jpg\" data-lightbox=\"tech03\" data-title=\"Machining Example\" class=\"hover\"><br \/>\n\t\t\t\t\t\t\t\t<img decoding=\"async\" src=\"\/img\/technology\/tech03\/case14.jpg\" alt=\"\"><br \/>\n\t\t\t\t\t\t\t<\/a>\n\t\t\t\t\t\t<\/li>\n<li class=\"col-sm-3 col-lg-3 col-xs-6\">\n\t\t\t\t\t\t\t<a href=\"\/img\/technology\/tech03\/case15.jpg\" data-lightbox=\"tech03\" data-title=\"Machining Example\" class=\"hover\"><br \/>\n\t\t\t\t\t\t\t\t<img decoding=\"async\" src=\"\/img\/technology\/tech03\/case15.jpg\" alt=\"\"><br \/>\n\t\t\t\t\t\t\t<\/a>\n\t\t\t\t\t\t<\/li>\n<\/ul>\n<p class=\"ml15\">Per\u00e7age de micro-trous : \u03c60.1 x 3,000 PL<\/p>\n<ul class=\"row\">\n<li class=\"col-sm-3 col-lg-3 col-xs-6\">\n\t\t\t\t\t\t\t<a href=\"\/img\/technology\/tech03\/case16.jpg\" data-lightbox=\"tech03\" data-title=\"Machining Example\" class=\"hover\"><br \/>\n\t\t\t\t\t\t\t\t<img decoding=\"async\" src=\"\/img\/technology\/tech03\/case16.jpg\" alt=\"\"><br \/>\n\t\t\t\t\t\t\t<\/a>\n\t\t\t\t\t\t<\/li>\n<li class=\"col-sm-3 col-lg-3 col-xs-6\">\n\t\t\t\t\t\t\t<a href=\"\/img\/technology\/tech03\/case17.jpg\" data-lightbox=\"tech03\" data-title=\"Machining Example\" class=\"hover\"><br \/>\n\t\t\t\t\t\t\t\t<img decoding=\"async\" src=\"\/img\/technology\/tech03\/case17.jpg\" alt=\"\"><br \/>\n\t\t\t\t\t\t\t<\/a>\n\t\t\t\t\t\t<\/li>\n<li class=\"col-sm-3 col-lg-3 col-xs-6\">\n\t\t\t\t\t\t\t<a href=\"\/img\/technology\/tech03\/case18.jpg\" data-lightbox=\"tech03\" data-title=\"Machining Example\" class=\"hover\"><br \/>\n\t\t\t\t\t\t\t\t<img decoding=\"async\" src=\"\/img\/technology\/tech03\/case18.jpg\" alt=\"\"><br \/>\n\t\t\t\t\t\t<\/a>\n\t\t\t\t\t\t<\/li>\n<\/ul>\n<ul class=\"row\">\n<li class=\"col-sm-3 col-lg-3 col-xs-6\">\n\t\t\t\t\t\t\t<a href=\"\/img\/technology\/tech03\/case19.jpg\" data-lightbox=\"tech03\" data-title=\"Machining Example\" class=\"hover\"><br \/>\n\t\t\t\t\t\t\t\t<img decoding=\"async\" src=\"\/img\/technology\/tech03\/case19.jpg\" alt=\"\"><\/p>\n<p>Usinage de la surface sph\u00e9rique d&#8217;un d\u00f4me sph\u00e9rique en verre de quartz, 1 820 trous \u03c61,0 sont perc\u00e9s par un centre d&#8217;usinage CNC \u00e0 5 axes.<\/p>\n<p>\t\t\t\t\t\t\t<\/a>\n\t\t\t\t\t\t<\/li>\n<li class=\"col-sm-3 col-lg-3 col-xs-6\">\n\t\t\t\t\t\t\t<a href=\"\/img\/technology\/tech03\/case20.jpg\" data-lightbox=\"tech03\" data-title=\"Machining Example\" class=\"hover\"><br \/>\n\t\t\t\t\t\t\t\t<img decoding=\"async\" src=\"\/img\/technology\/tech03\/case20.jpg\" alt=\"\"><\/p>\n<p>Electrode en forme de d\u00f4me : \u03c61.5 x 1,820 PL<\/p>\n<p>\t\t\t\t\t\t\t<\/a>\n\t\t\t\t\t\t<\/li>\n<li class=\"col-sm-3 col-lg-3 col-xs-6\">\n\t\t\t\t\t\t\t<a href=\"\/img\/technology\/tech03\/case21.jpg\" data-lightbox=\"tech03\" data-title=\"Machining Example\" class=\"hover\"><br \/>\n\t\t\t\t\t\t\t\t<img decoding=\"async\" src=\"\/img\/technology\/tech03\/case21.jpg\" alt=\"\"><\/p>\n<p>Electrode en molybd\u00e8ne : \u03c61.0 x 600 PL<\/p>\n<p>\t\t\t\t\t\t\t<\/a>\n\t\t\t\t\t\t<\/li>\n<\/ul><\/div>\n<p>\t\t\t<!-- detail_area_in --><\/div>\n<p>\t\t<!-- container --><\/div>\n<\/section>\n<\/article>\n","protected":false},"excerpt":{"rendered":"<p>Per\u00e7age &#8211; Per\u00e7age de pr\u00e9cision et de trous multiples De nombreuses pi\u00e8ces n\u00e9cessitent un processus de per\u00e7age. C&#8217;est l&#8217;un des processus d&#8217;usinage les plus courants et les plus fondamentaux. Chaque trou perc\u00e9 joue g\u00e9n\u00e9ralement un r\u00f4le important pour le fonctionnement de la pi\u00e8ce et doit \u00eatre produit exactement selon les sp\u00e9cifications. Lors du per\u00e7age de plusieurs trous dans une pi\u00e8ce, il est important de d\u00e9finir des conditions de per\u00e7age appropri\u00e9es pour maintenir un traitement stable, car une seule d\u00e9faillance pour un trou peut ruiner la pi\u00e8ce enti\u00e8re. Chez Top Seiko, nous quantifions la charge de per\u00e7age en mesurant la charge de l&#8217;outil pour d\u00e9velopper l&#8217;outil de per\u00e7age le plus appropri\u00e9 [&hellip;]<\/p>\n","protected":false},"author":1,"featured_media":0,"parent":8567,"menu_order":0,"comment_status":"closed","ping_status":"closed","template":"page-tech.php","meta":{"om_disable_all_campaigns":false,"_monsterinsights_skip_tracking":false,"_monsterinsights_sitenote_active":false,"_monsterinsights_sitenote_note":"","_monsterinsights_sitenote_category":0,"footnotes":""},"aioseo_notices":[],"_links":{"self":[{"href":"https:\/\/top-seiko.com\/fr\/wp-json\/wp\/v2\/pages\/8631"}],"collection":[{"href":"https:\/\/top-seiko.com\/fr\/wp-json\/wp\/v2\/pages"}],"about":[{"href":"https:\/\/top-seiko.com\/fr\/wp-json\/wp\/v2\/types\/page"}],"author":[{"embeddable":true,"href":"https:\/\/top-seiko.com\/fr\/wp-json\/wp\/v2\/users\/1"}],"replies":[{"embeddable":true,"href":"https:\/\/top-seiko.com\/fr\/wp-json\/wp\/v2\/comments?post=8631"}],"version-history":[{"count":2,"href":"https:\/\/top-seiko.com\/fr\/wp-json\/wp\/v2\/pages\/8631\/revisions"}],"predecessor-version":[{"id":8633,"href":"https:\/\/top-seiko.com\/fr\/wp-json\/wp\/v2\/pages\/8631\/revisions\/8633"}],"up":[{"embeddable":true,"href":"https:\/\/top-seiko.com\/fr\/wp-json\/wp\/v2\/pages\/8567"}],"wp:attachment":[{"href":"https:\/\/top-seiko.com\/fr\/wp-json\/wp\/v2\/media?parent=8631"}],"curies":[{"name":"wp","href":"https:\/\/api.w.org\/{rel}","templated":true}]}}