{"id":8642,"date":"2016-09-08T14:11:11","date_gmt":"2016-09-08T05:11:11","guid":{"rendered":"https:\/\/top-seiko.com\/technology\/taladrado-profundo\/"},"modified":"2023-01-18T18:50:25","modified_gmt":"2023-01-18T09:50:25","slug":"tech04","status":"publish","type":"page","link":"https:\/\/top-seiko.com\/fr\/technology\/tech04\/","title":{"rendered":"Per\u00e7age profond"},"content":{"rendered":"<article class=\"m-tech04\">\n\t<!-- \u52a0\u5de5\u6280\u8853\u7d39\u4ecb --><\/p>\n<section class=\"technology\">\n<div class=\"container\">\n<h2 class=\"ttl01\"><span class=\"ja\">Per\u00e7age profond<\/span><\/h2>\n<div class=\"contents_top box-shadow row\">\n<div class=\"contents_top_text col-sm-7\">\n<h4>Per\u00e7age profond &#8211; Top Seiko r\u00e9alise des trous profonds, droits ou coniques dans des mat\u00e9riaux ultra-durs.<\/h4>\n<p>Le per\u00e7age profond exige une plus grande attention aux d\u00e9tails que les autres processus d&#8217;usinage. Pour r\u00e9ussir un per\u00e7age profond, vous devez vous assurer que le foret reste droit et que les copeaux sont \u00e9vacu\u00e9s du trou.  <br \/>\n La g\u00e9om\u00e9trie des outils ayant une incidence directe sur le contr\u00f4le des copeaux, nous concevons nous-m\u00eames les outils de per\u00e7age profond, puis ces outils sont produits soit en interne, soit par des fabricants d&#8217;outils selon nos sp\u00e9cifications.\n\t\t\t\t\t<\/p>\n<p>Nous n&#8217;utilisons pas de perceuses \u00e0 canon ni aucun type d&#8217;\u00e9quipement sp\u00e9cialis\u00e9 utilis\u00e9 uniquement pour les applications de per\u00e7age profond, car nous ne travaillons pas avec des mat\u00e9riaux courants et ne nous contentons pas de percer des trous profonds. Au contraire, nous effectuons le per\u00e7age profond dans des mat\u00e9riaux exotiques durs \u00e0 l&#8217;aide de centres d&#8217;usinage, de tours \u00e0 commande num\u00e9rique (CNC) et de machines d&#8217;\u00e9lectro\u00e9rosion (EDM). Gr\u00e2ce \u00e0 ces machines, nous pouvons effectuer le forage de trous profonds et l&#8217;usinage d&#8217;autres caract\u00e9ristiques requises en une seule op\u00e9ration. Profitez de notre service efficace et pr\u00e9cis de per\u00e7age profond dans des mat\u00e9riaux ultra-durs !\n\t\t\t\t\t<\/p>\n<\/p><\/div>\n<div class=\"contents_img img_frame col-sm-5 tC\">\n\t\t\t\t\t<img decoding=\"async\" src=\"\/img\/technology\/tech04\/tech04_img01.jpg\" alt=\"\"><\/p>\n<div class=\"frame\"><\/div>\n<\/p><\/div>\n<p>\t\t\t<!-- \/.contents_top --><\/div>\n<div class=\"detail_area_in box-shadow\">\n<table class=\"processing_table table-responsive2\">\n<tr>\n<th>Mat\u00e9riaux compatibles avec nos services de per\u00e7age profond<\/th>\n<td>C\u00e9ramiques avanc\u00e9es, verre de silice fondue (quartz fondu), verre borosilicat\u00e9 (Tempax), vitroc\u00e9ramiques, silicium, c\u00e9ramiques usinables, molybd\u00e8ne, tungst\u00e8ne, tantale et plus encore.\n\t\t\t\t\t\t<\/td>\n<\/tr>\n<tr>\n<th>Machines que nous utilisons<\/th>\n<td>\n Centres d&#8217;usinage : Centres d&#8217;usinage 3 axes \/ 5 axes avec syst\u00e8mes d&#8217;arrosage centre broche*. <br \/>\n Tours combin\u00e9s<br \/>\n Machine d&#8217;\u00e9lectro\u00e9rosion (EDM) pour le per\u00e7age <br \/>\n *Le syst\u00e8me d&#8217;arrosage centre broche fournit un liquide d&#8217;arrosage \u00e0 haute pression \u00e0 la pointe de l&#8217;outil \u00e0 travers un trou dans la broche et dans l&#8217;outil pour un enl\u00e8vement efficace des copeaux, un refroidissement et une prolongation de la dur\u00e9e de vie de l&#8217;outil.\n\t\t\t\t\t\t<\/td>\n<\/tr>\n<tr>\n<th>Mat\u00e9riaux des outils de per\u00e7age<\/th>\n<td>\n grains de carbure de tungst\u00e8ne et de diamant\n\t\t\t\t\t\t<\/td>\n<\/tr>\n<\/table>\n<div class=\"indication\">\n<h3 class=\"ttl03\">Capacit\u00e9s de per\u00e7age des trous profonds<\/h3>\n<div class=\"indication_area\">\n<h4 class=\"ttl04\">Alumine, nitrure d&#8217;aluminium, verre de silice fondu, verre borosilicat\u00e9, silicium, c\u00e9ramiques usinables\/verre<\/h4>\n<div class=\"table-responsive\">\n<table class=\"table_style2\">\n<tr>\n<th>Diam\u00e8tre du trou (mm)<\/th>\n<th>Profondeur max. Profondeur de trou max. (mm) <\/th>\n<th>Pr\u00e9cision du diam\u00e8tre du trou (mm)<\/th>\n<th>Rectitude (mm)<\/th>\n<\/tr>\n<tr>\n<td>0.3\uff5e1.0<\/td>\n<td>15\uff5e50<\/td>\n<td>\u00b10.02\uff5e\u00b10.05<\/td>\n<td>0.1<\/td>\n<\/tr>\n<tr>\n<td>1.0\uff5e1.5<\/td>\n<td>50\uff5e100<\/td>\n<td>\u00b10.03\uff5e\u00b10.05<\/td>\n<td>0.2<\/td>\n<\/tr>\n<tr>\n<td>1.5\uff5e<\/td>\n<td>300<\/td>\n<td>\u00b10.03\uff5e\u00b10.1<\/td>\n<td>0.3<\/td>\n<\/tr>\n<\/table><\/div>\n<ul class=\"row\">\n<li class=\"col-xs-6 col-sm-3 col-md-3 col-lg-3\">\n\t\t\t\t\t\t\t\t<a href=\"\/img\/technology\/tech04\/case01.jpg\" data-lightbox=\"tech04\" data-title=\"\u52a0\u5de5\u4e8b\u4f8b\" class=\"hover\"><br \/>\n\t\t\t\t\t\t\t\t\t<img decoding=\"async\" src=\"\/img\/technology\/tech04\/case01.jpg\" alt=\"\"><br \/>\n\t\t\t\t\t\t\t\t<\/a>\n\t\t\t\t\t\t\t<\/li>\n<li class=\"col-xs-6 col-sm-3 col-md-3 col-lg-3\">\n\t\t\t\t\t\t\t\t<a href=\"\/img\/technology\/tech04\/case02.jpg\" data-lightbox=\"tech04\" data-title=\"\u52a0\u5de5\u4e8b\u4f8b\" class=\"hover\"><br \/>\n\t\t\t\t\t\t\t\t\t<img decoding=\"async\" src=\"\/img\/technology\/tech04\/case02.jpg\" alt=\"\"><br \/>\n\t\t\t\t\t\t\t\t<\/a>\n\t\t\t\t\t\t\t<\/li>\n<li class=\"col-xs-6 col-sm-3 col-md-3 col-lg-3\">\n\t\t\t\t\t\t\t\t<a href=\"\/img\/technology\/tech04\/case03.jpg\" data-lightbox=\"tech04\" data-title=\"\u52a0\u5de5\u4e8b\u4f8b\" class=\"hover\"><br \/>\n\t\t\t\t\t\t\t\t\t<img decoding=\"async\" src=\"\/img\/technology\/tech04\/case03.jpg\" alt=\"\"><br \/>\n\t\t\t\t\t\t\t\t<\/a>\n\t\t\t\t\t\t\t<\/li>\n<li class=\"col-xs-6 col-sm-3 col-md-3 col-lg-3\">\n\t\t\t\t\t\t\t\t<a href=\"\/img\/technology\/tech04\/case04.jpg\" data-lightbox=\"tech04\" data-title=\"\u52a0\u5de5\u4e8b\u4f8b\" class=\"hover\"><br \/>\n\t\t\t\t\t\t\t\t\t<img decoding=\"async\" src=\"\/img\/technology\/tech04\/case04.jpg\" alt=\"\"><br \/>\n\t\t\t\t\t\t\t\t<\/a>\n\t\t\t\t\t\t\t<\/li>\n<li class=\"col-xs-6 col-sm-3 col-md-3 col-lg-3\">\n\t\t\t\t\t\t\t\t<a href=\"\/img\/technology\/tech04\/case05.jpg\" data-lightbox=\"tech04\" data-title=\"\u52a0\u5de5\u4e8b\u4f8b\" class=\"hover\"><br \/>\n\t\t\t\t\t\t\t\t\t<img decoding=\"async\" src=\"\/img\/technology\/tech04\/case05.jpg\" alt=\"\"><br \/>\n\t\t\t\t\t\t\t\t<\/a>\n\t\t\t\t\t\t\t<\/li>\n<\/ul><\/div>\n<div class=\"indication_area\">\n<h4 class=\"ttl04\">Carbure de silicium, Zircone, Nitrure de silicium<\/h4>\n<div class=\"table-responsive\">\n<table class=\"table_style2\">\n<tr>\n<th>Diam\u00e8tre du trou (mm)<\/th>\n<th>Profondeur max. Profondeur de trou max. (mm) <\/th>\n<th>Pr\u00e9cision du diam\u00e8tre du trou (mm)<\/th>\n<th>Rectitude (mm)<\/th>\n<\/tr>\n<tr>\n<td>0.5\uff5e1.5<\/td>\n<td>15\uff5e100<\/td>\n<td>\u00b10.05<\/td>\n<td>0.2<\/td>\n<\/tr>\n<tr>\n<td>1.5\uff5e<\/td>\n<td>150\uff5e300<\/td>\n<td>\u00b10.05\uff5e\u00b10.1<\/td>\n<td>0.3<\/td>\n<\/tr>\n<\/table><\/div>\n<ul class=\"row\">\n<li class=\"col-xs-6 col-sm-3 col-md-3 col-lg-3\">\n\t\t\t\t\t\t\t\t<a href=\"\/img\/technology\/tech04\/case06.jpg\" data-lightbox=\"tech04\" data-title=\"\u52a0\u5de5\u4e8b\u4f8b\" class=\"hover\"><br \/>\n\t\t\t\t\t\t\t\t\t<img decoding=\"async\" src=\"\/img\/technology\/tech04\/case06.jpg\" alt=\"\"><br \/>\n\t\t\t\t\t\t\t\t<\/a>\n\t\t\t\t\t\t\t<\/li>\n<li class=\"col-xs-6 col-sm-3 col-md-3 col-lg-3\">\n\t\t\t\t\t\t\t\t<a href=\"\/img\/technology\/tech04\/case07.jpg\" data-lightbox=\"tech04\" data-title=\"\u52a0\u5de5\u4e8b\u4f8b\" class=\"hover\"><br \/>\n\t\t\t\t\t\t\t\t\t<img decoding=\"async\" src=\"\/img\/technology\/tech04\/case07.jpg\" alt=\"\"><br \/>\n\t\t\t\t\t\t\t\t<\/a>\n\t\t\t\t\t\t\t<\/li>\n<\/ul><\/div>\n<div class=\"indication_area\">\n<h4 class=\"ttl04\">Molybd\u00e8ne, Tungst\u00e8ne, Tantale<\/h4>\n<div class=\"table-responsive\">\n<table class=\"table_style2\">\n<tr>\n<th>Diam\u00e8tre du trou (mm)<\/th>\n<th>Profondeur max. Profondeur de trou max. (mm) <\/th>\n<th>Pr\u00e9cision du diam\u00e8tre du trou (mm)<\/th>\n<th>Rectitude (mm)<\/th>\n<\/tr>\n<tr>\n<td>0.5\uff5e1.5<\/td>\n<td>15\uff5e100<\/td>\n<td>\u00b10.02\uff5e\u00b10.05<\/td>\n<td>0.2<\/td>\n<\/tr>\n<tr>\n<td>1.5\uff5e<\/td>\n<td>300<\/td>\n<td>\u00b10.02\uff5e\u00b10.05<\/td>\n<td>0.3<\/td>\n<\/tr>\n<\/table><\/div>\n<ul class=\"row\">\n<li class=\"col-xs-6 col-sm-3 col-md-3 col-lg-3\">\n\t\t\t\t\t\t\t\t<a href=\"\/img\/technology\/tech04\/case08.jpg\" data-lightbox=\"tech04\" data-title=\"\u52a0\u5de5\u4e8b\u4f8b\" class=\"hover\"><br \/>\n\t\t\t\t\t\t\t\t\t<img decoding=\"async\" src=\"\/img\/technology\/tech04\/case08.jpg\" alt=\"\"><br \/>\n\t\t\t\t\t\t\t\t<\/a>\n\t\t\t\t\t\t\t<\/li>\n<li class=\"col-xs-6 col-sm-3 col-md-3 col-lg-3\">\n\t\t\t\t\t\t\t\t<a href=\"\/img\/technology\/tech04\/case09.jpg\" data-lightbox=\"tech04\" data-title=\"\u52a0\u5de5\u4e8b\u4f8b\" class=\"hover\"><br \/>\n\t\t\t\t\t\t\t\t\t<img decoding=\"async\" src=\"\/img\/technology\/tech04\/case09.jpg\" alt=\"\"><br \/>\n\t\t\t\t\t\t\t\t<\/a>\n\t\t\t\t\t\t\t<\/li>\n<\/ul><\/div>\n<\/p><\/div>\n<p>\t\t\t<!-- detail_area_in --><\/div>\n<\/p><\/div>\n<p>\t\t<!-- container --><\/div>\n<\/section>\n<\/article>\n","protected":false},"excerpt":{"rendered":"<p>Per\u00e7age profond Per\u00e7age profond &#8211; Top Seiko r\u00e9alise des trous profonds, droits ou coniques dans des mat\u00e9riaux ultra-durs. Le per\u00e7age profond exige une plus grande attention aux d\u00e9tails que les autres processus d&#8217;usinage. Pour r\u00e9ussir un per\u00e7age profond, vous devez vous assurer que le foret reste droit et que les copeaux sont \u00e9vacu\u00e9s du trou. La g\u00e9om\u00e9trie des outils ayant une incidence directe sur le contr\u00f4le des copeaux, nous concevons nous-m\u00eames les outils de per\u00e7age profond, puis ces outils sont produits soit en interne, soit par des fabricants d&#8217;outils selon nos sp\u00e9cifications. Nous n&#8217;utilisons pas de perceuses \u00e0 canon ni aucun type d&#8217;\u00e9quipement sp\u00e9cialis\u00e9 utilis\u00e9 uniquement pour les applications de [&hellip;]<\/p>\n","protected":false},"author":1,"featured_media":0,"parent":8567,"menu_order":0,"comment_status":"closed","ping_status":"closed","template":"page-tech.php","meta":{"om_disable_all_campaigns":false,"_monsterinsights_skip_tracking":false,"_monsterinsights_sitenote_active":false,"_monsterinsights_sitenote_note":"","_monsterinsights_sitenote_category":0,"footnotes":""},"aioseo_notices":[],"_links":{"self":[{"href":"https:\/\/top-seiko.com\/fr\/wp-json\/wp\/v2\/pages\/8642"}],"collection":[{"href":"https:\/\/top-seiko.com\/fr\/wp-json\/wp\/v2\/pages"}],"about":[{"href":"https:\/\/top-seiko.com\/fr\/wp-json\/wp\/v2\/types\/page"}],"author":[{"embeddable":true,"href":"https:\/\/top-seiko.com\/fr\/wp-json\/wp\/v2\/users\/1"}],"replies":[{"embeddable":true,"href":"https:\/\/top-seiko.com\/fr\/wp-json\/wp\/v2\/comments?post=8642"}],"version-history":[{"count":4,"href":"https:\/\/top-seiko.com\/fr\/wp-json\/wp\/v2\/pages\/8642\/revisions"}],"predecessor-version":[{"id":8646,"href":"https:\/\/top-seiko.com\/fr\/wp-json\/wp\/v2\/pages\/8642\/revisions\/8646"}],"up":[{"embeddable":true,"href":"https:\/\/top-seiko.com\/fr\/wp-json\/wp\/v2\/pages\/8567"}],"wp:attachment":[{"href":"https:\/\/top-seiko.com\/fr\/wp-json\/wp\/v2\/media?parent=8642"}],"curies":[{"name":"wp","href":"https:\/\/api.w.org\/{rel}","templated":true}]}}