{"id":8661,"date":"2016-09-08T14:35:56","date_gmt":"2016-09-08T05:35:56","guid":{"rendered":"https:\/\/top-seiko.com\/company\/liste-des-equipements\/"},"modified":"2023-01-19T17:36:12","modified_gmt":"2023-01-19T08:36:12","slug":"facility","status":"publish","type":"page","link":"https:\/\/top-seiko.com\/fr\/company\/facility\/","title":{"rendered":"Liste des \u00e9quipements"},"content":{"rendered":"<article class=\"m-facility\">\n<div class=\"container\">\n<section class=\"facility_list\">\n<h2 class=\"ttl02\"><span class=\"ja\">Liste des \u00e9quipements<\/span><\/h2>\n<div class=\"detail_area_in box-shadow\">\n<p class=\"mb30\">Afin de garantir leur pr\u00e9cision, toutes nos machines sont v\u00e9rifi\u00e9es quotidiennement et font l&#8217;objet d&#8217;une maintenance r\u00e9guli\u00e8re<\/p>\n<h3 class=\"ttl03 ttl_grad_blue\">Centres d&#8217;usinage CNC<\/h3>\n<div class=\"list_box\">\n<ul class=\"machine_list row\">\n<li class=\"col-xs-6 col-sm-3 col-md-3 col-lg-3\"><img decoding=\"async\" src=\"\/img\/company\/facility_img01.jpg\" alt=\"Centres d'usinage 5 axes\"><span>Centres d&#8217;usinage 5 axes<\/span><\/li>\n<li class=\"col-xs-6 col-sm-3 col-md-3 col-lg-3\"><img decoding=\"async\" src=\"\/img\/company\/facility_img02.jpg\" alt=\"Centres d'usinage 5 axes NMV5000DCG\"><span>Centres d&#8217;usinage 5 axes NMV5000DCG<\/span><\/li>\n<li class=\"col-xs-6 col-sm-3 col-md-3 col-lg-3\"><img decoding=\"async\" src=\"\/img\/company\/facility_img03.jpg\" alt=\"Centres d'usinage 5 axes ZV400\"><span>Centres d&#8217;usinage 5 axes ZV400<\/span><\/li>\n<li class=\"col-xs-6 col-sm-3 col-md-3 col-lg-3\"><img decoding=\"async\" src=\"\/img\/company\/facility_img04.jpg\" alt=\"Centres de Micro-Fraisage haute vitesse \u00e0 moteurs lin\u00e9aires\"><span>Centres de Micro-Fraisage haute vitesse \u00e0 moteurs lin\u00e9aires<\/span><\/li>\n<li class=\"col-xs-6 col-sm-3 col-md-3 col-lg-3\"><img decoding=\"async\" src=\"\/img\/company\/facility_img05.jpg\" alt=\"Centres de Micro-Fraisage haute vitesse \u00e0 moteurs lin\u00e9aires IQ300\"><span>Centres de Micro-Fraisage haute vitesse \u00e0 moteurs lin\u00e9aires IQ300<\/span><\/li>\n<li class=\"col-xs-6 col-sm-3 col-md-3 col-lg-3\"><img decoding=\"async\" src=\"\/img\/company\/facility_img06.jpg\" alt=\"Centres d'usinage 3 axes V56i\"><span>Centres d&#8217;usinage 3 axes V56i<\/span><\/li>\n<li class=\"col-xs-6 col-sm-3 col-md-3 col-lg-3\"><img decoding=\"async\" src=\"\/img\/company\/facility_img07.jpg\" alt=\"Centres d'usinage 3 axes V55\"><span>Centres d&#8217;usinage 3 axes V55<\/span><\/li>\n<li class=\"col-xs-6 col-sm-3 col-md-3 col-lg-3\"><img decoding=\"async\" src=\"\/img\/company\/facility_img08.jpg\" alt=\"Centres d'usinage 3 axes V33\"><span>Centres d&#8217;usinage 3 axes V33<\/span><\/li>\n<li class=\"col-xs-6 col-sm-3 col-md-3 col-lg-3\"><img decoding=\"async\" src=\"\/img\/company\/facility_img09.jpg\" alt=\"Centres d'usinage 3 axes NVX5100\"><span>Centres d&#8217;usinage 3 axes NVX5100<\/span><\/li>\n<li class=\"col-xs-6 col-sm-3 col-md-3 col-lg-3\"><img decoding=\"async\" src=\"\/img\/company\/facility_img10.jpg\" alt=\"Centres d'usinage 3 axes NVX5080\"><span>Centres d&#8217;usinage 3 axes NVX5080<\/span><\/li>\n<li class=\"col-xs-6 col-sm-3 col-md-3 col-lg-3\"><img decoding=\"async\" src=\"\/img\/company\/facility_img11.jpg\" alt=\"Centres d'usinage 3 axes NV7000\"><span>Centres d&#8217;usinage 3 axes NV7000<\/span><\/li>\n<li class=\"col-xs-6 col-sm-3 col-md-3 col-lg-3\"><img decoding=\"async\" src=\"\/img\/company\/facility_img12.jpg\" alt=\"Centres d'usinage 3 axes S500X1\"><span>Centres d&#8217;usinage 3 axes S500X1<\/span><\/li>\n<\/ul>\n<div class=\"table-responsive\">\n<table>\n<tr>\n<th>Centres d&#8217;usinage CNC<\/th>\n<th>Fabricant<\/th>\n<th>Nom du mod\u00e8le<\/th>\n<th>Nombre de machines<\/th>\n<th>Courses X-Y-Z<\/th>\n<th>Caract\u00e9ristiques<\/th>\n<\/tr>\n<tr>\n<td rowspan=\"3\">Centres d&#8217;usinage 5 axes<\/td>\n<td>MAKINO<\/td>\n<td>D300<\/td>\n<td>2<\/td>\n<td>300\u00d7500\u00d7350<\/td>\n<td rowspan=\"3\">Toutes les machines \u00e0 5 axes sont \u00e9quip\u00e9es d&#8217;un syst\u00e8me d&#8217;arrosage centre broche.<\/td>\n<\/tr>\n<tr>\n<td rowspan=\"2\">DMG MORI<\/td>\n<td>NMV5000DCG<\/td>\n<td>8<\/td>\n<td>730\u00d7510\u00d7510<\/td>\n<\/tr>\n<tr>\n<td>ZV400<\/td>\n<td>2<\/td>\n<td>600\u00d7425\u00d7450<\/td>\n<\/tr>\n<tr>\n<td rowspan=\"3\">Centres de Micro-Fraisage haute vitesse \u00e0 moteurs lin\u00e9aires<\/td>\n<td rowspan=\"2\">MAKINO<\/td>\n<td>IQ300<\/td>\n<td>1<\/td>\n<td>400\u00d7350\u00d7200<\/td>\n<td rowspan=\"3\">Toutes les machines \u00e0 moteur lin\u00e9aire sont \u00e9quip\u00e9es d&#8217;une broche \u00e0 haute vitesse, id\u00e9al pour un usinage de pr\u00e9cision<\/td>\n<\/tr>\n<tr>\n<td>IQ500<\/td>\n<td>1<\/td>\n<td>500\u00d7450\u00d7300<\/td>\n<\/tr>\n<tr>\n<td>SODICK<\/td>\n<td>HS650L<\/td>\n<td>1<\/td>\n<td>625\u00d7500\u00d7300<\/td>\n<\/tr>\n<tr>\n<td rowspan=\"9\">3-Axis Machining Centers<\/td>\n<td rowspan=\"3\">MAKINO<\/td>\n<td>V56i<\/td>\n<td>3<\/td>\n<td>900\u00d7550\u00d7450<\/td>\n<td rowspan=\"7\">Syst\u00e8me d&#8217;arrosage centre broche<\/td>\n<\/tr>\n<tr>\n<td>V55<\/td>\n<td>1<\/td>\n<td>900\u00d7500\u00d7450<\/td>\n<\/tr>\n<tr>\n<td>V33<\/td>\n<td>1<\/td>\n<td>600\u00d7400\u00d7350<\/td>\n<\/tr>\n<tr>\n<td rowspan=\"5\">DMG MORI<\/td>\n<td>NVX5100<\/td>\n<td>23<\/td>\n<td>1050\u00d7530\u00d75100<\/td>\n<\/tr>\n<tr>\n<td>NVX5080<\/td>\n<td>1<\/td>\n<td>800\u00d7530\u00d7510<\/td>\n<\/tr>\n<tr>\n<td>NV5000<\/td>\n<td>9<\/td>\n<td>800\u00d7510\u00d7510<\/td>\n<\/tr>\n<tr>\n<td>NV7000<\/td>\n<td>2<\/td>\n<td>1540\u00d7760\u00d7660<\/td>\n<\/tr>\n<tr>\n<td>CMX1100V<\/td>\n<td>12<\/td>\n<td>1100\u00d7560\u00d7510<\/td>\n<td>Certaines sont install\u00e9es avec des tables rotatives.<\/td>\n<\/tr>\n<tr>\n<td>BROTHER<\/td>\n<td>S500X1<\/td>\n<td>2<\/td>\n<td>500\u00d7400\u00d7300<\/td>\n<td><\/td>\n<\/tr>\n<\/table>\n<p>\t\t\t\t\t<!-- table-responsive --><\/div>\n<p>\t\t\t\t<!-- \/.list_box --><\/div>\n<div class=\"list_box\">\n<h3 class=\"ttl03 ttl_grad_blue\">Centres de tournage CNC<\/h3>\n<ul class=\"machine_list row\">\n<li class=\"col-xs-6 col-sm-3 col-md-3 col-lg-3\"><img decoding=\"async\" src=\"\/img\/company\/facility_img13.jpg\" alt=\"Tours CNC NL1500\"><span>Tours CNC NL1500<\/span><\/li>\n<\/ul>\n<div class=\"table-responsive\">\n<table>\n<tr>\n<th>Centres de tournage CNC<\/th>\n<th>Fabricant<\/th>\n<th>Nom du mod\u00e8le<\/th>\n<th>Nombre de machines<\/th>\n<th>Courses X-Y-Z<\/th>\n<th>Caract\u00e9ristiques<\/th>\n<\/tr>\n<tr>\n<td rowspan=\"2\">Tours CNC<\/td>\n<td rowspan=\"2\">DMG MORI<\/td>\n<td>NL1500<\/td>\n<td>6<\/td>\n<td>260\u00d7590\u00d7100<\/td>\n<td>Avec la deuxi\u00e8me broche qui a une fonction de fraisage.<\/td>\n<\/tr>\n<tr>\n<td>NLX1500<\/td>\n<td>1<\/td>\n<td>260\u00d7590\u00d7100<\/td>\n<td>Avec la deuxi\u00e8me broche qui a une fonction de fraisage.<\/td>\n<\/tr>\n<tr>\n<td>5-Axis CNC Lathes<\/td>\n<td>DMG MORI<\/td>\n<td>NTX1000Ge2\/S<\/td>\n<td>1<\/td>\n<td>450\u00d7\u00b1105\u00d7800<\/td>\n<td>5-axis<\/td>\n<\/tr>\n<\/table>\n<p>\t\t\t\t\t<!-- \/.table-responsive --><\/div>\n<p>\t\t\t\t<!-- \/.list_box --><\/div>\n<div class=\"list_box\">\n<h3 class=\"ttl03 ttl_grad_blue\">Rectifieuses<\/h3>\n<ul class=\"machine_list row\">\n<li class=\"col-xs-6 col-sm-3 col-md-3 col-lg-3\"><img decoding=\"async\" src=\"\/img\/company\/facility_img14.jpg\" alt=\"Meuleuses de surface rotatives SSR5\"><span>Meuleuses de surface rotatives SSR5<\/span><\/li>\n<li class=\"col-xs-6 col-sm-3 col-md-3 col-lg-3\"><img decoding=\"async\" src=\"\/img\/company\/facility_img15.jpg\" alt=\"Meuleuses de surface PSG-64EXB\"><span>Meuleuses de surface PSG-64EXB<\/span><\/li>\n<li class=\"col-xs-6 col-sm-3 col-md-3 col-lg-3\"><img decoding=\"async\" src=\"\/img\/company\/facility_img16.jpg\" alt=\"Meuleuses de surface rotatives SSR5 GSR-700\"><span>Meuleuses de surface rotatives SSR5 GSR-700<\/span><\/li>\n<li class=\"col-xs-6 col-sm-3 col-md-3 col-lg-3\"><img decoding=\"async\" src=\"\/img\/company\/facility_img17.jpg\" alt=\"Rectifieuses cylindriques GL4P\"><span>Rectifieuses cylindriques GL4P<\/span><\/li>\n<\/ul>\n<div class=\"table-responsive\">\n<table>\n<tr>\n<th>Rectifieuses<\/th>\n<th>Fabricant<\/th>\n<th>Nom du mod\u00e8le<\/th>\n<th>Nombre de machines<\/th>\n<th>Dimensions de la table<\/th>\n<th>Course Z<\/th>\n<th>Caract\u00e9ristiques<\/th>\n<\/tr>\n<tr>\n<td rowspan=\"4\">Meuleuses de surface rotatives<\/td>\n<td rowspan=\"4\">AMADA<\/td>\n<td>SSR5<\/td>\n<td>6<\/td>\n<td rowspan=\"4\">\u03c6500<\/td>\n<td rowspan=\"4\">125<\/td>\n<td rowspan=\"3\">Type horizontal<\/td>\n<\/tr>\n<tr>\n<td>SS501N<\/td>\n<td>1<\/td>\n<\/tr>\n<tr>\n<td>SS501<\/td>\n<td>1<\/td>\n<\/tr>\n<tr>\n<td>SSR-5 UP<\/td>\n<td>3<\/td>\n<td>Haute rigidit\u00e9<\/td>\n<\/tr>\n<tr>\n<td rowspan=\"3\">Machines \u00e0 trancher<\/td>\n<td rowspan=\"2\">AMADA<\/td>\n<td>TECHSTERD<\/td>\n<td>2<\/td>\n<td>600\u00d7400<\/td>\n<td>250<\/td>\n<td><\/td>\n<\/tr>\n<tr>\n<td>TECHSTER-52<\/td>\n<td>1<\/td>\n<td>\u03c655&#215;180<\/td>\n<td>250<\/td>\n<td>Rectification sans centre<\/td>\n<\/tr>\n<tr>\n<td>OKAMOTO<\/td>\n<td>PSG-64EXB<\/td>\n<td>1<\/td>\n<td>600\u00d7400<\/td>\n<td>260<\/td>\n<td><\/td>\n<\/tr>\n<tr>\n<td>Meuleuses de surface rotatives<\/td>\n<td>SAN-EI ENGINEERING<\/td>\n<td>GSR-700<\/td>\n<td>3<\/td>\n<td>\u03c6700<\/td>\n<td>150<\/td>\n<td>Type vertical<\/td>\n<\/tr>\n<tr>\n<td rowspan=\"3\">Rectifieuses cylindriques<\/td>\n<td rowspan=\"2\">JTEKT<\/td>\n<td>GL4P<\/td>\n<td>1<\/td>\n<td>\u03c6300\uff08work size\uff09<\/td>\n<td>500\uff08length\uff09<\/td>\n<td><\/td>\n<\/tr>\n<tr>\n<td>GE3Pi<\/td>\n<td>1<\/td>\n<td>\u03c660<\/td>\n<td>250<\/td>\n<td><\/td>\n<\/tr>\n<tr>\n<td>TSUGAMI<\/td>\n<td>GU25<\/td>\n<td>1<\/td>\n<td>\u03c680<\/td>\n<td>250<\/td>\n<td><\/td>\n<\/tr>\n<\/table>\n<p>\t\t\t\t\t<!-- \/.table-responsive --><\/div>\n<p>\t\t\t\t<!-- \/.list_box --><\/div>\n<div class=\"list_box\">\n<h3 class=\"ttl03 ttl_grad_blue\">Machines \u00e0 trancher<\/h3>\n<ul class=\"machine_list row\">\n<li class=\"col-xs-6 col-sm-3 col-md-3 col-lg-3\"><img decoding=\"async\" src=\"\/img\/company\/facility_img18.jpg\" alt=\"Machines \u00e0 trancher TSN6030\"><span>Machines \u00e0 trancher TSN6030<\/span><\/li>\n<\/ul>\n<div class=\"table-responsive\">\n<table>\n<tr>\n<th>Machines \u00e0 trancher<\/th>\n<th>Fabricant<\/th>\n<th>Nom du mod\u00e8le<\/th>\n<th>Nombre de machines<\/th>\n<th>Dimensions de la table<\/th>\n<th>Course Z<\/th>\n<\/tr>\n<tr>\n<td>Machines \u00e0 trancher<\/td>\n<td>TOKYO SEIKI <\/td>\n<td>TSN6030<\/td>\n<td>2<\/td>\n<td>600\u00d7300<\/td>\n<td>200<\/td>\n<\/tr>\n<\/table>\n<p>\t\t\t\t\t<!-- \/.table-responsive --><\/div>\n<p>\t\t\t\t<!-- \/.list_box --><\/div>\n<div class=\"list_box\">\n<h3 class=\"ttl03 ttl_grad_blue\">EDM<\/h3>\n<ul class=\"machine_list row\">\n<li class=\"col-xs-6 col-sm-3 col-md-3 col-lg-3\"><img decoding=\"async\" src=\"\/img\/company\/facility_img19.jpg\" alt=\"Machine d'\u00e9lectro\u00e9rosion \u00e0 fil FA20VSM\"><span>Machine d&#8217;\u00e9lectro\u00e9rosion \u00e0 fil FA20VSM<\/span><\/li>\n<li class=\"col-xs-6 col-sm-3 col-md-3 col-lg-3\"><img decoding=\"async\" src=\"\/img\/company\/facility_img20.jpg\" alt=\"EDM Small Hole CT300FX\"><span>Drilling Machine CT300FX<\/span><\/li>\n<\/ul>\n<div class=\"table-responsive\">\n<table>\n<tr>\n<th>EDM <\/th>\n<th>Fabricant<\/th>\n<th>Nom du mod\u00e8le<\/th>\n<th>Nombre de machines<\/th>\n<th>Courses X-Y-Z<\/th>\n<\/tr>\n<tr>\n<td rowspan=\"3\">Machine d&#8217;\u00e9lectro\u00e9rosion \u00e0 fil<\/td>\n<td rowspan=\"3\">MITSUBISHI<\/td>\n<td>FA20VSM<\/td>\n<td>1<\/td>\n<td>500\u00d7350\u00d7300<\/td>\n<\/tr>\n<tr>\n<td rowspan=\"2\">MV2400R<\/td>\n<td rowspan=\"2\">2<\/td>\n<td>600\u00d7400\u00d7425<\/td>\n<\/tr>\n<tr>\n<td>600\u00d7400\u00d7300<\/td>\n<\/tr>\n<tr>\n<td rowspan=\"3\">Machine de per\u00e7age de petits trous par \u00e9lectro\u00e9rosion<\/td>\n<td rowspan=\"3\">ELENIX<\/td>\n<td>CT300FX<\/td>\n<td>1<\/td>\n<td>300\u00d7200\u00d7300<\/td>\n<\/tr>\n<tr>\n<td>CT500FX<\/td>\n<td>1<\/td>\n<td>550\u00d7380\u00d7400<\/td>\n<\/tr>\n<tr>\n<td>GT500FX<\/td>\n<td>1<\/td>\n<td>550\u00d7380\u00d7450<\/td>\n<\/tr>\n<\/table>\n<p>\t\t\t\t\t<!-- \/.table-responsive --><\/div>\n<p>\t\t\t\t<!-- \/.list_box --><\/div>\n<div class=\"list_box\">\n<h3 class=\"ttl03 ttl_grad_blue\">Syst\u00e8mes de logiciels CAD-CAM<\/h3>\n<div class=\"table-responsive\">\n<table>\n<tr>\n<th>CAD-CAM Software Systems <\/th>\n<th>Fabricant<\/th>\n<th>Mod\u00e8le<\/th>\n<th>Nombre<\/th>\n<th>Caract\u00e9ristiques<\/th>\n<\/tr>\n<tr>\n<td rowspan=\"3\">CAD\/CAM<\/td>\n<td>GODO SOLUTION<\/td>\n<td>Nazca<\/td>\n<td>12<\/td>\n<td>2.5D<\/td>\n<\/tr>\n<tr>\n<td>NTT DATA ENGINEERING SYSTEMS <\/td>\n<td>Space-E<\/td>\n<td>1<\/td>\n<td>3D<\/td>\n<\/tr>\n<tr>\n<td>OPEN MIND<\/td>\n<td>hyperMILL<\/td>\n<td>1<\/td>\n<td>3D + 5-Axis<\/td>\n<\/tr>\n<\/table>\n<p>\t\t\t\t\t<!-- \/.table-responsive --><\/div>\n<p>\t\t\t\t<!-- \/.list_box --><\/div>\n<div class=\"list_box\">\n<h3 class=\"ttl03 ttl_grad_blue\">\u00c9quipement d&#8217;inspection<\/h3>\n<ul class=\"machine_list row\">\n<li class=\"col-xs-6 col-sm-3 col-md-3 col-lg-3\"><img decoding=\"async\" src=\"\/img\/company\/facility_img21.jpg\" alt=\"CNC Coordinate Crysta Aspexc\"><span>Measuring Machine Crysta Aspexc<\/span><\/li>\n<li class=\"col-xs-6 col-sm-3 col-md-3 col-lg-3\"><img decoding=\"async\" src=\"\/img\/company\/facility_img22.jpg\" alt=\"Syst\u00e8me de mesure vision CNC Quick Vision stream\"><span>Syst\u00e8me de mesure vision CNC Quick Vision stream<\/span><\/li>\n<li class=\"col-xs-6 col-sm-3 col-md-3 col-lg-3\"><img decoding=\"async\" src=\"\/img\/company\/facility_img23.jpg\" alt=\"Syst\u00e8me de mesure dimensionnelle par imagerie IM-6225\"><span>Syst\u00e8me de mesure dimensionnelle par imagerie IM-6225<\/span><\/li>\n<li class=\"col-xs-6 col-sm-3 col-md-3 col-lg-3\"><img decoding=\"async\" src=\"\/img\/company\/facility_img24.jpg\" alt=\"Microscope \u00e0 balayage laser 3D VK-X100\"><span>Microscope \u00e0 balayage laser 3D VK-X100<\/span><\/li>\n<li class=\"col-xs-6 col-sm-3 col-md-3 col-lg-3\"><img decoding=\"async\" src=\"\/img\/company\/facility_img25.jpg\" alt=\"Microscope num\u00e9rique VHX-1000\"><span>Microscope num\u00e9rique VHX-1000<\/span><\/li>\n<li class=\"col-xs-6 col-sm-3 col-md-3 col-lg-3\"><img decoding=\"async\" src=\"\/img\/company\/facility_img26.jpg\" alt=\"Microscope outilleur\"><span>Microscope outilleur<\/span><\/li>\n<p>\t\t\t\t\t<!-- \/.machine_list --><\/ul>\n<div class=\"table-responsive\">\n<table>\n<tr>\n<th>\u00c9quipement d&#8217;inspection<\/th>\n<th>Fabricant<\/th>\n<th>Nom du mod\u00e8le<\/th>\n<th>Nombre de machines<\/th>\n<th>Courses X-Y-Z<\/th>\n<\/tr>\n<tr>\n<td rowspan=\"2\">Machine de mesure des coordonn\u00e9es CNC<\/td>\n<td rowspan=\"2\">MITUTOYO<\/td>\n<td>Crysta Aspexc<\/td>\n<td>3<\/td>\n<td>700\u00d7700\u00d7600<\/td>\n<\/tr>\n<tr>\n<td>STRATO-Apex 9106<\/td>\n<td>1<\/td>\n<td>900\u00d71000\u00d7600<\/td>\n<\/tr>\n<tr>\n<td>Syst\u00e8me de mesure vision CNC<\/td>\n<td>MITUTOYO<\/td>\n<td>Quick Vision stream<\/td>\n<td>2<\/td>\n<td>400\u00d7400\u00d7250<\/td>\n<\/tr>\n<tr>\n<td rowspan=\"3\">Syst\u00e8me de mesure dimensionnelle par imagerie<\/td>\n<td rowspan=\"3\">KEYENCE<\/td>\n<td>IM-6225<\/td>\n<td>2<\/td>\n<td>100\u00d7200\u00d740<\/td>\n<\/tr>\n<tr>\n<td>IM-7020<\/td>\n<td>1<\/td>\n<td>90\u00d790\u00d730<\/td>\n<\/tr>\n<tr>\n<td>IM-8030<\/td>\n<td>1<\/td>\n<td>190\u00d790\u00d730<\/td>\n<\/tr>\n<tr>\n<td>3D Optical Profilometer<\/td>\n<td>KEYENCE<\/td>\n<td>VR-6200<\/td>\n<td>1<\/td>\n<td>278x134x69<\/td>\n<\/tr>\n<tr>\n<td>Microscope \u00e0 balayage laser 3D<\/td>\n<td>KEYENCE<\/td>\n<td>VK-X100<\/td>\n<td>1<\/td>\n<td>100\uff5e16,000 (magnification)<\/td>\n<\/tr>\n<tr>\n<td>Microscope num\u00e9rique<\/td>\n<td>KEYENCE<\/td>\n<td>VHX-1000<\/td>\n<td>1<\/td>\n<td>100\uff5e16,000 (magnification)<\/td>\n<\/tr>\n<tr>\n<td>Syst\u00e8me de mesure de hauteur et de plan\u00e9it\u00e9<\/td>\n<td>KEYENCE<\/td>\n<td>HM-1000<\/td>\n<td>1<\/td>\n<td>100\u00d7100\u00d775<\/td>\n<\/tr>\n<tr>\n<td>Syst\u00e8mes de mesure optique<\/td>\n<td>MITUTOYO<\/td>\n<td>MF-UD1010D<\/td>\n<td>1<\/td>\n<td>300\u00d7170\u00d7220<\/td>\n<\/tr>\n<tr>\n<td>Microscope outilleur<\/td>\n<td>MITUTOYO<\/td>\n<td>  &#8211;  <\/td>\n<td>1<\/td>\n<td>100\u00d7100\u00d7100<\/td>\n<\/tr>\n<tr>\n<td>Comparateur optique<\/td>\n<td>Vision Engineering<\/td>\n<td>Lynx EVO<\/td>\n<td>1<\/td>\n<td>6x\uff5e60x(MAX 240x)<\/td>\n<\/tr>\n<tr>\n<td>Machine \u00e0 mesurer la rugosit\u00e9 de surface<\/td>\n<td>MITUTOYO<\/td>\n<td>SJ-301<\/td>\n<td>2<\/td>\n<td>Mesure de la rugosit\u00e9 des surfaces planes<\/td>\n<\/tr>\n<\/table>\n<p>\t\t\t\t\t<!-- \/.table-responsive --><\/div>\n<p>\t\t\t\t<!-- \/.list_box --><\/div>\n<p>\t\t\t<!-- \/.detail_area_in --><\/div>\n<p>\t\t<!-- major_facility --><\/section>\n<p>\t<!-- container --><\/div>\n<\/article>\n","protected":false},"excerpt":{"rendered":"<p>Liste des \u00e9quipements Afin de garantir leur pr\u00e9cision, toutes nos machines sont v\u00e9rifi\u00e9es quotidiennement et font l&#8217;objet d&#8217;une maintenance r\u00e9guli\u00e8re Centres d&#8217;usinage CNC Centres d&#8217;usinage 5 axes Centres d&#8217;usinage 5 axes NMV5000DCG Centres d&#8217;usinage 5 axes ZV400 Centres de Micro-Fraisage haute vitesse \u00e0 moteurs lin\u00e9aires Centres de Micro-Fraisage haute vitesse \u00e0 moteurs lin\u00e9aires IQ300 Centres d&#8217;usinage 3 axes V56i Centres d&#8217;usinage 3 axes V55 Centres d&#8217;usinage 3 axes V33 Centres d&#8217;usinage 3 axes NVX5100 Centres d&#8217;usinage 3 axes NVX5080 Centres d&#8217;usinage 3 axes NV7000 Centres d&#8217;usinage 3 axes S500X1 Centres d&#8217;usinage CNC Fabricant Nom du mod\u00e8le Nombre de machines Courses X-Y-Z Caract\u00e9ristiques Centres d&#8217;usinage 5 axes MAKINO D300 2 300\u00d7500\u00d7350 [&hellip;]<\/p>\n","protected":false},"author":1,"featured_media":0,"parent":8507,"menu_order":0,"comment_status":"closed","ping_status":"closed","template":"page-child-company.php","meta":{"om_disable_all_campaigns":false,"_monsterinsights_skip_tracking":false,"_monsterinsights_sitenote_active":false,"_monsterinsights_sitenote_note":"","_monsterinsights_sitenote_category":0,"footnotes":""},"aioseo_notices":[],"_links":{"self":[{"href":"https:\/\/top-seiko.com\/fr\/wp-json\/wp\/v2\/pages\/8661"}],"collection":[{"href":"https:\/\/top-seiko.com\/fr\/wp-json\/wp\/v2\/pages"}],"about":[{"href":"https:\/\/top-seiko.com\/fr\/wp-json\/wp\/v2\/types\/page"}],"author":[{"embeddable":true,"href":"https:\/\/top-seiko.com\/fr\/wp-json\/wp\/v2\/users\/1"}],"replies":[{"embeddable":true,"href":"https:\/\/top-seiko.com\/fr\/wp-json\/wp\/v2\/comments?post=8661"}],"version-history":[{"count":2,"href":"https:\/\/top-seiko.com\/fr\/wp-json\/wp\/v2\/pages\/8661\/revisions"}],"predecessor-version":[{"id":8663,"href":"https:\/\/top-seiko.com\/fr\/wp-json\/wp\/v2\/pages\/8661\/revisions\/8663"}],"up":[{"embeddable":true,"href":"https:\/\/top-seiko.com\/fr\/wp-json\/wp\/v2\/pages\/8507"}],"wp:attachment":[{"href":"https:\/\/top-seiko.com\/fr\/wp-json\/wp\/v2\/media?parent=8661"}],"curies":[{"name":"wp","href":"https:\/\/api.w.org\/{rel}","templated":true}]}}