{"id":8676,"date":"2016-09-08T14:33:28","date_gmt":"2016-09-08T05:33:28","guid":{"rendered":"https:\/\/top-seiko.com\/company\/message-du-pdg\/"},"modified":"2023-01-19T18:59:41","modified_gmt":"2023-01-19T09:59:41","slug":"greeting","status":"publish","type":"page","link":"https:\/\/top-seiko.com\/fr\/company\/greeting\/","title":{"rendered":"Message du PDG"},"content":{"rendered":"<article class=\"m-greeting\">\n<section class=\"greeting\">\n<div class=\"container\">\n<h2 class=\"ttl02\"><span class=\"ja\">Message du PDG<\/span><\/h2>\n<div class=\"detail_area_in box-shadow\">\n<div class=\"contents_greeting\">\n<p class=\"greeting_img fr\"><img decoding=\"async\" src=\"\/img\/company\/greeting_img01.jpg\" alt=\"\"><\/p>\n<div class=\"greeting_text\">\n<h3>Message du PDG<\/h3>\n<p>Au cours des ann\u00e9es qui ont suivi la cr\u00e9ation de Top Seiko en 2001, nous avons parfois \u00e9t\u00e9 confront\u00e9s \u00e0 de grands d\u00e9fis. Cependant, nous avons r\u00e9ussi \u00e0 survivre et \u00e0 nous d\u00e9velopper pendant ces p\u00e9riodes difficiles. Bien s\u00fbr, nous n&#8217;y sommes pas parvenus seuls. Je tiens \u00e0 remercier tous nos clients, nos fournisseurs et les autres personnes concern\u00e9es pour leur soutien, leurs conseils et leurs encouragements.    <\/p>\n<h3>Viser \u00e0 \u00eatre les meilleurs<\/h3>\n<p>Notre soci\u00e9t\u00e9 a \u00e9t\u00e9 baptis\u00e9e &#8220;Top Seiko&#8221; pour exprimer son objectif commercial de devenir la meilleure soci\u00e9t\u00e9 d&#8217;usinage et de fabrication de pr\u00e9cision au monde. &#8220;Seiko&#8221; est un mot japonais qui signifie &#8220;usinage de pr\u00e9cision&#8221;. En tant que petite entreprise nouvellement cr\u00e9\u00e9e, nous avons rapidement constat\u00e9 que la concurrence entre les entreprises d&#8217;usinage de mat\u00e9riaux industriels courants \u00e9tait trop intense pour que nous puissions m\u00eame survivre. Pour atteindre notre objectif, nous avons d\u00e9cid\u00e9 de nous concentrer uniquement sur notre sp\u00e9cialit\u00e9, \u00e0 savoir l&#8217;usinage de pr\u00e9cision de mat\u00e9riaux ultra-durs et cassants tels que les verres, les c\u00e9ramiques et les m\u00e9taux r\u00e9fractaires.\n\t\t\t\t\t\t<\/p>\n<h3>\u00c9largir nos capacit\u00e9s d&#8217;usinage<\/h3>\n<p>Ces mat\u00e9riaux exotiques et durs peuvent pr\u00e9senter des d\u00e9fis d&#8217;usinage plus importants que d&#8217;autres mat\u00e9riaux industriels. Pourtant, l&#8217;usinage de chacun de ces mat\u00e9riaux est un ph\u00e9nom\u00e8ne r\u00e9gi par une loi physique. Et je crois fermement que si nous pouvons d\u00e9couvrir et suivre cette loi, m\u00eame ces mat\u00e9riaux cassants, abrasifs et difficiles \u00e0 usiner peuvent \u00eatre usin\u00e9s avec succ\u00e8s en pi\u00e8ces de pr\u00e9cision. Il n&#8217;y a pas d&#8217;exception. Il y a toujours des raisons physiques \u00e0 un \u00e9chec, que nous devons trouver. Forts de cette conviction, nous avons relev\u00e9 des d\u00e9fis et continu\u00e9 \u00e0 d\u00e9velopper nos capacit\u00e9s d&#8217;usinage.\n\t\t\t\t\t\t<\/p>\n<h3>Se d\u00e9velopper davantage<\/h3>\n<p>Nous avons commenc\u00e9 par fabriquer des composants pour quelques clients dans les secteurs des semi-conducteurs et de l&#8217;\u00e9lectronique, mais aujourd&#8217;hui, nous servons des clients dans une grande vari\u00e9t\u00e9 de secteurs, notamment l&#8217;a\u00e9rospatiale, l&#8217;automobile, l&#8217;aviation, le m\u00e9dical, la mesure et l&#8217;analyse. En tant que fournisseur de solutions pour nos clients, nous avons r\u00e9pondu \u00e0 leurs besoins uniques. Heureusement, avec le nombre croissant de clients, notre usine a fonctionn\u00e9 \u00e0 pleine capacit\u00e9. Afin d&#8217;accro\u00eetre la capacit\u00e9 de production et de r\u00e9pondre \u00e0 un plus large \u00e9ventail de besoins, nous construisons actuellement une nouvelle usine dot\u00e9e d&#8217;\u00e9quipements modernes, dont la mise en service est pr\u00e9vue en 2017. Nous ferons un effort collectif pour rester comp\u00e9titifs et continuer \u00e0 fournir des solutions \u00e0 nos clients pour les si\u00e8cles \u00e0 venir.     <br \/>\n Une fois encore, nous tenons \u00e0 remercier toutes les personnes concern\u00e9es pour leurs soutiens, leurs conseils et leurs encouragements continus.\n\t\t\t\t\t\t<\/p>\n<p class=\"tR\">Top Seiko Co., Ltd. <br \/>Yoichi Azai, PDG<\/p>\n<\/p><\/div>\n<p>\t\t\t\t<!-- contents_greeting --><\/div>\n<p>\t\t\t<!-- detail_area_in --><\/div>\n<p>\t\t<!-- container --><\/div>\n<\/section>\n<\/article>\n","protected":false},"excerpt":{"rendered":"<p>Message du PDG Message du PDG Au cours des ann\u00e9es qui ont suivi la cr\u00e9ation de Top Seiko en 2001, nous avons parfois \u00e9t\u00e9 confront\u00e9s \u00e0 de grands d\u00e9fis. Cependant, nous avons r\u00e9ussi \u00e0 survivre et \u00e0 nous d\u00e9velopper pendant ces p\u00e9riodes difficiles. Bien s\u00fbr, nous n&#8217;y sommes pas parvenus seuls. Je tiens \u00e0 remercier tous nos clients, nos fournisseurs et les autres personnes concern\u00e9es pour leur soutien, leurs conseils et leurs encouragements. Viser \u00e0 \u00eatre les meilleurs Notre soci\u00e9t\u00e9 a \u00e9t\u00e9 baptis\u00e9e &#8220;Top Seiko&#8221; pour exprimer son objectif commercial de devenir la meilleure soci\u00e9t\u00e9 d&#8217;usinage et de fabrication de pr\u00e9cision au monde. &#8220;Seiko&#8221; est un mot japonais qui signifie [&hellip;]<\/p>\n","protected":false},"author":1,"featured_media":0,"parent":8507,"menu_order":0,"comment_status":"closed","ping_status":"closed","template":"page-child-company.php","meta":{"om_disable_all_campaigns":false,"_monsterinsights_skip_tracking":false,"_monsterinsights_sitenote_active":false,"_monsterinsights_sitenote_note":"","_monsterinsights_sitenote_category":0,"footnotes":""},"aioseo_notices":[],"_links":{"self":[{"href":"https:\/\/top-seiko.com\/fr\/wp-json\/wp\/v2\/pages\/8676"}],"collection":[{"href":"https:\/\/top-seiko.com\/fr\/wp-json\/wp\/v2\/pages"}],"about":[{"href":"https:\/\/top-seiko.com\/fr\/wp-json\/wp\/v2\/types\/page"}],"author":[{"embeddable":true,"href":"https:\/\/top-seiko.com\/fr\/wp-json\/wp\/v2\/users\/1"}],"replies":[{"embeddable":true,"href":"https:\/\/top-seiko.com\/fr\/wp-json\/wp\/v2\/comments?post=8676"}],"version-history":[{"count":1,"href":"https:\/\/top-seiko.com\/fr\/wp-json\/wp\/v2\/pages\/8676\/revisions"}],"predecessor-version":[{"id":8677,"href":"https:\/\/top-seiko.com\/fr\/wp-json\/wp\/v2\/pages\/8676\/revisions\/8677"}],"up":[{"embeddable":true,"href":"https:\/\/top-seiko.com\/fr\/wp-json\/wp\/v2\/pages\/8507"}],"wp:attachment":[{"href":"https:\/\/top-seiko.com\/fr\/wp-json\/wp\/v2\/media?parent=8676"}],"curies":[{"name":"wp","href":"https:\/\/api.w.org\/{rel}","templated":true}]}}