{"id":8688,"date":"2016-09-01T12:02:37","date_gmt":"2016-09-01T03:02:37","guid":{"rendered":"https:\/\/top-seiko.com\/demande-de-renseignements\/"},"modified":"2023-01-20T17:38:00","modified_gmt":"2023-01-20T08:38:00","slug":"contact","status":"publish","type":"page","link":"https:\/\/top-seiko.com\/fr\/contact\/","title":{"rendered":"Demande de renseignements"},"content":{"rendered":"<article class=\"m-contact\">\n<div class=\"container\">\n<h2 class=\"ttl02\"><span class=\"ja\">Demande de renseignements<\/span><\/h2>\n<div class=\"contactTel\">\n<p>Pour les commandes allant d&#8217;un prototype \u00e0 la production en s\u00e9rie, n&#8217;h\u00e9sitez pas \u00e0 nous contacter pour toute question. Notre personnel en charge r\u00e9pondra rapidement \u00e0 vos demandes et adressera vos besoins dans les plus brefs d\u00e9lais.\n<\/p>\n<p class=\"number\">Phone: +81-749-51-9021<br \/> (heures de bureau : 9:00-16:00 sauf week-ends et jours f\u00e9ri\u00e9s)<br \/>\nFax: +81-749-51-9022 (r\u00e9ception 24 heures sur 24)<br \/>Mail: info@top-seiko.co.jp<\/p>\n<p><!-- \/ .contactTel --><\/div>\n<p>[mwform_formkey key=&#8221;8727&#8243;]<\/p>\n<\/div>\n<p><!-- \/.m-contact --><\/article>\n","protected":false},"excerpt":{"rendered":"<p>Demande de renseignements Pour les commandes allant d&#8217;un prototype \u00e0 la production en s\u00e9rie, n&#8217;h\u00e9sitez pas \u00e0 nous contacter pour toute question. Notre personnel en charge r\u00e9pondra rapidement \u00e0 vos demandes et adressera vos besoins dans les plus brefs d\u00e9lais. Phone: +81-749-51-9021 (heures de bureau : 9:00-16:00 sauf week-ends et jours f\u00e9ri\u00e9s) Fax: +81-749-51-9022 (r\u00e9ception 24 heures sur 24)Mail: info@top-seiko.co.jp [mwform_formkey key=&#8221;8727&#8243;]<\/p>\n","protected":false},"author":1,"featured_media":0,"parent":0,"menu_order":0,"comment_status":"closed","ping_status":"closed","template":"","meta":{"om_disable_all_campaigns":false,"_monsterinsights_skip_tracking":false,"_monsterinsights_sitenote_active":false,"_monsterinsights_sitenote_note":"","_monsterinsights_sitenote_category":0,"footnotes":""},"aioseo_notices":[],"_links":{"self":[{"href":"https:\/\/top-seiko.com\/fr\/wp-json\/wp\/v2\/pages\/8688"}],"collection":[{"href":"https:\/\/top-seiko.com\/fr\/wp-json\/wp\/v2\/pages"}],"about":[{"href":"https:\/\/top-seiko.com\/fr\/wp-json\/wp\/v2\/types\/page"}],"author":[{"embeddable":true,"href":"https:\/\/top-seiko.com\/fr\/wp-json\/wp\/v2\/users\/1"}],"replies":[{"embeddable":true,"href":"https:\/\/top-seiko.com\/fr\/wp-json\/wp\/v2\/comments?post=8688"}],"version-history":[{"count":2,"href":"https:\/\/top-seiko.com\/fr\/wp-json\/wp\/v2\/pages\/8688\/revisions"}],"predecessor-version":[{"id":8729,"href":"https:\/\/top-seiko.com\/fr\/wp-json\/wp\/v2\/pages\/8688\/revisions\/8729"}],"wp:attachment":[{"href":"https:\/\/top-seiko.com\/fr\/wp-json\/wp\/v2\/media?parent=8688"}],"curies":[{"name":"wp","href":"https:\/\/api.w.org\/{rel}","templated":true}]}}