{"id":8701,"date":"2022-11-30T18:13:48","date_gmt":"2022-11-30T09:13:48","guid":{"rendered":"https:\/\/top-seiko.com\/contact\/inquiry%e3%80%90confirm%e3%80%91\/"},"modified":"2023-02-17T14:22:11","modified_gmt":"2023-02-17T05:22:11","slug":"confirm","status":"publish","type":"page","link":"https:\/\/top-seiko.com\/fr\/contact\/confirm\/","title":{"rendered":"Demande\u3010Confirmation\u3011"},"content":{"rendered":"<article class=\"m-contact\">\n<div class=\"container\">\n<h2 class=\"ttl02\"><span class=\"ja\">Demande<\/span><\/h2>\n<div class=\"contactConfirm\">\n<p>Apr\u00e8s avoir confirm\u00e9 que toutes les informations sont correctes, veuillez cliquer sur le bouton &#8220;Soumettre&#8221;. <br \/>\n* Si un champ obligatoire n&#8217;a pas \u00e9t\u00e9 rempli, la section correspondante sera affich\u00e9e en rouge. <br \/>\nVeillez \u00e0 saisir les informations correctes et cliquez sur le bouton &#8220;Soumettre&#8221;.<\/p>\n<p><!-- \/ .contactConfirm --><\/div>\n<p>[mwform_formkey key=&#8221;8727&#8243;]\n<\/p><\/div>\n<p><!-- \/.m-contact --><\/article>\n","protected":false},"excerpt":{"rendered":"<p>Demande Apr\u00e8s avoir confirm\u00e9 que toutes les informations sont correctes, veuillez cliquer sur le bouton &#8220;Soumettre&#8221;. * Si un champ obligatoire n&#8217;a pas \u00e9t\u00e9 rempli, la section correspondante sera affich\u00e9e en rouge. Veillez \u00e0 saisir les informations correctes et cliquez sur le bouton &#8220;Soumettre&#8221;. [mwform_formkey key=&#8221;8727&#8243;]<\/p>\n","protected":false},"author":1,"featured_media":0,"parent":8688,"menu_order":0,"comment_status":"closed","ping_status":"closed","template":"","meta":{"om_disable_all_campaigns":false,"_monsterinsights_skip_tracking":false,"_monsterinsights_sitenote_active":false,"_monsterinsights_sitenote_note":"","_monsterinsights_sitenote_category":0,"footnotes":""},"aioseo_notices":[],"_links":{"self":[{"href":"https:\/\/top-seiko.com\/fr\/wp-json\/wp\/v2\/pages\/8701"}],"collection":[{"href":"https:\/\/top-seiko.com\/fr\/wp-json\/wp\/v2\/pages"}],"about":[{"href":"https:\/\/top-seiko.com\/fr\/wp-json\/wp\/v2\/types\/page"}],"author":[{"embeddable":true,"href":"https:\/\/top-seiko.com\/fr\/wp-json\/wp\/v2\/users\/1"}],"replies":[{"embeddable":true,"href":"https:\/\/top-seiko.com\/fr\/wp-json\/wp\/v2\/comments?post=8701"}],"version-history":[{"count":6,"href":"https:\/\/top-seiko.com\/fr\/wp-json\/wp\/v2\/pages\/8701\/revisions"}],"predecessor-version":[{"id":8921,"href":"https:\/\/top-seiko.com\/fr\/wp-json\/wp\/v2\/pages\/8701\/revisions\/8921"}],"up":[{"embeddable":true,"href":"https:\/\/top-seiko.com\/fr\/wp-json\/wp\/v2\/pages\/8688"}],"wp:attachment":[{"href":"https:\/\/top-seiko.com\/fr\/wp-json\/wp\/v2\/media?parent=8701"}],"curies":[{"name":"wp","href":"https:\/\/api.w.org\/{rel}","templated":true}]}}