{"id":8709,"date":"2016-09-01T12:03:48","date_gmt":"2016-09-01T03:03:48","guid":{"rendered":"https:\/\/top-seiko.com\/contact\/inquiry%e3%80%90complete%e3%80%91\/"},"modified":"2023-02-17T14:25:24","modified_gmt":"2023-02-17T05:25:24","slug":"complete","status":"publish","type":"page","link":"https:\/\/top-seiko.com\/fr\/contact\/complete\/","title":{"rendered":"Demande\u3010Complete\u3011"},"content":{"rendered":"<article class=\"m-contact\">\n<div class=\"container\">\n<h2 class=\"ttl02\"><span class=\"ja\">Demande<\/span><\/h2>\n<div class=\"contactComplete\">\n<h3 class=\"ttl04\"><span class=\"ja\">Soumission termin\u00e9e<\/span><\/h3>\n<p>Un courriel de confirmation automatique sera envoy\u00e9 imm\u00e9diatement. <br \/>\nNous vous contacterons dans les plus brefs d\u00e9lais.<\/p>\n<p>* Si vous ne recevez pas d&#8217;email de confirmation, veuillez remplir \u00e0 nouveau le formulaire ou nous envoyer un email directement &#8220;info@top-seiko.co.jp&#8221;.<\/p>\n<p class=\"tC\"><a href=\"https:\/\/top-seiko.com\/fr\/\" class=\"returnTop\">Retour en haut<\/a><\/p>\n<p><!-- \/ .contactComplete --><\/div>\n<p>[mwform_formkey key=&#8221;8727&#8243;]\n<\/p><\/div>\n<p><!-- \/.m-contact --><\/article>\n","protected":false},"excerpt":{"rendered":"<p>Demande Soumission termin\u00e9e Un courriel de confirmation automatique sera envoy\u00e9 imm\u00e9diatement. Nous vous contacterons dans les plus brefs d\u00e9lais. * Si vous ne recevez pas d&#8217;email de confirmation, veuillez remplir \u00e0 nouveau le formulaire ou nous envoyer un email directement &#8220;info@top-seiko.co.jp&#8221;. Retour en haut [mwform_formkey key=&#8221;8727&#8243;]<\/p>\n","protected":false},"author":1,"featured_media":0,"parent":8688,"menu_order":0,"comment_status":"closed","ping_status":"closed","template":"","meta":{"om_disable_all_campaigns":false,"_monsterinsights_skip_tracking":false,"_monsterinsights_sitenote_active":false,"_monsterinsights_sitenote_note":"","_monsterinsights_sitenote_category":0,"footnotes":""},"aioseo_notices":[],"_links":{"self":[{"href":"https:\/\/top-seiko.com\/fr\/wp-json\/wp\/v2\/pages\/8709"}],"collection":[{"href":"https:\/\/top-seiko.com\/fr\/wp-json\/wp\/v2\/pages"}],"about":[{"href":"https:\/\/top-seiko.com\/fr\/wp-json\/wp\/v2\/types\/page"}],"author":[{"embeddable":true,"href":"https:\/\/top-seiko.com\/fr\/wp-json\/wp\/v2\/users\/1"}],"replies":[{"embeddable":true,"href":"https:\/\/top-seiko.com\/fr\/wp-json\/wp\/v2\/comments?post=8709"}],"version-history":[{"count":6,"href":"https:\/\/top-seiko.com\/fr\/wp-json\/wp\/v2\/pages\/8709\/revisions"}],"predecessor-version":[{"id":8925,"href":"https:\/\/top-seiko.com\/fr\/wp-json\/wp\/v2\/pages\/8709\/revisions\/8925"}],"up":[{"embeddable":true,"href":"https:\/\/top-seiko.com\/fr\/wp-json\/wp\/v2\/pages\/8688"}],"wp:attachment":[{"href":"https:\/\/top-seiko.com\/fr\/wp-json\/wp\/v2\/media?parent=8709"}],"curies":[{"name":"wp","href":"https:\/\/api.w.org\/{rel}","templated":true}]}}