{"id":9032,"date":"2016-09-08T14:29:04","date_gmt":"2016-09-08T05:29:04","guid":{"rendered":"https:\/\/top-seiko.com\/materials-properties\/"},"modified":"2023-04-10T19:36:11","modified_gmt":"2023-04-10T10:36:11","slug":"guide","status":"publish","type":"page","link":"https:\/\/top-seiko.com\/fr\/guide\/","title":{"rendered":"Materials &amp; Properties"},"content":{"rendered":"<br \/>\n<article class=\"m-flow\">\n<section class=\"flow\">\n<div class=\"container\">\n<h2 class=\"ttl01\"><span class=\"ja\">Guide des mat\u00e9riaux d&#8217;usinage<\/span><\/h2>\n<div class=\"contents_top box-shadow\">\n<p>\n D\u00e9couvrez les mat\u00e9riaux des machines Top Seiko et les propri\u00e9t\u00e9s des mat\u00e9riaux gr\u00e2ce au guide des mat\u00e9riaux simplifi\u00e9 sp\u00e9cialement con\u00e7u pour aider nos clients \u00e0 choisir les mat\u00e9riaux.<br \/>\nCliquez sur les liens ci-dessous !\n\t\t\t\t\t\t\t\t<\/p>\n<p>\t\t\t\t\t\t\t<!-- \/.contents_top --><\/div>\n<p>\t\t\t\t\t\t<!-- container --><\/div>\n<\/section>\n<\/article>\n","protected":false},"excerpt":{"rendered":"<p>Guide des mat\u00e9riaux d&#8217;usinage D\u00e9couvrez les mat\u00e9riaux des machines Top Seiko et les propri\u00e9t\u00e9s des mat\u00e9riaux gr\u00e2ce au guide des mat\u00e9riaux simplifi\u00e9 sp\u00e9cialement con\u00e7u pour aider nos clients \u00e0 choisir les mat\u00e9riaux. Cliquez sur les liens ci-dessous !<\/p>\n","protected":false},"author":1,"featured_media":0,"parent":0,"menu_order":0,"comment_status":"closed","ping_status":"closed","template":"page-guide.php","meta":{"om_disable_all_campaigns":false,"_monsterinsights_skip_tracking":false,"_monsterinsights_sitenote_active":false,"_monsterinsights_sitenote_note":"","_monsterinsights_sitenote_category":0,"footnotes":""},"aioseo_notices":[],"_links":{"self":[{"href":"https:\/\/top-seiko.com\/fr\/wp-json\/wp\/v2\/pages\/9032"}],"collection":[{"href":"https:\/\/top-seiko.com\/fr\/wp-json\/wp\/v2\/pages"}],"about":[{"href":"https:\/\/top-seiko.com\/fr\/wp-json\/wp\/v2\/types\/page"}],"author":[{"embeddable":true,"href":"https:\/\/top-seiko.com\/fr\/wp-json\/wp\/v2\/users\/1"}],"replies":[{"embeddable":true,"href":"https:\/\/top-seiko.com\/fr\/wp-json\/wp\/v2\/comments?post=9032"}],"version-history":[{"count":2,"href":"https:\/\/top-seiko.com\/fr\/wp-json\/wp\/v2\/pages\/9032\/revisions"}],"predecessor-version":[{"id":9034,"href":"https:\/\/top-seiko.com\/fr\/wp-json\/wp\/v2\/pages\/9032\/revisions\/9034"}],"wp:attachment":[{"href":"https:\/\/top-seiko.com\/fr\/wp-json\/wp\/v2\/media?parent=9032"}],"curies":[{"name":"wp","href":"https:\/\/api.w.org\/{rel}","templated":true}]}}