{"id":9075,"date":"2016-09-08T21:19:31","date_gmt":"2016-09-08T12:19:31","guid":{"rendered":"https:\/\/top-seiko.com\/guide\/materiaux-isolants\/"},"modified":"2023-04-13T19:34:03","modified_gmt":"2023-04-13T10:34:03","slug":"insulation","status":"publish","type":"page","link":"https:\/\/top-seiko.com\/fr\/guide\/insulation\/","title":{"rendered":"Mat\u00e9riaux isolants"},"content":{"rendered":"<article class=\"m-insulation\">\n<div class=\"container\">\n<section class=\"insulation\">\n<h2 class=\"ttl02\"><span class=\"ja\">Mat\u00e9riaux isolants<\/span><\/h2>\n<div class=\"detail_area_in box-shadow\">\n<div class=\"table-responsive\">\n<table class=\"table_style2\" id=\"guidehyou\" cellspacing=\"0\" cellpadding=\"0\">\n<tbody>\n<tr class=\"yellow\">\n<th colspan=\"3\"><\/th>\n<th class=\"center\">Rigidit\u00e9 di\u00e9lectrique (kV\/mm)<\/th>\n<th class=\"center\">R\u00e9sistivit\u00e9 \u00e9lectrique (\u03a9\uff65cm)<\/th>\n<\/tr>\n<tr class=\"left\">\n<td rowspan=\"32\" valign=\"top\">C\u00e9ramiques<\/td>\n<td rowspan=\"11\" valign=\"top\">C\u00e9ramiques avanc\u00e9es\n <\/td>\n<td>Alumina<\/td>\n<td class=\"center\">&gt;10<\/td>\n<td class=\"center\">&gt;10<sup>14<\/sup><\/td>\n<\/tr>\n<tr>\n<td>Zircone<\/td>\n<td class=\"center\">&gt;10<\/td>\n<td class=\"center\">&gt;10<sup>12<\/sup><\/td>\n<\/tr>\n<tr>\n<td>Nitrure de silicium<\/td>\n<td class=\"center\">&gt;14<\/td>\n<td class=\"center\">&gt;10<sup>14<\/sup><\/td>\n<\/tr>\n<tr>\n<td>Nitrure d&#8217;aluminium<\/td>\n<td class=\"center\">&gt;15<\/td>\n<td class=\"center\">&gt;10<sup>14<\/sup><\/td>\n<\/tr>\n<tr>\n<td>Carbure de silicium<\/td>\n<td class=\"center\">&#8211;<\/td>\n<td class=\"center\">&gt;10<sup>6<\/sup><\/td>\n<\/tr>\n<tr>\n<td>Cordi\u00e9rite<\/td>\n<td class=\"center\">7<\/td>\n<td class=\"center\">10<sup>13<\/sup><\/td>\n<\/tr>\n<tr>\n<td>Mullite<\/td>\n<td class=\"center\">&gt;10<\/td>\n<td class=\"center\">10<sup>14<\/sup><\/td>\n<\/tr>\n<tr>\n<td>St\u00e9atite<\/td>\n<td class=\"center\">18<\/td>\n<td class=\"center\">10<sup>14<\/sup><\/td>\n<\/tr>\n<tr>\n<td>Oxyde de calcium<\/td>\n<td class=\"center\">&#8211;<\/td>\n<td class=\"center\">&#8211;<\/td>\n<\/tr>\n<tr>\n<td>Oxyde de magn\u00e9sium<\/td>\n<td class=\"center\">&#8211;<\/td>\n<td class=\"center\">&gt;10<sup>14<\/sup><\/td>\n<\/tr>\n<tr>\n<td>Sialon<\/td>\n<td class=\"center\">&gt;15<\/td>\n<td class=\"center\">&gt;10<sup>15<\/sup><\/td>\n<\/tr>\n<tr>\n<td rowspan=\"9\" valign=\"top\">C\u00e9ramiques usinables<\/td>\n<td>Macerite HSP<\/td>\n<td class=\"center\">&gt;10<\/td>\n<td class=\"center\">5\u00d710<sup>15<\/sup><\/td>\n<\/tr>\n<tr>\n<td>Photoveel II<\/td>\n<td class=\"center\">35<\/td>\n<td class=\"center\">2.2\u00d710<sup>15<\/sup><\/td>\n<\/tr>\n<tr>\n<td>Photoveel II-S<\/td>\n<td class=\"center\">30<\/td>\n<td class=\"center\">10<sup>14<\/sup><\/td>\n<\/tr>\n<tr>\n<td>M-soft<\/td>\n<td class=\"center\">40<\/td>\n<td class=\"center\">10<sup>12<\/sup><\/td>\n<\/tr>\n<tr>\n<td>BN HC<\/td>\n<td class=\"center\">25<\/td>\n<td class=\"center\">10<sup>15<\/sup><\/td>\n<\/tr>\n<tr>\n<td>BN N-1<\/td>\n<td class=\"center\">25<\/td>\n<td class=\"center\">10<sup>15<\/sup><\/td>\n<\/tr>\n<tr>\n<td>BN NB-1000<\/td>\n<td class=\"center\">22<\/td>\n<td class=\"center\">10<sup>15<\/sup><\/td>\n<\/tr>\n<tr>\n<td>BA<\/td>\n<td class=\"center\">21<\/td>\n<td class=\"center\">10<sup>14<\/sup><\/td>\n<\/tr>\n<tr>\n<td>SBN<\/td>\n<td class=\"center\">27<\/td>\n<td class=\"center\">10<sup>14<\/sup><\/td>\n<\/tr>\n<tr class=\"left\">\n<td rowspan=\"7\">Verre<\/td>\n<td>Verre universel<\/td>\n<td class=\"center\">&#8211;<\/td>\n<td class=\"center\">&#8211;<\/td>\n<\/tr>\n<tr>\n<td>Verre tremp\u00e9<\/td>\n<td class=\"center\">&#8211;<\/td>\n<td class=\"center\">&#8211;<\/td>\n<\/tr>\n<tr>\n<td>Tempax, Pyrex<\/td>\n<td class=\"center\">&#8211;<\/td>\n<td class=\"center\">10<sup>15<\/sup><\/td>\n<\/tr>\n<tr>\n<td>Neoceram<\/td>\n<td class=\"center\">&#8211;<\/td>\n<td class=\"center\">&gt;10<sup>13<\/sup><\/td>\n<\/tr>\n<tr>\n<td>Quartz fondu<\/td>\n<td class=\"center\">&gt;10<\/td>\n<td class=\"center\">&gt;10<sup>14<\/sup><\/td>\n<\/tr>\n<tr>\n<td>Baycol<\/td>\n<td class=\"center\">&#8211;<\/td>\n<td class=\"center\">10<sup>17<\/sup><\/td>\n<\/tr>\n<tr>\n<td>Saphir<\/td>\n<td class=\"center\">&gt;10<\/td>\n<td class=\"center\">&gt;10<sup>14<\/sup><\/td>\n<\/tr>\n<tr>\n<td rowspan=\"3\">Brique<\/td>\n<td>Brique ordinaire<\/td>\n<td class=\"center\">&#8211;<\/td>\n<td class=\"center\">&#8211;<\/td>\n<\/tr>\n<tr>\n<td>Mat\u00e9riau de four \u00e0 usage g\u00e9n\u00e9ral (utilisation au plafond)<\/td>\n<td class=\"center\">&#8211;<\/td>\n<td class=\"center\">&#8211;<\/td>\n<\/tr>\n<tr>\n<td>Mat\u00e9riau de four d&#8217;usage g\u00e9n\u00e9ral (brique d&#8217;isolation)<\/td>\n<td class=\"center\">&#8211;<\/td>\n<td class=\"center\">&#8211;<\/td>\n<\/tr>\n<tr>\n<td rowspan=\"2\">Ciment<\/td>\n<td>Ciment universel<\/td>\n<td class=\"center\">&#8211;<\/td>\n<td class=\"center\">&#8211;<\/td>\n<\/tr>\n<tr>\n<td>Ciment ignifuge<\/td>\n<td class=\"center\">&#8211;<\/td>\n<td class=\"center\">&#8211;<\/td>\n<\/tr>\n<\/tbody>\n<\/table><\/div>\n<div class=\"table-responsive\">\n<table class=\"table_style2\" id=\"guidehyou\" cellspacing=\"0\" cellpadding=\"0\">\n<tbody>\n<tr class=\"yellow\">\n<th colspan=\"3\"><\/th>\n<th class=\"center\">Rigidit\u00e9 di\u00e9lectrique (kV\/mm)<\/th>\n<th class=\"center\">R\u00e9sistivit\u00e9 \u00e9lectrique (\u03a9\uff65cm)<\/th>\n<\/tr>\n<tr>\n<td rowspan=\"12\" valign=\"top\">M\u00e9taux<\/td>\n<td rowspan=\"4\" valign=\"top\">M\u00e9taux \u00e0 point de fusion \u00e9lev\u00e9<\/td>\n<td>Tungst\u00e8ne<\/td>\n<td class=\"center\">&#8211;<\/td>\n<td class=\"center\">5.5\u00d710<sup>-6<\/sup><\/td>\n<\/tr>\n<tr>\n<td>Molybd\u00e8ne<\/td>\n<td class=\"center\">&#8211;<\/td>\n<td class=\"center\">5.7\u00d710<sup>-6<\/sup><\/td>\n<\/tr>\n<tr>\n<td>Tantale<\/td>\n<td class=\"center\">&#8211;<\/td>\n<td class=\"center\">12.4\u00d710<sup>-6<\/sup><\/td>\n<\/tr>\n<tr>\n<td>Niobium<\/td>\n<td class=\"center\">&#8211;<\/td>\n<td class=\"center\">&#8211;<\/td>\n<\/tr>\n<tr>\n<td rowspan=\"3\" valign=\"top\">Acier r\u00e9sistant \u00e0 la chaleur<\/td>\n<td>SUS310S<\/td>\n<td class=\"center\">&#8211;<\/td>\n<td class=\"center\">90\u00d710<sup>-6<\/sup><\/td>\n<\/tr>\n<tr>\n<td>SUH445<\/td>\n<td class=\"center\">&#8211;<\/td>\n<td class=\"center\">60\u00d710<sup>-6<\/sup><\/td>\n<\/tr>\n<tr>\n<td>Inconel 600<\/td>\n<td class=\"center\">&#8211;<\/td>\n<td class=\"center\">103\u00d710<sup>-6<\/sup><\/td>\n<\/tr>\n<tr>\n<td rowspan=\"5\" valign=\"top\">M\u00e9taux communs<\/td>\n<td>SUS316<\/td>\n<td class=\"center\">&#8211;<\/td>\n<td class=\"center\">74\u00d710<sup>-6<\/sup><\/td>\n<\/tr>\n<tr>\n<td>SUS304<\/td>\n<td class=\"center\">&#8211;<\/td>\n<td class=\"center\">71\u00d710<sup>-6<\/sup><\/td>\n<\/tr>\n<tr>\n<td>Fer<\/td>\n<td class=\"center\">&#8211;<\/td>\n<td class=\"center\">19.5\u00d710<sup>-6<\/sup><\/td>\n<\/tr>\n<tr>\n<td>Aluminium<\/td>\n<td class=\"center\">&#8211;<\/td>\n<td class=\"center\">2.7\u00d710<sup>-6<\/sup><\/td>\n<\/tr>\n<tr>\n<td>Cuivre<\/td>\n<td class=\"center\">&#8211;<\/td>\n<td class=\"center\">1.7\u00d710<sup>-6<\/sup><\/td>\n<\/tr>\n<\/tbody>\n<\/table><\/div>\n<div class=\"table-responsive\">\n<table class=\"table_style2\" id=\"guidehyou\" cellspacing=\"0\" cellpadding=\"0\">\n<tbody>\n<tr class=\"yellow\">\n<th colspan=\"3\"><\/th>\n<th class=\"center\">Rigidit\u00e9 di\u00e9lectrique (kV\/mm)<\/th>\n<th class=\"center\">R\u00e9sistivit\u00e9 \u00e9lectrique (\u03a9\uff65cm)<\/th>\n<\/tr>\n<tr>\n<td rowspan=\"16\" valign=\"top\">Plastiques<\/td>\n<td rowspan=\"10\" valign=\"top\">Plastiques techniques<\/td>\n<td>Polyimide (PI)<\/td>\n<td class=\"center\">23<\/td>\n<td class=\"center\">&gt;10<sup>14<\/sup><\/td>\n<\/tr>\n<tr>\n<td>Polybenzimidazole (PBI)<\/td>\n<td class=\"center\">23<\/td>\n<td class=\"center\">2\u00d710<sup>15<\/sup><\/td>\n<\/tr>\n<tr>\n<td>Polyamide-imide (PAI)<\/td>\n<td class=\"center\">23<\/td>\n<td class=\"center\">2\u00d710<sup>15<\/sup><\/td>\n<\/tr>\n<tr>\n<td>Poly\u00e9therimide (PEI)<\/td>\n<td class=\"center\">24<\/td>\n<td class=\"center\">10<sup>17<\/sup><\/td>\n<\/tr>\n<tr>\n<td>Polyoxym\u00e9thyl\u00e8ne (POM)<\/td>\n<td class=\"center\">20<\/td>\n<td class=\"center\">1\u00d710<sup>14<\/sup><\/td>\n<\/tr>\n<tr>\n<td>Sulfure de polyph\u00e9nyl\u00e8ne (PPS)<\/td>\n<td class=\"center\">15<\/td>\n<td class=\"center\">1.6\u00d710<sup>16<\/sup><\/td>\n<\/tr>\n<tr>\n<td>Poly\u00e9ther Ether C\u00e9tone (PEEK)<\/td>\n<td class=\"center\">19<\/td>\n<td class=\"center\">10<sup>16<\/sup><\/td>\n<\/tr>\n<tr>\n<td>Polyt\u00e9trafluoro\u00e9thyl\u00e8ne (PTFE)<\/td>\n<td class=\"center\">19<\/td>\n<td class=\"center\">&lt;10<sup>18<\/sup><\/td>\n<\/tr>\n<tr>\n<td>PolyMide 6 (PA6)<\/td>\n<td class=\"center\">31<\/td>\n<td class=\"center\">10<sup>14<\/sup><\/td>\n<\/tr>\n<tr>\n<td>Poly\u00e9thyl\u00e8ne de masse molaire tr\u00e8s \u00e9lev\u00e9e (UHMPE)<\/td>\n<td class=\"center\">&#8211;<\/td>\n<td class=\"center\">&gt;10<sup>13<\/sup><\/td>\n<\/tr>\n<tr>\n<td rowspan=\"6\" valign=\"top\">Plastiques courants<\/td>\n<td>Poly\u00e9thyl\u00e8ne (PE)<\/td>\n<td class=\"center\">40 ~ 50<\/td>\n<td class=\"center\">6\u00d710<sup>18<\/sup><\/td>\n<\/tr>\n<tr>\n<td>Polypropyl\u00e8ne (PP)<\/td>\n<td class=\"center\">31<\/td>\n<td class=\"center\">&gt;10<sup>16<\/sup><\/td>\n<\/tr>\n<tr>\n<td>R\u00e9sine de chlorure de vinyle (VC)<\/td>\n<td class=\"center\">37.5<\/td>\n<td class=\"center\">&gt;10<sup>16<\/sup><\/td>\n<\/tr>\n<tr>\n<td>Polystyr\u00e8ne (PS)<\/td>\n<td class=\"center\">20 ~ 28<\/td>\n<td class=\"center\">&#8211;<\/td>\n<\/tr>\n<tr>\n<td>Polyt\u00e9r\u00e9phtalate d&#8217;\u00e9thyl\u00e8ne (PET)<\/td>\n<td class=\"center\">22<\/td>\n<td class=\"center\">&gt;10<sup>16<\/sup><\/td>\n<\/tr>\n<tr>\n<td>Acrylonitrile butadi\u00e8ne styr\u00e8ne (ABS)<\/td>\n<td class=\"center\">14 ~ 20<\/td>\n<td class=\"center\">1 ~ 4.8\u00d710<sup>14<\/sup><\/td>\n<\/tr>\n<\/tbody>\n<\/table><\/div>\n<p>\u203bLes donn\u00e9es pr\u00e9sent\u00e9es pour les mat\u00e9riaux manipul\u00e9s ne sont donn\u00e9es qu&#8217;\u00e0 titre indicatif.<\/p>\n<p>      <!-- \/.detail_area_in box-shadow --><\/div>\n<\/section>\n<p>  <!-- container --><\/div>\n<\/article>\n","protected":false},"excerpt":{"rendered":"<p>Mat\u00e9riaux isolants Rigidit\u00e9 di\u00e9lectrique (kV\/mm) R\u00e9sistivit\u00e9 \u00e9lectrique (\u03a9\uff65cm) C\u00e9ramiques C\u00e9ramiques avanc\u00e9es Alumina &gt;10 &gt;1014 Zircone &gt;10 &gt;1012 Nitrure de silicium &gt;14 &gt;1014 Nitrure d&#8217;aluminium &gt;15 &gt;1014 Carbure de silicium &#8211; &gt;106 Cordi\u00e9rite 7 1013 Mullite &gt;10 1014 St\u00e9atite 18 1014 Oxyde de calcium &#8211; &#8211; Oxyde de magn\u00e9sium &#8211; &gt;1014 Sialon &gt;15 &gt;1015 C\u00e9ramiques usinables Macerite HSP &gt;10 5\u00d71015 Photoveel II 35 2.2\u00d71015 Photoveel II-S 30 1014 M-soft 40 1012 BN HC 25 1015 BN N-1 25 1015 BN NB-1000 22 1015 BA 21 1014 SBN 27 1014 Verre Verre universel &#8211; &#8211; Verre tremp\u00e9 &#8211; &#8211; Tempax, Pyrex &#8211; 1015 Neoceram &#8211; &gt;1013 Quartz fondu &gt;10 &gt;1014 Baycol &#8211; [&hellip;]<\/p>\n","protected":false},"author":1,"featured_media":0,"parent":9032,"menu_order":0,"comment_status":"closed","ping_status":"closed","template":"","meta":{"om_disable_all_campaigns":false,"_monsterinsights_skip_tracking":false,"_monsterinsights_sitenote_active":false,"_monsterinsights_sitenote_note":"","_monsterinsights_sitenote_category":0,"footnotes":""},"aioseo_notices":[],"_links":{"self":[{"href":"https:\/\/top-seiko.com\/fr\/wp-json\/wp\/v2\/pages\/9075"}],"collection":[{"href":"https:\/\/top-seiko.com\/fr\/wp-json\/wp\/v2\/pages"}],"about":[{"href":"https:\/\/top-seiko.com\/fr\/wp-json\/wp\/v2\/types\/page"}],"author":[{"embeddable":true,"href":"https:\/\/top-seiko.com\/fr\/wp-json\/wp\/v2\/users\/1"}],"replies":[{"embeddable":true,"href":"https:\/\/top-seiko.com\/fr\/wp-json\/wp\/v2\/comments?post=9075"}],"version-history":[{"count":1,"href":"https:\/\/top-seiko.com\/fr\/wp-json\/wp\/v2\/pages\/9075\/revisions"}],"predecessor-version":[{"id":9076,"href":"https:\/\/top-seiko.com\/fr\/wp-json\/wp\/v2\/pages\/9075\/revisions\/9076"}],"up":[{"embeddable":true,"href":"https:\/\/top-seiko.com\/fr\/wp-json\/wp\/v2\/pages\/9032"}],"wp:attachment":[{"href":"https:\/\/top-seiko.com\/fr\/wp-json\/wp\/v2\/media?parent=9075"}],"curies":[{"name":"wp","href":"https:\/\/api.w.org\/{rel}","templated":true}]}}