{"id":9094,"date":"2016-09-08T21:10:09","date_gmt":"2016-09-08T12:10:09","guid":{"rendered":"https:\/\/top-seiko.com\/guide\/proprietes-des-materiaux-et-tableaux-comparatifs\/"},"modified":"2023-04-15T00:51:00","modified_gmt":"2023-04-14T15:51:00","slug":"graph","status":"publish","type":"page","link":"https:\/\/top-seiko.com\/fr\/guide\/graph\/","title":{"rendered":"Propri\u00e9t\u00e9s des mat\u00e9riaux et tableaux comparatifs"},"content":{"rendered":"<br \/>\n<article class=\"m-graph\">\n<div class=\"container\">\n<section class=\"graph\">\n<h2 class=\"ttl02\"><span class=\"ja\">Propri\u00e9t\u00e9s des mat\u00e9riaux et tableaux comparatifs<\/span><\/h2>\n<div class=\"detail_area_in box-shadow\">\n<div class=\"graph_menu row\">\n<ul class=\"row\">\n<li class=\"col-sm-6 col-md-6 col-lg-6 btn_grad_blue\">\n                      <a href=\"..\/..\/common\/pdf\/toku01.pdf\" target=\"_blank\" rel=\"noopener\">Tableau des propri\u00e9t\u00e9s des mat\u00e9riaux m\u00e9talliques1<\/a>\n                    <\/li>\n<li class=\"col-sm-6 col-md-6 col-lg-6 btn_grad_blue\">\n                      <a href=\"..\/..\/common\/pdf\/toku02.pdf\" target=\"_blank\" rel=\"noopener\">Tableau des propri\u00e9t\u00e9s des mat\u00e9riaux m\u00e9talliques2<\/a>\n                    <\/li>\n<li class=\"col-sm-6 col-md-6 col-lg-6 btn_grad_blue\">\n                      <a href=\"..\/..\/common\/pdf\/toku03.pdf\" target=\"_blank\" rel=\"noopener\">Tableau des propri\u00e9t\u00e9s des mat\u00e9riaux c\u00e9ramiques1<\/a>\n                    <\/li>\n<li class=\"col-sm-6 col-md-6 col-lg-6 btn_grad_blue\">\n                      <a href=\"..\/..\/common\/pdf\/toku04.pdf\" target=\"_blank\" rel=\"noopener\">Tableau des propri\u00e9t\u00e9s des mat\u00e9riaux c\u00e9ramiques2<\/a>\n                    <\/li>\n<li class=\"col-sm-6 col-md-6 col-lg-6 btn_grad_blue\">\n                      <a href=\"..\/..\/common\/pdf\/toku05.pdf\" target=\"_blank\" rel=\"noopener\">Tableau des propri\u00e9t\u00e9s des mat\u00e9riaux c\u00e9ramiques3<\/a>\n                    <\/li>\n<li class=\"col-sm-6 col-md-6 col-lg-6 btn_grad_blue\">\n                      <a href=\"..\/..\/common\/pdf\/toku06.pdf\" target=\"_blank\" rel=\"noopener\">Tableau des propri\u00e9t\u00e9s des mat\u00e9riaux c\u00e9ramiques4<\/a>\n                    <\/li>\n<\/ul><\/div>\n<div class=\"specific_gravity mb50\">\n<h3 class=\"ttl03 ttl_grad_blue\">Gravit\u00e9 sp\u00e9cifique<\/h3>\n<p>Ce tableau indique la gravit\u00e9 sp\u00e9cifique des mat\u00e9riaux, c&#8217;est-\u00e0-dire la densit\u00e9 d&#8217;un mat\u00e9riau par rapport \u00e0 la densit\u00e9 de l&#8217;eau. <br \/>\n Par rapport aux m\u00e9taux, les c\u00e9ramiques ont g\u00e9n\u00e9ralement une densit\u00e9 inf\u00e9rieure de moiti\u00e9 \u00e0 celle des m\u00e9taux. En outre, le tungst\u00e8ne est plus lourd que le plomb et \u00e0 peu pr\u00e8s du m\u00eame poids que l&#8217;or, ce qui en fait un mat\u00e9riau exceptionnellement dense. C&#8217;est pourquoi le tungst\u00e8ne est souvent utilis\u00e9 comme blindage contre les radiations.\n                  <\/p>\n<div class=\"graph_img\">\n<h5>Graphique comparatif de la gravit\u00e9 sp\u00e9cifique<\/h5>\n<p>                    <img decoding=\"async\" src=\"\/img\/guide\/toku\/graf1.gif\" alt=\"\">\n                  <\/div>\n<\/p><\/div>\n<div class=\"specific_gravity mb50\">\n<h3 class=\"ttl03 ttl_grad_blue\">Duret\u00e9<\/h3>\n<p>Ce graphique affiche la duret\u00e9 de divers mat\u00e9riaux mesur\u00e9e par la duret\u00e9 Vickers. <br \/>\n Les c\u00e9ramiques ont tendance \u00e0 \u00eatre beaucoup plus dures que les m\u00e9taux couramment utilis\u00e9s. Cela signifie qu&#8217;elles ont une plus grande r\u00e9sistance \u00e0 l&#8217;usure et sont largement utilis\u00e9es comme mat\u00e9riaux r\u00e9sistant \u00e0 l&#8217;abrasion.\n                  <\/p>\n<div class=\"graph_img\">\n<h5>Graphique comparatif de la duret\u00e9<\/h5>\n<p>                    <img decoding=\"async\" src=\"\/img\/guide\/toku\/graf2.gif\" alt=\"\">\n                  <\/div>\n<\/p><\/div>\n<div class=\"specific_gravity mb50\">\n<h3 class=\"ttl03 ttl_grad_blue\">Module de Young<\/h3>\n<p>Plus le module de Young d&#8217;un mat\u00e9riau est \u00e9lev\u00e9, plus il est rigide et mieux il peut r\u00e9sister aux tensions. <br \/>\n Par rapport \u00e0 d&#8217;autres mat\u00e9riaux, les c\u00e9ramiques, le tungst\u00e8ne et le molybd\u00e8ne ont un module d&#8217;Young tr\u00e8s \u00e9lev\u00e9.\n                  <\/p>\n<div class=\"graph_img\">\n<h5>Graphique comparatif du module d&#8217;Young<\/h5>\n<p>                    <img decoding=\"async\" src=\"\/img\/guide\/toku\/graf3.gif\" alt=\"\">\n                  <\/div>\n<\/p><\/div>\n<div class=\"specific_gravity mb50\">\n<h3 class=\"ttl03 ttl_grad_blue\">T\u00e9nacit\u00e9 \u00e0 la rupture<\/h3>\n<p>La t\u00e9nacit\u00e9 \u00e0 la rupture peut \u00eatre d\u00e9finie comme la r\u00e9sistance \u00e0 la croissance des fissures. <br \/>\n En g\u00e9n\u00e9ral, les c\u00e9ramiques sont extr\u00eamement fragiles. Cependant, parmi elles, la zircone pr\u00e9sente une grande r\u00e9sistance \u00e0 la rupture et est souvent utilis\u00e9e dans les couteaux de cuisine, les ciseaux et les boules de d\u00e9molition.\n                  <\/p>\n<div class=\"graph_img\">\n<h5>Graphique comparatif de la r\u00e9sistance \u00e0 la rupture<\/h5>\n<p>                    <img decoding=\"async\" src=\"\/img\/guide\/toku\/graf4.gif\" alt=\"\">\n                  <\/div>\n<\/p><\/div>\n<div class=\"specific_gravity mb50\">\n<h3 class=\"ttl03 ttl_grad_blue\">Temp\u00e9rature d&#8217;utilisation maximale <\/h3>\n<p>La temp\u00e9rature maximale d&#8217;utilisation d\u00e9termine la plage de temp\u00e9rature dans laquelle il est possible d&#8217;utiliser un mat\u00e9riau. Elle varie en fonction de l&#8217;atmosph\u00e8re. Les mat\u00e9riaux \u00e0 point de fusion \u00e9lev\u00e9, tels que le tungst\u00e8ne, le molybd\u00e8ne et les c\u00e9ramiques, ont diverses applications qui n\u00e9cessitent une r\u00e9sistance \u00e9lev\u00e9e \u00e0 la chaleur. Par exemple, les mat\u00e9riaux de four, les creusets et le blindage thermique.\n                  <\/p>\n<div class=\"graph_img\">\n<h5>Graphique comparatif de la temp\u00e9rature maximale d&#8217;utilisation<\/h5>\n<p>                    <img decoding=\"async\" src=\"\/img\/guide\/toku\/graf5.gif\" alt=\"\">\n                  <\/div>\n<\/p><\/div>\n<div class=\"specific_gravity mb50\">\n<h3 class=\"ttl03 ttl_grad_blue\">R\u00e9sistance aux chocs thermiques<\/h3>\n<p>Plage de temp\u00e9ratures dans laquelle un mat\u00e9riau peut supporter des changements rapides de temp\u00e9rature. Plus la r\u00e9sistance aux chocs thermiques est \u00e9lev\u00e9e, plus le risque que le mat\u00e9riau se brise en raison de changements rapides de temp\u00e9rature est faible. Le verre et les c\u00e9ramiques se brisent facilement en cas de changement brusque de temp\u00e9rature. Cependant, le nitrure de bore, le quartz et le nitrure de silicium ont une tr\u00e8s grande r\u00e9sistance aux chocs thermiques. Ces mat\u00e9riaux sont fr\u00e9quemment utilis\u00e9s dans les pi\u00e8ces qui doivent supporter des fluctuations extr\u00eames de temp\u00e9rature.\n                  <\/p>\n<div class=\"graph_img\">\n<h5>Graphique comparatif de la r\u00e9sistance aux chocs thermiques<\/h5>\n<p>                    <img decoding=\"async\" src=\"\/img\/guide\/toku\/graf6.gif\" alt=\"\">\n                  <\/div>\n<\/p><\/div>\n<div class=\"specific_gravity mb50\">\n<h3 class=\"ttl03 ttl_grad_blue\">Conductivit\u00e9 thermique<\/h3>\n<p>Ce graphique indique dans quelle mesure la chaleur est transf\u00e9r\u00e9e \u00e0 travers diff\u00e9rents mat\u00e9riaux. <br \/>\n Certaines c\u00e9ramiques comme le nitrure d&#8217;aluminium et le carbure de silicium ont une conductivit\u00e9 thermique \u00e9lev\u00e9e, tandis que d&#8217;autres, comme la zircone, ont une conductivit\u00e9 tr\u00e8s faible. Le tungst\u00e8ne et le molybd\u00e8ne conduisent comparativement bien la chaleur.\n                  <\/p>\n<div class=\"graph_img\">\n<h5>Graphique de comparaison de la conductivit\u00e9 thermique<\/h5>\n<p>                    <img decoding=\"async\" src=\"\/img\/guide\/toku\/graf7.gif\" alt=\"\">\n                  <\/div>\n<\/p><\/div>\n<div class=\"specific_gravity mb50\">\n<h3 class=\"ttl03 ttl_grad_blue\">Coefficient de dilatation thermique<\/h3>\n<p>Taux de dilatation du mat\u00e9riau en r\u00e9ponse \u00e0 un changement de temp\u00e9rature. <br \/>\n Les c\u00e9ramiques, le tungst\u00e8ne et le molybd\u00e8ne ayant un faible coefficient de dilatation thermique, il n&#8217;y a qu&#8217;un changement mineur de la forme en r\u00e9ponse \u00e0 une variation de temp\u00e9rature.\n                  <\/p>\n<div class=\"graph_img\">\n<h5>Graphique comparatif du coefficient de dilatation thermique<\/h5>\n<p>                    <img decoding=\"async\" src=\"\/img\/guide\/toku\/graf8.gif\" alt=\"\">\n                  <\/div>\n<\/p><\/div>\n<div class=\"specific_gravity mb50\">\n<h3 class=\"ttl03 ttl_grad_blue\">R\u00e9sistivit\u00e9 \u00e9lectrique<\/h3>\n<p>La r\u00e9sistivit\u00e9 \u00e9lectrique, \u00e9galement appel\u00e9e r\u00e9sistivit\u00e9 volumique, est la propri\u00e9t\u00e9 qui explique la difficult\u00e9 pour l&#8217;\u00e9lectricit\u00e9 de traverser un mat\u00e9riau. En g\u00e9n\u00e9ral, les c\u00e9ramiques ont une r\u00e9sistivit\u00e9 \u00e9lectrique \u00e9lev\u00e9e. Elles sont donc couramment utilis\u00e9es comme mat\u00e9riaux d&#8217;isolation. Certaines c\u00e9ramiques ont des propri\u00e9t\u00e9s \u00e9lectroconductrices, comme le SiC.\n                  <\/p>\n<div class=\"graph_img\">\n<h5>Graphique de la r\u00e9sistivit\u00e9 \u00e9lectrique<\/h5>\n<p>                    <img decoding=\"async\" src=\"\/img\/guide\/toku\/graf9.gif\" alt=\"\">\n                  <\/div>\n<\/p><\/div>\n<div class=\"specific_gravity mb50\">\n<h3 class=\"ttl03 ttl_grad_blue\">Permittivit\u00e9 relative<\/h3>\n<p>La permittivit\u00e9 d\u00e9crit le degr\u00e9 de polarisation di\u00e9lectrique d&#8217;un mat\u00e9riau, si on lui applique un champ \u00e9lectrique. La permittivit\u00e9 relative (\u00e9galement appel\u00e9e constante di\u00e9lectrique), est la permittivit\u00e9 d&#8217;un mat\u00e9riau par rapport \u00e0 la permittivit\u00e9 du vide. Plus la permittivit\u00e9 relative est faible, plus la polarisation di\u00e9lectrique est faible dans un mat\u00e9riau. Par cons\u00e9quent, le mat\u00e9riau est tr\u00e8s peu affect\u00e9 par les champs \u00e9lectriques environnants. C&#8217;est pourquoi il est souvent utilis\u00e9 dans les \u00e9quipements de traitement des semi-conducteurs.    <\/p>\n<p>                <!-- \/.specific_gravity --><\/div>\n<div class=\"specific_gravity mb50\">\n<h3 class=\"ttl03 ttl_grad_blue\">R\u00e9sistance \u00e0 la corrosion<\/h3>\n<p>La r\u00e9sistance \u00e0 la corrosion d\u00e9crit la capacit\u00e9 d&#8217;un mat\u00e9riau \u00e0 r\u00e9sister aux effets chimiques ou biologiques sans d\u00e9gradation de ses propri\u00e9t\u00e9s ou de sa structure. Comme les c\u00e9ramiques ont une r\u00e9sistance \u00e9lev\u00e9e \u00e0 la corrosion, elles peuvent \u00eatre utilis\u00e9es dans les proth\u00e8ses et diverses autres pi\u00e8ces r\u00e9sistant \u00e0 la corrosion. Le tungst\u00e8ne r\u00e9siste aux acides et aux alcalis de la m\u00eame mani\u00e8re que les c\u00e9ramiques.  <\/p>\n<p>                <!-- \/.specific_gravity --><\/div>\n<div class=\"specific_gravity mb50\">\n<h3 class=\"ttl03 ttl_grad_blue\">Conductivit\u00e9 \u00e9lectrique<\/h3>\n<p>En g\u00e9n\u00e9ral, les c\u00e9ramiques techniques sont des mat\u00e9riaux d&#8217;isolation qui ne conduisent pas l&#8217;\u00e9lectricit\u00e9. Selon la tension ou la temp\u00e9rature, certaines d&#8217;entre elles peuvent devenir des semi-conducteurs. <\/p>\n<p>                <!-- \/.specific_gravity --><\/div>\n<div class=\"specific_gravity mb50\">\n<h3 class=\"ttl03 ttl_grad_blue\">Pi\u00e9zo\u00e9lectricit\u00e9<\/h3>\n<p>Apr\u00e8s avoir appliqu\u00e9 une contrainte m\u00e9canique aux mat\u00e9riaux, certains d&#8217;entre eux g\u00e9n\u00e8rent une charge \u00e9lectrique. Inversement, l&#8217;effet pi\u00e9zo\u00e9lectrique inverse se produit, lorsqu&#8217;un champ \u00e9lectrique est appliqu\u00e9 et qu&#8217;une d\u00e9formation est g\u00e9n\u00e9r\u00e9e sur un mat\u00e9riau. Les c\u00e9ramiques pi\u00e9zo\u00e9lectriques ont une structure polycristalline. Un exemple de mat\u00e9riau pi\u00e9zo\u00e9lectrique est le titanate de zirconate de plomb (PTZ en abr\u00e9g\u00e9).   <\/p>\n<p>                <!-- \/.specific_gravity --><\/div>\n<p>            <!-- \/.detail_area_in --><\/div>\n<p>          <!-- container --><\/div>\n<\/section>\n<\/article>\n","protected":false},"excerpt":{"rendered":"<p>Propri\u00e9t\u00e9s des mat\u00e9riaux et tableaux comparatifs Tableau des propri\u00e9t\u00e9s des mat\u00e9riaux m\u00e9talliques1 Tableau des propri\u00e9t\u00e9s des mat\u00e9riaux m\u00e9talliques2 Tableau des propri\u00e9t\u00e9s des mat\u00e9riaux c\u00e9ramiques1 Tableau des propri\u00e9t\u00e9s des mat\u00e9riaux c\u00e9ramiques2 Tableau des propri\u00e9t\u00e9s des mat\u00e9riaux c\u00e9ramiques3 Tableau des propri\u00e9t\u00e9s des mat\u00e9riaux c\u00e9ramiques4 Gravit\u00e9 sp\u00e9cifique Ce tableau indique la gravit\u00e9 sp\u00e9cifique des mat\u00e9riaux, c&#8217;est-\u00e0-dire la densit\u00e9 d&#8217;un mat\u00e9riau par rapport \u00e0 la densit\u00e9 de l&#8217;eau. Par rapport aux m\u00e9taux, les c\u00e9ramiques ont g\u00e9n\u00e9ralement une densit\u00e9 inf\u00e9rieure de moiti\u00e9 \u00e0 celle des m\u00e9taux. En outre, le tungst\u00e8ne est plus lourd que le plomb et \u00e0 peu pr\u00e8s du m\u00eame poids que l&#8217;or, ce qui en fait un mat\u00e9riau exceptionnellement dense. C&#8217;est pourquoi [&hellip;]<\/p>\n","protected":false},"author":1,"featured_media":0,"parent":9032,"menu_order":0,"comment_status":"closed","ping_status":"closed","template":"page-guide.php","meta":{"om_disable_all_campaigns":false,"_monsterinsights_skip_tracking":false,"_monsterinsights_sitenote_active":false,"_monsterinsights_sitenote_note":"","_monsterinsights_sitenote_category":0,"footnotes":""},"aioseo_notices":[],"_links":{"self":[{"href":"https:\/\/top-seiko.com\/fr\/wp-json\/wp\/v2\/pages\/9094"}],"collection":[{"href":"https:\/\/top-seiko.com\/fr\/wp-json\/wp\/v2\/pages"}],"about":[{"href":"https:\/\/top-seiko.com\/fr\/wp-json\/wp\/v2\/types\/page"}],"author":[{"embeddable":true,"href":"https:\/\/top-seiko.com\/fr\/wp-json\/wp\/v2\/users\/1"}],"replies":[{"embeddable":true,"href":"https:\/\/top-seiko.com\/fr\/wp-json\/wp\/v2\/comments?post=9094"}],"version-history":[{"count":5,"href":"https:\/\/top-seiko.com\/fr\/wp-json\/wp\/v2\/pages\/9094\/revisions"}],"predecessor-version":[{"id":9099,"href":"https:\/\/top-seiko.com\/fr\/wp-json\/wp\/v2\/pages\/9094\/revisions\/9099"}],"up":[{"embeddable":true,"href":"https:\/\/top-seiko.com\/fr\/wp-json\/wp\/v2\/pages\/9032"}],"wp:attachment":[{"href":"https:\/\/top-seiko.com\/fr\/wp-json\/wp\/v2\/media?parent=9094"}],"curies":[{"name":"wp","href":"https:\/\/api.w.org\/{rel}","templated":true}]}}