{"id":9115,"date":"2016-09-08T14:34:22","date_gmt":"2016-09-08T05:34:22","guid":{"rendered":"https:\/\/top-seiko.com\/company\/company-profile\/"},"modified":"2025-04-07T17:56:36","modified_gmt":"2025-04-07T08:56:36","slug":"overview","status":"publish","type":"page","link":"https:\/\/top-seiko.com\/fr\/company\/overview\/","title":{"rendered":"Profil de l&#8217;entreprise"},"content":{"rendered":"<article class=\"m-overview\">\n<section class=\"overview\">\n<div class=\"container\">\n<h2 class=\"ttl02\"><span class=\"ja\">Profil de l&#8217;entreprise<\/span><\/h2>\n<div class=\"detail_area_in box-shadow\">\n<div class=\"parent_image_area mb30\">\n\t\t\t\t\t<img decoding=\"async\" src=\"..\/..\/img\/company\/overview_img01.jpg\" alt=\"\"><\/p>\n<div class=\"frame\"><\/div>\n<p>\t\t\t\t<!-- \/.parent_image_area --><\/div>\n<table class=\"table-responsive2\">\n<tr>\n<th>Nom de la soci\u00e9t\u00e9 <\/th>\n<td>Top Seiko Co., Ltd<\/td>\n<\/tr>\n<tr>\n<th>Fond\u00e9e le <\/th>\n<td>14 septembre 2001<\/td>\n<\/tr>\n<tr>\n<th>Capital<\/th>\n<td>20 000 000 JPY<\/td>\n<\/tr>\n<tr>\n<th>Coordonn\u00e9es<\/th>\n<td><u>Top Seiko Co. (Si\u00e8ge et usine) <\/u><br \/>\n Adresse : 1197-4 Hosoe-cho, <br \/>\n Ville de Nagahama, Shiga, <br \/>\n 526-0105 Japan <br \/>\n TEL : +81-(0)749-51-9021 <br \/>\n FAX : +81-(0)749-51-9022<\/p>\n<p>                                                <u>Top Seiko Co, Ltd. (Usine de Nishikozaka) <\/u><br \/>\n Adresse : 189 Nishikozaka-cho, <br \/>\n Ville de Nagahama, Shiga, <br \/>\n 526-0803, Japon <br \/>\n TEL : +81-(0)749-51-9114 <br \/>\n FAX : +81-(0)749-51-9115 <\/td>\n<\/tr>\n<tr>\n<th>Equipe dirigeante<\/th>\n<td>Pr\u00e9sident &amp; PDG: Yoichi Azai<br \/>\n Vice-pr\u00e9sident &amp; COO: Takuya Yukawa<br \/>\n Directeur d&#8217;usine &amp; CTO: Kazuyuki Nishikawa<br \/>\n Directeur &amp; CFO: Hiromi Tachibana<br \/>\n Directeur R&amp;D: Kazuya Hiro<br \/>\n Directeur commercial: Jun Gamo<br \/>\n Auditeur de la soci\u00e9t\u00e9 : Kohei Kawamura<\/td>\n<\/tr>\n<tr>\n<th>Nombre d&#8217;employ\u00e9s <\/th>\n<td>134 (Avril\uff0c2025)<\/td>\n<\/tr>\n<tr>\n<th>Activit\u00e9s<\/th>\n<td>Production et vente de pi\u00e8ces de pr\u00e9cision usin\u00e9es sur mesure \u00e0 partir de mat\u00e9riaux ultra-durs tels que les verres, les c\u00e9ramiques techniques et les m\u00e9taux r\u00e9fractaires.<\/td>\n<\/tr>\n<tr>\n<th>Industries desservies<\/th>\n<td>Semi-conducteurs et \u00e9lectronique, mesure et analyse, m\u00e9dical, industriel, a\u00e9rospatial, automobile, aviation, \u00e9nergie nucl\u00e9aire et fabrication g\u00e9n\u00e9rale.<\/td>\n<\/tr>\n<p><div class=\"_df_thumb \" id=\"df_12145\"  _slug=\"our-brochure\" data-title=\"our-brochure\" wpoptions=\"true\" thumb=\"https:\/\/top-seiko.com\/wp\/wp-content\/uploads\/2024\/06\/company-brochure.png\" thumbtype=\"\" >Our Brochure<\/div><script class=\"df-shortcode-script\" type=\"application\/javascript\">window.option_df_12145 = {\"outline\":[],\"autoEnableOutline\":\"false\",\"autoEnableThumbnail\":\"false\",\"overwritePDFOutline\":\"false\",\"direction\":\"1\",\"pageSize\":\"0\",\"source\":\"https:\\\/\\\/top-seiko.com\\\/wp\\\/wp-content\\\/uploads\\\/2024\\\/06\\\/TOP_SEIKO_Brochure_Rev.1.pdf\",\"wpOptions\":\"true\"}; if(window.DFLIP && window.DFLIP.parseBooks){window.DFLIP.parseBooks();}<\/script><br \/>\n\t\t\t\t<\/table>\n<p>\t\t\t<!-- \/.detail_area_in --><\/div>\n<p>\t\t<!-- container --><\/div>\n<p>\t<!-- overview --><\/section>\n<\/article>\n","protected":false},"excerpt":{"rendered":"<p>Profil de l&#8217;entreprise Nom de la soci\u00e9t\u00e9 Top Seiko Co., Ltd Fond\u00e9e le 14 septembre 2001 Capital 20 000 000 JPY Coordonn\u00e9es Top Seiko Co. (Si\u00e8ge et usine) Adresse : 1197-4 Hosoe-cho, Ville de Nagahama, Shiga, 526-0105 Japan TEL : +81-(0)749-51-9021 FAX : +81-(0)749-51-9022 Top Seiko Co, Ltd. (Usine de Nishikozaka) Adresse : 189 Nishikozaka-cho, Ville de Nagahama, Shiga, 526-0803, Japon TEL : +81-(0)749-51-9114 FAX : +81-(0)749-51-9115 Equipe dirigeante Pr\u00e9sident &amp; PDG: Yoichi Azai Vice-pr\u00e9sident &amp; COO: Takuya Yukawa Directeur d&#8217;usine &amp; CTO: Kazuyuki Nishikawa Directeur &amp; CFO: Hiromi Tachibana Directeur R&amp;D: Kazuya Hiro Directeur commercial: Jun Gamo Auditeur de la soci\u00e9t\u00e9 : Kohei Kawamura Nombre d&#8217;employ\u00e9s 134 (Avril\uff0c2025) Activit\u00e9s [&hellip;]<\/p>\n","protected":false},"author":1,"featured_media":0,"parent":8507,"menu_order":0,"comment_status":"closed","ping_status":"closed","template":"page-child-company.php","meta":{"om_disable_all_campaigns":false,"_monsterinsights_skip_tracking":false,"_monsterinsights_sitenote_active":false,"_monsterinsights_sitenote_note":"","_monsterinsights_sitenote_category":0,"footnotes":""},"aioseo_notices":[],"_links":{"self":[{"href":"https:\/\/top-seiko.com\/fr\/wp-json\/wp\/v2\/pages\/9115"}],"collection":[{"href":"https:\/\/top-seiko.com\/fr\/wp-json\/wp\/v2\/pages"}],"about":[{"href":"https:\/\/top-seiko.com\/fr\/wp-json\/wp\/v2\/types\/page"}],"author":[{"embeddable":true,"href":"https:\/\/top-seiko.com\/fr\/wp-json\/wp\/v2\/users\/1"}],"replies":[{"embeddable":true,"href":"https:\/\/top-seiko.com\/fr\/wp-json\/wp\/v2\/comments?post=9115"}],"version-history":[{"count":9,"href":"https:\/\/top-seiko.com\/fr\/wp-json\/wp\/v2\/pages\/9115\/revisions"}],"predecessor-version":[{"id":13468,"href":"https:\/\/top-seiko.com\/fr\/wp-json\/wp\/v2\/pages\/9115\/revisions\/13468"}],"up":[{"embeddable":true,"href":"https:\/\/top-seiko.com\/fr\/wp-json\/wp\/v2\/pages\/8507"}],"wp:attachment":[{"href":"https:\/\/top-seiko.com\/fr\/wp-json\/wp\/v2\/media?parent=9115"}],"curies":[{"name":"wp","href":"https:\/\/api.w.org\/{rel}","templated":true}]}}