{"id":9123,"date":"2016-09-09T16:59:36","date_gmt":"2016-09-09T07:59:36","guid":{"rendered":"https:\/\/top-seiko.com\/company\/company-history\/"},"modified":"2023-09-05T13:53:34","modified_gmt":"2023-09-05T04:53:34","slug":"history","status":"publish","type":"page","link":"https:\/\/top-seiko.com\/fr\/company\/history\/","title":{"rendered":"Histoire de l&#8217;entreprise"},"content":{"rendered":"<article class=\"m-overview\">\n<section class=\"overview\">\n<div class=\"container\">\n<h2 class=\"ttl02\"><span class=\"ja\">Histoire de l&#8217;entreprise<\/span><\/h2>\n<div class=\"detail_area_in box-shadow\">\n<table class=\"table-responsive2\">\n<tr>\n<th>Septembre 2001<\/th>\n<td>Fondation de Top Seiko Co., Ltd.<\/td>\n<\/tr>\n<tr>\n<th>Mars 2002<\/th>\n<td>Construction d&#8217;une nouvelle usine \u00e0 Otsumicho, Nagahama (pr\u00e9fecture de Shiga, Japon)<\/td>\n<\/tr>\n<tr>\n<th>Juin 2004<\/th>\n<td>Agrandissement des locaux<\/td>\n<\/tr>\n<tr>\n<th>Septembre 2005<\/th>\n<td>Initiation de la proc\u00e9dure de certification ISO 9001<\/td>\n<\/tr>\n<tr>\n<th>Ao\u00fbt 2006<\/th>\n<td>Construction de nouveaux batiments<\/td>\n<\/tr>\n<tr>\n<th>Ao\u00fbt 2006<\/th>\n<td>Obtention de la certification ISO 9001:2000 \/ JISQ 9001:2000<\/td>\n<\/tr>\n<tr>\n<th>Octobre 2008<\/th>\n<td>Construction et d\u00e9m\u00e9nagement de l&#8217;usine du si\u00e8ge social \u00e0 Hosoecho, Nagahama<\/td>\n<\/tr>\n<tr>\n<th>Mars 2012<\/th>\n<td>Selectionn\u00e9 pour un programme de subventions gouvernemental en tant qu&#8217;entreprise innovante<\/td>\n<\/tr>\n<tr>\n<th>Septembre 2012<\/th>\n<td>Abgeschlossenes obiges Verfahren<\/td>\n<\/tr>\n<tr>\n<th>Juin 2013<\/th>\n<td>Premi\u00e8re exposition \u00e0 la 17\u00e8me exhibition Mechanical Components &amp; Materials Technology<\/td>\n<\/tr>\n<tr>\n<th>Mai 2015<\/th>\n<td>Apparition dans l&#8217;\u00e9mission &#8220;Chozetsu Sugo Waza!&#8221; (Techniques super \u00e9tonnantes) sur la chaine de t\u00e9l\u00e9vision NHK<\/td>\n<\/tr>\n<tr>\n<th>Avril 2017<\/th>\n<td>Agrandissement de l&#8217;usine de Hosoecho (environ 3000 \u33a1)<\/td>\n<\/tr>\n<tr>\n<th>D\u00e9cembre 2018<\/th>\n<td>Premi\u00e8re exposition \u00e0 la 3\u00e8me exhibition Advanced Ceramics (au Makuhari Messe)<\/td>\n<\/tr>\n<tr>\n<th>Septembre 2021<\/th>\n<td>Agrandissement du si\u00e8ge social et de l&#8217;usine (2 \u00e9tages, superficie totale 2500 \u33a1)<\/td>\n<\/tr>\n<tr>\n<th>Avril 2022<\/th>\n<td>Augmenter le nombre de salari\u00e9s \u00e0 100<\/td>\n<\/tr>\n<tr>\n<th>Janvier 2023<\/th>\n<td>Cr\u00e9ation de la filiale &#8220;Top Seiko USA, Inc.&#8221; aux \u00c9tats-Unis.<\/td>\n<\/tr>\n<tr>\n<th>Octobre 2023<\/th>\n<td>Construction d&#8217;une nouvelle usine (b\u00e2timent de 2 \u00e9tages d&#8217;une superficie totale de 6 400 \u33a1).<\/td>\n<\/tr>\n<\/table>\n<p>\t\t\t<!-- \/.detail_area_in.box-shadow --><\/div>\n<p>\t\t<!-- container --><\/div>\n<p>\t<!-- overview --><\/section>\n<\/article>\n","protected":false},"excerpt":{"rendered":"<p>Histoire de l&#8217;entreprise Septembre 2001 Fondation de Top Seiko Co., Ltd. Mars 2002 Construction d&#8217;une nouvelle usine \u00e0 Otsumicho, Nagahama (pr\u00e9fecture de Shiga, Japon) Juin 2004 Agrandissement des locaux Septembre 2005 Initiation de la proc\u00e9dure de certification ISO 9001 Ao\u00fbt 2006 Construction de nouveaux batiments Ao\u00fbt 2006 Obtention de la certification ISO 9001:2000 \/ JISQ 9001:2000 Octobre 2008 Construction et d\u00e9m\u00e9nagement de l&#8217;usine du si\u00e8ge social \u00e0 Hosoecho, Nagahama Mars 2012 Selectionn\u00e9 pour un programme de subventions gouvernemental en tant qu&#8217;entreprise innovante Septembre 2012 Abgeschlossenes obiges Verfahren Juin 2013 Premi\u00e8re exposition \u00e0 la 17\u00e8me exhibition Mechanical Components &amp; Materials Technology Mai 2015 Apparition dans l&#8217;\u00e9mission &#8220;Chozetsu Sugo Waza!&#8221; (Techniques super [&hellip;]<\/p>\n","protected":false},"author":1,"featured_media":0,"parent":8507,"menu_order":0,"comment_status":"closed","ping_status":"closed","template":"page-child-company.php","meta":{"om_disable_all_campaigns":false,"_monsterinsights_skip_tracking":false,"_monsterinsights_sitenote_active":false,"_monsterinsights_sitenote_note":"","_monsterinsights_sitenote_category":0,"footnotes":""},"aioseo_notices":[],"_links":{"self":[{"href":"https:\/\/top-seiko.com\/fr\/wp-json\/wp\/v2\/pages\/9123"}],"collection":[{"href":"https:\/\/top-seiko.com\/fr\/wp-json\/wp\/v2\/pages"}],"about":[{"href":"https:\/\/top-seiko.com\/fr\/wp-json\/wp\/v2\/types\/page"}],"author":[{"embeddable":true,"href":"https:\/\/top-seiko.com\/fr\/wp-json\/wp\/v2\/users\/1"}],"replies":[{"embeddable":true,"href":"https:\/\/top-seiko.com\/fr\/wp-json\/wp\/v2\/comments?post=9123"}],"version-history":[{"count":5,"href":"https:\/\/top-seiko.com\/fr\/wp-json\/wp\/v2\/pages\/9123\/revisions"}],"predecessor-version":[{"id":9683,"href":"https:\/\/top-seiko.com\/fr\/wp-json\/wp\/v2\/pages\/9123\/revisions\/9683"}],"up":[{"embeddable":true,"href":"https:\/\/top-seiko.com\/fr\/wp-json\/wp\/v2\/pages\/8507"}],"wp:attachment":[{"href":"https:\/\/top-seiko.com\/fr\/wp-json\/wp\/v2\/media?parent=9123"}],"curies":[{"name":"wp","href":"https:\/\/api.w.org\/{rel}","templated":true}]}}