{"id":11656,"date":"2024-03-29T16:49:49","date_gmt":"2024-03-29T07:49:49","guid":{"rendered":"https:\/\/top-seiko.com\/test\/"},"modified":"2024-10-03T18:35:50","modified_gmt":"2024-10-03T09:35:50","slug":"test240401","status":"publish","type":"page","link":"https:\/\/top-seiko.com\/it\/","title":{"rendered":"Top Seiko &#8211; Meccanica di Precisione in Materiali Difficili"},"content":{"rendered":"<article class=\"m-index -innov\">\n<section class=\"section01\">\n<div class=\"container\">\n<div class=\"row\">\n<div class=\"img col-xs-12 col-sm-4 col-md-4 col-lg-4\"><img decoding=\"async\" src=\"https:\/\/top-seiko.com\/img\/en_innov\/body_img01.png\" srcset=\"https:\/\/top-seiko.com\/img\/en_innov\/body_img01.png 1x, https:\/\/top-seiko.com\/img\/en_innov\/body_img01@2x.png 2x\" alt=\"\"><\/div>\n<div class=\"text col-xs-12 col-sm-6 col-md-6 col-lg-6\">\n<h3>POTERE DI CREARE<\/h3>\n<p>Siamo orgogliosi delle nostre capacit\u00e0 tecniche di primo livello tra i produttori di ceramica e metalli ad alto punto di fusione in termini di precisione dimensionale e geometrica. Non ci sono limiti alla precisione richiesta dai nostri clienti, che diventa sempre pi\u00f9 sofisticata con il passare del tempo e l&#8217;avanzare della tecnologia. Per soddisfare tali richieste, cerchiamo costantemente una lavorazione di precisione stabile e conduciamo ripetutamente test di lavorazione per migliorare ulteriormente le nostre capacit\u00e0 tecniche.  <\/p>\n<ul>\n<li>Lavorazione del Diametro Esterno \/ Interno<\/li>\n<li>Tornitura<\/li>\n<li>Rettifica di Precisione<\/li>\n<li>Rettifica Cilindrica<\/li>\n<li>Lavorazione meccanica in 3D di forme complesse<\/li>\n<li>Saldatura per Diffusione<\/li>\n<\/ul><\/div>\n<\/p><\/div>\n<div class=\"row -reverse\">\n<div class=\"img col-xs-12 col-sm-4 col-md-4 col-lg-4\"><img decoding=\"async\" src=\"https:\/\/top-seiko.com\/img\/en_innov\/body_img02.png\" srcset=\"https:\/\/top-seiko.com\/img\/en_innov\/body_img02.png 1x, https:\/\/top-seiko.com\/img\/en_innov\/body_img02@2x.png 2x\" alt=\"\"><\/div>\n<div class=\"text col-xs-12 col-sm-6 col-md-6 col-lg-6\">\n<h3>CONDIVIDERE LA CONOSCENZA<\/h3>\n<p>Poich\u00e9 non siamo produttori di materiali, i nostri clienti possono approfittare della nostra conoscenza imparziale dei materiali esotici duri per selezionare il miglior materiale per le loro applicazioni. Abbiamo supportato i nostri clienti nella sostituzione dei materiali per le loro parti esistenti. Ci sono molti casi di successo in cui i nostri clienti hanno tratto beneficio da un&#8217;ottimizzazione delle funzionalit\u00e0 delle loro parti che ha portato a superare i loro concorrenti, o a una vita pi\u00f9 lunga delle parti che ha comportato costi inferiori, meno manutenzione e meno tempo di inattivit\u00e0.  <\/p>\n<\/p><\/div>\n<\/p><\/div>\n<div class=\"imgC col-xs-12 col-sm-6 col-md-6 col-lg-6\"><img decoding=\"async\" src=\"https:\/\/top-seiko.com\/img\/en_innov\/body_img03.png\" srcset=\"https:\/\/top-seiko.com\/img\/en_innov\/body_img03.png 1x, https:\/\/top-seiko.com\/img\/en_innov\/body_img03@2x.png 2x\" alt=\"\"><\/div>\n<\/p><\/div>\n<\/section>\n<section class=\"section02\">\n<h3 class=\"ttl\">CHI SIAMO<\/h3>\n<div class=\"container\">\n<div class=\"youtube\">\n<div class=\"youtube__inner row\">\n<div class=\"text col-sm-7\">\n<p><span>Molte parti di precisione sono state prodotte in materiali metallici comuni. Ma noi lavoriamo materiali esotici duri e produciamo le stesse parti.<\/span><br \/>\n Con questo motto, Top Seiko si \u00e8 specializzata in materiali ultrarigidi come ceramiche avanzate, vetri, metalli refrattari e materiali ad alte prestazioni di recente sviluppo come materiali compositi. Sulla base delle caratteristiche di lavorazione di ciascun materiale e della complessit\u00e0 della forma della parte, determiniamo il metodo di produzione pi\u00f9 adatto utilizzando approcci fisici e chimici. <\/p>\n<p> Siamo anche esperti nella progettazione di utensili di lavorazione che possono massimizzare la produttivit\u00e0 mantenendo la massima qualit\u00e0 dei prodotti. La maggior parte di questi utensili \u00e8 prodotta da aziende produttrici di utensili secondo le nostre specifiche. In caso contrario, li produciamo noi stessi.  <\/p>\n<p> Stiamo continuamente conducendo ricerche e investendo in nuove tecnologie per offrire servizi di lavorazione della massima qualit\u00e0 ai nostri clienti. Inoltre, conduciamo regolarmente test di lavorazione per raccogliere dati ed espandere ulteriormente le nostre capacit\u00e0.\n                        <\/p>\n<\/p><\/div>\n<div class=\"movie col-sm-5\"><a href=\"https:\/\/youtu.be\/4XVhlnLyBkk?si=JAPZt-YRlHX0U0E4\" target=\"_blank\" rel=\"noopener noreferrer\"><img decoding=\"async\" src=\"https:\/\/top-seiko.com\/img\/index\/Top_Seiko-Youtube_Banner.png\" alt=\"youtube\"><\/a><\/div>\n<\/p><\/div>\n<\/p><\/div>\n<\/p><\/div>\n<div class=\"list\">\n<ul class=\"tech_kind row\">\n<li class=\"tech_kind_box col-xs-12 col-sm-6\">\n<div class=\"tech_kind_box_in row\">\n<div class=\"left col-sm-6\">\n<h4>Lavorazione Meccanica Complessa e in 3D<\/h4>\n<div>\n                            <img decoding=\"async\" src=\"https:\/\/top-seiko.com\/img\/index\/index_tech_img01.jpg\" alt=\"\">\n                        <\/div>\n<\/p><\/div>\n<div class=\"tech_kind_box_in2 col-sm-6\">\n<p>Con tecnologie all&#8217;avanguardia come il Centro di Fresatura ad Alta Velocit\u00e0 con Azionamento Lineare a Motore e i Centri di Lavorazione a 5 Assi, Top Seiko offre un servizio di lavorazione personalizzato di precisione per materiali ultrarigidi. Ci specializziamo nella lavorazione complessa e di precisione di forme complesse, scanalature, trincee, gradini \/ forme elevate, smussi, filettature, fori diritti \/ conici, ecc. in Ceramiche, Vetri e Metalli Refrattari. Il servizio di lavorazione in 3D \u00e8 disponibile per Ceramiche e Molibdeno.  <\/p>\n<div class=\"detail_btn tC\">\n                            <a href=\"..\/technology\/tech01\/\"><\/a>\n                        <\/div>\n<\/p><\/div>\n<p>                <!-- \/.tech_kind_box_in --><\/div>\n<p>            <!-- \/.tech_kind_box.col-sm-3 --><\/li>\n<li class=\"tech_kind_box col-xs-12 col-sm-6\">\n<div class=\"tech_kind_box_in row\">\n<div class=\"left col-sm-6\">\n<h4>Lavorazione ad Alta Precisione \/ Micro Lavorazione<\/h4>\n<div>\n                            <img decoding=\"async\" src=\"https:\/\/top-seiko.com\/img\/index\/index_tech_img02.jpg\" alt=\"\">\n                        <\/div>\n<\/p><\/div>\n<div class=\"tech_kind_box_in2 col-sm-6\">\n<p>&#8220;Affrontiamo le sfide della lavorazione meccanica di precisione in modo logico attraverso approcci fisici e chimici&#8221;; \u00e8 il nostro motto. <br \/>\n Come principale fornitore del settore, possiamo fornire servizi di lavorazione ad alta precisione e micro lavorazione per una vasta gamma di materiali esotici duri. Con la nostra profonda conoscenza di questi materiali, macchine e utensili di precisione all&#8217;avanguardia, ingegneri esperti e operatori macchina ben addestrati, produciamo parti lavorate personalizzate con precisione di micron. <br \/>\n Disponiamo anche di attrezzature di misurazione che ci consentono di garantire la precisione dimensionale di ogni parte lavorata. <\/p>\n<div class=\"detail_btn tC\">\n                            <a href=\"..\/technology\/tech02\/\"><\/a>\n                        <\/div>\n<\/p><\/div>\n<p>                <!-- \/.tech_kind_box_in --><\/div>\n<p>            <!-- \/.tech_kind_box.col-sm-3 --><\/li>\n<li class=\"tech_kind_box col-xs-12 col-sm-6\">\n<div class=\"tech_kind_box_in row\">\n<div class=\"left col-sm-6\">\n<h4>Foratura<\/h4>\n<div>\n                            <img decoding=\"async\" src=\"https:\/\/top-seiko.com\/img\/index\/index_tech_img03.jpg\" alt=\"\">\n                        <\/div>\n<\/p><\/div>\n<div class=\"tech_kind_box_in2 col-sm-6\">\n<p>La foratura in materiali duri \u00e8 la nostra specialit\u00e0. Possiamo forare fori di precisione, micro fori e multipli fori in ceramiche, vetri e metalli refrattari come tungsteno, molibdeno e tantalio.  <br \/>Progettiamo utensili di lavorazione per forare fori con precisione in base alle tue esigenze. Basta farci sapere il diametro, la profondit\u00e0, le tolleranze, ecc. dei fori di cui hai bisogno!  <\/p>\n<div class=\"detail_btn tC\">\n                            <a href=\"..\/technology\/tech03\/\"><\/a>\n                        <\/div>\n<\/p><\/div>\n<p>                <!-- \/.tech_kind_box_in --><\/div>\n<p>            <!-- \/.tech_kind_box --><\/li>\n<li class=\"tech_kind_box col-xs-12 col-sm-6\">\n<div class=\"tech_kind_box_in row\">\n<div class=\"left col-sm-6\">\n<h4>Foratura Profonda<\/h4>\n<div>\n                            <img decoding=\"async\" src=\"https:\/\/top-seiko.com\/img\/index\/index_tech_img04.jpg\" alt=\"\">\n                        <\/div>\n<\/p><\/div>\n<div class=\"tech_kind_box_in2 col-sm-6\">\n<p>Con utensili di lavorazione progettati su misura dal nostro team di ingegneri, siamo orgogliosi di perforare fori lunghi e rettilinei in materiali ultrarigidi come ceramiche avanzate, vetro fuso di silice (quarzo fuso) e molibdeno e tungsteno. <br \/>\n Le chiavi del successo nella foratura profonda sono: 1. Mantenere la punta del trapano dritta, 2. Pulire le schegge dal foro e evitare l&#8217;accumulo di schegge sul fondo del foro. E sappiamo esattamente come farlo!   <\/p>\n<div class=\"detail_btn tC\">\n                            <a href=\"..\/technology\/tech04\/\"><\/a>\n                        <\/div>\n<\/p><\/div>\n<p>                <!-- \/.tech_kind_box_in --><\/div>\n<p>            <!-- \/.tech_kind_box.col-sm-3 --><\/li>\n<li class=\"tech_kind_box col-xs-12 col-sm-6\">\n<div class=\"tech_kind_box_in row\">\n<div class=\"left col-sm-6\">\n<h4>Saldatura per Diffusione<\/h4>\n<div>\n                            <img decoding=\"async\" src=\"https:\/\/top-seiko.com\/img\/index\/index_tech_img05.jpg\" alt=\"\">\n                        <\/div>\n<\/p><\/div>\n<div class=\"tech_kind_box_in2 col-sm-6\">\n<p>Oltre alla lavorazione di precisione convenzionale, ci stiamo concentrando sullo sviluppo della &#8220;saldatura per diffusione&#8221; come tecnologia per soddisfare la necessit\u00e0 di prestazioni migliori.<br \/>\n Unendo la tecnologia di lavorazione di precisione accumulata nel corso degli anni con la nostra tecnologia di unione appena introdotta, possiamo ottenere forme che sono state difficili da raggiungere in passato e contribuire a risolvere i problemi tecnici dei nostri clienti.<\/p>\n<div class=\"detail_btn tC\">\n                            <a href=\"..\/technology\/tech05\/\"><\/a>\n                        <\/div>\n<\/p><\/div>\n<p>                <!-- \/.tech_kind_box_in --><\/div>\n<p>            <!-- \/.tech_kind_box.col-sm-3 --><\/li>\n<p>        <!-- \/.tech_kind --><\/ul>\n<p class=\"btn\"><a href=\"..\/technology\/\"><span>Scopri di pi\u00f9<\/span><\/a><\/p>\n<\/p><\/div>\n<\/section>\n<section class=\"section03\">\n<div class=\"container\">\n<h3>I nostri servizi<\/h3>\n<div class=\"wrap\">\n<ul class=\"list\">\n<li class=\"col-xs-12 col-sm-4\">\n<h4>Lavorazioni di precisione<\/h4>\n<p>                        <img decoding=\"async\" src=\"https:\/\/top-seiko.com\/img\/en_innov\/services01.png\" srcset=\"https:\/\/top-seiko.com\/img\/en_innov\/services01.png 1x, https:\/\/top-seiko.com\/img\/en_innov\/services01@2x.png 2x\" alt=\"\"><\/p>\n<p class=\"ttl\">Lavorazioni di forme tridimensionali<\/p>\n<dl>\n<dt>Ci\u00f2 che pu\u00f2 essere lavorato sull&#8217;acciaio pu\u00f2 essere lavorato su tutti i materiali<\/dt>\n<dd>Utilizzando macchine utensili come fresatrici a 3 assi e fresatrici lineari, eseguiamo una variet\u00e0 di operazioni di lavorazione come lavorazioni di forme esterne, foratura, rifinitura di superfici irregolari, scanalature e lavorazioni di filettature su materiali difficili da lavorare. Siamo in grado anche di eseguire lavorazioni 3D su superfici curve e forme tridimensionali, cos\u00ec come di praticare fori di trapano in forme speciali. Inoltre, siamo specializzati anche nella foratura di fori profondi sulla superficie laterale.  <\/dd>\n<\/dl>\n<\/li>\n<li class=\"col-xs-12 col-sm-4\">\n<h4>SOLUZIONI SUI MATERIALI<\/h4>\n<p>                        <img decoding=\"async\" src=\"https:\/\/top-seiko.com\/img\/en_innov\/services02.png\" srcset=\"https:\/\/top-seiko.com\/img\/en_innov\/services02.png 1x, https:\/\/top-seiko.com\/img\/en_innov\/services02@2x.png 2x\" alt=\"\"><\/p>\n<p class=\"ttl\">CONOSCENZA DEI MATERIALI ILLIMITATA<\/p>\n<dl>\n<dt>La scelta giusta pu\u00f2 fare la differenza<\/dt>\n<dd>Top Seiko offre un servizio di assistenza nella selezione dei materiali, consigliando materiali basati sull&#8217;importanza delle propriet\u00e0 dei materiali per la tua applicazione. Poich\u00e9 non produciamo materiali, puoi fare affidamento sulla nostra conoscenza imparziale dei materiali per scegliere il materiale pi\u00f9 adatto alla tua applicazione. Offriamo non solo materiali dai produttori giapponesi, ma anche da quelli al di fuori del Giappone. Abbiamo anche una vasta gamma di materiali in magazzino per una consegna rapida. Puoi approfittare del nostro completo servizio di lavorazione di precisione, che include assistenza nella selezione dei materiali e approvvigionamento dei materiali per i tuoi progetti di sviluppo prodotto! Inoltre, ci sono molti casi di successo di sostituzione dei materiali che hanno portato al miglioramento della qualit\u00e0, alla prolungata durata del servizio e all&#8217;aumento della produttivit\u00e0\/resa del prodotto. Lasciaci aiutare anche te!      <\/dd>\n<\/dl>\n<\/li>\n<li class=\"col-xs-12 col-sm-4\">\n<h4>SUPPORTO R&amp;S<\/h4>\n<p>                        <img decoding=\"async\" src=\"https:\/\/top-seiko.com\/img\/en_innov\/services03.png\" srcset=\"https:\/\/top-seiko.com\/img\/en_innov\/services03.png 1x, https:\/\/top-seiko.com\/img\/en_innov\/services03@2x.png 2x\" alt=\"\"><\/p>\n<p class=\"ttl\">SUPPORTO PER LO SVILUPPO<\/p>\n<dl>\n<dt>Trasforma i tuoi eccitanti prodotti innovativi in una realt\u00e0 commerciale<\/dt>\n<dd>Con le nostre pi\u00f9 recenti macchine, vari tipi di utensili di lavorazione in stock, e ingegneri e operatori di macchine esperti, aiutiamo i nostri clienti a avviare i loro progetti di sviluppo prodotto il pi\u00f9 rapidamente possibile. Puoi fare affidamento su di noi per le tue esigenze di lavorazione di prototipi a basso volume e di produzione ad alto volume. Per le tue esigenze di lavorazione impegnative, eseguiamo la lavorazione di prova. Sulla base dei risultati del test, decidiamo le migliori condizioni di lavorazione per soddisfare e superare i tuoi requisiti pi\u00f9 difficili. Effettuiamo persino test fino a quando non si ottengono risultati desiderabili.    <\/dd>\n<\/dl>\n<\/li>\n<\/ul><\/div>\n<\/p><\/div>\n<\/section>\n<section class=\"section04\">\n<h3 class=\"ttl\">GUIDA AI MATERIALI DI LAVORAZIONE<\/h3>\n<div class=\"container\">\n<div class=\"guide row\">\n<div class=\"col-sm-6 col-xs-12\">\n<h4 class=\"tC\">Ricerca per caratteristica<\/h4>\n<ul>\n<li class=\"tC\"><a href=\"..\/guide\/characteristic\/\">Guide ai Materiali Materiali e Applicazioni<i class=\"fa fa-caret-right fr\" aria-hidden=\"true\"><\/i><\/a><\/li>\n<li class=\"tC\"><a href=\"..\/guide\/heat_resisting\/\">Materiali Resistenti al Calore<i class=\"fa fa-caret-right fr\" aria-hidden=\"true\"><\/i><\/a><\/li>\n<li class=\"tC\"><a href=\"..\/guide\/insulation\/\">Materiali Isolanti <i class=\"fa fa-caret-right fr\" aria-hidden=\"true\"><\/i><\/a><\/li>\n<\/ul><\/div>\n<div class=\"col-sm-6 col-xs-12\">\n<h4 class=\"tC\">Ricerca per dati<\/h4>\n<ul>\n<li class=\"tC\"><a href=\"..\/guide\/graph\/\">Propriet\u00e0 dei Materiali e Tabelle Comparative<i class=\"fa fa-caret-right fr\" aria-hidden=\"true\"><\/i><\/a><\/li>\n<li class=\"tC\"><a href=\"..\/guide\/hardness\/\">Materiali di Durezza<i class=\"fa fa-caret-right fr\" aria-hidden=\"true\"><\/i><\/a><\/li>\n<li class=\"tC\"><a href=\"..\/guide\/unit\/\">Tabella di Conversione delle Unit\u00e0<i class=\"fa fa-caret-right fr\" aria-hidden=\"true\"><\/i><\/a><\/li>\n<\/ul><\/div>\n<\/p><\/div>\n<p class=\"btn\"><a href=\"..\/download\/\">Scarica Documenti<\/a><\/p>\n<\/p><\/div>\n<\/section>\n<\/article>\n","protected":false},"excerpt":{"rendered":"<p>POTERE DI CREARE Siamo orgogliosi delle nostre capacit\u00e0 tecniche di primo livello tra i produttori di ceramica e metalli ad alto punto di fusione in termini di precisione dimensionale e geometrica. Non ci sono limiti alla precisione richiesta dai nostri clienti, che diventa sempre pi\u00f9 sofisticata con il passare del tempo e l&#8217;avanzare della tecnologia. Per soddisfare tali richieste, cerchiamo costantemente una lavorazione di precisione stabile e conduciamo ripetutamente test di lavorazione per migliorare ulteriormente le nostre capacit\u00e0 tecniche. Lavorazione del Diametro Esterno \/ Interno Tornitura Rettifica di Precisione Rettifica Cilindrica Lavorazione meccanica in 3D di forme complesse Saldatura per Diffusione CONDIVIDERE LA CONOSCENZA Poich\u00e9 non siamo produttori di materiali, [&hellip;]<\/p>\n","protected":false},"author":1,"featured_media":0,"parent":0,"menu_order":0,"comment_status":"closed","ping_status":"closed","template":"page-test.php","meta":{"om_disable_all_campaigns":false,"_monsterinsights_skip_tracking":false,"_monsterinsights_sitenote_active":false,"_monsterinsights_sitenote_note":"","_monsterinsights_sitenote_category":0,"footnotes":""},"aioseo_notices":[],"_links":{"self":[{"href":"https:\/\/top-seiko.com\/it\/wp-json\/wp\/v2\/pages\/11656"}],"collection":[{"href":"https:\/\/top-seiko.com\/it\/wp-json\/wp\/v2\/pages"}],"about":[{"href":"https:\/\/top-seiko.com\/it\/wp-json\/wp\/v2\/types\/page"}],"author":[{"embeddable":true,"href":"https:\/\/top-seiko.com\/it\/wp-json\/wp\/v2\/users\/1"}],"replies":[{"embeddable":true,"href":"https:\/\/top-seiko.com\/it\/wp-json\/wp\/v2\/comments?post=11656"}],"version-history":[{"count":15,"href":"https:\/\/top-seiko.com\/it\/wp-json\/wp\/v2\/pages\/11656\/revisions"}],"predecessor-version":[{"id":12623,"href":"https:\/\/top-seiko.com\/it\/wp-json\/wp\/v2\/pages\/11656\/revisions\/12623"}],"wp:attachment":[{"href":"https:\/\/top-seiko.com\/it\/wp-json\/wp\/v2\/media?parent=11656"}],"curies":[{"name":"wp","href":"https:\/\/api.w.org\/{rel}","templated":true}]}}