{"id":7935,"date":"2016-09-08T14:28:22","date_gmt":"2016-09-08T05:28:22","guid":{"rendered":"https:\/\/top-seiko.com\/esempi-di-sostituzione-del-materiale\/"},"modified":"2023-01-06T16:03:02","modified_gmt":"2023-01-06T07:03:02","slug":"successful","status":"publish","type":"page","link":"https:\/\/top-seiko.com\/it\/propose\/successful\/","title":{"rendered":"Esempi di sostituzione del materiale"},"content":{"rendered":"<article class=\"m-propose\">\n\t<!-- \u52a0\u5de5\u6280\u8853\u7d39\u4ecb --><\/p>\n<section class=\"successful mb0\">\n<div class=\"container\">\n<h2 class=\"ttl01\"><span class=\"ja\">Esempi di sostituzione del materiale<\/span><\/h2>\n<div class=\"contents_top box-shadow row\">\n<div class=\"contents_top_text col-sm-7\">\n<p>\n Top Seiko ha una ricca esperienza nella lavorazione di precisione di materiali ultra duri, tra cui ceramica avanzata, vetro di silice fusa e vetro borosilicato, nonch\u00e9 metalli refrattari come tungsteno, molibdeno e tantalio. Come parte del nostro servizio di lavorazione completo, offriamo assistenza nella selezione dei materiali per aiutare i nostri clienti a scegliere il materiale pi\u00f9 adatto al loro scopo e al loro budget.\n\t\t\t\t\t<\/p>\n<p>Le materie plastiche e i metalli tradizionali\/convenzionali come il ferro, l&#8217;alluminio e l&#8217;acciaio inossidabile possono essere sostituiti con ceramiche o metalli refrattari per ottenere prestazioni superiori, tra cui: maggiore resistenza al calore, maggiore o minore conducibilit\u00e0 termica, migliore resistenza all&#8217;usura, maggiore stabilit\u00e0 dimensionale sotto il calore e altri vantaggi. <br \/>\n Siamo esperti nella lavorazione di questi materiali ultraduri ad alte prestazioni con tolleranze ristrette. <br \/>\n Di seguito \u00e8 riportata una selezione di casi reali di sostituzione di materiali con successo.<\/p>\n<\/p><\/div>\n<div class=\"contents_img col-sm-5 tC\">\n\t\t\t\t\t<img decoding=\"async\" src=\"\/img\/technology\/tech04\/tech04_img01.jpg\" alt=\"\">\n\t\t\t\t<\/div>\n<\/p><\/div>\n<h3 class=\"ttl02\"><span class=\"ja\">Caso 1<\/span><\/h3>\n<div class=\"detail_area_in box-shadow mb50\">\n<h4>Problema dei segni di bruciatura risolto con l&#8217;uso del quarzo fuso come materiale componente.<\/h4>\n<dl>\n<dt>Problema:<\/dt>\n<dd>Il nostro cliente aveva avuto problemi di bruciature che si verificavano sulla superficie del componente acrilico a trasmissione laser durante il processo di saldatura laser. Poich\u00e9 le bruciature causavano una riduzione della trasmissione laser, il componente doveva essere molato due volte alla settimana per rimuoverle. <\/dd>\n<\/dl>\n<dl>\n<dt>Soluzione:<\/dt>\n<dd>I nostri ingegneri hanno aiutato il cliente a sostituire il materiale del componente da acrilico a quarzo fuso per le sue eccellenti propriet\u00e0 termiche e ottiche.<\/dd>\n<\/dl>\n<dl>\n<dt>Risultato:<\/dt>\n<dd>Grazie all&#8217;elevata resistenza al calore del quarzo fuso, la rettifica non \u00e8 pi\u00f9 necessaria. Inoltre, non essendoci pi\u00f9 la perdita di trasmittanza laser causata dalle bruciature, la potenza di uscita del laser si riduce.  <\/dd>\n<\/dl>\n<p>\t\t\t<!-- \/.detail_area_in box-shadow --><\/div>\n<h3 class=\"ttl02\"><span class=\"ja\">Caso 2<\/span><\/h3>\n<div class=\"detail_area_in box-shadow mb50\">\n<h4>Problema di deformazione termica risolto con la ceramica lavorabile.<\/h4>\n<dl>\n<dt>Problema:<\/dt>\n<dd>I dispositivi di incollaggio termico in alluminio si deformavano alla temperatura di esercizio di 250\u2103, con conseguente scarsa qualit\u00e0 dell&#8217;incollaggio e\/o prodotti difettosi.<\/dd>\n<\/dl>\n<dl>\n<dt>Soluzione:<\/dt>\n<dd>I nostri ingegneri hanno consigliato di sostituire il materiale dall&#8217;alluminio alla ceramica lavorabile. <\/dd>\n<\/dl>\n<dl>\n<dt>Risultato:<\/dt>\n<dd>Grazie alla maggiore stabilit\u00e0 termica della ceramica lavorabile, i dispositivi non si deformano pi\u00f9 e la resa dell&#8217;incollaggio \u00e8 migliorata di circa il 20%.<\/dd>\n<\/dl>\n<p>\t\t\t<!-- \/.detail_area_in box-shadow --><\/div>\n<h3 class=\"ttl02\"><span class=\"ja\">Caso 3<\/span><\/h3>\n<div class=\"detail_area_in box-shadow mb50\">\n<h4>L&#8217;utilizzo del zirconio come materiale per gli utensili da taglio ha aumentato la durata dell&#8217;utensile. <\/h4>\n<dl>\n<dt>Problema:<\/dt>\n<dd>Per lavorare i metalli si utilizzavano utensili in acciaio per utensili. Il calore generato durante la lavorazione causava un&#8217;usura eccessiva dell&#8217;utensile. Di conseguenza, l&#8217;utensile doveva essere sostituito frequentemente, causando ogni volta dei tempi di inattivit\u00e0. Il nostro cliente si lamentava: &#8220;Era molto costoso, oltre che una perdita di tempo&#8221;.    <\/dd>\n<\/dl>\n<dl>\n<dt>Soluzione:<\/dt>\n<dd>Poich\u00e9 la zirconia ha un&#8217;eccellente resistenza all&#8217;usura, abbiamo deciso di realizzare l&#8217;utensile da taglio in zirconia.<\/dd>\n<\/dl>\n<dl>\n<dt>Risultato:<\/dt>\n<dd>La zirconia ha migliorato notevolmente la qualit\u00e0 dell&#8217;usura rispetto all&#8217;acciaio per utensili. &#8220;E soprattutto, ora possiamo lavorare i metalli con meno tempi di inattivit\u00e0&#8221;, ha apprezzato il nostro cliente. <\/dd>\n<\/dl>\n<p>\t\t\t<!-- \/.detail_area_in box-shadow --><\/div>\n<h3 class=\"ttl02\"><span class=\"ja\">Caso 4<\/span><\/h3>\n<div class=\"detail_area_in box-shadow mb50\">\n<h4>Il tungsteno ad alta purezza offre prestazioni superiori di schermatura delle radiazioni per le telecamere gamma.<\/h4>\n<dl>\n<dt>Problema:<\/dt>\n<dd>Il metallo pesante veniva utilizzato come materiale di schermatura per proteggere dalle radiazioni di alto livello. Tuttavia, l&#8217;insufficiente schermatura dalle radiazioni causava la facile rottura delle gammacamere. <\/dd>\n<\/dl>\n<dl>\n<dt>Soluzione:<\/dt>\n<dd>Per migliorare la capacit\u00e0 di schermatura dalle radiazioni, abbiamo consigliato di sostituire il materiale di schermatura dal metallo pesante al tungsteno ad alta purezza.<\/dd>\n<\/dl>\n<dl>\n<dt>Risultato:<\/dt>\n<dd>Grazie alla sua elevata densit\u00e0, il tungsteno ad alta purezza ha fornito un&#8217;efficace schermatura dalle radiazioni. Di conseguenza, la telecamera gamma con schermatura in tungsteno \u00e8 stata messa in produzione. <\/dd>\n<\/dl>\n<p>\t\t\t<!-- \/.detail_area_in box-shadow --><\/div>\n<h3 class=\"ttl02\"><span class=\"ja\">Caso 5<\/span><\/h3>\n<div class=\"detail_area_in box-shadow mb50\">\n<h4>L&#8217;utilizzo di leghe metalliche pesanti di tungsteno per un dispositivo di posizionamento fondamentale nella produzione di componenti elettrici per autoveicoli ha permesso di ridurre le dimensioni del dispositivo, pur mantenendo lo stesso peso richiesto.<\/h4>\n<dl>\n<dt>Problema:<\/dt>\n<dd>La realizzazione del dispositivo in acciaio inossidabile non avrebbe soddisfatto i requisiti di dimensione. Per ridurre le dimensioni a parit\u00e0 di peso, era indispensabile un materiale con un peso specifico superiore a 17,5 \/cm3. Inoltre, l&#8217;apparecchio doveva essere pi\u00f9 resistente al cloro e allo zolfo per aumentarne la durata.   <\/dd>\n<\/dl>\n<dl>\n<dt>Soluzione:<\/dt>\n<dd>Per sostituire l&#8217;acciaio inossidabile sono state consigliate leghe di metalli pesanti di tungsteno, per il loro elevato peso specifico (18g\/cm3) e per l&#8217;eccellente resistenza alla corrosione.<\/dd>\n<\/dl>\n<dl>\n<dt>Risultato:<\/dt>\n<dd>L&#8217;apparecchio \u00e8 diventato compatto e la sua durata di vita \u00e8 stata prolungata.<\/dd>\n<\/dl>\n<p>\t\t\t<!-- \/.detail_area_in box-shadow --><\/div>\n<h3 class=\"ttl02\"><span class=\"ja\">Caso 6<\/span><\/h3>\n<div class=\"detail_area_in box-shadow mb50\">\n<h4>L&#8217;utilizzo di allumina ad alta purezza ha migliorato la resistenza al calore degli stampi e ha aumentato significativamente la produttivit\u00e0.<\/h4>\n<dl>\n<dt>Problema:<\/dt>\n<dd>Gli stampi in resina resistente al calore sono stati utilizzati per produrre carbone attivo per il sistema di purificazione dell&#8217;acqua. Tuttavia, la sua insufficiente resistenza al calore per l&#8217;applicazione di stampi era la causa principale della bassa produttivit\u00e0.  <\/dd>\n<\/dl>\n<dl>\n<dt>Soluzione:<\/dt>\n<dd>Poich\u00e9 l&#8217;allumina di elevata purezza \u00e8 in grado di resistere a temperature elevate fino a 1.300\u2103 ed \u00e8 relativamente economica rispetto ad altre ceramiche, abbiamo consigliato al nostro cliente di realizzare stampi in allumina al 99,5%.<\/dd>\n<\/dl>\n<dl>\n<dt>Risultato:<\/dt>\n<dd>&#8220;La sostituzione del materiale degli stampi dalla ceramica resistente al calore all&#8217;allumina ad alta purezza ha migliorato notevolmente la produttivit\u00e0&#8221;, ci ha detto con soddisfazione il nostro cliente.<\/dd>\n<\/dl>\n<p>\t\t\t<!-- \/.detail_area_in box-shadow --><\/div>\n<h3 class=\"ttl02\"><span class=\"ja\">Caso 7<\/span><\/h3>\n<div class=\"detail_area_in box-shadow mb50\">\n<h4>I compositi a matrice metallica (MMC) forniscono prestazioni termiche ottimali per gli ugelli di saldatura. <\/h4>\n<dl>\n<dt>Problema:<\/dt>\n<dd>Un produttore di saldatrici aveva bisogno di ugelli di saldatura che non si deformassero ad alta temperatura e che fossero in grado di condurre una quantit\u00e0 sufficiente di calore. Il problema era che gli ugelli di saldatura in rame si deformavano a causa del calore generato durante il funzionamento, con conseguente scarsa qualit\u00e0 della saldatura.  <\/dd>\n<\/dl>\n<dl>\n<dt>Soluzione:<\/dt>\n<dd>Abbiamo proposto di sostituire il rame con MMC (Metal Matrix Composites) per le sue eccellenti propriet\u00e0 meccaniche e termiche, come l&#8217;elevata durata, la bassa espansione termica e l&#8217;alta conduttivit\u00e0 termica.<\/dd>\n<\/dl>\n<dl>\n<dt>Risultato:<\/dt>\n<dd>Gli ugelli di saldatura in MMC conducono un calore sufficiente senza deformazioni termiche, migliorando notevolmente la qualit\u00e0 della saldatura. Questo cliente \u00e8 ora un produttore leader di saldatrici che serve principalmente l&#8217;industria automobilistica. <\/dd>\n<\/dl>\n<p>\t\t\t<!-- \/.detail_area_in box-shadow --><\/div>\n<h3 class=\"ttl02\"><span class=\"ja\">Caso 8<\/span><\/h3>\n<div class=\"detail_area_in box-shadow mb50\">\n<h4>Problema di rivestimento non uniforme risolto con gli ugelli di erogazione di prodotti chimici a base di silice fusa.<\/h4>\n<dl>\n<dt>Problema:<\/dt>\n<dd>Gli ugelli a fessura in acciaio inossidabile si deformavano durante il funzionamento, causando un rivestimento non uniforme del prodotto chimico. <\/dd>\n<\/dl>\n<dl>\n<dt>Soluzione:<\/dt>\n<dd>Gli ugelli a fessura in acciaio inossidabile si deformavano durante il funzionamento, causando un rivestimento non uniforme del prodotto chimico.<\/dd>\n<\/dl>\n<dl>\n<dt>Risultato:<\/dt>\n<dd>Il nostro cliente \u00e8 molto soddisfatto degli ugelli a fessura privi di deformazioni che garantiscono un rivestimento uniforme. Questa modifica ha anche aumentato la durata degli ugelli. <\/dd>\n<\/dl>\n<p>\t\t\t<!-- \/.detail_area_in box-shadow --><\/div>\n<h3 class=\"ttl02\"><span class=\"ja\">Caso 9<\/span><\/h3>\n<div class=\"detail_area_in box-shadow mb50\">\n<h4>Le dime\/fissaggi in tungsteno super resistenti hanno migliorato la produttivit\u00e0.<\/h4>\n<dl>\n<dt>Problema:<\/dt>\n<dd>Le dime\/fissaggi in allumina non erano in grado di resistere al calore intenso provocato dal processo di trattamento termico e spesso si incrinavano o si rompevano.<\/dd>\n<\/dl>\n<dl>\n<dt>Soluzione:<\/dt>\n<dd>Il tungsteno \u00e8 stato consigliato per sostituire l&#8217;allumina per la sua eccezionale resistenza a temperature molto elevate.<\/dd>\n<\/dl>\n<dl>\n<dt>Risultato:<\/dt>\n<dd>&#8220;Essendo estremamente durevoli, le dime\/fissaggi in tungsteno hanno consentito una lavorazione stabile e un significativo miglioramento della produttivit\u00e0. &#8220;<\/dd>\n<\/dl>\n<p>\t\t\t<!-- \/.detail_area_in box-shadow --><\/div>\n<h3 class=\"ttl02\"><span class=\"ja\">Caso 10<\/span><\/h3>\n<div class=\"detail_area_in box-shadow mb50\">\n<h4>L&#8217;utilizzo del molibdeno come materiale di trasferimento del calore ha migliorato incredibilmente la qualit\u00e0 di incollaggio di un dispositivo di incollaggio a termocompressione.<\/h4>\n<dl>\n<dt>Problema:<\/dt>\n<dd>Un dispositivo di incollaggio a termocompressione aveva un problema con il suo stadio di riscaldamento, che non era in grado di condurre una quantit\u00e0 di calore sufficiente per consentire a una termocoppia di misurare la temperatura con precisione. Lo stadio era in acciaio inossidabile, un metallo a bassa conducibilit\u00e0 termica. La misurazione imprecisa della temperatura impediva al sistema di controllo della temperatura di funzionare correttamente, con conseguente scarsa qualit\u00e0 dell&#8217;incollaggio.  <\/dd>\n<\/dl>\n<dl>\n<dt>Soluzione:<\/dt>\n<dd>Poich\u00e9 il molibdeno ha una conducibilit\u00e0 termica circa 9 volte superiore a quella dell&#8217;acciaio inossidabile, i nostri ingegneri hanno consigliato di realizzare lo stadio del riscaldatore in molibdeno ad alta purezza.<\/dd>\n<\/dl>\n<dl>\n<dt>Risultato:<\/dt>\n<dd>&#8220;Lo stadio di riscaldamento in molibdeno ha consentito un corretto controllo della temperatura che ha migliorato notevolmente la qualit\u00e0 dell&#8217;incollaggio&#8221;, ci ha detto il nostro cliente.<\/dd>\n<\/dl>\n<p>\t\t\t<!-- \/.detail_area_in box-shadow --><\/div>\n<h3 class=\"ttl02\"><span class=\"ja\">Caso 11<\/span><\/h3>\n<div class=\"detail_area_in box-shadow mb50\">\n<h4>Problema di deformazione risolto con il materiale ceramico composito a matrice metallica Silicio &#8211; Carburo di Silicio.<\/h4>\n<dl>\n<dt>Problema:<\/dt>\n<dd>La piastra in silicio si deformava durante il trattamento termico dei wafer di semiconduttori.<\/dd>\n<\/dl>\n<dl>\n<dt>Soluzione:<\/dt>\n<dd>Abbiamo consigliato di sostituire il silicio con un materiale ceramico composito a matrice metallica Si50 \/ SiC50 per aumentare le propriet\u00e0 strutturali e termiche della piastra di trattamento termico.<\/dd>\n<\/dl>\n<dl>\n<dt>Risultato:<\/dt>\n<dd>Grazie alla maggiore rigidit\u00e0 e alla minore espansione termica, la piastra non presenta pi\u00f9 problemi di deformazione.<\/dd>\n<\/dl>\n<p>\t\t\t<!-- \/.detail_area_in box-shadow --><\/div>\n<h3 class=\"ttl02\"><span class=\"ja\">Caso 12<\/span><\/h3>\n<div class=\"detail_area_in box-shadow mb50\">\n<h4>La sostituzione dell&#8217;Invar con il vetro di silice fusa per una migliore stabilit\u00e0 termica ha consentito un&#8217;analisi dei gas affidabile, accurata e stabile.<\/h4>\n<dl>\n<dt>Problema:<\/dt>\n<dd>Lo strumento per l&#8217;analisi dei gas aveva un problema con il suo componente critico in invar che si espandeva con l&#8217;aumento della temperatura e causava una misurazione instabile dei gas.<\/dd>\n<\/dl>\n<dl>\n<dt>Soluzione:<\/dt>\n<dd>Grazie all&#8217;elevata stabilit\u00e0 termica e all&#8217;eccellente resistenza alla corrosione, \u00e8 stato consigliato di sostituire l&#8217;invar con il vetro di silice fusa.<\/dd>\n<\/dl>\n<dl>\n<dt>Risultato:<\/dt>\n<dd>Grazie alla bassissima espansione termica della silice fusa, il componente \u00e8 diventato termicamente stabile, consentendo allo strumento di analisi dei gas di misurare in modo affidabile, preciso e stabile anche a temperature elevate.<\/dd>\n<\/dl>\n<p>\t\t\t<!-- \/.detail_area_in box-shadow --><\/div>\n<\/p><\/div>\n<\/section>\n<\/article>\n","protected":false},"excerpt":{"rendered":"<p>Esempi di sostituzione del materiale Top Seiko ha una ricca esperienza nella lavorazione di precisione di materiali ultra duri, tra cui ceramica avanzata, vetro di silice fusa e vetro borosilicato, nonch\u00e9 metalli refrattari come tungsteno, molibdeno e tantalio. Come parte del nostro servizio di lavorazione completo, offriamo assistenza nella selezione dei materiali per aiutare i nostri clienti a scegliere il materiale pi\u00f9 adatto al loro scopo e al loro budget. Le materie plastiche e i metalli tradizionali\/convenzionali come il ferro, l&#8217;alluminio e l&#8217;acciaio inossidabile possono essere sostituiti con ceramiche o metalli refrattari per ottenere prestazioni superiori, tra cui: maggiore resistenza al calore, maggiore o minore conducibilit\u00e0 termica, migliore resistenza all&#8217;usura, [&hellip;]<\/p>\n","protected":false},"author":1,"featured_media":0,"parent":7937,"menu_order":0,"comment_status":"closed","ping_status":"closed","template":"","meta":{"om_disable_all_campaigns":false,"_monsterinsights_skip_tracking":false,"_monsterinsights_sitenote_active":false,"_monsterinsights_sitenote_note":"","_monsterinsights_sitenote_category":0,"footnotes":""},"aioseo_notices":[],"_links":{"self":[{"href":"https:\/\/top-seiko.com\/it\/wp-json\/wp\/v2\/pages\/7935"}],"collection":[{"href":"https:\/\/top-seiko.com\/it\/wp-json\/wp\/v2\/pages"}],"about":[{"href":"https:\/\/top-seiko.com\/it\/wp-json\/wp\/v2\/types\/page"}],"author":[{"embeddable":true,"href":"https:\/\/top-seiko.com\/it\/wp-json\/wp\/v2\/users\/1"}],"replies":[{"embeddable":true,"href":"https:\/\/top-seiko.com\/it\/wp-json\/wp\/v2\/comments?post=7935"}],"version-history":[{"count":2,"href":"https:\/\/top-seiko.com\/it\/wp-json\/wp\/v2\/pages\/7935\/revisions"}],"predecessor-version":[{"id":7939,"href":"https:\/\/top-seiko.com\/it\/wp-json\/wp\/v2\/pages\/7935\/revisions\/7939"}],"up":[{"embeddable":true,"href":"https:\/\/top-seiko.com\/it\/wp-json\/wp\/v2\/pages\/7937"}],"wp:attachment":[{"href":"https:\/\/top-seiko.com\/it\/wp-json\/wp\/v2\/media?parent=7935"}],"curies":[{"name":"wp","href":"https:\/\/api.w.org\/{rel}","templated":true}]}}