{"id":7937,"date":"2016-09-08T14:18:18","date_gmt":"2016-09-08T05:18:18","guid":{"rendered":"https:\/\/top-seiko.com\/servizio-di-assistenza-per-la-selezione-dei-materiali\/"},"modified":"2023-09-06T11:45:28","modified_gmt":"2023-09-06T02:45:28","slug":"propose","status":"publish","type":"page","link":"https:\/\/top-seiko.com\/it\/propose\/","title":{"rendered":"Servizio di assistenza per la selezione dei materiali"},"content":{"rendered":"<article class=\"m-propose\">\n    <!-- \u52a0\u5de5\u6280\u8853\u7d39\u4ecb --><\/p>\n<section class=\"propose mb0\">\n<div class=\"container\">\n<h2 class=\"ttl01\">\n                <span class=\"ja\">Servizio di assistenza per la selezione dei materiali<\/span><br \/>\n            <\/h2>\n<div class=\"contents_top box-under-shadow row\">\n<div class=\"contents_top_text col-sm-7\">\n<h4>In qualita&#8217; di fornitore di soluzioni per materiali superduri,<\/h4>\n<p>Top Seiko offre un servizio di assistenza per la selezione dei materiali, consigliando i<br \/>\n                        materiali in base alle propriet\u00e0 importanti per la vostra applicazione. Poich\u00e9 non produciamo<br \/>\n                        materiali, potete contare sulla nostra conoscenza imparziale dei materiali per scegliere il<br \/>\n                        materiale pi\u00f9 adatto alla vostra applicazione. <br \/>\n                        Offriamo non solo materiali di produttori giapponesi, ma anche di produttori stranieri. Abbiamo<br \/>\n                        anche un&#8217;ampia variet\u00e0 di materiali in magazzino per una consegna rapida. <br \/>\n                        Potete approfittare del nostro servizio completo di lavorazione di precisione, che comprende<br \/>\n                        l&#8217;assistenza nella scelta dei materiali e il loro reperimento per i vostri progetti di sviluppo<br \/>\n                        del prodotto! <br \/>\n                        Inoltre, ci sono molti casi di successo di sostituzioni di materiali che hanno permesso di<br \/>\n                        migliorare la qualit\u00e0, prolungare la vita utile e aumentare la produttivit\u00e0\/la resa del<br \/>\n                        prodotto. Lasciate che aiutiamo anche voi! <\/p>\n<\/p><\/div>\n<div class=\"propose_img col-sm-5 tC\">\n                    <img decoding=\"async\" src=\"\/img\/propose\/propose_img01.jpg\" alt=\"\">\n                <\/div>\n<\/p><\/div>\n<div class=\"consultation\">\n<h3 class=\"ttl02\"><span class=\"ja\">Domande frequenti su materiali relative alle prestazioni termiche dei<br \/>\n                        materiali<\/span><\/h3>\n<div class=\"table_area box-shadow table-responsive\">\n<table>\n<tr>\n<th>Proprieta&#8217; richiesta<\/th>\n<th class=\"tbl_orange\">Applicazioni &amp; Problemi<\/th>\n<th>Materiali comunemente utilizzati<\/th>\n<th>Materiali consigliati<\/th>\n<\/tr>\n<tr>\n<td>Resistenza alle alte temperature<\/td>\n<td>\n                                \u30fbI pezzi utilizzati in ambienti ad alta temperatura devono essere sostituiti<br \/>\n                                frequentemente a causa della loro breve durata, con conseguenti costi elevati e tempi di<br \/>\n                                inattivit\u00e0.<br \/>\n                                \u30fbI pezzi utilizzati ad alta temperatura si deformano e si distorcono durante l&#8217;uso e<br \/>\n                                queste deformazioni termiche causano una diminuzione dell&#8217;accuratezza dimensionale dei<br \/>\n                                prodotti finali.\n                            <\/td>\n<td>\n                                Materiale resistente al calore <br \/>\n                                Resina\/Plastica<br \/>\n                                Aluminum Alloy Steel <br \/>\n                                Acciaio inossidabile\n                            <\/td>\n<td>\n                                Vetro di silice fuso <br \/>\n                                Vetro borosilicato <br \/>\n                                Alumina <br \/>\n                                Zirconia <br \/>\n                                Nitruro di silicio <br \/>\n                                Molibdeno \/ Molibdeno Alloy <br \/>\n                                Tungsteno \/ Tungsteno Alloy\n                            <\/td>\n<\/tr>\n<tr>\n<td>Bassa espansione termica<\/td>\n<td>\n                                \u30fbA causa della sua bassa stabilit\u00e0 dimensionale, la parte si espande alle alte<br \/>\n                                temperature, causando problemi di precisione dimensionale e ripetibilit\u00e0 dei prodotti<br \/>\n                                finali che produce.<br \/>\n                                \u30fb\u00c8 necessario un materiale a bassa dilatazione termica per realizzare un pezzo che possa<br \/>\n                                mantenere le sue prestazioni e stabilit\u00e0 dimensionale senza essere influenzato dai<br \/>\n                                continui sbalzi di temperatura.\n                            <\/td>\n<td>\n                                Aluminum Alloy Steel <br \/>\n                                Acciaio inossidabile\n                            <\/td>\n<td>\n                                Alumina <br \/>\n                                Nitruro di alluminio<br \/>\n                                SiC based MMC<br \/>\n                                Molibdeno<br \/>\n                                Tungsteno\n                            <\/td>\n<\/tr>\n<tr>\n<td rowspan=\"2\">Alta conducibilit\u00e0 termica<\/td>\n<td>\n                                \u30fb\u00c8 necessario un materiale con un&#8217;elevata conduttivit\u00e0 termica per l&#8217;uso in applicazioni<br \/>\n                                di rimozione rapida del calore e ad alte temperature.<br \/>\n                                \u30fbA causa della sua bassa conduttivit\u00e0 termica alle alte temperature, le parti critiche<br \/>\n                                per l&#8217;incollaggio a compressione termica non possono condurre calore sufficiente, il che<br \/>\n                                si traduce in una bassa produttivit\u00e0.\n                            <\/td>\n<td>\n                                Acciaio inossidabile <br \/>\n                                Heat-Resistant<br \/>\n                                Alloys<br \/>\n                                Ceramiche\n                            <\/td>\n<td>\n                                Molibdeno <br \/>\n                                Tungsteno <br \/>\n                                Nitruro di alluminio <br \/>\n                                Carburo di silicio <br \/>\n                                SiC based MMC\n                            <\/td>\n<\/tr>\n<tr>\n<td class=\"fcb\">\n                                \u30fb\u00c8 molto difficile trovare un materiale che soddisfi tutti i requisiti: resistenza alle<br \/>\n                                alte temperature, buona conducibilit\u00e0 termica ed eccellenti propriet\u00e0 di isolamento<br \/>\n                                elettrico.\n                            <\/td>\n<td><\/td>\n<td>Nitruro di alluminio<\/td>\n<\/tr>\n<tr>\n<td>Elevata resistenza agli shock termici<\/td>\n<td>\n                                \u30fbL&#8217;uso di materiali poco resistenti agli shock termici impedisce ai produttori di<br \/>\n                                migliorare la produttivit\u00e0 che pu\u00f2 essere ottenuta con un riscaldamento rapido e<br \/>\n                                raffreddamento. Ad esempio, se il materiale dello stampo non \u00e8 resistente agli shock<br \/>\n                                termici, i rapidi cambiamenti di temperatura causeranno distorsioni e crepe negli<br \/>\n                                stampi.\n                            <\/td>\n<td>\n                                Aluminum Alloy <br \/>\n                                Acciaio <br \/>\n                                Acciaio inossidabile <br \/>\n                                Ceramiche\n                            <\/td>\n<td>\n                                Nitruro di silicio <br \/>\n                                Nitruro di alluminio <br \/>\n                                Alumina <br \/>\n                                Molibdeno <br \/>\n                                Tungsteno\n                            <\/td>\n<\/tr>\n<tr>\n<td>Bassa conducibilit\u00e0 termica<\/td>\n<td>\n                                &#8220;\u30fbIl pezzo lavorato ad alte temperature perde calore troppo rapidamente a causa della<br \/>\n                                sua conducibilit\u00e0 termica. Questa perdita di calore per conduzione causa variazioni<br \/>\n                                nella qualit\u00e0 dei prodotti. \u00c8 necessario sostituire il materiale attuale con un<br \/>\n                                materiale in grado di trattenere pi\u00f9 a lungo il calore e di resistere alle alte<br \/>\n                                temperature per stabilizzare la qualit\u00e0.&#8221; <br \/>\n                                Un materiale in grado di trattenere il calore pi\u00f9 a lungo e di resistere alle alte<br \/>\n                                temperature \u00e8 necessario da sostituire con il materiale attuale per stabilizzare la<br \/>\n                                qualit\u00e0.\n                            <\/td>\n<td>\n                                Ceramiche\n                            <\/td>\n<td>\n                                Zirconia <br \/>\n                                Ceramiche lavorabili <br \/>\n                                Vetro di silice fuso <br \/>\n                                Vetro borosilicato\n                            <\/td>\n<\/tr>\n<tr>\n<td rowspan=\"2\">Alta durezza<br \/>Resistenza all&#8217;usura<br \/>Resistenza ai graffi<\/td>\n<td>\n                                \u30fbLa rapida usura fa s\u00ec che una parte perda la sua precisione dimensionale, con<br \/>\n                                conseguente frequente sostituzione della parte.<br \/>\n                                \u30fb\u00c8 richiesta un&#8217;elevata resistenza ai graffi.\n                            <\/td>\n<td>\n                                Acciaio temprato<br \/>\n                                Metallo convenzionale (non refrattario)\n                            <\/td>\n<td>\n                                Alumina<br \/>\n                                Zirconia<br \/>\n                                Carburo di silicio<br \/>\n                                Nitruro di silicio<br \/>\n                                Tungsteno Carbide\n                            <\/td>\n<\/tr>\n<tr>\n<td class=\"fcb\">\u30fbIl componente ottico non pu\u00f2 rimanere trasparente a causa della superficie<br \/>\n                                danneggiata da graffi e abrasioni durante l&#8217;uso. Per produrre componenti ottici ad alta<br \/>\n                                resistenza ai graffi \u00e8 necessario un materiale ottico estremamente duro. <\/td>\n<td>\n                                Acrylic <br \/>\n                                Glass\n                            <\/td>\n<td>\n                                Vetro di silice fuso <br \/>\n                                Sapphire\n                            <\/td>\n<\/tr>\n<tr>\n<td>Elevata Frattura <br \/>Tenacita&#8217; <br \/>Resistenza a scheggiature, crepe e rotture\n                            <\/td>\n<td>\n                                \u30fbL&#8217;allumina \u00e8 un materiale molto diffuso per la creazione di parti di precisione.<br \/>\n                                Tuttavia, \u00e8 fragile e suscettibile di rottura, scheggiatura o incrinatura a causa di un<br \/>\n                                impatto. <br \/>\n                                Come materiale alternativo si dovrebbe prendere in considerazione un materiale con una<br \/>\n                                maggiore tenacit\u00e0 alla frattura.\n                            <\/td>\n<td>\n                                Alumina\n                            <\/td>\n<td>\n                                Zirconia<br \/>Nitruro di silicio\n                            <\/td>\n<\/tr>\n<tr>\n<td>Proprieta&#8217; di isolamento elettrico ad alta temperatura<\/td>\n<td>\n                                \u30fb\u00c8 necessario un materiale ideale per applicazioni di isolamento elettrico ad alta<br \/>\n                                temperatura poich\u00e9 le parti richiedono una maggiore resistenza al calore rispetto alle<br \/>\n                                resine resistenti al calore.\n                            <\/td>\n<td>\n                                Materiale resistente al calore Resina\/Plastica\n                            <\/td>\n<td>\n                                Alumina<br \/>\n                                Ceramiche lavorabili Biron Nitride\n                            <\/td>\n<\/tr>\n<tr>\n<td>Elevata conducibilita&#8217; elettrica ad alta temperatura<\/td>\n<td>\n                                \u30fb\u00c8 necessario un materiale conduttivo elettrico con una resistenza alla temperatura<br \/>\n                                molto pi\u00f9 elevata rispetto ai metalli convenzionali poich\u00e9 non possono resistere al<br \/>\n                                calore intenso.\n                            <\/td>\n<td>\n                                Rame<br \/>\n                                Altri metalli convenzionali (non refrattari)\n                            <\/td>\n<td>\n                                Molibdeno<br \/>Tungsteno\n                            <\/td>\n<\/tr>\n<tr>\n<td>Alta densita&#8217;<\/td>\n<td>\n                                \u30fbPer migliorare la compattezza del prodotto \u00e8 necessario un materiale ad alta densit\u00e0<br \/>\n                                che consenta al pezzo di mantenere il suo peso riducendone le dimensioni.\n                            <\/td>\n<td>\n                                Metallo convenzionale (non refrattario)\n                            <\/td>\n<td>\n                                Tungsteno<br \/>Tungsteno Alloy\n                            <\/td>\n<\/tr>\n<tr>\n<td>Resistenza alla corrosione<br \/>\n                                Resistenza all&#8217;ossidazione<br \/>\n                                Resitenza agli alcali<\/td>\n<td>\n                                \u30fbLa parte si arrugginisce rapidamente a causa della sua costante esposizione all&#8217;aria e<br \/>\n                                all&#8217;acqua. La sostituzione del materiale metallico con un materiale in grado di<br \/>\n                                resistere agli ossidanti \u00e8 essenziale per porre fine al problema della ruggine. \u30fbPer<br \/>\n                                prolungare la vita utile di una parte, \u00e8 fondamentale trovare un materiale che possa<br \/>\n                                essere utilizzato in ambienti difficili e corrosivi in cui i metalli non possono<br \/>\n                                sopravvivere.<\/p>\n<\/td>\n<td>\n                                Metallo convenzionale (non refrattario)\n                            <\/td>\n<td>\n                                Vetro di silice fuso <br \/>Alumina<br \/>Zirconia<br \/>(Zirconium Oxide)\n                            <\/td>\n<\/tr>\n<tr>\n<td>Costi<\/td>\n<td>\n                                \u30fb\u00c8 necessaria una riduzione dei costi delle parti in ceramica con caratteristiche fini e<br \/>\n                                forme complesse.<br \/>\n                                \u30fbLe parti complesse e di alta precisione in tecnoceramica sono troppo costose per<br \/>\n                                soddisfare i requisiti di costo.\n                            <\/td>\n<td>\n                                Alumina<br \/>\n                                Nitruro di alluminio<br \/>\n                                Nitruro di silicio<br \/>\n                                Carburo di silicio\n                            <\/td>\n<td>\n                                Ceramiche lavorabili\n                            <\/td>\n<\/tr>\n<\/table><\/div>\n<div class=\"btn_area row\">\n<div class=\"success_btn btn_grad_blue col-sm-12 col-xs-12\">\n                        <a href=\"successful\/\">Esempi di sostituzione del materiale<i class=\"fa fa-caret-right\"\n                                aria-hidden=\"true\"><\/i><\/a>\n                    <\/div>\n<\/p><\/div>\n<\/p><\/div>\n<p>            <!-- \n\n<div class=\"sample\">\n\t\t\t\t\n\n<h3 class=\"ttl03\">\u25cf \u30b5\u30f3\u30d7\u30eb\u4f8b<\/h3>\n\n\n\t\t\t\t\n\n<ul class=\"five_col_list clearfix\">\n\t\t\t\t\t\n\n<li class=\"\">\n\t\t\t\t\t\t<a href=\"..\/img\/propose\/pro_sample01.jpg\" data-lightbox=\"propose\"><img decoding=\"async\" src=\"\/img\/propose\/pro_sample01.jpg\" alt=\"\"><\/a>\n\t\t\t\t\t<\/li>\n\n\n\t\t\t\t\t\n\n<li class=\"\">\n\t\t\t\t\t\t<a href=\"..\/img\/propose\/pro_sample02.jpg\" data-lightbox=\"propose\"><img decoding=\"async\" src=\"\/img\/propose\/pro_sample02.jpg\" alt=\"\"><\/a>\n\t\t\t\t\t<\/li>\n\n\n\t\t\t\t\t\n\n<li class=\"\">\n\t\t\t\t\t\t<a href=\"..\/img\/propose\/pro_sample03.jpg\" data-lightbox=\"propose\"><img decoding=\"async\" src=\"\/img\/propose\/pro_sample03.jpg\" alt=\"\"><\/a>\n\t\t\t\t\t<\/li>\n\n\n\t\t\t\t\t\n\n<li class=\"\">\n\t\t\t\t\t\t<a href=\"..\/img\/propose\/pro_sample04.jpg\" data-lightbox=\"propose\"><img decoding=\"async\" src=\"\/img\/propose\/pro_sample04.jpg\" alt=\"\"><\/a>\n\t\t\t\t\t<\/li>\n\n\n\t\t\t\t\t\n\n<li class=\"\">\n\t\t\t\t\t\t<a href=\"..\/img\/propose\/pro_sample05.jpg\" data-lightbox=\"propose\"><img decoding=\"async\" src=\"\/img\/propose\/pro_sample05.jpg\" alt=\"\"><\/a>\n\t\t\t\t\t<\/li>\n\n\n\t\t\t\t\t\n\n<li class=\"\">\n\t\t\t\t\t\t<a href=\"..\/img\/propose\/pro_sample06.jpg\" data-lightbox=\"propose\"><img decoding=\"async\" src=\"\/img\/propose\/pro_sample06.jpg\" alt=\"\"><\/a>\n\t\t\t\t\t<\/li>\n\n\n\t\t\t\t\t\n\n<li class=\"\">\n\t\t\t\t\t\t<a href=\"..\/img\/propose\/pro_sample07.jpg\" data-lightbox=\"propose\"><img decoding=\"async\" src=\"\/img\/propose\/pro_sample07.jpg\" alt=\"\"><\/a>\n\t\t\t\t\t<\/li>\n\n\n\t\t\t\t\t\n\n<li class=\"\">\n\t\t\t\t\t\t<a href=\"..\/img\/propose\/pro_sample08.jpg\" data-lightbox=\"propose\"><img decoding=\"async\" src=\"\/img\/propose\/pro_sample08.jpg\" alt=\"\"><\/a>\n\t\t\t\t\t<\/li>\n\n\n\t\t\t\t\t\n\n<li class=\"\">\n\t\t\t\t\t\t<a href=\"..\/img\/propose\/pro_sample09.jpg\" data-lightbox=\"propose\"><img decoding=\"async\" src=\"\/img\/propose\/pro_sample09.jpg\" alt=\"\"><\/a>\n\t\t\t\t\t<\/li>\n\n\n\t\t\t\t\t\n\n<li class=\"\">\n\t\t\t\t\t\t<a href=\"..\/img\/propose\/pro_sample10.jpg\" data-lightbox=\"propose\"><img decoding=\"async\" src=\"\/img\/propose\/pro_sample10.jpg\" alt=\"\"><\/a>\n\t\t\t\t\t<\/li>\n\n\n\t\t\t\t\t\n\n<li class=\"\">\n\t\t\t\t\t\t<a href=\"..\/img\/propose\/pro_sample11.jpg\" data-lightbox=\"propose\"><img decoding=\"async\" src=\"\/img\/propose\/pro_sample11.jpg\" alt=\"\"><\/a>\n\t\t\t\t\t<\/li>\n\n\n\t\t\t\t\t\n\n<li class=\"\">\n\t\t\t\t\t\t<a href=\"..\/img\/propose\/pro_sample12.jpg\" data-lightbox=\"propose\"><img decoding=\"async\" src=\"\/img\/propose\/pro_sample12.jpg\" alt=\"\"><\/a>\n\t\t\t\t\t<\/li>\n\n\n\t\t\t\t\t\n\n<li class=\"\">\n\t\t\t\t\t\t<a href=\"..\/img\/propose\/pro_sample13.jpg\" data-lightbox=\"propose\"><img decoding=\"async\" src=\"\/img\/propose\/pro_sample13.jpg\" alt=\"\"><\/a>\n\t\t\t\t\t<\/li>\n\n\n\t\t\t\t<\/ul>\n\n\n\t\t\t<\/div>\n\n\n--><\/p>\n<p>            <!-- container -->\n        <\/div>\n<\/section>\n<section class=\"common_area2\">\n<div class=\"common_area_top\">\n<div class=\"container\">\n<div class=\"contact_box\">\n<h3>Siamo lieti di aiutare la vostra ricerca e sviluppo con la nostra tecnologia di lavorazione ad<br \/>\n                        alta precisione e il nostro suggerimento di materiali ultra duri.<\/h3>\n<div class=\"row\">\n<div class=\"contact_box_l col-sm-6\">\n<div class=\"logo\"><img decoding=\"async\" src=\"\/common\/img\/ico\/common_logo_ico.png\" alt=\"\"><\/div>\n<div class=\"text_area\">\n<h4>Top Seiko Co., Ltd.<\/h4>\n<p>\n                                    1197-4, Hosoe-cho, Nagahama City,<br \/>Shiga Pref., 526-0105 Japan <br \/>\n                                    <a href=\"company\/address\/\" class=\"access_map_link\">[ Access Map ]<\/a>\n                                <\/p>\n<p>                                <!-- \/.text_area -->\n                            <\/div>\n<p>                            <!-- \/.contact_box_logo col-sm-6 -->\n                        <\/div>\n<div class=\"contact_box_r col-sm-6\">\n<div class=\"tel\">\n                                Phone.+81-(0)749-51-9021<br \/>\n                                <!-- \/.tel -->\n                            <\/div>\n<div class=\"fax\">\n                                FAX.+81-(0)749-51-9022<br \/>\n                                <!-- \/.fax -->\n                            <\/div>\n<div class=\"contact_btn btn_grad_blue2\">\n                                <a href=\"..\/contact\"> Inquiry<\/a><br \/>\n                                <!-- \/.contact_btn -->\n                            <\/div>\n<div class=\"contact_btn btn_grad_blue\">\n                                <a href=\"..\/download\">Documents Download<\/a><br \/>\n                                <!-- \/.contact_btn -->\n                            <\/div>\n<p>                            <!-- \/.contact_box_other -->\n                        <\/div>\n<p>                        <!-- \/.row -->\n                    <\/div>\n<p>                    <!-- \/.contact_box -->\n                <\/div>\n<p>                <!-- \/.container -->\n            <\/div>\n<p>            <!-- \/.common_area_top -->\n        <\/div>\n<p>        <!-- \/.common_area --><br \/>\n    <\/section>\n<\/article>\n","protected":false},"excerpt":{"rendered":"<p>Servizio di assistenza per la selezione dei materiali In qualita&#8217; di fornitore di soluzioni per materiali superduri, Top Seiko offre un servizio di assistenza per la selezione dei materiali, consigliando i materiali in base alle propriet\u00e0 importanti per la vostra applicazione. Poich\u00e9 non produciamo materiali, potete contare sulla nostra conoscenza imparziale dei materiali per scegliere il materiale pi\u00f9 adatto alla vostra applicazione. Offriamo non solo materiali di produttori giapponesi, ma anche di produttori stranieri. Abbiamo anche un&#8217;ampia variet\u00e0 di materiali in magazzino per una consegna rapida. Potete approfittare del nostro servizio completo di lavorazione di precisione, che comprende l&#8217;assistenza nella scelta dei materiali e il loro reperimento per i vostri [&hellip;]<\/p>\n","protected":false},"author":1,"featured_media":0,"parent":0,"menu_order":0,"comment_status":"closed","ping_status":"closed","template":"","meta":{"om_disable_all_campaigns":false,"_monsterinsights_skip_tracking":false,"_monsterinsights_sitenote_active":false,"_monsterinsights_sitenote_note":"","_monsterinsights_sitenote_category":0,"footnotes":""},"aioseo_notices":[],"_links":{"self":[{"href":"https:\/\/top-seiko.com\/it\/wp-json\/wp\/v2\/pages\/7937"}],"collection":[{"href":"https:\/\/top-seiko.com\/it\/wp-json\/wp\/v2\/pages"}],"about":[{"href":"https:\/\/top-seiko.com\/it\/wp-json\/wp\/v2\/types\/page"}],"author":[{"embeddable":true,"href":"https:\/\/top-seiko.com\/it\/wp-json\/wp\/v2\/users\/1"}],"replies":[{"embeddable":true,"href":"https:\/\/top-seiko.com\/it\/wp-json\/wp\/v2\/comments?post=7937"}],"version-history":[{"count":3,"href":"https:\/\/top-seiko.com\/it\/wp-json\/wp\/v2\/pages\/7937\/revisions"}],"predecessor-version":[{"id":9707,"href":"https:\/\/top-seiko.com\/it\/wp-json\/wp\/v2\/pages\/7937\/revisions\/9707"}],"wp:attachment":[{"href":"https:\/\/top-seiko.com\/it\/wp-json\/wp\/v2\/media?parent=7937"}],"curies":[{"name":"wp","href":"https:\/\/api.w.org\/{rel}","templated":true}]}}