{"id":8496,"date":"2016-09-08T14:36:14","date_gmt":"2016-09-08T05:36:14","guid":{"rendered":"https:\/\/top-seiko.com\/politica-della-qualita-iso-9001\/"},"modified":"2023-01-12T17:02:01","modified_gmt":"2023-01-12T08:02:01","slug":"iso","status":"publish","type":"page","link":"https:\/\/top-seiko.com\/it\/company\/iso\/","title":{"rendered":"Politica della qualit\u00e0 ISO 9001"},"content":{"rendered":"<article class=\"m-iso\">\n<section class=\"iso\">\n<div class=\"container\">\n<h2 class=\"ttl02\"><span class=\"ja\">Politica della qualit\u00e0 ISO 9001<\/span><\/h2>\n<div class=\"detail_area_in box-shadow\">\n<div class=\"iso_heading\">\n Nell&#8217;agosto 2006, Top Seiko ha acquisito le certificazioni ISO 9001:2000 e JISQ 9001:2000, due standard internazionali di sistemi di gestione della qualit\u00e0, in uno sforzo unitario dei dipendenti volto a migliorare ulteriormente la soddisfazione dei clienti e a fornire prodotti sicuri e di alta qualit\u00e0. Desideriamo continuare a garantire l&#8217;efficacia del nostro sistema di gestione della qualit\u00e0 anche in futuro e diventare un &#8220;gruppo ingegneristico&#8221; che continua a essere amato dai clienti.\n        <\/div>\n<div class=\"basic\">\n<h3 class=\"ttl03\">Politica di base per la qualit\u00e0<\/h3>\n<div class=\"basic_list\">\n<h4>Politica della qualit\u00e0<\/h4>\n<dl>\n<dt>1<\/dt>\n<dd>L&#8217;importanza dei clienti \u00e8 il pilastro della nostra gestione.<\/dd>\n<\/dl>\n<dl>\n<dt>2<\/dt>\n<dd>Continuiamo a svilupparci e a migliorare grazie all&#8217;applicazione efficace del nostro sistema di gestione.<\/dd>\n<\/dl>\n<dl>\n<dt>3<\/dt>\n<dd>Agiamo tenendo conto della salvaguardia dell&#8217;ambiente globale e della salute delle persone.<\/dd>\n<\/dl>\n<p>          <!-- \/.basic_list --><\/div>\n<p>        <!-- \/.detail_area_in --><\/div>\n<p>      <!-- \/.basic --><\/div>\n<p>    <!-- container --><\/div>\n<p>  <!-- iso --><\/section>\n<\/article>\n","protected":false},"excerpt":{"rendered":"<p>Politica della qualit\u00e0 ISO 9001 Nell&#8217;agosto 2006, Top Seiko ha acquisito le certificazioni ISO 9001:2000 e JISQ 9001:2000, due standard internazionali di sistemi di gestione della qualit\u00e0, in uno sforzo unitario dei dipendenti volto a migliorare ulteriormente la soddisfazione dei clienti e a fornire prodotti sicuri e di alta qualit\u00e0. Desideriamo continuare a garantire l&#8217;efficacia del nostro sistema di gestione della qualit\u00e0 anche in futuro e diventare un &#8220;gruppo ingegneristico&#8221; che continua a essere amato dai clienti. Politica di base per la qualit\u00e0 Politica della qualit\u00e0 1 L&#8217;importanza dei clienti \u00e8 il pilastro della nostra gestione. 2 Continuiamo a svilupparci e a migliorare grazie all&#8217;applicazione efficace del nostro sistema di [&hellip;]<\/p>\n","protected":false},"author":1,"featured_media":0,"parent":8498,"menu_order":0,"comment_status":"closed","ping_status":"closed","template":"page-child-company.php","meta":{"om_disable_all_campaigns":false,"_monsterinsights_skip_tracking":false,"_monsterinsights_sitenote_active":false,"_monsterinsights_sitenote_note":"","_monsterinsights_sitenote_category":0,"footnotes":""},"aioseo_notices":[],"_links":{"self":[{"href":"https:\/\/top-seiko.com\/it\/wp-json\/wp\/v2\/pages\/8496"}],"collection":[{"href":"https:\/\/top-seiko.com\/it\/wp-json\/wp\/v2\/pages"}],"about":[{"href":"https:\/\/top-seiko.com\/it\/wp-json\/wp\/v2\/types\/page"}],"author":[{"embeddable":true,"href":"https:\/\/top-seiko.com\/it\/wp-json\/wp\/v2\/users\/1"}],"replies":[{"embeddable":true,"href":"https:\/\/top-seiko.com\/it\/wp-json\/wp\/v2\/comments?post=8496"}],"version-history":[{"count":1,"href":"https:\/\/top-seiko.com\/it\/wp-json\/wp\/v2\/pages\/8496\/revisions"}],"predecessor-version":[{"id":8497,"href":"https:\/\/top-seiko.com\/it\/wp-json\/wp\/v2\/pages\/8496\/revisions\/8497"}],"up":[{"embeddable":true,"href":"https:\/\/top-seiko.com\/it\/wp-json\/wp\/v2\/pages\/8498"}],"wp:attachment":[{"href":"https:\/\/top-seiko.com\/it\/wp-json\/wp\/v2\/media?parent=8496"}],"curies":[{"name":"wp","href":"https:\/\/api.w.org\/{rel}","templated":true}]}}