{"id":8547,"date":"2016-09-08T14:37:17","date_gmt":"2016-09-08T05:37:17","guid":{"rendered":"https:\/\/top-seiko.com\/supporto-nello-sviluppo-del-prodotto\/"},"modified":"2023-01-13T15:43:52","modified_gmt":"2023-01-13T06:43:52","slug":"cooperation","status":"publish","type":"page","link":"https:\/\/top-seiko.com\/it\/cooperation\/","title":{"rendered":"Supporto nello sviluppo del prodotto"},"content":{"rendered":"<article class=\"m-cooperation\">\n\t<!-- \u52a0\u5de5\u6280\u8853\u7d39\u4ecb --><\/p>\n<section class=\"cooperation\">\n<div class=\"container\">\n<h2 class=\"ttl01\">\n\t\t\t\t<span class=\"ja\">Supporto nello sviluppo del prodotto<\/span><br \/>\n\t\t\t<\/h2>\n<div class=\"contents_top box-shadow row\">\n<div class=\"contents_top_text col-sm-7\">\n<p>Con le nostre macchine pi\u00f9 recenti, vari tipi di strumenti di lavorazione in magazzino e ingegneri e operatori di macchinari esperti, aiutiamo i nostri clienti ad avviare i loro progetti di sviluppo del prodotto il pi\u00f9 rapidamente possibile. <br \/>\n Potete contare su di noi per le vostre esigenze di lavorazione di prototipi a basso volume e di produzione ad alto volume. <\/p>\n<p>Per le vostre esigenze di lavorazione pi\u00f9 complesse, eseguiamo lavorazioni di prova: in base ai risultati del test, decidiamo le migliori condizioni di lavorazione per soddisfare e superare i vostri requisiti pi\u00f9 difficili. Eseguiamo i test fino a ottenere i risultati desiderati.  <\/p>\n<p>Approfittate della forza combinata della nostra conoscenza dei materiali e del nostro know-how di lavorazione e portate tempestivamente i vostri prodotti innovativi alla realt\u00e0 commerciale!<\/p>\n<\/p><\/div>\n<div class=\"contents_img col-sm-5 tC\">\n\t\t\t\t\t<img decoding=\"async\" src=\"\/img\/cooperation\/cooperation_img01.jpg\" alt=\"\">\n\t\t\t\t<\/div>\n<\/p><\/div>\n<div class=\"flow\">\n<h3 class=\"ttl02\"><span class=\"ja\">Dalla richiesta alla consegna<\/span><\/h3>\n<div class=\"flow_box box-shadow\">\n<ul class=\"row\">\n<li class=\"box_border_only col-sm-6\u3000col-md-6 col-lg-6 mb30\">\n<h4 class=\"ttl_grad_blue box-shadow tC\">01. Richiesta<\/h4>\n<div class=\"list_in\">\n<div class=\"image\"><img decoding=\"async\" src=\"\/img\/cooperation\/flow_img01.jpg\" alt=\"\"><\/div>\n<p>Potete trarre il massimo vantaggio dal nostro servizio comunicandoci la vostra applicazione del pezzo lavorato nel modo pi\u00f9 specifico possibile. Vi aiuteremo a trovare la migliore soluzione possibile per la vostra applicazione unica grazie alla nostra profonda conoscenza dei materiali duri esotici e alla nostra vasta esperienza di lavorazione. <\/p>\n<dl>\n<dt>Selezione del materiale<\/dt>\n<dd>Possiamo aiutarvi a selezionare un materiasle con le proprieta&#8217; giuste per la vostra applicazione.<\/dd>\n<\/dl>\n<p>\t\t\t\t\t\t\t<!-- \/.list_in --><\/div>\n<\/li>\n<li class=\"box_border_only col-sm-6\u3000col-md-6 col-lg-6 mb30\">\n<h4 class=\"ttl_grad_blue box-shadow tC\">02. Selezione del processo di lavorazione<\/h4>\n<div class=\"list_in\">\n<div class=\"image\"><img decoding=\"async\" src=\"\/img\/cooperation\/flow_img02.jpg\" alt=\"\"><\/div>\n<dl>\n<dt>Per selezionare il\/i processo\/i di lavorazione, consideriamo:<\/dt>\n<dd>1. Qualit\u00e0 (comprese le tolleranze dimensionali, la complessit\u00e0 della forma, la finitura superficiale) e requisiti quantitativi, nonch\u00e9 il costo di lavorazione.<\/dd>\n<dd>2. Propriet\u00e0 fisiche del materiale, tra cui durezza, tenacit\u00e0, rigidit\u00e0 (modulo di Young), coefficiente di espansione termica, conduttivit\u00e0 termica e caratteristiche elettriche.<\/dd>\n<dd>3.Composizione qu\u00edmica del materiale.<\/dd>\n<\/dl>\n<p>\t\t\t\t\t\t\t<!-- \/.list_in --><\/div>\n<\/li>\n<\/ul>\n<div class=\"box_border_only mb30\">\n<h4 class=\"ttl_grad_blue box-shadow tC\">03. Accettazione dell&#8217;ordine<\/h4>\n<div class=\"list_in\">\n<div class=\"row\">\n<div class=\"col-sm-6\">\n<div class=\"image\"><img decoding=\"async\" src=\"\/img\/cooperation\/flow_img03.jpg\" alt=\"\"><\/div>\n<p>Saremo lieti di accettare i vostri ordini quando troverete il nostro servizio vantaggioso per voi. Vogliamo assicurarci che il nostro servizio sia il pi\u00f9 adatto alle vostre esigenze di lavorazione. <\/p>\n<dl>\n<dt>Presentazione di un&#8217;altra azienda di lavorazione <\/dt>\n<dd>Nel caso in cui le vostre esigenze richiedano un processo o un trattamento speciale che noi non trattiamo, saremo lieti di presentarvi altri specialisti della lavorazione. Dopo aver ricevuto i nostri recapiti, potrete contattarli direttamente.  <\/dd>\n<\/dl>\n<dl>\n<dt>Preparazione per la lavorazione di prova <\/dt>\n<dd>Nel caso in cui sia necessaria una lavorazione di prova, decideremo i processi di lavorazione, le attrezzature di lavorazione, gli utensili di lavorazione e le condizioni di lavorazione in base alle specifiche del pezzo e ai requisiti di applicazione. <br \/>\n Disponiamo di un&#8217;ampia gamma di utensili di lavorazione in magazzino. Per le lavorazioni di prova, si consiglia di eseguire la prova con gli utensili in magazzino per ottenere risultati pi\u00f9 rapidi e a costi inferiori. <\/dd>\n<\/dl>\n<p>\t\t\t\t\t\t\t\t<!-- \/.col-sm-6 --><\/div>\n<div class=\"col-sm-6\">\n<dl>\n<dt>Lavorazione di prova<\/dt>\n<dd>Tra i vari tipi di macchine, scegliamo quella pi\u00f9 efficiente per eseguire la lavorazione di prova in modo tempestivo. Il nostro operatore esperto monitorer\u00e0 la macchina durante il funzionamento per rilevare problemi e suoni come quelli prodotti da carichi di lavorazione eccessivi o vibrazioni. Una volta individuati, verranno effettuate le regolazioni per garantire un funzionamento ottimale.   <\/dd>\n<\/dl>\n<dl>\n<dt>Valutazione dei risultati<\/dt>\n<dd>Valutiamo i risultati della lavorazione di prova. Se i risultati non sono soddisfacenti, continueremo a testare fino a raggiungere i risultati desiderati. A quel punto, si mettono a punto i processi di lavorazione, gli utensili e le condizioni per procedere con la lavorazione del prodotto.  <\/dd>\n<\/dl>\n<p>\t\t\t\t\t\t\t\t<!-- \/.col-sm-6 --><\/div>\n<p>\t\t\t\t\t\t\t<!-- \/.row --><\/div>\n<p>\t\t\t\t\t\t<!-- \/.list_in --><\/div>\n<\/p><\/div>\n<ul class=\"row\">\n<li class=\"box_border_only col-sm-6\u3000col-md-6 col-lg-6\">\n<h4 class=\"ttl_grad_blue box-shadow tC\">04. Preparazione per la lavorazione del prodotto<\/h4>\n<div class=\"list_in\">\n<div class=\"image\"><img decoding=\"async\" src=\"\/img\/cooperation\/flow_img04.jpg\" alt=\"\"><\/div>\n<p>Se il progetto richiede utensili e maschere di fissaggio appositamente progettati, questi saranno preparati in questa fase.<\/p>\n<dl>\n<dt>Lavorazione del prodotto<\/dt>\n<dd>Le regolazioni finali saranno effettuate per garantire che tutti i processi di lavorazione siano eseguiti in condizioni ottimali. <br \/>\n Per ogni progetto, le macchine e gli operatori vengono scelti con cura per essere certi di poter soddisfare e superare le vostre esigenze. Se necessario, \u00e8 possibile osservare le operazioni di lavorazione. Si prega di prenotare prima della visita.  <\/dd>\n<\/dl>\n<dl>\n<dt>Ispezione \/ Garanzia di qualita&#8217;<\/dt>\n<dd>Tutti i prodotti vengono sottoposti a ispezione per garantire che vengano forniti solo quelli che soddisfano i requisiti di qualit\u00e0.<\/dd>\n<\/dl>\n<p>\t\t\t\t\t\t\t<!-- \/.list_in --><\/div>\n<\/li>\n<li class=\"box_border_only col-sm-6\u3000col-md-6 col-lg-6\">\n<h4 class=\"ttl_grad_blue box-shadow tC\">05. Consegna<\/h4>\n<div class=\"list_in\">\n<div class=\"image\"><img decoding=\"async\" src=\"\/img\/cooperation\/flow_img05.jpg\" alt=\"\"><\/div>\n<p>Tutti i prodotti vengono consegnati con rapporti di ispezione. Su richiesta, \u00e8 possibile fornire informazioni sui processi di produzione.  <\/p>\n<p>\t\t\t\t\t\t\t<!-- \/.list_in --><\/div>\n<\/li>\n<\/ul>\n<p>\t\t\t\t<!-- \/.flow_box --><\/div>\n<\/p><\/div>\n<p>\t\t<!-- container --><\/div>\n<\/section>\n<section class=\"common_area2\">\n<div class=\"common_area_top\">\n<div class=\"container\">\n<div class=\"contact_box\">\n<h3>Siamo lieti di aiutare la vostra ricerca e sviluppo con la nostra tecnologia di lavorazione ad alta precisione e il nostro suggerimento di materiali ultra duri.<\/h3>\n<div class=\"row\">\n<div class=\"contact_box_l col-sm-6\">\n<div class=\"logo\"><img decoding=\"async\" src=\"\/common\/img\/ico\/common_logo_ico.png\" alt=\"\"><\/div>\n<div class=\"text_area\">\n<h4>Top Seiko Co., Ltd.<\/h4>\n<p>\n 1197-4, Hosoe-cho, Nagahama City,<br \/>Shiga Pref., 526-0105 Japan <br \/>\n\t\t\t\t\t\t\t\t\t<a href=\"company\/address\/\" class=\"access_map_link\">[ Access Map ]<\/a>\n\t\t\t\t\t\t\t\t<\/p>\n<p>\t\t\t\t\t\t\t<!-- \/.text_area --><\/div>\n<p>\t\t\t\t\t\t<!-- \/.contact_box_logo col-sm-6 --><\/div>\n<div class=\"contact_box_r col-sm-6\">\n<div class=\"tel\">\n Phone.+81-(0)749-51-9021<br \/>\n\t\t\t\t\t\t\t<!-- \/.tel --><\/div>\n<div class=\"fax\">\n FAX.+81-(0)749-51-9022<br \/>\n\t\t\t\t\t\t\t<!-- \/.fax --><\/div>\n<div class=\"contact_btn btn_grad_blue2\">\n\t\t\t\t\t\t\t\t<a href=\"..\/contact\"> Inquiry<\/a><br \/>\n\t\t\t\t\t\t\t<!-- \/.contact_btn --><\/div>\n<div class=\"contact_btn btn_grad_blue\">\n\t\t\t\t\t\t\t\t<a href=\"..\/download\">Documents Download<\/a><br \/>\n\t\t\t\t\t\t\t<!-- \/.contact_btn --><\/div>\n<p>\t\t\t\t\t\t<!-- \/.contact_box_other --><\/div>\n<p>\t\t\t\t\t<!-- \/.row --><\/div>\n<p>\t\t\t\t<!-- \/.contact_box --><\/div>\n<p>\t\t\t<!-- \/.container --><\/div>\n<p>\t\t<!-- \/.common_area_top --><\/div>\n<p>\t<!-- \/.common_area --><\/section>\n<\/article>\n","protected":false},"excerpt":{"rendered":"<p>Supporto nello sviluppo del prodotto Con le nostre macchine pi\u00f9 recenti, vari tipi di strumenti di lavorazione in magazzino e ingegneri e operatori di macchinari esperti, aiutiamo i nostri clienti ad avviare i loro progetti di sviluppo del prodotto il pi\u00f9 rapidamente possibile. Potete contare su di noi per le vostre esigenze di lavorazione di prototipi a basso volume e di produzione ad alto volume. Per le vostre esigenze di lavorazione pi\u00f9 complesse, eseguiamo lavorazioni di prova: in base ai risultati del test, decidiamo le migliori condizioni di lavorazione per soddisfare e superare i vostri requisiti pi\u00f9 difficili. Eseguiamo i test fino a ottenere i risultati desiderati. Approfittate della forza [&hellip;]<\/p>\n","protected":false},"author":1,"featured_media":0,"parent":0,"menu_order":0,"comment_status":"closed","ping_status":"closed","template":"","meta":{"om_disable_all_campaigns":false,"_monsterinsights_skip_tracking":false,"_monsterinsights_sitenote_active":false,"_monsterinsights_sitenote_note":"","_monsterinsights_sitenote_category":0,"footnotes":""},"aioseo_notices":[],"_links":{"self":[{"href":"https:\/\/top-seiko.com\/it\/wp-json\/wp\/v2\/pages\/8547"}],"collection":[{"href":"https:\/\/top-seiko.com\/it\/wp-json\/wp\/v2\/pages"}],"about":[{"href":"https:\/\/top-seiko.com\/it\/wp-json\/wp\/v2\/types\/page"}],"author":[{"embeddable":true,"href":"https:\/\/top-seiko.com\/it\/wp-json\/wp\/v2\/users\/1"}],"replies":[{"embeddable":true,"href":"https:\/\/top-seiko.com\/it\/wp-json\/wp\/v2\/comments?post=8547"}],"version-history":[{"count":2,"href":"https:\/\/top-seiko.com\/it\/wp-json\/wp\/v2\/pages\/8547\/revisions"}],"predecessor-version":[{"id":8549,"href":"https:\/\/top-seiko.com\/it\/wp-json\/wp\/v2\/pages\/8547\/revisions\/8549"}],"wp:attachment":[{"href":"https:\/\/top-seiko.com\/it\/wp-json\/wp\/v2\/media?parent=8547"}],"curies":[{"name":"wp","href":"https:\/\/api.w.org\/{rel}","templated":true}]}}