{"id":8561,"date":"2016-09-08T14:01:12","date_gmt":"2016-09-08T05:01:12","guid":{"rendered":"https:\/\/top-seiko.com\/servizi-di-lavorazione-di-precisione-per-materiali-ultra-duri\/"},"modified":"2023-10-23T18:03:17","modified_gmt":"2023-10-23T09:03:17","slug":"technology","status":"publish","type":"page","link":"https:\/\/top-seiko.com\/it\/technology\/","title":{"rendered":"Lavorazioni meccaniche di precisione conto terzi"},"content":{"rendered":"<article class=\"m-technology\">\n\t<!-- \u52a0\u5de5\u6280\u8853\u7d39\u4ecb --><\/p>\n<section class=\"technology\">\n<div class=\"container\">\n<h2 class=\"ttl01\">\n\t\t\t\t<span class=\"ja\">Lavorazioni meccaniche di precisione conto terzi di materiali superduri<\/span><br \/>\n\t\t\t<\/h2>\n<div class=\"contents_top box-shadow row\">\n<div class=\"contents_top_text col-sm-7\">\n<p><strong>&#8220;Molti pezzi complessi vengono realizzati in materiali metallici comuni. Ma noi realizziamo gli stessi pezzi attraverso lavorazioni meccaniche di precisione per materiali superduri&#8221;<\/strong><br \/>\n Con questo motto, Top Seiko si \u00e8 specializzata in materiali superduri come ceramiche avanzate, vetri, metalli refrattari e materiali ad alte prestazioni di nuova concezione come i materiali compositi. In base alle caratteristiche di lavorabilit\u00e0 di ciascun materiale e alla complessit\u00e0 della forma del pezzo, determiniamo il metodo di produzione pi\u00f9 adatto utilizzando approcci fisici e chimici. <\/p>\n<p>Siamo anche esperti nella progettazione di utensili di lavorazione in grado di massimizzare la produttivit\u00e0 mantenendo la massima qualit\u00e0 dei prodotti. La maggior parte di questi utensili viene prodotta da aziende produttrici di utensili secondo le nostre specifiche. In caso contrario, li produciamo noi stessi.  <\/p>\n<p>Ricerchiamo e investiamo continuamente in nuove tecnologie per offrire ai nostri clienti servizi di lavorazione della massima qualit\u00e0. Inoltre, eseguiamo regolarmente lavorazioni di prova per raccogliere dati e ampliare ulteriormente le nostre capacit\u00e0. <\/p>\n<\/p><\/div>\n<div class=\"contents_img col-sm-5 tC\">\n\t\t\t\t\t<img decoding=\"async\" src=\"\/img\/technology\/technology_img01.jpg\" alt=\"\">\n\t\t\t\t<\/div>\n<p>\t\t\t<!-- \/.contents_top --><\/div>\n<ul class=\"tech_kind row\">\n<li class=\"tech_kind_box col-sm-6\">\n<div class=\"tech_kind_box_in row\">\n<div class=\"left col-sm-6\">\n<h4>Lavorazioni meccaniche complesse e in 3D<\/h4>\n<div><img decoding=\"async\" src=\"\/img\/index\/index_tech_img01.jpg\" alt=\"\"><\/div>\n<\/p><\/div>\n<div class=\"tech_kind_box_in2 col-sm-6\">\n<p>Con le tecnologie pi\u00f9 recenti, come il centro di fresatura ad alta velocit\u00e0 con azionamento a motore lineare e i macchinari di lavoro a 5 assi, Top Seiko offre un servizio di lavorazione meccanica personalizzata di precisione per materiali ultra duri. Siamo specializzati nella lavorazione complessa e di precisione di forme sagomate complicate, scanalature, gradini\/forme rialzate, controforature, filettature, fori diritti\/conici, ed altro, in ceramica, vetro e metalli refrattari. Il servizio di lavorazione 3D \u00e8 disponibile per la ceramica e il molibdeno.  <\/p>\n<div class=\"detail_btn tC\">\n\t\t\t\t\t\t\t\t<a href=\"tech01\/\"><\/a>\n\t\t\t\t\t\t<\/div>\n<p>\t\t\t\t\t<!-- \/.tech_kind_box_in2 --><\/div>\n<p>\t\t\t\t<!-- \/.tech_kind_box_in --><\/div>\n<p>\t\t\t\t<!-- \/.tech_kind_box.col-sm-6 --><\/li>\n<li class=\"tech_kind_box col-sm-6\">\n<div class=\"tech_kind_box_in row\">\n<div class=\"left col-sm-6\">\n<h4>Alta precisione \/ Microlavorazione<\/h4>\n<div><img decoding=\"async\" src=\"\/img\/index\/index_tech_img02.jpg\" alt=\"\"><\/div>\n<\/p><\/div>\n<div class=\"tech_kind_box_in2 col-sm-6\">\n<p>&#8220;Affrontare le sfide della lavorazione meccanica in modo logico con approcci fisici e chimici&#8221; \u00e8 il nostro motto. <br \/>\n\t\t\t\t\t\t\t\t&#8220;In qualit\u00e0 di fornitore leader del settore, siamo in grado di fornire servizi di microlavorazione e alta precisione per un&#8217;ampia variet\u00e0 di materiali duri esotici. Grazie alla nostra profonda conoscenza di questi materiali, alle macchine e agli strumenti di precisione all&#8217;avanguardia, agli ingegneri esperti e agli operatori di macchina ben addestrati, realizziamo pezzi lavorati su misura con una precisione fino al micrometro. &#8221; <br \/>\n\t\t\t\t\t\t\t\tDisponiamo anche di strumenti di misura che ci permettono di garantire la precisione dimensionale di ogni pezzo lavorato.<\/p>\n<div class=\"detail_btn tC\">\n\t\t\t\t\t\t\t\t<a href=\"tech02\/\"><\/a>\n\t\t\t\t\t\t<\/div>\n<p>\t\t\t\t\t<!-- \/.tech_kind_box_in2 --><\/div>\n<p>\t\t\t\t<!-- \/.tech_kind_box_in --><\/div>\n<p>\t\t\t\t<!-- \/.tech_kind_box.col-sm-6 --><\/li>\n<li class=\"tech_kind_box col-sm-6\">\n<div class=\"tech_kind_box_in row\">\n<div class=\"left col-sm-6\">\n<h4>Foratura<\/h4>\n<div><img decoding=\"async\" src=\"\/img\/index\/index_tech_img03.jpg\" alt=\"\"><\/div>\n<\/p><\/div>\n<div class=\"tech_kind_box_in2 col-sm-6\">\n<p>La foratura di materiali duri \u00e8 la nostra specialit\u00e0. Fori di precisione, microfori e fori multipli possono essere lavorati in ceramica, vetro e metalli refrattari come tungsteno, molibdeno e tantalio.  <br \/>Progettiamo strumenti di lavorazione per eseguire fori precisi in base alle vostre esigenze; basta comunicarci il diametro, la profondit\u00e0, le tolleranze o altre caratteristiche dei fori di cui avete bisogno!<\/p>\n<div class=\"detail_btn tC\">\n\t\t\t\t\t\t\t\t<a href=\"tech03\/\"><\/a>\n\t\t\t\t\t\t<\/div>\n<p>\t\t\t\t\t<!-- \/.tech_kind_box_in2 --><\/div>\n<p>\t\t\t\t<!-- \/.tech_kind_box_in --><\/div>\n<p>\t\t\t\t<!-- \/.tech_kind_box.col-sm-6 --><\/li>\n<li class=\"tech_kind_box col-sm-6\">\n<div class=\"tech_kind_box_in row\">\n<div class=\"left col-sm-6\">\n<h4>Foratura profonda<\/h4>\n<div><img decoding=\"async\" src=\"\/img\/index\/index_tech_img04.jpg\" alt=\"\"><\/div>\n<\/p><\/div>\n<div class=\"tech_kind_box_in2 col-sm-6\">\n<p>Con gli strumenti di lavorazione ordinati su misura e progettati dal nostro team di ingegneri, siamo orgogliosi di praticare fori diritti profondi e fori conici lunghi in materiali ultra duri come la ceramica avanzata, il vetro di silice fuso (quarzo fuso), il molibdeno e il tungsteno. <br \/>\n\t\t\t\t\t\t\t\tLe chiavi del successo nella perforazione di fori profondi sono; 1. Tenere la punta diritta, 2. Sciacquare i trucioli fuori dal foro ed evitare l&#8217;accumulo di trucioli sul fondo del foro. E sappiamo esattamente come farli!<\/p>\n<div class=\"detail_btn tC\">\n\t\t\t\t\t\t\t\t<a href=\"tech03\/\"><\/a>\n\t\t\t\t\t\t<\/div>\n<p>\t\t\t\t\t<!-- \/.tech_kind_box_in2 --><\/div>\n<p>\t\t\t\t<!-- \/.tech_kind_box_in --><\/div>\n<p>\t\t\t\t<!-- \/.tech_kind_box.col-sm-6 --><\/li>\n<p>\t\t\t<!-- \/.tech_kind --><\/ul>\n<div class=\"technology_bottom\">\n<ul class=\"technology_bottom_list\">\n<li class=\"col-sm-6 btn_grad_blue\"><a href=\"..\/works\/material-cat\/ceramics\/#comparison\">Confronto tra I processi dopo la sinterizzazione<i class=\"fa fa-caret-right\" aria-hidden=\"true\"><\/i><\/a><\/li>\n<p>\t\t\t\t\t<!--\n\n<li class=\"col-sm-6 btn_grad_blue\"><a href=\"..\/works\/material-cat\/ceramics\/\">\u7d20\u6750\u3054\u3068\u306e\u52a0\u5de5\u53ef\u80fd\u306a\u76ee\u5b89<i class=\"fa fa-caret-right\" aria-hidden=\"true\"><\/i><\/a><\/li>\n\n-->\n\t\t\t\t<\/ul>\n<\/p><\/div>\n<p>\t\t<!-- container --><\/div>\n<\/section>\n<\/article>\n","protected":false},"excerpt":{"rendered":"<p>Lavorazioni meccaniche di precisione conto terzi di materiali superduri &#8220;Molti pezzi complessi vengono realizzati in materiali metallici comuni. Ma noi realizziamo gli stessi pezzi attraverso lavorazioni meccaniche di precisione per materiali superduri&#8221; Con questo motto, Top Seiko si \u00e8 specializzata in materiali superduri come ceramiche avanzate, vetri, metalli refrattari e materiali ad alte prestazioni di nuova concezione come i materiali compositi. In base alle caratteristiche di lavorabilit\u00e0 di ciascun materiale e alla complessit\u00e0 della forma del pezzo, determiniamo il metodo di produzione pi\u00f9 adatto utilizzando approcci fisici e chimici. Siamo anche esperti nella progettazione di utensili di lavorazione in grado di massimizzare la produttivit\u00e0 mantenendo la massima qualit\u00e0 dei prodotti. [&hellip;]<\/p>\n","protected":false},"author":1,"featured_media":0,"parent":0,"menu_order":0,"comment_status":"closed","ping_status":"closed","template":"","meta":{"om_disable_all_campaigns":false,"_monsterinsights_skip_tracking":false,"_monsterinsights_sitenote_active":false,"_monsterinsights_sitenote_note":"","_monsterinsights_sitenote_category":0,"footnotes":""},"aioseo_notices":[],"_links":{"self":[{"href":"https:\/\/top-seiko.com\/it\/wp-json\/wp\/v2\/pages\/8561"}],"collection":[{"href":"https:\/\/top-seiko.com\/it\/wp-json\/wp\/v2\/pages"}],"about":[{"href":"https:\/\/top-seiko.com\/it\/wp-json\/wp\/v2\/types\/page"}],"author":[{"embeddable":true,"href":"https:\/\/top-seiko.com\/it\/wp-json\/wp\/v2\/users\/1"}],"replies":[{"embeddable":true,"href":"https:\/\/top-seiko.com\/it\/wp-json\/wp\/v2\/comments?post=8561"}],"version-history":[{"count":11,"href":"https:\/\/top-seiko.com\/it\/wp-json\/wp\/v2\/pages\/8561\/revisions"}],"predecessor-version":[{"id":10038,"href":"https:\/\/top-seiko.com\/it\/wp-json\/wp\/v2\/pages\/8561\/revisions\/10038"}],"wp:attachment":[{"href":"https:\/\/top-seiko.com\/it\/wp-json\/wp\/v2\/media?parent=8561"}],"curies":[{"name":"wp","href":"https:\/\/api.w.org\/{rel}","templated":true}]}}