{"id":8625,"date":"2016-09-08T14:10:51","date_gmt":"2016-09-08T05:10:51","guid":{"rendered":"https:\/\/top-seiko.com\/technology\/foratura\/"},"modified":"2023-01-17T18:52:00","modified_gmt":"2023-01-17T09:52:00","slug":"tech03","status":"publish","type":"page","link":"https:\/\/top-seiko.com\/it\/technology\/tech03\/","title":{"rendered":"Foratura"},"content":{"rendered":"<article class=\"m-tech03\">\n\t<!-- \u52a0\u5de5\u6280\u8853\u7d39\u4ecb --><\/p>\n<section class=\"technology\">\n<div class=\"container\">\n<h2 class=\"ttl01\"><span class=\"ja\">Foratura &#8211; Foratura di precisione e a fori multipli <\/span><\/h2>\n<div class=\"contents_top box-shadow row\">\n<div class=\"contents_top_text col-sm-7\">\n<p>Molti pezzi richiedono un processo di foratura. \u00c8 uno dei processi di lavorazione pi\u00f9 comune e basilare. Ogni foro praticato di solito svolge un ruolo importante per il funzionamento del pezzo e deve essere prodotto esattamente secondo le specifiche. Quando si eseguono pi\u00f9 fori in un pezzo, \u00e8 importante impostare condizioni di foratura adeguate per mantenere una lavorazione stabile, perch\u00e9 un singolo errore in un foro pu\u00f2 rovinare l&#8217;intero pezzo.    <br \/>&#8220;Noi di Top Seiko quantifichiamo il carico di foratura misurando il carico dell&#8217;utensile per sviluppare lo strumento di foratura pi\u00f9 adatto e stabilire le condizioni di lavorazione ottimali. &#8221; <\/p>\n<\/p><\/div>\n<div class=\"contents_img img_frame col-sm-5 tC\">\n\t\t\t\t\t<img decoding=\"async\" src=\"\/img\/technology\/tech03\/tech03_img01.jpg\" alt=\"\"><\/p>\n<div class=\"frame\"><\/div>\n<\/p><\/div>\n<p>\t\t\t<!-- \/.contents_top --><\/div>\n<div class=\"detail_area_in box-shadow\">\n<table class=\"processing_table table-responsive2\">\n<tr>\n<th>Materiali compatibili con i nostri servizi di foratura<\/th>\n<td>Advanced Ceramics, Fused Silica Glass (Fused Quartz), Glass Ceramics, Borosilicate Glass (Tempax), Silicon, Machinable Ceramics, Metal Ceramic Composite Materials, Molybdenum, Tungsten, and Tantalum.\n\t\t\t\t\t\t<\/td>\n<\/tr>\n<tr>\n<th>Capacit\u00e0 di perforazione<\/th>\n<td>\n Diametro del foro: microfori, fori di piccolo diametro, fori di medie e grandi dimensioni <br \/>\n Profondit\u00e0 del foro: 0,05~400 mm<br \/>\n Forme del foro: fori diritti, conici, quadrati e filettati<br \/>\n Precisione del diametro del foro: \u00b10,005~0,1 mm<br \/>\n Numero di fori per parte: 1~5,000\n\t\t\t\t\t\t<\/td>\n<\/tr>\n<tr>\n<th>Le macchine che utilizziamo<\/th>\n<td>\n Centri di lavoro: Centri di lavoro a 3 assi \/ 5 assi con sistemi di raffreddamento di tipo center-through*, <br \/>\n e centri di lavoro a motore lineare ad alta velocit\u00e0<br \/>\n Torni combinati<br \/>\n Macchina per elettroerosione a foratura<br \/>\n Macchina per elettroerosione a filo <br \/>\n *Il sistema di raffreddamento di tipo center-through fornisce refrigerante ad alta pressione alla punta dell&#8217;utensile attraverso il foro nel mandrino e nell&#8217;utensile per un&#8217;efficace evacuazione dei trucioli, il raffreddamento e il prolungamento della durata dell&#8217;utensile.\n\t\t\t\t\t\t<\/td>\n<\/tr>\n<tr>\n<th>Materiali degli utensili di foratura<\/th>\n<td>\n carburo di tungsteno, grani di diamante, diamante monocristallino, rivestimento di diamante e compax.\n\t\t\t\t\t\t<\/td>\n<\/tr>\n<\/table>\n<div class=\"indication\">\n<h3 class=\"ttl03\">Capacit\u00e0 di lavorazione Top Seiko per ogni materiale<\/h3>\n<div class=\"indication_area\">\n<h4 class=\"ttl04\">Ceramiche lavorabili<\/h4>\n<div class=\"table-responsive\">\n<table class=\"table_style2\">\n<tr>\n<th>Diametro del foro (mm)<\/th>\n<th>Rapporto massimo profondit\u00e0\/diametro (mm)<\/th>\n<th>Rapporto massimo profondit\u00e0\/diametro (mm)<\/th>\n<th>Numero massimo di fori<\/th>\n<\/tr>\n<tr>\n<td>0.05~0.1<\/td>\n<td>10:1<\/td>\n<td>\u00b10.005~\u00b10.01<\/td>\n<td>100~5,000<\/td>\n<\/tr>\n<tr>\n<td>0.1~0.2<\/td>\n<td>10:1<\/td>\n<td>\u00b10.005~\u00b10.02<\/td>\n<td>5,000<\/td>\n<\/tr>\n<tr>\n<td>0.2~1.0<\/td>\n<td>20:1<\/td>\n<td>\u00b10.005~\u00b10.02<\/td>\n<td>5,000<\/td>\n<\/tr>\n<tr>\n<td>1.0~<\/td>\n<td>30:1<\/td>\n<td>\u00b10.005~\u00b10.05<\/td>\n<td>5,000<\/td>\n<\/tr>\n<\/table><\/div>\n<p>L&#8217;allumina, come altre ceramiche avanzate, \u00e8 molto dura e fragile, rendendo impossibile o troppo costosa la produzione di alcuni pezzi. Grazie alla loro superiore lavorabilit\u00e0, le ceramiche lavorabili possono essere un eccellente sostituto dell&#8217;allumina o di altri materiali duri. Sebbene ogni ceramica lavorabile abbia propriet\u00e0 uniche, \u00e8 possibile trovare quella che soddisfa i requisiti di propriet\u00e0 e costo. Esistono molti casi di successo di sostituzione di questi materiali   <\/p>\n<ul class=\"row\">\n<li class=\"col-sm-3\">\n\t\t\t\t\t\t\t\t<a href=\"\/img\/technology\/tech03\/tech03_img02.jpg\" data-lightbox=\"tech03\" data-title=\"Machining Example\" class=\"hover\"><br \/>\n\t\t\t\t\t\t\t\t\t<img decoding=\"async\" src=\"\/img\/technology\/tech03\/tech03_img02.jpg\" alt=\"\"><br \/>\n\t\t\t\t\t\t\t\t<\/a>\n\t\t\t\t\t\t\t<\/li>\n<\/ul><\/div>\n<div class=\"indication_area\">\n<h4 class=\"ttl04\">Vetro di silice fuso (quarzo fuso), vetro borosilicato, silicone<\/h4>\n<div class=\"table-responsive\">\n<table class=\"table_style2\">\n<tr>\n<th>Diametro del foro (mm)<\/th>\n<th>Rapporto massimo profondit\u00e0\/diametro (mm)<\/th>\n<th>Precisione del diametro del foro (mm)<\/th>\n<th>Numero massimo di fori<\/th>\n<\/tr>\n<tr>\n<td>0.05~0.1<\/td>\n<td>10:1<\/td>\n<td>\u00b10.005\uff5e\u00b10.01<\/td>\n<td>10\uff5e200<\/td>\n<\/tr>\n<tr>\n<td>0.1\uff5e0.2<\/td>\n<td>10:1<\/td>\n<td>\u00b10.005~\u00b10.01<\/td>\n<td>200\uff5e500<\/td>\n<\/tr>\n<tr>\n<td>0.2\uff5e0.4<\/td>\n<td>20:1<\/td>\n<td>\u00b10.005~\u00b10.05<\/td>\n<td>500\uff5e2,000<\/td>\n<\/tr>\n<tr>\n<td>0.4\uff5e1.5<\/td>\n<td>30:1<\/td>\n<td>\u00b10.01\uff5e\u00b10.05<\/td>\n<td>2000\uff5e5,000<\/td>\n<\/tr>\n<tr>\n<td>1.5\uff5e<\/td>\n<td>30:1<\/td>\n<td>\u00b10.01\uff5e\u00b10.05<\/td>\n<td>5,000<\/td>\n<\/tr>\n<\/table><\/div>\n<ul class=\"row\">\n<li class=\"col-sm-3\">\n\t\t\t\t\t\t\t\t<a href=\"\/img\/technology\/tech03\/tech03_img03.jpg\" data-lightbox=\"tech03\" data-title=\"Machining Example\" class=\"hover\"><br \/>\n\t\t\t\t\t\t\t\t\t<img decoding=\"async\" src=\"\/img\/technology\/tech03\/tech03_img03.jpg\" alt=\"\"><br \/>\n\t\t\t\t\t\t\t\t<\/a>\n\t\t\t\t\t\t\t<\/li>\n<li class=\"col-sm-3\">\n\t\t\t\t\t\t\t\t<a href=\"\/img\/technology\/tech03\/tech03_img04.jpg\" data-lightbox=\"tech03\" data-title=\"Machining Example\" class=\"hover\"><br \/>\n\t\t\t\t\t\t\t\t\t<img decoding=\"async\" src=\"\/img\/technology\/tech03\/tech03_img04.jpg\" alt=\"\"><br \/>\n\t\t\t\t\t\t\t\t<\/a>\n\t\t\t\t\t\t\t<\/li>\n<\/ul><\/div>\n<div class=\"indication_area\">\n<h4 class=\"ttl04\">Alumine ,Nitruro di alluminio (AIN)<\/h4>\n<div class=\"table-responsive\">\n<table class=\"table_style2\">\n<tr>\n<th>Diametro del foro (mm)<\/th>\n<th>Rapporto massimo profondit\u00e0\/diametro (mm)<\/th>\n<th>Precisione del diametro del foro (mm)<\/th>\n<th>Numero massimo di fori<\/th>\n<\/tr>\n<tr>\n<td>0.05\uff5e0.1<\/td>\n<td>10:1<\/td>\n<td>\u00b10.005\uff5e\u00b10.01<\/td>\n<td>50<\/td>\n<\/tr>\n<tr>\n<td>0.1\uff5e0.2<\/td>\n<td>10:1<\/td>\n<td>\u00b10.005\uff5e\u00b10.02<\/td>\n<td>50\uff5e100<\/td>\n<\/tr>\n<tr>\n<td>0.2\uff5e0.4<\/td>\n<td>20:1<\/td>\n<td>\u00b10.005~\u00b10.05<\/td>\n<td>100\uff5e500<\/td>\n<\/tr>\n<tr>\n<td>0.4\uff5e1.5<\/td>\n<td>30:1<\/td>\n<td>\u00b10.005\uff5e\u00b10.05<\/td>\n<td>500\uff5e3,000<\/td>\n<\/tr>\n<tr>\n<td>1.5\uff5e<\/td>\n<td>30:1<\/td>\n<td>\u00b10.005\uff5e\u00b10.1<\/td>\n<td>500\uff5e3,000<\/td>\n<\/tr>\n<\/table><\/div>\n<ul class=\"row\">\n<li class=\"col-sm-3\">\n\t\t\t\t\t\t\t\t<a href=\"\/img\/technology\/tech03\/tech03_img05.jpg\" data-lightbox=\"tech03\" data-title=\"Machining Example\" class=\"hover\"><br \/>\n\t\t\t\t\t\t\t\t\t<img decoding=\"async\" src=\"\/img\/technology\/tech03\/tech03_img05.jpg\" alt=\"\"><br \/>\n\t\t\t\t\t\t\t\t<\/a>\n\t\t\t\t\t\t\t<\/li>\n<li class=\"col-sm-3\">\n\t\t\t\t\t\t\t\t<a href=\"\/img\/technology\/tech03\/tech03_img06.jpg\" data-lightbox=\"tech03\" data-title=\"Machining Example\" class=\"hover\"><br \/>\n\t\t\t\t\t\t\t\t\t<img decoding=\"async\" src=\"\/img\/technology\/tech03\/tech03_img06.jpg\" alt=\"\"><br \/>\n\t\t\t\t\t\t\t\t<\/a>\n\t\t\t\t\t\t\t<\/li>\n<\/ul><\/div>\n<div class=\"indication_area\">\n<h4 class=\"ttl04\">Carburo di silicio, Zirconia, Nitruro di silicio<\/h4>\n<div class=\"table-responsive\">\n<table class=\"table_style2\">\n<tr>\n<th>Diametro del foro (mm)<\/th>\n<th>Rapporto massimo profondit\u00e0\/diametro (mm)<\/th>\n<th>Precisione del diametro del foro (mm)<\/th>\n<th>Numero massimo di fori<\/th>\n<\/tr>\n<tr>\n<td>0.1\uff5e0.3<\/td>\n<td>10:1<\/td>\n<td>\u00b10.01\uff5e\u00b10.05<\/td>\n<td>20<\/td>\n<\/tr>\n<tr>\n<td>0.3\uff5e0.5<\/td>\n<td>10:1<\/td>\n<td>\u00b10.01\uff5e\u00b10.05<\/td>\n<td>50<\/td>\n<\/tr>\n<tr>\n<td>0.5\uff5e1.5<\/td>\n<td>20:1<\/td>\n<td>\u00b10.01\uff5e\u00b10.05<\/td>\n<td>50\uff5e100<\/td>\n<\/tr>\n<tr>\n<td>1.5\uff5e<\/td>\n<td>20:1<\/td>\n<td>\u00b10.01\uff5e\u00b10.05<\/td>\n<td>200<\/td>\n<\/tr>\n<\/table><\/div>\n<ul class=\"row\">\n<li class=\"col-sm-3\">\n\t\t\t\t\t\t\t\t<a href=\"\/img\/technology\/tech03\/tech03_img07.jpg\" data-lightbox=\"tech03\" data-title=\"Machining Example\" class=\"hover\"><br \/>\n\t\t\t\t\t\t\t\t\t<img decoding=\"async\" src=\"\/img\/technology\/tech03\/tech03_img07.jpg\" alt=\"\"><br \/>\n\t\t\t\t\t\t\t\t<\/a>\n\t\t\t\t\t\t\t<\/li>\n<li class=\"col-sm-3\">\n\t\t\t\t\t\t\t\t<a href=\"\/img\/technology\/tech03\/tech03_img08.jpg\" data-lightbox=\"tech03\" data-title=\"Machining Example\" class=\"hover\"><br \/>\n\t\t\t\t\t\t\t\t\t<img decoding=\"async\" src=\"\/img\/technology\/tech03\/tech03_img08.jpg\" alt=\"\"><br \/>\n\t\t\t\t\t\t\t\t<\/a>\n\t\t\t\t\t\t\t<\/li>\n<li class=\"col-sm-3\">\n\t\t\t\t\t\t\t\t<a href=\"\/img\/technology\/tech03\/tech03_img09.jpg\" data-lightbox=\"tech03\" data-title=\"Machining Example\" class=\"hover\"><br \/>\n\t\t\t\t\t\t\t\t\t<img decoding=\"async\" src=\"\/img\/technology\/tech03\/tech03_img09.jpg\" alt=\"\"><br \/>\n\t\t\t\t\t\t\t\t<\/a>\n\t\t\t\t\t\t\t<\/li>\n<\/ul><\/div>\n<div class=\"indication_area\">\n<h4 class=\"ttl04\">Molibdeno, Tantalio<\/h4>\n<div class=\"table-responsive\">\n<table class=\"table_style2\">\n<tr>\n<th>Diametro del foro (mm)<\/th>\n<th>Rapporto massimo profondit\u00e0\/diametro (mm)<\/th>\n<th>Precisione del diametro del foro (mm)<\/th>\n<th>Numero massimo di fori<\/th>\n<\/tr>\n<tr>\n<td>0.05<\/td>\n<td>10:1<\/td>\n<td>\u00b10.005\uff5e\u00b10.01<\/td>\n<td>100<\/td>\n<\/tr>\n<tr>\n<td>0.05\uff5e0.2<\/td>\n<td>10:1<\/td>\n<td>\u00b10.005\uff5e\u00b10.01<\/td>\n<td>100\uff5e500<\/td>\n<\/tr>\n<tr>\n<td>0.2\uff5e2.0<\/td>\n<td>20:1<\/td>\n<td>\u00b10.01\uff5e\u00b10.05<\/td>\n<td>500\uff5e3,000<\/td>\n<\/tr>\n<tr>\n<td>2.0\uff5e<\/td>\n<td>30:1<\/td>\n<td>\u00b10.01\uff5e\u00b10.05<\/td>\n<td>3,000<\/td>\n<\/tr>\n<\/table><\/div>\n<ul class=\"row\">\n<li class=\"col-sm-3\">\n\t\t\t\t\t\t\t\t<a href=\"\/img\/technology\/tech03\/tech03_img10.jpg\" data-lightbox=\"tech03\" data-title=\"Machining Example\" class=\"hover\"><br \/>\n\t\t\t\t\t\t\t\t\t<img decoding=\"async\" src=\"\/img\/technology\/tech03\/tech03_img10.jpg\" alt=\"\"><br \/>\n\t\t\t\t\t\t\t\t<\/a>\n\t\t\t\t\t\t\t<\/li>\n<li class=\"col-sm-3\">\n\t\t\t\t\t\t\t\t<a href=\"\/img\/technology\/tech03\/tech03_img11.jpg\" data-lightbox=\"tech03\" data-title=\"Machining Example\" class=\"hover\"><br \/>\n\t\t\t\t\t\t\t\t\t<img decoding=\"async\" src=\"\/img\/technology\/tech03\/tech03_img11.jpg\" alt=\"\"><br \/>\n\t\t\t\t\t\t\t\t<\/a>\n\t\t\t\t\t\t\t<\/li>\n<\/ul><\/div>\n<div class=\"indication_area\">\n<h4 class=\"ttl04\">Tungsteno<\/h4>\n<div class=\"table-responsive\">\n<table class=\"table_style2\">\n<tr>\n<th>Diametro del foro (mm)<\/th>\n<th>Rapporto massimo profondit\u00e0\/diametro (mm)<\/th>\n<th>Precisione del diametro del foro (mm)<\/th>\n<th>Numero massimo di fori<\/th>\n<\/tr>\n<tr>\n<td>0.1\uff5e0.3<\/td>\n<td>10:1<\/td>\n<td>\u00b10.01\uff5e\u00b10.05<\/td>\n<td>20\uff5e300<\/td>\n<\/tr>\n<tr>\n<td>0.3\uff5e2.0<\/td>\n<td>20:1<\/td>\n<td>\u00b10.01\uff5e\u00b10.05<\/td>\n<td>20\uff5e300<\/td>\n<\/tr>\n<tr>\n<td>2.0\uff5e<\/td>\n<td>30:1<\/td>\n<td>\u00b10.01\uff5e\u00b10.05<\/td>\n<td>3,00<\/td>\n<\/tr>\n<\/table><\/div>\n<ul class=\"row\">\n<li class=\"col-sm-3\">\n\t\t\t\t\t\t\t\t<a href=\"\/img\/technology\/tech03\/tech03_img12.jpg\" data-lightbox=\"tech03\" data-title=\"Machining Example\" class=\"hover\"><br \/>\n\t\t\t\t\t\t\t\t\t<img decoding=\"async\" src=\"\/img\/technology\/tech03\/tech03_img12.jpg\" alt=\"\"><br \/>\n\t\t\t\t\t\t\t\t<\/a>\n\t\t\t\t\t\t\t<\/li>\n<\/ul><\/div>\n<\/p><\/div>\n<div class=\"processing_work\">\n<h3 class=\"ttl03\">Esempi di lavorazione<\/h3>\n<h4 class=\"ttl04 ml15\">Piatto doccia<\/h4>\n<p class=\"ml15\">Machining Example: \u03c60.1 x 1,650 PL for Shapal Hi M-Soft<\/p>\n<ul class=\"row\">\n<li class=\"col-sm-3 col-lg-3 col-xs-6\">\n\t\t\t\t\t\t\t<a href=\"\/img\/technology\/tech03\/case01.jpg\" data-lightbox=\"tech03\" data-title=\"Machining Example\" class=\"hover\"><br \/>\n\t\t\t\t\t\t\t\t<img decoding=\"async\" src=\"\/img\/technology\/tech03\/case01.jpg\" alt=\"\"><br \/>\n\t\t\t\t\t\t\t<\/a>\n\t\t\t\t\t\t<\/li>\n<li class=\"col-sm-3 col-lg-3 col-xs-6\">\n\t\t\t\t\t\t\t<a href=\"\/img\/technology\/tech03\/case02.jpg\" data-lightbox=\"tech03\" data-title=\"Machining Example\" class=\"hover\"><br \/>\n\t\t\t\t\t\t\t\t<img decoding=\"async\" src=\"\/img\/technology\/tech03\/case02.jpg\" alt=\"\"><br \/>\n\t\t\t\t\t\t\t<\/a>\n\t\t\t\t\t\t<\/li>\n<li class=\"col-sm-3 col-lg-3 col-xs-6\">\n\t\t\t\t\t\t\t<a href=\"\/img\/technology\/tech03\/case03.jpg\" data-lightbox=\"tech03\" data-title=\"Machining Example\" class=\"hover\"><br \/>\n\t\t\t\t\t\t\t\t<img decoding=\"async\" src=\"\/img\/technology\/tech03\/case03.jpg\" alt=\"\"><br \/>\n\t\t\t\t\t\t\t<\/a>\n\t\t\t\t\t\t<\/li>\n<\/ul>\n<h4 class=\"ttl04 ml15\">Ugello del gas<\/h4>\n<p class=\"ml15\">Machining Example: \u03c60.1 x 1,650 PL for Shapal Hi M-Soft<\/p>\n<ul class=\"row\">\n<li class=\"col-sm-3 col-lg-3 col-xs-6\">\n\t\t\t\t\t\t\t<a href=\"\/img\/technology\/tech03\/case04.jpg\" data-lightbox=\"tech03\" data-title=\"Machining Example\" class=\"hover\"><br \/>\n\t\t\t\t\t\t\t\t<img decoding=\"async\" src=\"\/img\/technology\/tech03\/case04.jpg\" alt=\"\"><br \/>\n\t\t\t\t\t\t\t<\/a>\n\t\t\t\t\t\t<\/li>\n<li class=\"col-sm-3 col-lg-3 col-xs-6\">\n\t\t\t\t\t\t\t<a href=\"\/img\/technology\/tech03\/case05.jpg\" data-lightbox=\"tech03\" data-title=\"Machining Example\" class=\"hover\"><br \/>\n\t\t\t\t\t\t\t\t<img decoding=\"async\" src=\"\/img\/technology\/tech03\/case05.jpg\" alt=\"\"><br \/>\n\t\t\t\t\t\t\t<\/a>\n\t\t\t\t\t\t<\/li>\n<li class=\"col-sm-3 col-lg-3 col-xs-6\">\n\t\t\t\t\t\t\t<a href=\"\/img\/technology\/tech03\/case06.jpg\" data-lightbox=\"tech03\" data-title=\"Machining Example\" class=\"hover\"><br \/>\n\t\t\t\t\t\t\t\t<img decoding=\"async\" src=\"\/img\/technology\/tech03\/case06.jpg\" alt=\"\"><br \/>\n\t\t\t\t\t\t\t<\/a>\n\t\t\t\t\t\t<\/li>\n<\/ul>\n<h4 class=\"ttl04 ml15\">Filtro<\/h4>\n<p class=\"ml15\">Machining Example: \u03c60.05 x 6,000 PL for Machinable Ceramics<\/p>\n<ul class=\"row\">\n<li class=\"col-sm-3 col-lg-3 col-xs-6\">\n\t\t\t\t\t\t\t<a href=\"\/img\/technology\/tech03\/case07.jpg\" data-lightbox=\"tech03\" data-title=\"Machining Example\" class=\"hover\"><br \/>\n\t\t\t\t\t\t\t\t<img decoding=\"async\" src=\"\/img\/technology\/tech03\/case07.jpg\" alt=\"\"><br \/>\n\t\t\t\t\t\t\t<\/a>\n\t\t\t\t\t\t<\/li>\n<li class=\"col-sm-3 col-lg-3 col-xs-6\">\n\t\t\t\t\t\t\t<a href=\"\/img\/technology\/tech03\/case08.jpg\" data-lightbox=\"tech03\" data-title=\"Machining Example\" class=\"hover\"><br \/>\n\t\t\t\t\t\t\t\t<img decoding=\"async\" src=\"\/img\/technology\/tech03\/case08.jpg\" alt=\"\"><br \/>\n\t\t\t\t\t\t\t<\/a>\n\t\t\t\t\t\t<\/li>\n<li class=\"col-sm-3 col-lg-3 col-xs-6\">\n\t\t\t\t\t\t\t<a href=\"\/img\/technology\/tech03\/case09.jpg\" data-lightbox=\"tech03\" data-title=\"Machining Example\" class=\"hover\"><br \/>\n\t\t\t\t\t\t\t\t<img decoding=\"async\" src=\"\/img\/technology\/tech03\/case09.jpg\" alt=\"\"><br \/>\n\t\t\t\t\t\t\t<\/a>\n\t\t\t\t\t\t<\/li>\n<\/ul>\n<h4 class=\"ttl04 ml15\">Foratura Example<\/h4>\n<p class=\"ml15\">Esempio di foratura: \u03c60,1\uff5e\u03c616,0 per lastra di allumina 99,5%<\/p>\n<ul class=\"row\">\n<li class=\"col-sm-3 col-lg-3 col-xs-6\">\n\t\t\t\t\t\t\t<a href=\"\/img\/technology\/tech03\/case10.jpg\" data-lightbox=\"tech03\" data-title=\"Machining Example\" class=\"hover\"><br \/>\n\t\t\t\t\t\t\t\t<img decoding=\"async\" src=\"\/img\/technology\/tech03\/case10.jpg\" alt=\"\"><br \/>\n\t\t\t\t\t\t\t<\/a>\n\t\t\t\t\t\t<\/li>\n<li class=\"col-sm-3 col-lg-3 col-xs-6\">\n\t\t\t\t\t\t\t<a href=\"\/img\/technology\/tech03\/case11.jpg\" data-lightbox=\"tech03\" data-title=\"Machining Example\" class=\"hover\"><br \/>\n\t\t\t\t\t\t\t\t<img decoding=\"async\" src=\"\/img\/technology\/tech03\/case11.jpg\" alt=\"\"><br \/>\n\t\t\t\t\t\t\t<\/a>\n\t\t\t\t\t\t<\/li>\n<li class=\"col-sm-3 col-lg-3 col-xs-6\">\n\t\t\t\t\t\t\t<a href=\"\/img\/technology\/tech03\/case12.jpg\" data-lightbox=\"tech03\" data-title=\"Machining Example\" class=\"hover\"><br \/>\n\t\t\t\t\t\t\t\t<img decoding=\"async\" src=\"\/img\/technology\/tech03\/case12.jpg\" alt=\"\"><br \/>\n\t\t\t\t\t\t\t<\/a>\n\t\t\t\t\t\t<\/li>\n<\/ul>\n<h4 class=\"ttl04 ml15\">Esempi di prodotti lavorati su misura<\/h4>\n<p class=\"ml15\">Foratura di microfori: \u03c60,1 x 6.000 PL<\/p>\n<ul class=\"row\">\n<li class=\"col-sm-3 col-lg-3 col-xs-6\">\n\t\t\t\t\t\t\t<a href=\"\/img\/technology\/tech03\/case13.jpg\" data-lightbox=\"tech03\" data-title=\"Machining Example\" class=\"hover\"><br \/>\n\t\t\t\t\t\t\t\t<img decoding=\"async\" src=\"\/img\/technology\/tech03\/case13.jpg\" alt=\"\"><br \/>\n\t\t\t\t\t\t\t<\/a>\n\t\t\t\t\t\t<\/li>\n<li class=\"col-sm-3 col-lg-3 col-xs-6\">\n\t\t\t\t\t\t\t<a href=\"\/img\/technology\/tech03\/case14.jpg\" data-lightbox=\"tech03\" data-title=\"Machining Example\" class=\"hover\"><br \/>\n\t\t\t\t\t\t\t\t<img decoding=\"async\" src=\"\/img\/technology\/tech03\/case14.jpg\" alt=\"\"><br \/>\n\t\t\t\t\t\t\t<\/a>\n\t\t\t\t\t\t<\/li>\n<li class=\"col-sm-3 col-lg-3 col-xs-6\">\n\t\t\t\t\t\t\t<a href=\"\/img\/technology\/tech03\/case15.jpg\" data-lightbox=\"tech03\" data-title=\"Machining Example\" class=\"hover\"><br \/>\n\t\t\t\t\t\t\t\t<img decoding=\"async\" src=\"\/img\/technology\/tech03\/case15.jpg\" alt=\"\"><br \/>\n\t\t\t\t\t\t\t<\/a>\n\t\t\t\t\t\t<\/li>\n<\/ul>\n<p class=\"ml15\">Foratura di microfori: \u03c60,1 x 3.000 PL<\/p>\n<ul class=\"row\">\n<li class=\"col-sm-3 col-lg-3 col-xs-6\">\n\t\t\t\t\t\t\t<a href=\"\/img\/technology\/tech03\/case16.jpg\" data-lightbox=\"tech03\" data-title=\"Machining Example\" class=\"hover\"><br \/>\n\t\t\t\t\t\t\t\t<img decoding=\"async\" src=\"\/img\/technology\/tech03\/case16.jpg\" alt=\"\"><br \/>\n\t\t\t\t\t\t\t<\/a>\n\t\t\t\t\t\t<\/li>\n<li class=\"col-sm-3 col-lg-3 col-xs-6\">\n\t\t\t\t\t\t\t<a href=\"\/img\/technology\/tech03\/case17.jpg\" data-lightbox=\"tech03\" data-title=\"Machining Example\" class=\"hover\"><br \/>\n\t\t\t\t\t\t\t\t<img decoding=\"async\" src=\"\/img\/technology\/tech03\/case17.jpg\" alt=\"\"><br \/>\n\t\t\t\t\t\t\t<\/a>\n\t\t\t\t\t\t<\/li>\n<li class=\"col-sm-3 col-lg-3 col-xs-6\">\n\t\t\t\t\t\t\t<a href=\"\/img\/technology\/tech03\/case18.jpg\" data-lightbox=\"tech03\" data-title=\"Machining Example\" class=\"hover\"><br \/>\n\t\t\t\t\t\t\t\t<img decoding=\"async\" src=\"\/img\/technology\/tech03\/case18.jpg\" alt=\"\"><br \/>\n\t\t\t\t\t\t<\/a>\n\t\t\t\t\t\t<\/li>\n<\/ul>\n<ul class=\"row\">\n<li class=\"col-sm-3 col-lg-3 col-xs-6\">\n\t\t\t\t\t\t\t<a href=\"\/img\/technology\/tech03\/case19.jpg\" data-lightbox=\"tech03\" data-title=\"Machining Example\" class=\"hover\"><br \/>\n\t\t\t\t\t\t\t\t<img decoding=\"async\" src=\"\/img\/technology\/tech03\/case19.jpg\" alt=\"\"><\/p>\n<p>Cupola sferica in vetro di quarzo Lavorazione della superficie sferica, \u03c61,0 x 1.820 fori vengono eseguiti dal centro di lavoro CNC a 5 assi.<\/p>\n<p>\t\t\t\t\t\t\t<\/a>\n\t\t\t\t\t\t<\/li>\n<li class=\"col-sm-3 col-lg-3 col-xs-6\">\n\t\t\t\t\t\t\t<a href=\"\/img\/technology\/tech03\/case20.jpg\" data-lightbox=\"tech03\" data-title=\"Machining Example\" class=\"hover\"><br \/>\n\t\t\t\t\t\t\t\t<img decoding=\"async\" src=\"\/img\/technology\/tech03\/case20.jpg\" alt=\"\"><\/p>\n<p>Elettrodo a forma di cupola: \u03c61,5 x 1.820 PL<\/p>\n<p>\t\t\t\t\t\t\t<\/a>\n\t\t\t\t\t\t<\/li>\n<li class=\"col-sm-3 col-lg-3 col-xs-6\">\n\t\t\t\t\t\t\t<a href=\"\/img\/technology\/tech03\/case21.jpg\" data-lightbox=\"tech03\" data-title=\"Machining Example\" class=\"hover\"><br \/>\n\t\t\t\t\t\t\t\t<img decoding=\"async\" src=\"\/img\/technology\/tech03\/case21.jpg\" alt=\"\"><\/p>\n<p>Elettrodo in molibdeno: \u03c61,0 x 600 PL<\/p>\n<p>\t\t\t\t\t\t\t<\/a>\n\t\t\t\t\t\t<\/li>\n<\/ul><\/div>\n<p>\t\t\t<!-- detail_area_in --><\/div>\n<p>\t\t<!-- container --><\/div>\n<\/section>\n<\/article>\n","protected":false},"excerpt":{"rendered":"<p>Foratura &#8211; Foratura di precisione e a fori multipli Molti pezzi richiedono un processo di foratura. \u00c8 uno dei processi di lavorazione pi\u00f9 comune e basilare. Ogni foro praticato di solito svolge un ruolo importante per il funzionamento del pezzo e deve essere prodotto esattamente secondo le specifiche. Quando si eseguono pi\u00f9 fori in un pezzo, \u00e8 importante impostare condizioni di foratura adeguate per mantenere una lavorazione stabile, perch\u00e9 un singolo errore in un foro pu\u00f2 rovinare l&#8217;intero pezzo. &#8220;Noi di Top Seiko quantifichiamo il carico di foratura misurando il carico dell&#8217;utensile per sviluppare lo strumento di foratura pi\u00f9 adatto e stabilire le condizioni di lavorazione ottimali. &#8221; Materiali compatibili [&hellip;]<\/p>\n","protected":false},"author":1,"featured_media":0,"parent":8561,"menu_order":0,"comment_status":"closed","ping_status":"closed","template":"page-tech.php","meta":{"om_disable_all_campaigns":false,"_monsterinsights_skip_tracking":false,"_monsterinsights_sitenote_active":false,"_monsterinsights_sitenote_note":"","_monsterinsights_sitenote_category":0,"footnotes":""},"aioseo_notices":[],"_links":{"self":[{"href":"https:\/\/top-seiko.com\/it\/wp-json\/wp\/v2\/pages\/8625"}],"collection":[{"href":"https:\/\/top-seiko.com\/it\/wp-json\/wp\/v2\/pages"}],"about":[{"href":"https:\/\/top-seiko.com\/it\/wp-json\/wp\/v2\/types\/page"}],"author":[{"embeddable":true,"href":"https:\/\/top-seiko.com\/it\/wp-json\/wp\/v2\/users\/1"}],"replies":[{"embeddable":true,"href":"https:\/\/top-seiko.com\/it\/wp-json\/wp\/v2\/comments?post=8625"}],"version-history":[{"count":2,"href":"https:\/\/top-seiko.com\/it\/wp-json\/wp\/v2\/pages\/8625\/revisions"}],"predecessor-version":[{"id":8627,"href":"https:\/\/top-seiko.com\/it\/wp-json\/wp\/v2\/pages\/8625\/revisions\/8627"}],"up":[{"embeddable":true,"href":"https:\/\/top-seiko.com\/it\/wp-json\/wp\/v2\/pages\/8561"}],"wp:attachment":[{"href":"https:\/\/top-seiko.com\/it\/wp-json\/wp\/v2\/media?parent=8625"}],"curies":[{"name":"wp","href":"https:\/\/api.w.org\/{rel}","templated":true}]}}