{"id":9044,"date":"2016-09-08T21:04:04","date_gmt":"2016-09-08T12:04:04","guid":{"rendered":"https:\/\/top-seiko.com\/guide\/guida-alle-caratteristiche-dei-materiali-e-alle-applicazioni\/"},"modified":"2023-04-11T18:42:58","modified_gmt":"2023-04-11T09:42:58","slug":"characteristic","status":"publish","type":"page","link":"https:\/\/top-seiko.com\/it\/guide\/characteristic\/","title":{"rendered":"Guida alle caratteristiche dei materiali e alle applicazioni:"},"content":{"rendered":"<article class=\"m-characteristic\">\n<div class=\"container\">\n<h2 class=\"ttl02\"><span class=\"ja\">Guida alle caratteristiche dei materiali e alle applicazioni:<\/span><\/h2>\n<div class=\"detail_area_in box-shadow mb50\">\n<section class=\"high_melting\">\n<h3 class=\"ttl03\">Metalli refrattari<\/h3>\n<div class=\"char_box\">\n<div class=\"row\">\n<h4 class=\"ttl04 col-sm-10 col-xs-8\">Tungsteno<\/h4>\n<p class=\"symbol col-sm-2 col-xs-4 tC\">(W) Numero atomico: 74<\/p>\n<\/p><\/div>\n<div class=\"row mb20\">\n<div class=\"char_box_l col-sm-6\">\n<h5>Propieta&#8217;<\/h5>\n<h6>*Alta resistenza al calore, alta conducibilit\u00e0 termica, alto peso specifico<\/h6>\n<table class=\"table_style\" cellspacing=\"0\" cellpadding=\"0\">\n<tbody>\n<tr>\n<th class=\"skyblue\">Punto di fusione (\u00b0C )<\/th>\n<td>3387<\/td>\n<td class=\"noborder\"><small>il pi\u00f9 alto tra tutti i metalli<\/small><\/td>\n<\/tr>\n<tr>\n<th class=\"skyblue\">Conduttivit\u00e0 termica<br \/>\n(W\/(m\u30fbK))<\/th>\n<td>172  <\/td>\n<td class=\"noborder\">&nbsp;<\/td>\n<\/tr>\n<tr>\n<th class=\"skyblue\">Coefficiente di espansione termica (\u00d710<sup>-6<\/sup>)<\/th>\n<td>4.5<br \/>\n          <\/td>\n<td class=\"noborder\"><small>il pi\u00f9 basso tra tutti i metalli<\/small><\/td>\n<\/tr>\n<tr>\n<th class=\"skyblue\">Peso specifico<\/th>\n<td>19.3  <\/td>\n<td class=\"noborder\"><small>pari all&#8217;oro<\/small><\/td>\n<\/tr>\n<tr>\n<th class=\"skyblue\">Durezza Vickers (Hv)(GPa)<\/th>\n<td>4.2<\/td>\n<td class=\"noborder\">&nbsp;<\/td>\n<\/tr>\n<tr>\n<th class=\"skyblue\">Modulo di Young(GPa)<\/th>\n<td>345<\/td>\n<td class=\"noborder\">&nbsp;<\/td>\n<\/tr>\n<\/tbody>\n<\/table><\/div>\n<div class=\"char_box_r col-sm-6\">\n<h5>Utilizzi<\/h5>\n<ul>\n<li>Filamenti per l&#8217;illuminazione, crogiolo<\/li>\n<li>Riscaldatore per forni a vuoto<\/li>\n<li>Tutti i tipi di elettrodi per lampade a scarica, contatti elettrici<\/li>\n<li>Materiale per schermi termici, elettrodi per saldatura TIG<\/li>\n<li>Componenti per dispositivi di impiantazione ionica di semiconduttori<\/li>\n<li>Bersagli per polverizzazione<\/li>\n<li>Peso di bilanciamento<\/li>\n<\/ul><\/div>\n<\/p><\/div>\n<\/p><\/div>\n<div class=\"char_box\">\n<div class=\"row\">\n<h4 class=\"ttl04 col-sm-10 col-xs-8\">Molibdeno<\/h4>\n<p class=\"symbol col-sm-2 col-xs-4 tC\">(Mo) Numero atomico: 42<\/p>\n<\/p><\/div>\n<div class=\"row mb20\">\n<div class=\"char_box_l col-sm-6\">\n<h5>Propieta&#8217;<\/h5>\n<h6>*Resistente al calore, alta conducibilit\u00e0 termica<\/h6>\n<table class=\"table_style\" cellspacing=\"0\" cellpadding=\"0\">\n<tbody>\n<tr>\n<th class=\"skyblue\">Punto di fusione (\u00b0C )<\/th>\n<td>2623<\/td>\n<\/tr>\n<tr>\n<th class=\"skyblue\">Conduttivit\u00e0 termica<br \/>\n(W\/(m\u30fbK))<\/th>\n<td>142<\/td>\n<\/tr>\n<tr>\n<th class=\"skyblue\">Coefficiente di espansione termica (\u00d710<sup>-6<\/sup>)<\/th>\n<td>5.3<\/td>\n<\/tr>\n<tr>\n<th class=\"skyblue\">Peso specifico<\/th>\n<td>10.2<\/td>\n<\/tr>\n<tr>\n<th class=\"skyblue\">Durezza Vickers (Hv)(GPa)<\/th>\n<td>2.6<\/td>\n<\/tr>\n<tr>\n<th class=\"skyblue\">Modulo di Young(GPa)<\/th>\n<td>276<\/td>\n<\/tr>\n<\/tbody>\n<\/table><\/div>\n<div class=\"char_box_r col-sm-6\">\n<h5>Utilizzi<\/h5>\n<ul>\n<li>\n Componenti per l&#8217;illuminazione, filo per filamenti di lampadine<\/li>\n<li>Riscaldatori utilizzati in forni ad alta temperatura e schermature<\/li>\n<li>Crogiolo, scheda di sinterizzazione<\/li>\n<li>Parti per dispositivi di potenza<\/li>\n<li>Parti di magnetron utilizzati nei forni a microonde<\/li>\n<li>Materiale degli obiettivi di sputtering<\/li>\n<\/ul><\/div>\n<\/p><\/div>\n<\/p><\/div>\n<div class=\"char_box\">\n<div class=\"row\">\n<h4 class=\"ttl04 col-sm-10 col-xs-8\">Tantalio<\/h4>\n<p class=\"symbol col-sm-2 col-xs-4 tC\">(Ta) Numero atomico: 73<\/p>\n<\/p><\/div>\n<div class=\"row mb20\">\n<div class=\"char_box_l col-sm-6\">\n<h5>Propieta&#8217;<\/h5>\n<h6>*Resistente al calore<\/h6>\n<table class=\"table_style\" cellspacing=\"0\" cellpadding=\"0\">\n<tbody>\n<tr>\n<th class=\"skyblue\">Punto di fusione (\u00b0C )<\/th>\n<td>2990<\/td>\n<\/tr>\n<tr>\n<th class=\"skyblue\">Conduttivit\u00e0 termica<br \/>\n(W\/(m\u30fbK))<\/th>\n<td>57.5<\/td>\n<\/tr>\n<tr>\n<th class=\"skyblue\">Coefficiente di espansione termica (\u00d710<sup>-6<\/sup>)<\/th>\n<td>6.3<\/td>\n<\/tr>\n<tr>\n<th class=\"skyblue\">Peso specifico<\/th>\n<td>16.7<\/td>\n<\/tr>\n<tr>\n<th class=\"skyblue\">Durezza Vickers (Hv)(GPa)<\/th>\n<td>0.7<\/td>\n<\/tr>\n<tr>\n<th class=\"skyblue\">Modulo di Young(GPa)<\/th>\n<td>185<\/td>\n<\/tr>\n<\/tbody>\n<\/table><\/div>\n<div class=\"char_box_r col-sm-6\">\n<h5>Utilizzi<\/h5>\n<ul>\n<li>\n Parti per scambiatori di calore<\/li>\n<li>Componenti per reattori ad alta temperatura<\/li>\n<li>Componenti di sorgente per dispositivi di impiantazione ionica di semiconduttori <\/li>\n<\/ul>\n<p>Dispositivi di impiantazione ionica <br \/>\n Polvere: condensatore, materiali target<br \/>\n Ossido: additivo per lenti ottiche<br \/>\n Carburo: utensile in carburo cementato<\/p>\n<\/p><\/div>\n<\/p><\/div>\n<\/p><\/div>\n<div class=\"char_box\">\n<div class=\"row\">\n<h4 class=\"ttl04 col-sm-10 col-xs-8\">Niobio<\/h4>\n<p class=\"symbol col-sm-2 col-xs-4 tC\">(Nb) Numero atomico: 41<\/p>\n<\/p><\/div>\n<div class=\"row mb20\">\n<div class=\"char_box_l col-sm-6\">\n<h5>Propieta&#8217;<\/h5>\n<h6>*Resistente al calore<\/h6>\n<table class=\"table_style\" cellspacing=\"0\" cellpadding=\"0\">\n<tbody>\n<tr>\n<th class=\"skyblue\">Punto di fusione (\u00b0C )<\/th>\n<td>2415<\/td>\n<\/tr>\n<tr>\n<th class=\"skyblue\">Conduttivit\u00e0 termica (W\/(m\u30fbK))<\/th>\n<td>54<\/td>\n<\/tr>\n<tr>\n<th class=\"skyblue\">Coefficiente di espansione termica (\u00d710<sup>-6<\/sup>)<\/th>\n<td>7.0<\/td>\n<\/tr>\n<tr>\n<th class=\"skyblue\">Peso specifico<\/th>\n<td>8.6<\/td>\n<\/tr>\n<tr>\n<th class=\"skyblue\">Durezza Vickers (Hv)(GPa)<\/th>\n<td>0.8<\/td>\n<\/tr>\n<tr>\n<th class=\"skyblue\">Modulo di Young(GPa)<\/th>\n<td>107<\/td>\n<\/tr>\n<\/tbody>\n<\/table><\/div>\n<div class=\"char_box_r col-sm-6\">\n<h5>Utilizzi<\/h5>\n<ul>\n<li>Additivo per ferro e acciaio<\/li>\n<\/ul>\n<p>Carburo: utensile in carburo cementato <br \/>\n Composto intermetallico: Magnete superconduttore<br \/>\n Metallo composto: materiale per bersagli di sputtering<\/p>\n<\/p><\/div>\n<\/p><\/div>\n<\/p><\/div>\n<div class=\"char_box\">\n<div class=\"row\">\n<h4 class=\"ttl04 col-sm-10 col-xs-8\">Argento<\/h4>\n<p class=\"symbol col-sm-2 col-xs-4 tC\">(Ag)Numero atomico:47<\/p>\n<\/p><\/div>\n<div class=\"row mb20\">\n<div class=\"char_box_l col-sm-6\">\n<h5>Propieta&#8217;<\/h5>\n<h6>*Elevata conducibilit\u00e0 termica, elevata conducibilit\u00e0 elettrica<\/h6>\n<table class=\"table_style\" cellspacing=\"0\" cellpadding=\"0\">\n<tbody>\n<tr>\n<th class=\"skyblue\">Punto di fusione (\u00b0C )<\/th>\n<td>960<\/td>\n<\/tr>\n<tr>\n<th class=\"skyblue\">Conduttivit\u00e0 termica<br \/>\n(W\/(m\u30fbK))<\/th>\n<td>420<\/td>\n<\/tr>\n<tr>\n<th class=\"skyblue\">Coefficiente di espansione termica (\u00d710<sup>-6<\/sup>)<\/th>\n<td>19.0<\/td>\n<\/tr>\n<tr>\n<th class=\"skyblue\">Peso specifico<\/th>\n<td>10.5<\/td>\n<\/tr>\n<tr>\n<th class=\"skyblue\">Durezza Vickers (Hv)(GPa)<\/th>\n<td>0.9<\/td>\n<\/tr>\n<tr>\n<th class=\"skyblue\">Modulo di Young(GPa)<\/th>\n<td>73<\/td>\n<\/tr>\n<\/tbody>\n<\/table><\/div>\n<div class=\"char_box_r col-sm-6\">\n<h5>Utilizzi<\/h5>\n<ul>\n<li>\n Linee elettriche (bassa resistenza elettrica)<\/li>\n<li>Cavi audio<\/li>\n<li>Cablaggio per alta frequenza<\/li>\n<li>Stoviglie, gioielli, trattamento dei dentisti<\/li>\n<li>Depuratori d&#8217;acqua (sterilizzazione)<\/li>\n<\/ul>\n<p>Pu\u00f2 essere utilizzato come metallo composto Rame<\/p>\n<\/p><\/div>\n<\/p><\/div>\n<div class=\"char_box\">\n<div class=\"row\">\n<h4 class=\"ttl04 col-sm-10 col-xs-8\">Rame<\/h4>\n<p class=\"symbol col-sm-2 col-xs-4 tC\">(Cu) Numero atomico: 29<\/p>\n<\/p><\/div>\n<div class=\"row mb20\">\n<div class=\"char_box_l col-sm-6\">\n<h5>Propieta&#8217;<\/h5>\n<h6>*Alta resistenza al calore, alta conducibilit\u00e0 termica<\/h6>\n<table class=\"table_style\" cellspacing=\"0\" cellpadding=\"0\">\n<tbody>\n<tr>\n<th class=\"skyblue\">Punto di fusione (\u00b0C )<\/th>\n<td>1084<\/td>\n<\/tr>\n<tr>\n<th class=\"skyblue\">Conduttivit\u00e0 termica (W\/(m\u30fbK))<\/th>\n<td>398<\/td>\n<\/tr>\n<tr>\n<th class=\"skyblue\">Coefficiente di espansione termica (\u00d710<sup>-6<\/sup>)<\/th>\n<td>16.6<\/td>\n<\/tr>\n<tr>\n<th class=\"skyblue\">Peso specifico<\/th>\n<td>8.9<\/td>\n<\/tr>\n<tr>\n<th class=\"skyblue\">Durezza Vickers (Hv)(GPa)<\/th>\n<td>0.8<\/td>\n<\/tr>\n<tr>\n<th class=\"skyblue\">Modulo di Young(GPa)<\/th>\n<td>130<\/td>\n<\/tr>\n<\/tbody>\n<\/table><\/div>\n<div class=\"char_box_r col-sm-6\">\n<h5>Utilizzi<\/h5>\n<ul>\n<li>\n Materiali di cablaggio per apparecchi elettrici<\/li>\n<li>Linee elettriche (la resistenza elettrica \u00e8 bassa ed \u00e8 pi\u00f9 economico dell&#8217;argento)<\/li>\n<li>Monete, materiali da costruzione<\/li>\n<\/ul>\n<p>Pu\u00f2 essere utilizzato come metallo composto per prodotti in ottone, ecc.<\/p>\n<\/p><\/div>\n<\/p><\/div>\n<\/p><\/div>\n<div class=\"char_box\">\n<div class=\"row\">\n<h4 class=\"ttl04 col-sm-10 col-xs-8\">Alluminio<\/h4>\n<p class=\"symbol col-sm-2 col-xs-4 tC\">(Al) Numero atomico: 13<\/p>\n<\/p><\/div>\n<div class=\"row mb20\">\n<div class=\"char_box_l col-sm-6\">\n<h5>Propieta&#8217;<\/h5>\n<h6>*Peso leggero<\/h6>\n<table class=\"table_style\" cellspacing=\"0\" cellpadding=\"0\">\n<tbody>\n<tr>\n<th class=\"skyblue\">Punto di fusione (\u00b0C )<\/th>\n<td>660<\/td>\n<\/tr>\n<tr>\n<th class=\"skyblue\">Conduttivit\u00e0 termica (W\/(m\u30fbK))<\/th>\n<td>237<\/td>\n<\/tr>\n<tr>\n<th class=\"skyblue\">Coefficiente di espansione termica (\u00d710<sup>-6<\/sup>)<\/th>\n<td>23.2<\/td>\n<\/tr>\n<tr>\n<th class=\"skyblue\">Peso specifico<\/th>\n<td>2.7<\/td>\n<\/tr>\n<tr>\n<th class=\"skyblue\">Durezza Vickers (Hv)(GPa)<\/th>\n<td>0.5<\/td>\n<\/tr>\n<tr>\n<th class=\"skyblue\">Modulo di Young(GPa)<\/th>\n<td>71<\/td>\n<\/tr>\n<\/tbody>\n<\/table><\/div>\n<div class=\"char_box_r col-sm-6\">\n<h5>Utilizzi<\/h5>\n<ul>\n<li>Monete, lattine per bevande, pentole e padelle<\/li>\n<li>Materiali da costruzione, parti di automobili<\/li>\n<li>Motori a benzina<\/li>\n<li>Parti di macchine universali<\/li>\n<\/ul><\/div>\n<\/p><\/div>\n<\/p><\/div>\n<div class=\"char_box\">\n<div class=\"row\">\n<h4 class=\"ttl04 col-sm-10 col-xs-8\">Acciaio inossidabile<\/h4>\n<p class=\"symbol col-sm-2 col-xs-4 tC\">Lega di acciaio (SUS)<\/p>\n<\/p><\/div>\n<div class=\"row mb20\">\n<div class=\"char_box_l col-sm-6\">\n<h5>Propieta&#8217;<\/h5>\n<h6>*Resistente alla corrosione<\/h6>\n<table class=\"table_style\" cellspacing=\"0\" cellpadding=\"0\">\n<tbody>\n<tr>\n<th class=\"skyblue\">Punto di fusione (\u00b0C )<\/th>\n<td>1450<\/td>\n<\/tr>\n<tr>\n<th class=\"skyblue\">Conduttivit\u00e0 termica (W\/(m\u30fbK))<\/th>\n<td>16.3<\/td>\n<\/tr>\n<tr>\n<th class=\"skyblue\">Coefficiente di espansione termica (\u00d710<sup>-6<\/sup>)<\/th>\n<td>18.0<\/td>\n<\/tr>\n<tr>\n<th class=\"skyblue\">Peso specifico<\/th>\n<td>7.9<\/td>\n<\/tr>\n<tr>\n<th class=\"skyblue\">Durezza Vickers (Hv)(GPa)<\/th>\n<td>2.0<\/td>\n<\/tr>\n<tr>\n<th class=\"skyblue\">Modulo di Young(GPa)<\/th>\n<td>200<\/td>\n<\/tr>\n<\/tbody>\n<\/table><\/div>\n<div class=\"char_box_r col-sm-6\">\n<h5>Utilizzi<\/h5>\n<ul>\n<li>\n Tipo austenite: <\/p>\n<ul>\n<li>Attrezzature da cucina<\/li>\n<li>Stoviglie<\/li>\n<li>Attrezzature resistenti alla corrosione<\/li>\n<li>Parti di macchine universali <\/li>\n<\/ul>\n<\/li>\n<li>Tipo di martensite:\n<ul>\n<li>Coltelli da cucina<\/li>\n<li>Parti di macchine per l&#8217;estinzione ad alta durabilit\u00e0<\/li>\n<\/ul>\n<\/li>\n<li>Tipo ferrite\n<ul>\n<li>Pentole utilizzate da cucine elettromagnetiche<\/li>\n<\/ul>\n<\/li>\n<\/ul><\/div>\n<\/p><\/div>\n<\/p><\/div>\n<\/section>\n<section class=\"ceramics1\">\n<h3 class=\"ttl03\">Ceramiche<\/h3>\n<div class=\"char_box\">\n<div class=\"row\">\n<h4 class=\"ttl04 col-sm-10 col-xs-8\">Alumina<\/h4>\n<p class=\"symbol col-sm-2 col-xs-4 tC\">(Alluminio ossido) Al2O3<\/p>\n<\/p><\/div>\n<div class=\"row mb20\">\n<div class=\"char_box_l col-sm-6\">\n<h5>Propieta&#8217;<\/h5>\n<h6>*Elevata durezza, resistenza all&#8217;abrasione, resistenza al calore, resistenza alla corrosione<\/h6>\n<table class=\"table_style\" cellspacing=\"0\" cellpadding=\"0\">\n<tbody>\n<tr>\n<th class=\"skyblue\">Punto di fusione (\u00b0C )<\/th>\n<td>2054<\/td>\n<\/tr>\n<tr>\n<th class=\"skyblue\">Resistenza agli shock termici<\/th>\n<td>200<\/td>\n<\/tr>\n<tr>\n<th class=\"skyblue\">Conduttivit\u00e0 termica (W\/(m\u30fbK))<\/th>\n<td>30<\/td>\n<\/tr>\n<tr>\n<th class=\"skyblue\">Coefficiente di espansione termica (\u00d710<sup>-6<\/sup>)<\/th>\n<td>5.3<\/td>\n<\/tr>\n<tr>\n<th class=\"skyblue\">Peso specifico<\/th>\n<td>3.9<\/td>\n<\/tr>\n<tr>\n<th class=\"skyblue\">Durezza Vickers (Hv)(GPa)<\/th>\n<td>18<\/td>\n<\/tr>\n<\/tbody>\n<\/table><\/div>\n<div class=\"char_box_r col-sm-6\">\n<h5>Utilizzi<\/h5>\n<ul>\n<li>\n Parti di isolamento elettrico<\/li>\n<li>Pareti di forni, parti di forni, maschere<\/li>\n<li>Ugelli, tubi di filatura<\/li>\n<li>Crogiolo di reazione, recipienti di reazione<\/li>\n<li>Componenti per semiconduttori<\/li>\n<li>Parti per la produzione di cristalli liquidi<\/li>\n<li>Parti di tubi elettronici, pompe, materiali di macinazione<\/li>\n<li>Rivestimenti per crogioli <\/li>\n<\/ul><\/div>\n<\/p><\/div>\n<\/p><\/div>\n<div class=\"char_box\">\n<div class=\"row\">\n<h4 class=\"ttl04 col-sm-10 col-xs-8\">Nitruro di alluminio<\/h4>\n<p class=\"symbol col-sm-2 col-xs-4 tC\">AIN<\/p>\n<\/p><\/div>\n<div class=\"row mb20\">\n<div class=\"char_box_l col-sm-6\">\n<h5>Propieta&#8217;<\/h5>\n<h6>*Elevata conducibilit\u00e0 termica<\/h6>\n<table class=\"table_style\" cellspacing=\"0\" cellpadding=\"0\">\n<tbody>\n<tr>\n<th class=\"skyblue\">Punto di fusione (\u00b0C )<\/th>\n<td>2200<\/td>\n<\/tr>\n<tr>\n<th class=\"skyblue\">Resistenza agli shock termici<\/th>\n<td>400<\/td>\n<\/tr>\n<tr>\n<th class=\"skyblue\">Conduttivit\u00e0 termica (W\/(m\u30fbK))<\/th>\n<td>170<\/td>\n<\/tr>\n<tr>\n<th class=\"skyblue\">Coefficiente di espansione termica (\u00d710<sup>-6<\/sup>)<\/th>\n<td>2.4<\/td>\n<\/tr>\n<tr>\n<th class=\"skyblue\">Peso specifico<\/th>\n<td>3.3<\/td>\n<\/tr>\n<tr>\n<th class=\"skyblue\">Durezza Vickers (Hv)(GPa)<\/th>\n<td>13<\/td>\n<\/tr>\n<\/tbody>\n<\/table><\/div>\n<div class=\"char_box_r col-sm-6\">\n<h5>Utilizzi<\/h5>\n<ul>\n<li>Crogiolo,<\/li>\n<li>Componenti per dissipatori di calore,<\/li>\n<li>fogli resistenti al calore,<\/li>\n<li>Parti di dispositivi a semiconduttore:<\/li>\n<li>riscaldatori, ESC,<\/li>\n<li>wafer fittizi,<\/li>\n<li>anelli di protezione,<\/li>\n<li>piatti doccia,<\/li>\n<li>camere,<\/li>\n<li>finestre RF<\/li>\n<\/ul><\/div>\n<\/p><\/div>\n<\/p><\/div>\n<div class=\"char_box\">\n<div class=\"row\">\n<h4 class=\"ttl04 col-sm-10 col-xs-8\">Nitruro di silicio<\/h4>\n<p class=\"symbol col-sm-2 col-xs-4 tC\">Si3N4<\/p>\n<\/p><\/div>\n<div class=\"row mb20\">\n<div class=\"char_box_l col-sm-6\">\n<h5>Propieta&#8217;<\/h5>\n<h6>*Alta intensit\u00e0, resistente all&#8217;abrasione, resistente agli shock termici<\/h6>\n<table class=\"table_style\" cellspacing=\"0\" cellpadding=\"0\">\n<tbody>\n<tr>\n<th class=\"skyblue\">Punto di fusione (\u00b0C )<\/th>\n<td>1600<\/td>\n<\/tr>\n<tr>\n<th class=\"skyblue\">Resistenza agli shock termici<\/th>\n<td>650<\/td>\n<\/tr>\n<tr>\n<th class=\"skyblue\">Conduttivit\u00e0 termica (W\/(m\u30fbK))<\/th>\n<td>13<\/td>\n<\/tr>\n<tr>\n<th class=\"skyblue\">Coefficiente di espansione termica (\u00d710<sup>-6<\/sup>)<\/th>\n<td>1.5<\/td>\n<\/tr>\n<tr>\n<th class=\"skyblue\">Peso specifico<\/th>\n<td>3.2<\/td>\n<\/tr>\n<tr>\n<th class=\"skyblue\">Durezza Vickers (Hv)(GPa)<\/th>\n<td>16<\/td>\n<\/tr>\n<\/tbody>\n<\/table><\/div>\n<div class=\"char_box_r col-sm-6\">\n<h5>Utilizzi<\/h5>\n<ul>\n<li>\n Parti per motori<\/li>\n<li>Parti di turbine a gas<\/li>\n<li>Cuscinetti, rulli di guida<\/li>\n<li>Utensili da taglio<\/li>\n<li>Parti per polverizzatori<\/li>\n<li>Parti per bruciatori a gas<\/li>\n<li>Lame di miscelazione<\/li>\n<\/ul><\/div>\n<\/p><\/div>\n<\/p><\/div>\n<div class=\"char_box\">\n<div class=\"row\">\n<h4 class=\"ttl04 col-sm-10 col-xs-8\">Carburo di silicio<\/h4>\n<p class=\"symbol col-sm-2 col-xs-4 tC\">SiC<\/p>\n<\/p><\/div>\n<div class=\"row mb20\">\n<div class=\"char_box_l col-sm-6\">\n<h5>Propieta&#8217;<\/h5>\n<h6>*Alta solidit\u00e0, resistenza chimica e all&#8217;usura, elevata conducibilit\u00e0 termica<\/h6>\n<table class=\"table_style\" cellspacing=\"0\" cellpadding=\"0\">\n<tbody>\n<tr>\n<th class=\"skyblue\">Punto di fusione (\u00b0C )<\/th>\n<td>2730<\/td>\n<\/tr>\n<tr>\n<th class=\"skyblue\">Resistenza agli shock termici<\/th>\n<td>450<\/td>\n<\/tr>\n<tr>\n<th class=\"skyblue\">Conduttivit\u00e0 termica (W\/(m\u30fbK))<\/th>\n<td>150<\/td>\n<\/tr>\n<tr>\n<th class=\"skyblue\">Coefficiente di espansione termica (\u00d710<sup>-6<\/sup>)<\/th>\n<td>2.9<\/td>\n<\/tr>\n<tr>\n<th class=\"skyblue\">Peso specifico<\/th>\n<td>3.1<\/td>\n<\/tr>\n<tr>\n<th class=\"skyblue\">Durezza Vickers (Hv)(GPa)<\/th>\n<td>24<\/td>\n<\/tr>\n<\/tbody>\n<\/table><\/div>\n<div class=\"char_box_r col-sm-6\">\n<h5>Utilizzi<\/h5>\n<ul>\n<li>Componenti utilizzati ad alta temperatura<\/li>\n<li>Parti scorrevoli:\n<ul>\n<li>Cuscinetti,<\/li>\n<li>Guarnizioni meccaniche<\/li>\n<\/ul>\n<\/li>\n<\/ul><\/div>\n<\/p><\/div>\n<\/p><\/div>\n<\/section>\n<section class=\"ceramics2\">\n<div class=\"char_box\">\n<div class=\"row\">\n<h4 class=\"ttl04 col-sm-10 col-xs-8\">Zirconia<\/h4>\n<p class=\"symbol col-sm-2 col-xs-4 tC\">(Zirconium dioxide) ZrO2<\/p>\n<\/p><\/div>\n<div class=\"row mb20\">\n<div class=\"char_box_l col-sm-6\">\n<h5>Propieta&#8217;<\/h5>\n<h6>*Elevata tenacit\u00e0 alla frattura, alta resistenza, resistenza all&#8217;abrasione.<\/h6>\n<table class=\"table_style\" cellspacing=\"0\" cellpadding=\"0\">\n<tbody>\n<tr>\n<th class=\"skyblue\">Punto di fusione (\u00b0C )<\/th>\n<td>2715<\/td>\n<\/tr>\n<tr>\n<th class=\"skyblue\">Resistenza agli shock termici<\/th>\n<td>280<\/td>\n<\/tr>\n<tr>\n<th class=\"skyblue\">Conduttivit\u00e0 termica (W\/(m\u30fbK))<\/th>\n<td>3<\/td>\n<\/tr>\n<tr>\n<th class=\"skyblue\">Coefficiente di espansione termica (\u00d710<sup>-6<\/sup>)<\/th>\n<td>7.7<\/td>\n<\/tr>\n<tr>\n<th class=\"skyblue\">Peso specifico<\/th>\n<td>6.0<\/td>\n<\/tr>\n<tr>\n<th class=\"skyblue\">Durezza Vickers (Hv)(GPa)<\/th>\n<td>13<\/td>\n<\/tr>\n<\/tbody>\n<\/table><\/div>\n<div class=\"char_box_r col-sm-6\">\n<h5>Utilizzi<\/h5>\n<ul>\n<li>Posate per uso industriale<\/li>\n<li>Forbici, coltelli da cucina<\/li>\n<li>Calibri:\n<ul>\n<li>Calibro a spillo,<\/li>\n<li>Calibro a blocco<\/li>\n<\/ul>\n<\/li>\n<li>Varie parti resistenti all&#8217;usura<\/li>\n<\/ul><\/div>\n<\/p><\/div>\n<\/p><\/div>\n<div class=\"char_box\">\n<div class=\"row\">\n<h4 class=\"ttl04 col-sm-10 col-xs-8\">Nitruro di boro<\/h4>\n<p class=\"symbol col-sm-2 col-xs-4 tC\">BN<\/p>\n<\/p><\/div>\n<div class=\"row mb20\">\n<div class=\"char_box_l col-sm-6\">\n<h5>Propieta&#8217;<\/h5>\n<h6>*Eccellente resistenza elettrica alle alte temperature, resistente agli shock termici. <\/h6>\n<table class=\"table_style\" cellspacing=\"0\" cellpadding=\"0\">\n<tbody>\n<tr>\n<th class=\"skyblue\">Punto di fusione (\u00b0C )<\/th>\n<td>2700<\/td>\n<\/tr>\n<tr>\n<th class=\"skyblue\">Resistenza agli shock termici<\/th>\n<td>1500<\/td>\n<\/tr>\n<tr>\n<th class=\"skyblue\">Conduttivit\u00e0 termica (W\/(m\u30fbK))<\/th>\n<td>63<\/td>\n<\/tr>\n<tr>\n<th class=\"skyblue\">Coefficiente di espansione termica (\u00d710<sup>-6<\/sup>)<\/th>\n<td>1.4<\/td>\n<\/tr>\n<tr>\n<th class=\"skyblue\">Peso specifico<\/th>\n<td>1.8<\/td>\n<\/tr>\n<tr>\n<th class=\"skyblue\">Durezza Vickers (Hv)(GPa)<\/th>\n<td>0.8<\/td>\n<\/tr>\n<\/tbody>\n<\/table><\/div>\n<div class=\"char_box_r col-sm-6\">\n<h5>Utilizzi<\/h5>\n<ul>\n<li>\n Isolante per forni atmosferici ad alta temperatura<\/li>\n<li>Vari componenti per apparecchiature di lavorazione dei semiconduttori<\/li>\n<li>Crogioli per semiconduttore composto<\/li>\n<li>Dima di assemblaggio di parti elettriche<\/li>\n<li>Dissipatori di calore\n              <\/li>\n<\/ul>\n<p>Polvere: additivo per la lubrificazione ad alta temperatura, agente distaccante per prodotti cosmetici<\/p>\n<\/p><\/div>\n<\/p><\/div>\n<\/p><\/div>\n<\/section>\n<section class=\"metalloid\">\n<h3 class=\"ttl03\">Semimetallo<\/h3>\n<div class=\"char_box\">\n<div class=\"row\">\n<h4 class=\"ttl04 col-sm-10 col-xs-8\">Silicio<\/h4>\n<p class=\"symbol col-sm-2 col-xs-4 tC\">(Si) Numero atomico 14<\/p>\n<\/p><\/div>\n<div class=\"row mb20\">\n<div class=\"char_box_l col-sm-6\">\n<h5>Propieta&#8217;<\/h5>\n<h6>*Elevata tenacit\u00e0 alla frattura, alta resistenza, resistenza all&#8217;abrasione.<\/h6>\n<table class=\"table_style\" cellspacing=\"0\" cellpadding=\"0\">\n<tbody>\n<tr>\n<th class=\"skyblue\">Punto di fusione (\u00b0C )<\/th>\n<td>1400<\/td>\n<\/tr>\n<tr>\n<th class=\"skyblue\">Resistenza agli shock termici<\/th>\n<td>\u2212<\/td>\n<\/tr>\n<tr>\n<th class=\"skyblue\">Conduttivit\u00e0 termica (W\/(m\u30fbK))<\/th>\n<td>148<\/td>\n<\/tr>\n<tr>\n<th class=\"skyblue\">Coefficiente di espansione termica (\u00d710<sup>-6<\/sup>)<\/th>\n<td>4.2<\/td>\n<\/tr>\n<tr>\n<th class=\"skyblue\">Peso specifico<\/th>\n<td>2.3<\/td>\n<\/tr>\n<tr>\n<th class=\"skyblue\">Durezza (Mohs)<\/th>\n<td>6.5<\/td>\n<\/tr>\n<\/tbody>\n<\/table><\/div>\n<div class=\"char_box_r col-sm-6\">\n<h5>Utilizzi<\/h5>\n<ul>\n<li>Parti di semiconduttori<\/li>\n<li>Parti di apparecchiature per la produzione di semiconduttori<\/li>\n<li>Batteria solare <\/li>\n<\/ul><\/div>\n<\/p><\/div>\n<\/p><\/div>\n<\/section>\n<section class=\"glass\">\n<h3 class=\"ttl03\">Vetro<\/h3>\n<div class=\"char_box\">\n<div class=\"row\">\n<h4 class=\"ttl04 col-sm-10 col-xs-8\">Quarzo fuso<\/h4>\n<\/p><\/div>\n<div class=\"row mb20\">\n<div class=\"char_box_l col-sm-6\">\n<h5>Propieta&#8217;<\/h5>\n<h6>*Ottima resistenza elettrica alle alte temperature, resistente agli shock termici.<\/h6>\n<table class=\"table_style\" cellspacing=\"0\" cellpadding=\"0\">\n<tbody>\n<tr>\n<th class=\"skyblue\">Punto di fusione (\u00b0C )<\/th>\n<td>1700<\/td>\n<\/tr>\n<tr>\n<th class=\"skyblue\">Resistenza agli shock termici<\/th>\n<td>1000<\/td>\n<\/tr>\n<tr>\n<th class=\"skyblue\">Conduttivit\u00e0 termica (W\/(m\u30fbK))<\/th>\n<td>1.4<\/td>\n<\/tr>\n<tr>\n<th class=\"skyblue\">Coefficiente di espansione termica (\u00d710<sup>-6<\/sup>)<\/th>\n<td>0.5<\/td>\n<\/tr>\n<tr>\n<th class=\"skyblue\">Peso specifico<\/th>\n<td>2.2<\/td>\n<\/tr>\n<tr>\n<th class=\"skyblue\">Durezza Vickers (Hv)(GPa)<\/th>\n<td>9<\/td>\n<\/tr>\n<\/tbody>\n<\/table><\/div>\n<div class=\"char_box_r col-sm-6\">\n<h5>Utilizzi<\/h5>\n<ul>\n<li>\n Ottica:<\/p>\n<ul>\n<li>Lenti ottiche e prismi<\/li>\n<li>Varie lenti laser<br \/>\n                    \n                <\/li>\n<\/ul>\n<\/li>\n<li>Chimica:\n<ul>\n<li>Contenitore per la distillazione di solventi<\/li>\n<li>Attrezzature per esperimenti chimici<\/li>\n<\/ul>\n<\/li>\n<li>Semi conduttori per usi industriali:\n<ul>\n<li>CVD, tutti i tipi di tubi per forni a scopo di diffusione<\/li>\n<li>Fotomaschere ecc.<br \/>\n                  \n                <\/li>\n<\/ul>\n<\/li>\n<\/ul><\/div>\n<\/p><\/div>\n<\/p><\/div>\n<\/section><\/div>\n<\/p><\/div>\n","protected":false},"excerpt":{"rendered":"<p>Guida alle caratteristiche dei materiali e alle applicazioni: Metalli refrattari Tungsteno (W) Numero atomico: 74 Propieta&#8217; *Alta resistenza al calore, alta conducibilit\u00e0 termica, alto peso specifico Punto di fusione (\u00b0C ) 3387 il pi\u00f9 alto tra tutti i metalli Conduttivit\u00e0 termica (W\/(m\u30fbK)) 172 &nbsp; Coefficiente di espansione termica (\u00d710-6) 4.5 il pi\u00f9 basso tra tutti i metalli Peso specifico 19.3 pari all&#8217;oro Durezza Vickers (Hv)(GPa) 4.2 &nbsp; Modulo di Young(GPa) 345 &nbsp; Utilizzi Filamenti per l&#8217;illuminazione, crogiolo Riscaldatore per forni a vuoto Tutti i tipi di elettrodi per lampade a scarica, contatti elettrici Materiale per schermi termici, elettrodi per saldatura TIG Componenti per dispositivi di impiantazione ionica di semiconduttori Bersagli [&hellip;]<\/p>\n","protected":false},"author":1,"featured_media":0,"parent":9026,"menu_order":0,"comment_status":"closed","ping_status":"closed","template":"page-guide.php","meta":{"om_disable_all_campaigns":false,"_monsterinsights_skip_tracking":false,"_monsterinsights_sitenote_active":false,"_monsterinsights_sitenote_note":"","_monsterinsights_sitenote_category":0,"footnotes":""},"aioseo_notices":[],"_links":{"self":[{"href":"https:\/\/top-seiko.com\/it\/wp-json\/wp\/v2\/pages\/9044"}],"collection":[{"href":"https:\/\/top-seiko.com\/it\/wp-json\/wp\/v2\/pages"}],"about":[{"href":"https:\/\/top-seiko.com\/it\/wp-json\/wp\/v2\/types\/page"}],"author":[{"embeddable":true,"href":"https:\/\/top-seiko.com\/it\/wp-json\/wp\/v2\/users\/1"}],"replies":[{"embeddable":true,"href":"https:\/\/top-seiko.com\/it\/wp-json\/wp\/v2\/comments?post=9044"}],"version-history":[{"count":1,"href":"https:\/\/top-seiko.com\/it\/wp-json\/wp\/v2\/pages\/9044\/revisions"}],"predecessor-version":[{"id":9045,"href":"https:\/\/top-seiko.com\/it\/wp-json\/wp\/v2\/pages\/9044\/revisions\/9045"}],"up":[{"embeddable":true,"href":"https:\/\/top-seiko.com\/it\/wp-json\/wp\/v2\/pages\/9026"}],"wp:attachment":[{"href":"https:\/\/top-seiko.com\/it\/wp-json\/wp\/v2\/media?parent=9044"}],"curies":[{"name":"wp","href":"https:\/\/api.w.org\/{rel}","templated":true}]}}