{"id":9087,"date":"2016-09-08T21:10:09","date_gmt":"2016-09-08T12:10:09","guid":{"rendered":"https:\/\/top-seiko.com\/guide\/proprieta-dei-materiali-e-tabelle-di-confronto\/"},"modified":"2023-04-15T00:13:18","modified_gmt":"2023-04-14T15:13:18","slug":"graph","status":"publish","type":"page","link":"https:\/\/top-seiko.com\/it\/guide\/graph\/","title":{"rendered":"Propriet\u00e0 dei materiali e tabelle di confronto"},"content":{"rendered":"<br \/>\n<article class=\"m-graph\">\n<div class=\"container\">\n<section class=\"graph\">\n<h2 class=\"ttl02\"><span class=\"ja\">Guide ai materiali &#8211; Propriet\u00e0 dei materiali e tabelle di confronto<\/span><\/h2>\n<div class=\"detail_area_in box-shadow\">\n<div class=\"graph_menu row\">\n<ul class=\"row\">\n<li class=\"col-sm-6 col-md-6 col-lg-6 btn_grad_blue\">\n                      <a href=\"\/common\/pdf\/toku01.pdf\" target=\"_blank\" rel=\"noopener\">Tabella delle propriet\u00e0 dei materiali metallici1<\/a>\n                    <\/li>\n<li class=\"col-sm-6 col-md-6 col-lg-6 btn_grad_blue\">\n                      <a href=\"\/common\/pdf\/toku02.pdf\" target=\"_blank\" rel=\"noopener\">Tabella delle propriet\u00e0 dei materiali metallici2<\/a>\n                    <\/li>\n<li class=\"col-sm-6 col-md-6 col-lg-6 btn_grad_blue\">\n                      <a href=\"\/common\/pdf\/toku03.pdf\" target=\"_blank\" rel=\"noopener\">Tabella delle propriet\u00e0 dei materiali ceramici1<\/a>\n                    <\/li>\n<li class=\"col-sm-6 col-md-6 col-lg-6 btn_grad_blue\">\n                      <a href=\"\/common\/pdf\/toku04.pdf\" target=\"_blank\" rel=\"noopener\">Tabella delle propriet\u00e0 dei materiali ceramici2<\/a>\n                    <\/li>\n<li class=\"col-sm-6 col-md-6 col-lg-6 btn_grad_blue\">\n                      <a href=\"\/common\/pdf\/toku05.pdf\" target=\"_blank\" rel=\"noopener\">Tabella delle propriet\u00e0 dei materiali ceramici3<\/a>\n                    <\/li>\n<li class=\"col-sm-6 col-md-6 col-lg-6 btn_grad_blue\">\n                      <a href=\"\/common\/pdf\/toku06.pdf\" target=\"_blank\" rel=\"noopener\">Tabella delle propriet\u00e0 dei materiali ceramici4<\/a>\n                    <\/li>\n<\/ul><\/div>\n<div class=\"specific_gravity mb50\">\n<h3 class=\"ttl03 ttl_grad_blue\">Peso specifico<\/h3>\n<p>Questa tabella mostra il peso specifico dei materiali, ovvero la densit\u00e0 di un materiale rispetto alla densit\u00e0 dell&#8217;acqua. <br \/>\n Rispetto ai metalli, la ceramica tende ad avere meno della met\u00e0 della densit\u00e0. Inoltre, il tungsteno \u00e8 pi\u00f9 pesante del piombo e circa lo stesso peso dell&#8217;oro, il che lo rende un materiale insolitamente denso. Per questo motivo, il tungsteno viene spesso utilizzato come schermatura dalle radiazioni.\n                  <\/p>\n<div class=\"graph_img\">\n<h5>Grafico comparativo del peso specifico<\/h5>\n<p>                    <img decoding=\"async\" src=\"\/img\/guide\/toku\/graf1.gif\" alt=\"\">\n                  <\/div>\n<\/p><\/div>\n<div class=\"specific_gravity mb50\">\n<h3 class=\"ttl03 ttl_grad_blue\">Durezza<\/h3>\n<p>Questo grafico mostra la durezza di vari materiali misurata con la durezza Vickers. <br \/>\n Le ceramiche tendono a essere molto pi\u00f9 dure dei metalli comunemente utilizzati. Ci\u00f2 significa che hanno una maggiore resistenza all&#8217;usura e sono ampiamente utilizzati come materiali resistenti all&#8217;abrasione.\n                  <\/p>\n<div class=\"graph_img\">\n<h5>Grafico comparativo della durezza<\/h5>\n<p>                    <img decoding=\"async\" src=\"\/img\/guide\/toku\/graf2.gif\" alt=\"\">\n                  <\/div>\n<\/p><\/div>\n<div class=\"specific_gravity mb50\">\n<h3 class=\"ttl03 ttl_grad_blue\">Modulo di Young<\/h3>\n<p>Pi\u00f9 alto \u00e8 il modulo di Young di un certo materiale, pi\u00f9 \u00e8 rigido e meglio pu\u00f2 resistere alle tensioni. <br \/>\n Rispetto ad altri materiali, la ceramica, il tungsteno e il molibdeno hanno un modulo di Young molto elevato.\n                  <\/p>\n<div class=\"graph_img\">\n<h5>Grafico comparativo del modulo di Young<\/h5>\n<p>                    <img decoding=\"async\" src=\"\/img\/guide\/toku\/graf3.gif\" alt=\"\">\n                  <\/div>\n<\/p><\/div>\n<div class=\"specific_gravity mb50\">\n<h3 class=\"ttl03 ttl_grad_blue\">Tenacit\u00e0 alla frattura<\/h3>\n<p>La tenacit\u00e0 alla frattura pu\u00f2 essere definita come la resistenza alla crescita delle cricche. <br \/>\n In generale, i ceramici sono estremamente fragili. Tuttavia, tra questi, l&#8217;ossido di zirconio ha un&#8217;elevata tenacit\u00e0 alla frattura e viene spesso utilizzato in coltelli da cucina, forbici e palle da demolizione.\n                  <\/p>\n<div class=\"graph_img\">\n<h5>Grafico comparativo della tenacit\u00e0 alla frattura<\/h5>\n<p>                    <img decoding=\"async\" src=\"\/img\/guide\/toku\/graf4.gif\" alt=\"\">\n                  <\/div>\n<\/p><\/div>\n<div class=\"specific_gravity mb50\">\n<h3 class=\"ttl03 ttl_grad_blue\">Temperatura massima di utilizzo <\/h3>\n<p>La temperatura massima di utilizzo determina l&#8217;intervallo di temperatura in cui \u00e8 possibile utilizzare un materiale. Varia a seconda dell&#8217;atmosfera. I materiali con un elevato punto di fusione, come il tungsteno, il molibdeno e la ceramica, hanno diverse applicazioni che richiedono un&#8217;elevata resistenza al calore. Ad esempio, materiali per forni, crogioli e schermature termiche.\n                  <\/p>\n<div class=\"graph_img\">\n<h5>Grafico comparativo della temperatura massima di utilizzo<\/h5>\n<p>                    <img decoding=\"async\" src=\"\/img\/guide\/toku\/graf5.gif\" alt=\"\">\n                  <\/div>\n<\/p><\/div>\n<div class=\"specific_gravity mb50\">\n<h3 class=\"ttl03 ttl_grad_blue\">Resistenza agli shock termici<\/h3>\n<p>Intervallo di temperatura in cui un materiale pu\u00f2 resistere a rapidi cambiamenti di temperatura. Maggiore \u00e8 la resistenza agli shock termici, minore \u00e8 il rischio che il materiale si rompa a causa di rapidi cambiamenti di temperatura. Il vetro e la ceramica si rompono facilmente in caso di brusche variazioni di temperatura. Tuttavia, il nitruro di boro, il quarzo e il nitruro di silicio hanno una resistenza agli shock termici molto elevata. Questi materiali sono spesso utilizzati in componenti che devono resistere a fluttuazioni di temperatura estreme.\n                  <\/p>\n<div class=\"graph_img\">\n<h5>Grafico comparativo della resistenza agli shock termici<\/h5>\n<p>                    <img decoding=\"async\" src=\"\/img\/guide\/toku\/graf6.gif\" alt=\"\">\n                  <\/div>\n<\/p><\/div>\n<div class=\"specific_gravity mb50\">\n<h3 class=\"ttl03 ttl_grad_blue\">Conducibilit\u00e0 termica<\/h3>\n<p>Questo grafico mostra la capacit\u00e0 di trasferire il calore attraverso i diversi materiali. <br \/>\n Alcune ceramiche, come il nitruro di alluminio e il carburo di silicio, hanno un&#8217;elevata conducibilit\u00e0 termica, mentre altre, come la zirconia, hanno una conducibilit\u00e0 molto bassa. Il tungsteno e il molibdeno conducono bene il calore.\n                  <\/p>\n<div class=\"graph_img\">\n<h5>Grafico di confronto della conducibilit\u00e0 termica<\/h5>\n<p>                    <img decoding=\"async\" src=\"\/img\/guide\/toku\/graf7.gif\" alt=\"\">\n                  <\/div>\n<\/p><\/div>\n<div class=\"specific_gravity mb50\">\n<h3 class=\"ttl03 ttl_grad_blue\">Coefficiente di espansione termica<\/h3>\n<p>Tasso di espansione del materiale in risposta a una variazione di temperatura. <br \/>\n &#8220;Poich\u00e9 la ceramica, il tungsteno e il molibdeno hanno un basso coefficiente di espansione termica, il cambiamento di forma in risposta alla variazione di temperatura \u00e8 minimo. &#8221;\n                  <\/p>\n<div class=\"graph_img\">\n<h5>Grafico comparativo del coefficiente di espansione termica<\/h5>\n<p>                    <img decoding=\"async\" src=\"\/img\/guide\/toku\/graf8.gif\" alt=\"\">\n                  <\/div>\n<\/p><\/div>\n<div class=\"specific_gravity mb50\">\n<h3 class=\"ttl03 ttl_grad_blue\">Resistivit\u00e0 elettrica<\/h3>\n<p>La resistivit\u00e0 elettrica, nota anche come resistivit\u00e0 di volume, \u00e8 una propriet\u00e0 che spiega quanto sia difficile per l&#8217;elettricit\u00e0 passare attraverso un materiale. La ceramica in generale ha un&#8217;elevata resistivit\u00e0 elettrica. Pertanto, sono comunemente utilizzate come materiali isolanti. Alcune ceramiche hanno propriet\u00e0 elettroconduttive, come il SiC.\n                  <\/p>\n<div class=\"graph_img\">\n<h5>Grafico della resistivit\u00e0 elettrica<\/h5>\n<p>                    <img decoding=\"async\" src=\"\/img\/guide\/toku\/graf9.gif\" alt=\"\">\n                  <\/div>\n<\/p><\/div>\n<div class=\"specific_gravity mb50\">\n<h3 class=\"ttl03 ttl_grad_blue\">Permeabilit\u00e0 relativa<\/h3>\n<p>La permittivit\u00e0 descrive la polarizzazione dielettrica che si verifica in un materiale applicandovi un campo elettrico. La permittivit\u00e0 relativa (nota anche come costante dielettrica) \u00e8 la permittivit\u00e0 di un materiale in rapporto alla permittivit\u00e0 del vuoto. Quanto pi\u00f9 bassa \u00e8 la permittivit\u00e0 relativa, tanto minore \u00e8 la polarizzazione dielettrica che si stabilisce in un materiale. Pertanto, il materiale viene difficilmente influenzato dai campi elettrici circostanti. Per questo motivo, la sua applicazione pi\u00f9 diffusa \u00e8 nelle apparecchiature per la lavorazione dei semiconduttori.    <\/p>\n<p>                <!-- \/.specific_gravity --><\/div>\n<div class=\"specific_gravity mb50\">\n<h3 class=\"ttl03 ttl_grad_blue\">Resistenza alla corrosione<\/h3>\n<p>La resistenza alla corrosione descrive la capacit\u00e0 di un materiale di resistere agli effetti chimici o biologici senza degradare le sue propriet\u00e0 o la sua struttura. Poich\u00e9 la ceramica ha un&#8217;elevata resistenza alla corrosione, pu\u00f2 essere utilizzata in arti protesici e in varie altre parti resistenti alla corrosione. Il tungsteno resiste agli acidi e agli alcali in modo simile alla ceramica.  <\/p>\n<p>                <!-- \/.specific_gravity --><\/div>\n<div class=\"specific_gravity mb50\">\n<h3 class=\"ttl03 ttl_grad_blue\">Conducibilit\u00e0 elettrica<\/h3>\n<p>In generale, le ceramiche avanzate sono materiali isolanti che non conducono elettricit\u00e0. A seconda della tensione o della temperatura, alcuni di essi possono diventare semiconduttori. <\/p>\n<p>                <!-- \/.specific_gravity --><\/div>\n<div class=\"specific_gravity mb50\">\n<h3 class=\"ttl03 ttl_grad_blue\">Piezoelettricit\u00e0<\/h3>\n<p>Dopo aver applicato una sollecitazione meccanica ai materiali, alcuni di essi generano carica elettrica. Al contrario, si verifica l&#8217;effetto piezoelettrico inverso, quando si applica un campo elettrico e si genera una deformazione del materiale. I materiali ceramici piezoelettrici hanno una struttura policristallina. Un esempio di materiale piezoelettrico \u00e8 il titanato di zirconio di piombo (PTZ).   <\/p>\n<p>                <!-- \/.specific_gravity --><\/div>\n<\/section>\n<p>            <!-- \/.detail_area_in --><\/div>\n<p>          <!-- container --><\/div>\n<\/article>\n","protected":false},"excerpt":{"rendered":"<p>Guide ai materiali &#8211; Propriet\u00e0 dei materiali e tabelle di confronto Tabella delle propriet\u00e0 dei materiali metallici1 Tabella delle propriet\u00e0 dei materiali metallici2 Tabella delle propriet\u00e0 dei materiali ceramici1 Tabella delle propriet\u00e0 dei materiali ceramici2 Tabella delle propriet\u00e0 dei materiali ceramici3 Tabella delle propriet\u00e0 dei materiali ceramici4 Peso specifico Questa tabella mostra il peso specifico dei materiali, ovvero la densit\u00e0 di un materiale rispetto alla densit\u00e0 dell&#8217;acqua. Rispetto ai metalli, la ceramica tende ad avere meno della met\u00e0 della densit\u00e0. Inoltre, il tungsteno \u00e8 pi\u00f9 pesante del piombo e circa lo stesso peso dell&#8217;oro, il che lo rende un materiale insolitamente denso. Per questo motivo, il tungsteno viene spesso utilizzato [&hellip;]<\/p>\n","protected":false},"author":1,"featured_media":0,"parent":9026,"menu_order":0,"comment_status":"closed","ping_status":"closed","template":"page-guide.php","meta":{"om_disable_all_campaigns":false,"_monsterinsights_skip_tracking":false,"_monsterinsights_sitenote_active":false,"_monsterinsights_sitenote_note":"","_monsterinsights_sitenote_category":0,"footnotes":""},"aioseo_notices":[],"_links":{"self":[{"href":"https:\/\/top-seiko.com\/it\/wp-json\/wp\/v2\/pages\/9087"}],"collection":[{"href":"https:\/\/top-seiko.com\/it\/wp-json\/wp\/v2\/pages"}],"about":[{"href":"https:\/\/top-seiko.com\/it\/wp-json\/wp\/v2\/types\/page"}],"author":[{"embeddable":true,"href":"https:\/\/top-seiko.com\/it\/wp-json\/wp\/v2\/users\/1"}],"replies":[{"embeddable":true,"href":"https:\/\/top-seiko.com\/it\/wp-json\/wp\/v2\/comments?post=9087"}],"version-history":[{"count":2,"href":"https:\/\/top-seiko.com\/it\/wp-json\/wp\/v2\/pages\/9087\/revisions"}],"predecessor-version":[{"id":9089,"href":"https:\/\/top-seiko.com\/it\/wp-json\/wp\/v2\/pages\/9087\/revisions\/9089"}],"up":[{"embeddable":true,"href":"https:\/\/top-seiko.com\/it\/wp-json\/wp\/v2\/pages\/9026"}],"wp:attachment":[{"href":"https:\/\/top-seiko.com\/it\/wp-json\/wp\/v2\/media?parent=9087"}],"curies":[{"name":"wp","href":"https:\/\/api.w.org\/{rel}","templated":true}]}}