{"id":3223,"date":"2016-09-08T14:01:12","date_gmt":"2016-09-08T05:01:12","guid":{"rendered":"http:\/\/top-seiko.co.com\/test\/?page_id=3223"},"modified":"2023-11-21T19:16:24","modified_gmt":"2023-11-21T10:16:24","slug":"technology","status":"publish","type":"page","link":"https:\/\/top-seiko.com\/pl\/technology\/","title":{"rendered":"Mechanika precyzyjna"},"content":{"rendered":"<article class=\"m-technology\">\n\t<!-- \u52a0\u5de5\u6280\u8853\u7d39\u4ecb --><\/p>\n<section class=\"technology\">\n<div class=\"container\">\n<h2 class=\"ttl01\">\n\t\t\t\t<span class=\"ja\">Mechanika precyzyjna ceramiki i metali<\/span><br \/>\n\t\t\t<\/h2>\n<div class=\"contents_top box-shadow row\">\n<div class=\"contents_top_text col-sm-7\">\n<p><strong>\u201eWykonywanie precyzyjnych cz\u0119\u015bci ze zwyk\u0142ych metali nie jest spraw\u0105 wyj\u0105tkow\u0105. My natomiast wykonujemy te same cz\u0119\u015bci, ale przy wykorzystaniu rzadkich, ultra-twardych materia\u0142\u00f3w.\u201d<\/strong><br \/>\n\t\t\t\t\tW imi\u0119 tego postanowienia, Top Seiko wyspecjalizowa\u0142o si\u0119 w obr\u00f3bce ultra-twardych materia\u0142\u00f3w, takich jak zaawansowana ceramika, szk\u0142o, metale ogniotrwa\u0142e oraz niedawno opatentowane materia\u0142y kompozytowe wysokiej jako jako\u015bci. Bior\u0105c pod uwag\u0119 plastyczno\u015b\u0107 danego materia\u0142u, to jak bardzo kszta\u0142t, kt\u00f3ry klient chce osi\u0105gn\u0105\u0107 jest skomplikowany, decydujemy jaka metoda obr\u00f3bki b\u0119dzie najbardziej efektywna zar\u00f3wno od strony fizycznej, jak i chemicznej.<\/p>\n<p>Jeste\u015bmy tak\u017ce ekspertem w dziedzinie projektowania urz\u0105de\u0144, kt\u00f3re zapewniaj\u0105 maksymaln\u0105 produktywno\u015b\u0107 przy zachowaniu wysokiej jako\u015bci. Wi\u0119kszo\u015b\u0107 cz\u0119\u015bci naszych urz\u0105dze\u0144 by\u0142a robiona na zam\u00f3wienie, cz\u0119\u015b\u0107 z nich wykonali\u015bmy sami. <\/p>\n<p>Nieustannie badamy i inwestujemy w nowe technologie, aby m\u00f3c \u015bwiadczy\u0107 naszym klientom us\u0142ugi najwy\u017cszej jako\u015bci. Co wi\u0119cej, regularnie przeprowadzamy testy maj\u0105ce na celu zbadanie granic mo\u017cliwo\u015bci naszych maszyn i, w perspektywie, zwi\u0119kszenie ich. <\/p>\n<\/p><\/div>\n<div class=\"contents_img col-sm-5 tC\">\n\t\t\t\t\t<img decoding=\"async\" src=\"..\/img\/technology\/technology_img01.jpg\" alt=\"\">\n\t\t\t\t<\/div>\n<p>\t\t\t<!-- \/.contents_top --><\/div>\n<ul class=\"tech_kind row\">\n<li class=\"tech_kind_box\">\n\t\t\t\t\t<a href=\"tech01\/\"><\/p>\n<div class=\"tech_kind_box_in row\">\n<div class=\"col-sm-3\">\n<h4>Skomplikowane projekty i obr\u00f3bka 3D<\/h4>\n<p><img decoding=\"async\" src=\"..\/img\/index\/index_tech_img01.jpg\" alt=\"\"><\/div>\n<div class=\"col-sm-9\">\n<p>Do obr\u00f3bki ultra-twardych materia\u0142\u00f3w Top Seiko wykorzystuje maszyny najnowszej technologii takiej jak Linear Motor Drive High Speed Milling Center oraz 5-Axis Machining Center. Specjalizujemy si\u0119 w z\u0142o\u017conej mechanice precyzyjnej ceramiki, szk\u0142a i metali, uzyskuj\u0105c obiekty o dok\u0142adnie wyprofilowanych kszta\u0142tach, z otworami, z \u017c\u0142bieniami, rowkami, przeciwwiertami itp. Obr\u00f3bka 3D jest mo\u017cliwa dla ceramiki i molibdenu. <\/p>\n<\/p><\/div>\n<p>\t\t\t\t\t<!-- \/.tech_kind_box_in --><\/div>\n<p><\/a><br \/>\n\t\t\t\t<!-- \/.tech_kind_box.col-sm-3 --><\/li>\n<li class=\"tech_kind_box\">\n\t\t\t\t\t<a href=\"tech02\/\"><\/p>\n<div class=\"tech_kind_box_in row\">\n<div class=\"col-sm-3\">\n<h4>Wysoka precyzja, mikroobr\u00f3bka<\/h4>\n<p><img decoding=\"async\" src=\"..\/img\/index\/index_tech_img02.jpg\" alt=\"\"><\/div>\n<div class=\"col-sm-9\">\n<p>Wierzymy, \u017ce wszelkie problemy z obr\u00f3bk\u0105 nale\u017cy rozwi\u0105za\u0107 korzystaj\u0105c z fizyki i chemii. Jako wiod\u0105cy dostawca w bran\u017cy, zapewniamy precyzj\u0119 wykonania naszych produkt\u00f3w, oferujemy tak\u017ce mikroobr\u00f3bk\u0119. Dzi\u0119ki naszej wiedzy na temat materia\u0142\u00f3w, zaawansowanym technologicznie maszynom i narz\u0119dziom, do\u015bwiadczonym in\u017cynierom i dobrze wyszkolonym operatorom mo\u017cemy wytwarza\u0107 cz\u0119\u015bci z dok\u0142adno\u015bci\u0105 co do mikrometra. Jeste\u015bmy te\u017c w stanie t\u0119 dok\u0142adno\u015b\u0107 z weryfikowa\u0107 przy u\u017cyciu zaawansowanych narz\u0119dzi pomiarowych. <\/p>\n<\/p><\/div>\n<p>\t\t\t\t\t<!-- \/.tech_kind_box_in --><\/div>\n<p><\/a><br \/>\n\t\t\t\t<!-- \/.tech_kind_box.col-sm-3 --><\/li>\n<li class=\"tech_kind_box\">\n\t\t\t\t\t<a href=\"tech03\/\"><\/p>\n<div class=\"tech_kind_box_in row\">\n<div class=\"col-sm-3\">\n<h4>Wiercenie<\/h4>\n<p><img decoding=\"async\" src=\"..\/img\/index\/index_tech_img03.jpg\" alt=\"\"><\/div>\n<div class=\"col-sm-9\">\n<p>Kolejnym obszarem, w kt\u00f3rym si\u0119 specjalizujemy jest wiercenie otwor\u00f3w w twardych obiektach. Oferujemy wiercenie mikro- i precyzyjnych otwor\u00f3w w dowolnej ilo\u015bci w ceramice, szkle i \u017caroodpornych metalach takich jak tangsten, molibden i tantalum.<br \/>\nProjektujemy specjalne narz\u0119dzia, umo\u017cliwiaj\u0105ce sprostanie indywidualnym potrzebom naszych klient\u00f3w.\n<\/p>\n<\/p><\/div>\n<p>\t\t\t\t\t<!-- \/.tech_kind_box_in --><\/div>\n<p><\/a><br \/>\n\t\t\t\t<!-- \/.tech_kind_box.col-sm-3 --><\/li>\n<li class=\"tech_kind_box\">\n\t\t\t\t\t<a href=\"tech04\/\"><\/p>\n<div class=\"tech_kind_box_in row\">\n<div class=\"col-sm-3\">\n<h4>G\u0142\u0119bokie wwiercenia<\/h4>\n<p><img decoding=\"async\" src=\"..\/img\/index\/index_tech_img04.jpg\" alt=\"\"><\/div>\n<div class=\"col-sm-9\">\n<p>Poprzez zastosowanie profilowanych narz\u0119dzi zaprojektowanych przez naszych in\u017cynier\u00f3w z dum\u0105 mo\u017cemy oferowa\u0107 wiercenie zar\u00f3wno prostych jak i sto\u017ckowatych otwor\u00f3w w materia\u0142ach takich jak zaawansowana ceramika, stopiona krzmonka (stopiony kwarc), molibden i tangsten.<br \/>\n\t\t\t\t\t\t\tKluczem do wiercenia jest, po pierwsze, utrzymanie wiert\u0142a we w\u0142a\u015bciwej pozycji, po drugie, systematyczne usuwanie okrawk\u00f3w z dziury, zapobiegaj\u0105c gromadzeniu si\u0119 ich na dnie. Obydwa opanowali\u015bmy do perfekcji. <\/p>\n<\/p><\/div>\n<p>\t\t\t\t\t<!-- \/.tech_kind_box_in --><\/div>\n<p><\/a><br \/>\n\t\t\t\t<!-- \/.tech_kind_box.col-sm-3 --><\/li>\n<li class=\"tech_kind_box\">\n\t\t\t\t\t<a href=\"tech05\/\"><\/p>\n<div class=\"tech_kind_box_in row\">\n<div class=\"col-sm-3\">\n<h4>Diffusion Bonding<\/h4>\n<p><img decoding=\"async\" src=\"..\/img\/index\/index_tech_img05.jpg\" alt=\"\"><\/div>\n<div class=\"col-sm-9\">\n<p>Dzi\u0119ki Diffusion Bonding mo\u017cna osi\u0105gn\u0105\u0107 przyczepno\u015b\u0107, kt\u00f3ra zachowuje odporno\u015b\u0107 na ciep\u0142o i stabilno\u015b\u0107 wymiarow\u0105 materia\u0142\u00f3w, bez potrzeby warstwy po\u015bredniej. Ta technika u\u0142atwia tworzenie skomplikowanych kszta\u0142t\u00f3w i \u015bcie\u017cek wewn\u0119trznych, co wcze\u015bniej by\u0142o trudne do osi\u0105gni\u0119cia za pomoc\u0105 innych metod, dzi\u0119ki naszemu do\u015bwiadczeniu w obr\u00f3bce trudno ci\u0119tych materia\u0142\u00f3w.<\/p>\n<\/p><\/div>\n<p>\t\t\t\t\t<!-- \/.tech_kind_box_in --><\/div>\n<p><\/a><br \/>\n\t\t\t\t<!-- \/.tech_kind_box.col-sm-3 --><\/li>\n<p>\t\t\t<!-- \/.tech_kind --><\/ul>\n<div class=\"technology_bottom\">\n<ul class=\"technology_bottom_list\">\n<li class=\"col-sm-6 btn_grad_blue\"><a href=\"..\/works\/material-cat\/ceramics\/#comparison\">Process comparison after sintering<i class=\"fa fa-caret-right\" aria-hidden=\"true\"><\/i><\/a><\/li>\n<p>\t\t\t\t\t<!--\n\n<li class=\"col-sm-6 btn_grad_blue\"><a href=\"..\/works\/material-cat\/ceramics\/\">\u7d20\u6750\u3054\u3068\u306e\u52a0\u5de5\u53ef\u80fd\u306a\u76ee\u5b89<i class=\"fa fa-caret-right\" aria-hidden=\"true\"><\/i><\/a><\/li>\n\n-->\n\t\t\t\t<\/ul>\n<\/p><\/div>\n<p>\t\t<!-- container --><\/div>\n<\/section>\n<\/article>\n","protected":false},"excerpt":{"rendered":"<p>Mechanika precyzyjna ceramiki i metali \u201eWykonywanie precyzyjnych cz\u0119\u015bci ze zwyk\u0142ych metali nie jest spraw\u0105 wyj\u0105tkow\u0105. My natomiast wykonujemy te same cz\u0119\u015bci, ale przy wykorzystaniu rzadkich, ultra-twardych materia\u0142\u00f3w.\u201d W imi\u0119 tego postanowienia, Top Seiko wyspecjalizowa\u0142o si\u0119 w obr\u00f3bce ultra-twardych materia\u0142\u00f3w, takich jak zaawansowana ceramika, szk\u0142o, metale ogniotrwa\u0142e oraz niedawno opatentowane materia\u0142y kompozytowe wysokiej jako jako\u015bci. Bior\u0105c pod uwag\u0119 plastyczno\u015b\u0107 danego materia\u0142u, to jak bardzo kszta\u0142t, kt\u00f3ry klient chce osi\u0105gn\u0105\u0107 jest skomplikowany, decydujemy jaka metoda obr\u00f3bki b\u0119dzie najbardziej efektywna zar\u00f3wno od strony fizycznej, jak i chemicznej. Jeste\u015bmy tak\u017ce ekspertem w dziedzinie projektowania urz\u0105de\u0144, kt\u00f3re zapewniaj\u0105 maksymaln\u0105 produktywno\u015b\u0107 przy zachowaniu wysokiej jako\u015bci. Wi\u0119kszo\u015b\u0107 cz\u0119\u015bci naszych urz\u0105dze\u0144 by\u0142a robiona na zam\u00f3wienie, cz\u0119\u015b\u0107 z nich [&hellip;]<\/p>\n","protected":false},"author":1,"featured_media":0,"parent":0,"menu_order":0,"comment_status":"closed","ping_status":"closed","template":"","meta":{"footnotes":""},"aioseo_notices":[],"_links":{"self":[{"href":"https:\/\/top-seiko.com\/pl\/wp-json\/wp\/v2\/pages\/3223"}],"collection":[{"href":"https:\/\/top-seiko.com\/pl\/wp-json\/wp\/v2\/pages"}],"about":[{"href":"https:\/\/top-seiko.com\/pl\/wp-json\/wp\/v2\/types\/page"}],"author":[{"embeddable":true,"href":"https:\/\/top-seiko.com\/pl\/wp-json\/wp\/v2\/users\/1"}],"replies":[{"embeddable":true,"href":"https:\/\/top-seiko.com\/pl\/wp-json\/wp\/v2\/comments?post=3223"}],"version-history":[{"count":25,"href":"https:\/\/top-seiko.com\/pl\/wp-json\/wp\/v2\/pages\/3223\/revisions"}],"predecessor-version":[{"id":5279,"href":"https:\/\/top-seiko.com\/pl\/wp-json\/wp\/v2\/pages\/3223\/revisions\/5279"}],"wp:attachment":[{"href":"https:\/\/top-seiko.com\/pl\/wp-json\/wp\/v2\/media?parent=3223"}],"curies":[{"name":"wp","href":"https:\/\/api.w.org\/{rel}","templated":true}]}}