{"id":3244,"date":"2016-09-08T14:18:18","date_gmt":"2016-09-08T05:18:18","guid":{"rendered":"http:\/\/top-seiko.co.com\/test\/?page_id=3244"},"modified":"2021-02-08T22:44:00","modified_gmt":"2021-02-08T13:44:00","slug":"propose","status":"publish","type":"page","link":"https:\/\/top-seiko.com\/pl\/propose\/","title":{"rendered":"Doradztwo w zakresie wyboru materia\u0142\u00f3w"},"content":{"rendered":"<article class=\"m-propose\">\n\t<!-- \u52a0\u5de5\u6280\u8853\u7d39\u4ecb --><\/p>\n<section class=\"propose mb0\">\n<div class=\"container\">\n<h2 class=\"ttl01\">\n\t\t\t\t<span class=\"ja\">Doradztwo w zakresie wyboru materia\u0142\u00f3w<\/span><br \/>\n\t\t\t<\/h2>\n<div class=\"contents_top box-under-shadow row\">\n<div class=\"contents_top_text col-sm-7\">\n<h4>Jako dostawca rozwi\u0105za\u0144 z wykorzystaniem ultra-twardych metali,<\/h4>\n<p>Top Seiko oferuje tak\u017ce us\u0142ug\u0119 pomocy przy wyborze materia\u0142u, bior\u0105c pod uwag\u0119, jakie w\u0142a\u015bciwo\u015bci materia\u0142u mog\u0105 by\u0107 klientowi potrzebne. Poniewa\u017c Top Seiko nie jest producentem materia\u0142\u00f3w, mo\u017cesz liczy\u0107 na nasz\u0105 bezstronn\u0105 opini\u0119.<br \/>\n\t\t\t\t\tOferujemy nie tylko materia\u0142y japo\u0144skich producent\u00f3w, ale tak\u017ce zagranicznych. Nasz magazyn r\u00f3wnie\u017c jest dobrze zaapatrzony, co umo\u017cliwia szybk\u0105 dostaw\u0119. <br \/>\n\t\t\t\t\tOferujemy kompleksowe us\u0142ugi obr\u00f3bki precyzyjnej, pomocy w doborze materia\u0142u i wyr\u0119czamy te\u017c naszych klient\u00f3w w pozyskaniu materia\u0142\u00f3w.  <br \/>\n\t\t\t\t\tPonadto, wielokrotnie uda\u0142o nam si\u0119 zaproponowa\u0107 zamian\u0119 materia\u0142\u00f3w, kt\u00f3ra doprowadzi\u0142a do poprawy jako\u015bci, przed\u0142u\u017cenia \u017cywotno\u015bci i zwi\u0119kszenia wydajno\u015bci produktu. Pozw\u00f3l nam pom\u00f3c r\u00f3wnie\u017c Tobie!<\/p>\n<\/p><\/div>\n<div class=\"propose_img col-sm-5 tC\">\n\t\t\t\t\t<img decoding=\"async\" src=\"..\/img\/propose\/propose_img01.jpg\" alt=\"\">\n\t\t\t\t<\/div>\n<\/p><\/div>\n<div class=\"consultation\">\n<h3 class=\"ttl02\"><span class=\"ja\">Najcz\u0119\u015bciej zadawane pytania na temat w\u0142a\u015bciwo\u015bci cieplnych materia\u0142\u00f3w<\/span><\/h3>\n<div class=\"table_area box-shadow table-responsive\">\n<table>\n<tr>\n<th>Po\u017c\u0105dana w\u0142a\u015bciwo\u015b\u0107<\/th>\n<th class=\"tbl_orange\">Zastosowanie i problemy klient\u00f3w<\/th>\n<th>Zazwyczaj u\u017cywane materia\u0142y<\/th>\n<th>Sugerowane materia\u0142y<\/th>\n<\/tr>\n<tr>\n<td>Odporno\u015b\u0107 na wysok\u0105 temperatur\u0119<\/td>\n<td>\n\t\t\t\t\t\t\t\t\u30fbCz\u0119\u015b\u0107 u\u017cywana w \u015brodowisku o wysokiej temperaturze wymaga cz\u0119stej wymiany ze wzgl\u0119du na kr\u00f3tki okres u\u017cytkowania, co powoduje wysokie koszty i przerwy w produkcji.<br \/>\n\t\t\t\t\t\t\t\t\u30fbCz\u0119\u015b\u0107 u\u017cywana w wysokiej temperaturze z czasem wypacza si\u0119 i odkszta\u0142ca, a te deformacje termiczne powoduj\u0105 zmniejszenie dok\u0142adno\u015bci wymiarowej wytwarzanych produkt\u00f3w ko\u0144cowych.\n\t\t\t\t\t\t\t<\/td>\n<td>\n\t\t\t\t\t\t\t\tWytrzyma\u0142a temperaturowo<br \/>\n\t\t\t\t\t\t\t\tSyntetyczna \u017cywica\/plastik<br \/>\n\t\t\t\t\t\t\t\tStopy stali i aluminium <br \/>\n\t\t\t\t\t\t\t\tStal nierdzewna\n\t\t\t\t\t\t\t<\/td>\n<td>\n\t\t\t\t\t\t\t\tKrzemionka topiona <br \/>\n\t\t\t\t\t\t\t\tSzk\u0142o borokrzemowe  <br \/>\n\t\t\t\t\t\t\t\tTlenek glinu  <br \/>\n\t\t\t\t\t\t\t\tTlenek cyrkonu  <br \/>\n\t\t\t\t\t\t\t\tAzotek krzemu  <br \/>\n\t\t\t\t\t\t\t\tMolibden\/ Stopy molibdenu <br \/>\n\t\t\t\t\t\t\t\tWolfram\/ Stopy wolframu\n\t\t\t\t\t\t\t<\/td>\n<\/tr>\n<tr>\n<td>Niska rozszerzalno\u015b\u0107 termiczna<\/td>\n<td>\n\t\t\t\t\t\t\t\t\u30fbWymiary s\u0105 niestabilne, co powoduje problemy z pomiarami i niejednakowymi produktami finalnymi<br \/>\n\t\t\t\t\t\t\t\t\u30fbMateria\u0142 o niskiej rozszerzalno\u015bci termicznej jest potrzebny do wykonania cz\u0119\u015bci, kt\u00f3ra mo\u017ce zachowa\u0107 swoj\u0105 wydajno\u015b\u0107 i stabilno\u015b\u0107 wymiarow\u0105 bez wp\u0142ywu ci\u0105g\u0142ych zmian temperatury.\n\t\t\t\t\t\t\t<\/td>\n<td>\n\t\t\t\t\t\t\t\tStop stali z aluminium <br \/>\n\t\t\t\t\t\t\t\tStal nierdzewna\n\t\t\t\t\t\t\t<\/td>\n<td>\n\t\t\t\t\t\t\t\tTlenek glinu <br \/>\n\t\t\t\t\t\t\t\tAzotek glinu<br \/>\n\t\t\t\t\t\t\t\tMMC oparte na w\u0119gliku krzemu<br \/>\n\t\t\t\t\t\t\t\tMolibden<br \/>\n\t\t\t\t\t\t\t\tWolfram\n\t\t\t\t\t\t\t<\/td>\n<\/tr>\n<tr>\n<td rowspan=\"2\">Wysoka przewodno\u015b\u0107 cieplna<\/td>\n<td>\n\t\t\t\t\t\t\t\t\u30fbMateria\u0142 o wysokiej przewodno\u015bci cieplnej ma zastosowanie w przy regulacji temperatur.<br \/>\n\t\t\t\t\t\t\t\t\u30fbZe wzgl\u0119du na nisk\u0105 przewodno\u015b\u0107 ciepln\u0105 w wysokich temperaturach cz\u0119\u015bci krytyczne do \u0142\u0105czenia termo-kompresyjnego nie mog\u0105 przewodzi\u0107 wystarczaj\u0105cego ciep\u0142a, co skutkuje nisk\u0105 produktywno\u015bci\u0105.\n\t\t\t\t\t\t\t<\/td>\n<td>\n\t\t\t\t\t\t\t\tStal nierdzewna <br \/>\n\t\t\t\t\t\t\t\tStopy wytrzyma\u0142e na temperatur\u0119<br \/>\n\t\t\t\t\t\t\t\tCeramika\n\t\t\t\t\t\t\t<\/td>\n<td>\n\t\t\t\t\t\t\t\tMolibden <br \/>\n\t\t\t\t\t\t\t\tWolfram <br \/>\n\t\t\t\t\t\t\t\tAzotek glinu <br \/>\n\t\t\t\t\t\t\t\tW\u0119glik krzemu <br \/>\n\t\t\t\t\t\t\t\tMMC oparte na w\u0119gliku krzemu\n\t\t\t\t\t\t\t<\/td>\n<\/tr>\n<tr>\n<td class=\"fcb\">\n\t\t\t\t\t\t\t\t\u30fbBardzo trudno jest znale\u017a\u0107 materia\u0142, kt\u00f3ry \u0142\u0105czy w sobie nast\u0119puj\u0105ce cechy: odporno\u015b\u0107 na wysok\u0105 temperatur\u0119, dobr\u0105 przewodno\u015b\u0107 ciepln\u0105 i doskona\u0142e w\u0142a\u015bciwo\u015bci izolacji elektrycznej.\n\t\t\t\t\t\t\t<\/td>\n<td><\/td>\n<td>Azotek glinu<\/td>\n<\/tr>\n<tr>\n<td>Odporno\u015b\u0107 na szok termiczny<\/td>\n<td>\n\t\t\t\t\t\t\t\t\u30fbS\u0142aba odporno\u015b\u0107 na szok termiczny nie pozwala osi\u0105gn\u0105\u0107 wysokiej wydajno\u015bci, poniewa\u017c uniemo\u017cliwia to szybkie nagrzewanie i ch\u0142odzenie. Je\u015bli materia\u0142 nie jest odporny, mo\u017ce si\u0119 odkszta\u0142ci\u0107 lub pop\u0119ka\u0107.\n\t\t\t\t\t\t\t<\/td>\n<td>\n\t\t\t\t\t\t\t\tStopy aluminium <br \/>\n\t\t\t\t\t\t\t\tStal <br \/>\n\t\t\t\t\t\t\t\tStal nierdzewna <br \/>\n\t\t\t\t\t\t\t\tCeramika\n\t\t\t\t\t\t\t<\/td>\n<td>\n\t\t\t\t\t\t\t\tAzotek krzemu <br \/>\n\t\t\t\t\t\t\t\tAzotek glinu <br \/>\n\t\t\t\t\t\t\t\tTlenek glinu  <br \/>\n\t\t\t\t\t\t\t\tMolibden  <br \/>\n\t\t\t\t\t\t\t\tWolfram\n\t\t\t\t\t\t\t<\/td>\n<\/tr>\n<tr>\n<td>Niska przewodno\u015b\u0107 cieplna<\/td>\n<td>\n\t\t\t\t\t\t\t\t\u30fbCz\u0119sto, kiedy cz\u0119\u015b\u0107, kt\u00f3ra pracuje w wysokich temperaturach,  szybko traci ciep\u0142o, co poci\u0105ga za sob\u0105 spadek wydajno\u015bci i jako\u015bci produkt\u00f3w.\n\t\t\t\t\t\t\t<\/td>\n<td>\n\t\t\t\t\t\t\t\tCeramika\n\t\t\t\t\t\t\t<\/td>\n<td>\n\t\t\t\t\t\t\t\tZaawansowana ceramika <br \/>\n\t\t\t\t\t\t\t\tTlenek cyrkonu <br \/>\n\t\t\t\t\t\t\t\tTopione szk\u0142o krzemionkowe <br \/>\n\t\t\t\t\t\t\t\tSzk\u0142o borokrzemowe\n\t\t\t\t\t\t\t<\/td>\n<\/tr>\n<tr>\n<td rowspan=\"2\">Twardo\u015b\u0107, odporno\u015b\u0107 na zu\u017cycie i zarysowania<\/td>\n<td>\n\t\t\t\t\t\t\t\t\u30fbCz\u0119\u015b\u0107 szybko si\u0119 odkszta\u0142ca lub rysuje, przez co trzeba j\u0105 cz\u0119sto wymienia\u0107\n\t\t\t\t\t\t\t<\/td>\n<td>\n\t\t\t\t\t\t\t\tUtwardzana stal<br \/>\n\t\t\t\t\t\t\t\tTradycyjne metalne (nieogniotrwa\u0142e)\n\t\t\t\t\t\t\t<\/td>\n<td>\n\t\t\t\t\t\t\t\tTlenek glinu<br \/>\n\t\t\t\t\t\t\t\tTlenek cyrkonu<br \/>\n\t\t\t\t\t\t\t\tW\u0119glik krzemu<br \/>\n\t\t\t\t\t\t\t\tAzotek krzemu<br \/>\n\t\t\t\t\t\t\t\tW\u0119glik wolframu\n\t\t\t\t\t\t\t<\/td>\n<\/tr>\n<tr>\n<td class=\"fcb\">\u30fbKomponent optyczny nie pozostaje przezroczysty z powodu ci\u0105g\u0142ych uszkodze\u0144 powierzchni spowodowanej zadrapaniami i otarciami podczas u\u017cytkowania. Niezwykle twardy materia\u0142 jest potrzebny do wytworzenia odpornych na zarysowania element\u00f3w optycznych.<\/td>\n<td>\n\t\t\t\t\t\t\t\tAkrylany <br \/>\n\t\t\t\t\t\t\t\tSzk\u0142o\n\t\t\t\t\t\t\t<\/td>\n<td>\n\t\t\t\t\t\t\t\tTopione szk\u0142o krzemionkowe<br \/>\n\t\t\t\t\t\t\t\tSzafir\n\t\t\t\t\t\t\t<\/td>\n<\/tr>\n<tr>\n<td>Odporno\u015b\u0107 na p\u0119kanie, odpryski itp<\/td>\n<td>\n\t\t\t\t\t\t\t\t\u30fbW mechanice precyzyjnej cz\u0119sto u\u017cywa si\u0119 tlenku glinu. Wiele jego w\u0142a\u015bciwo\u015bci spe\u0142nia wyg\u00f3rowane kryteria, ale jest on jednak kruchy i podatny na p\u0119kanie i odpryskiwanie. <br \/>\n\t\t\t\t\t\t\t\tIstniej\u0105 materia\u0142y o wy\u017cszej odporno\u015bci, kt\u00f3rymi mo\u017cna tlenek glinu zamieni\u0107.\n\t\t\t\t\t\t\t<\/td>\n<td>\n\t\t\t\t\t\t\t\tTlenek glinu\n\t\t\t\t\t\t\t<\/td>\n<td>\n\t\t\t\t\t\t\t\tTlenek krzemu<br \/>Azotek cyrkonu\n\t\t\t\t\t\t\t<\/td>\n<\/tr>\n<tr>\n<td>Izolacja elektryczna w wysokiej temperaturze<\/td>\n<td>\n\t\t\t\t\t\t\t\t\u30fbZazwyczaj u\u017cywane w tym celu odporne na ciep\u0142o \u017cywice nie s\u0105 w stanie znie\u015b\u0107 najwy\u017cszych temperatur.\n\t\t\t\t\t\t\t<\/td>\n<td>\n\t\t\t\t\t\t\t\tOdporne na ciep\u0142o \u017cywice\/ plastik\n\t\t\t\t\t\t\t<\/td>\n<td>\n\t\t\t\t\t\t\t\tTlenek glinu<br \/>\n\t\t\t\t\t\t\t\tObrabialna ceramika<br \/> Azotek Bironu\n\t\t\t\t\t\t\t<\/td>\n<\/tr>\n<tr>\n<td>Wysoka przewodno\u015b\u0107 elektryczna w wysokiej temperaturze<\/td>\n<td>\n\t\t\t\t\t\t\t\t\u30fbKonwencjonalne metale, kt\u00f3re zazwyczaj s\u0105 wykorzystywane do przewodzenia pr\u0105du, nie znosz\u0105 dobre wysokich temperatur.\n\t\t\t\t\t\t\t<\/td>\n<td>\n\t\t\t\t\t\t\t\tMied\u017a<br \/>\n\t\t\t\t\t\t\t\tTradycyjne metale (nieogniotrwa\u0142e)\n\t\t\t\t\t\t\t<\/td>\n<td>\n\t\t\t\t\t\t\t\tMolibden<br \/>Wolfram\n\t\t\t\t\t\t\t<\/td>\n<\/tr>\n<tr>\n<td>Wysoka g\u0119sto\u015b\u0107<\/td>\n<td>\n\t\t\t\t\t\t\t\t\u30fbCzasem pojawia si\u0119 zapotrzebowanie na ma\u0142e, ale ci\u0119\u017ckie materia\u0142y, na przyk\u0142ad przy regulacji obci\u0105\u017cenia. Potrzebny jest materia\u0142 o zmniejszeniu jej rozmiaru, jest wymagany w celu poprawy zwarto\u015bci produktu.\n\t\t\t\t\t\t\t<\/td>\n<td>\n\t\t\t\t\t\t\t\tTradycyjne metale (nieogniotrwa\u0142e)\n\t\t\t\t\t\t\t<\/td>\n<td>\n\t\t\t\t\t\t\t\tWolfram<br \/>Stopy wolframu\n\t\t\t\t\t\t\t<\/td>\n<\/tr>\n<tr>\n<td>Odporno\u015b\u0107 na korozj\u0119, utlenianie i alkalia<\/p>\n<td>\n\t\t\t\t\t\t\t\t\u30fbPoniewa\u017c cz\u0119\u015b\u0107 szybko rdzewieje przez wyeksponowanie na powietrze i wod\u0119, sugeruje si\u0119 zamian\u0119 na materia\u0142 odporny na korozj\u0119.\n\t\t\t\t\t\t\t<\/td>\n<td>\n\t\t\t\t\t\t\t\tKonwencjonalne metale (nieogniotrwa\u0142e)\n\t\t\t\t\t\t\t<\/td>\n<td>\n\t\t\t\t\t\t\t\tTopione szk\u0142o krzemionkowe <br \/>Tlenek glinu<br \/>Tlenek cyrkonu\n\t\t\t\t\t\t\t<\/td>\n<\/tr>\n<tr>\n<td>Koszty<\/td>\n<td>\n\t\t\t\t\t\t\t\t\u30fbPotrzebna jest redukcja koszt\u00f3w skomplikowanych cz\u0119\u015bci o okre\u015blonych w\u0142a\u015bciwo\u015bciach.\n\t\t\t\t\t\t\t<\/td>\n<td>\n\t\t\t\t\t\t\t\tTlenek glinu<br \/>\n\t\t\t\t\t\t\t\tAzotek glinu<br \/>\n\t\t\t\t\t\t\t\tAzotek krzemu<br \/>\n\t\t\t\t\t\t\t\tW\u0119glik krzemu\n\t\t\t\t\t\t\t<\/td>\n<td>\n\t\t\t\t\t\t\t\tZaawansowana ceramika\n\t\t\t\t\t\t\t<\/td>\n<\/tr>\n<\/table><\/div>\n<div class=\"btn_area row\">\n<div class=\"success_btn btn_grad_blue col-sm-12 col-xs-12\">\n\t\t\t\t\t\t<a href=\"successful\/\">Przyk\u0142ady pomy\u015blnej wymiany materia\u0142\u00f3w<i class=\"fa fa-caret-right\" aria-hidden=\"true\"><\/i><\/a>\n\t\t\t\t\t<\/div>\n<\/p><\/div>\n<\/p><\/div>\n<p><!-- \t\t\t\t\t\t\n\n<div class=\"sample\">\n\t\t\t\t\n\n<h3 class=\"ttl03\">\u25cf \u30b5\u30f3\u30d7\u30eb\u4f8b<\/h3>\n\n\n\t\t\t\t\n\n<ul class=\"five_col_list clearfix\">\n\t\t\t\t\t\n\n<li class=\"\">\n\t\t\t\t\t\t<a href=\"..\/img\/propose\/pro_sample01.jpg\" data-lightbox=\"propose\"><img decoding=\"async\" src=\"..\/img\/propose\/pro_sample01.jpg\" alt=\"\"><\/a>\n\t\t\t\t\t<\/li>\n\n\n\t\t\t\t\t\n\n<li class=\"\">\n\t\t\t\t\t\t<a href=\"..\/img\/propose\/pro_sample02.jpg\" data-lightbox=\"propose\"><img decoding=\"async\" src=\"..\/img\/propose\/pro_sample02.jpg\" alt=\"\"><\/a>\n\t\t\t\t\t<\/li>\n\n\n\t\t\t\t\t\n\n<li class=\"\">\n\t\t\t\t\t\t<a href=\"..\/img\/propose\/pro_sample03.jpg\" data-lightbox=\"propose\"><img decoding=\"async\" src=\"..\/img\/propose\/pro_sample03.jpg\" alt=\"\"><\/a>\n\t\t\t\t\t<\/li>\n\n\n\t\t\t\t\t\n\n<li class=\"\">\n\t\t\t\t\t\t<a href=\"..\/img\/propose\/pro_sample04.jpg\" data-lightbox=\"propose\"><img decoding=\"async\" src=\"..\/img\/propose\/pro_sample04.jpg\" alt=\"\"><\/a>\n\t\t\t\t\t<\/li>\n\n\n\t\t\t\t\t\n\n<li class=\"\">\n\t\t\t\t\t\t<a href=\"..\/img\/propose\/pro_sample05.jpg\" data-lightbox=\"propose\"><img decoding=\"async\" src=\"..\/img\/propose\/pro_sample05.jpg\" alt=\"\"><\/a>\n\t\t\t\t\t<\/li>\n\n\n\t\t\t\t\t\n\n<li class=\"\">\n\t\t\t\t\t\t<a href=\"..\/img\/propose\/pro_sample06.jpg\" data-lightbox=\"propose\"><img decoding=\"async\" src=\"..\/img\/propose\/pro_sample06.jpg\" alt=\"\"><\/a>\n\t\t\t\t\t<\/li>\n\n\n\t\t\t\t\t\n\n<li class=\"\">\n\t\t\t\t\t\t<a href=\"..\/img\/propose\/pro_sample07.jpg\" data-lightbox=\"propose\"><img decoding=\"async\" src=\"..\/img\/propose\/pro_sample07.jpg\" alt=\"\"><\/a>\n\t\t\t\t\t<\/li>\n\n\n\t\t\t\t\t\n\n<li class=\"\">\n\t\t\t\t\t\t<a href=\"..\/img\/propose\/pro_sample08.jpg\" data-lightbox=\"propose\"><img decoding=\"async\" src=\"..\/img\/propose\/pro_sample08.jpg\" alt=\"\"><\/a>\n\t\t\t\t\t<\/li>\n\n\n\t\t\t\t\t\n\n<li class=\"\">\n\t\t\t\t\t\t<a href=\"..\/img\/propose\/pro_sample09.jpg\" data-lightbox=\"propose\"><img decoding=\"async\" src=\"..\/img\/propose\/pro_sample09.jpg\" alt=\"\"><\/a>\n\t\t\t\t\t<\/li>\n\n\n\t\t\t\t\t\n\n<li class=\"\">\n\t\t\t\t\t\t<a href=\"..\/img\/propose\/pro_sample10.jpg\" data-lightbox=\"propose\"><img decoding=\"async\" src=\"..\/img\/propose\/pro_sample10.jpg\" alt=\"\"><\/a>\n\t\t\t\t\t<\/li>\n\n\n\t\t\t\t\t\n\n<li class=\"\">\n\t\t\t\t\t\t<a href=\"..\/img\/propose\/pro_sample11.jpg\" data-lightbox=\"propose\"><img decoding=\"async\" src=\"..\/img\/propose\/pro_sample11.jpg\" alt=\"\"><\/a>\n\t\t\t\t\t<\/li>\n\n\n\t\t\t\t\t\n\n<li class=\"\">\n\t\t\t\t\t\t<a href=\"..\/img\/propose\/pro_sample12.jpg\" data-lightbox=\"propose\"><img decoding=\"async\" src=\"..\/img\/propose\/pro_sample12.jpg\" alt=\"\"><\/a>\n\t\t\t\t\t<\/li>\n\n\n\t\t\t\t\t\n\n<li class=\"\">\n\t\t\t\t\t\t<a href=\"..\/img\/propose\/pro_sample13.jpg\" data-lightbox=\"propose\"><img decoding=\"async\" src=\"..\/img\/propose\/pro_sample13.jpg\" alt=\"\"><\/a>\n\t\t\t\t\t<\/li>\n\n\n\t\t\t\t<\/ul>\n\n\n\t\t\t<\/div>\n\n\n--><\/p>\n<p>\t\t<!-- container --><\/div>\n<\/section>\n<section class=\"common_area2\">\n<div class=\"common_area_top\">\n<div class=\"container\">\n<div class=\"contact_box\">\n<h3>Z przyjemno\u015bci\u0105 pomo\u017cemy Ci w dzia\u0142aniach badawczo-rozwojowych u\u017cywaj\u0105c naszej precyzyjnej technologii obr\u00f3bki oraz radz\u0105c w doborze materia\u0142\u00f3w.<\/h3>\n<div class=\"row\">\n<div class=\"contact_box_l col-sm-6\">\n<div class=\"logo\"><img decoding=\"async\" src=\"..\/common\/img\/ico\/common_logo_ico.png\" alt=\"\"><\/div>\n<div class=\"text_area\">\n<h4>Top Seiko Co., Ltd.<\/h4>\n<p>\n\t\t\t\t\t\t\t\t\t1197-4, Hosoe-cho, Nagahama City, Shiga Pref., 526-0105 Japan <br \/>\n\t\t\t\t\t\t\t\t\t<a href=\"company\/address\/\" class=\"access_map_link\">[ Access Map ]<\/a>\n\t\t\t\t\t\t\t\t<\/p>\n<p>\t\t\t\t\t\t\t<!-- \/.text_area --><\/div>\n<p>\t\t\t\t\t\t<!-- \/.contact_box_logo col-sm-6 --><\/div>\n<div class=\"contact_box_r col-sm-6\">\n<div class=\"tel\">\n\t\t\t\t\t\t\t\tPhone.+81-(0)749-51-9021<br \/>\n\t\t\t\t\t\t\t<!-- \/.tel --><\/div>\n<div class=\"fax\">\n\t\t\t\t\t\t\t\tFAX.+81-(0)749-51-9022<br \/>\n\t\t\t\t\t\t\t<!-- \/.fax --><\/div>\n<div class=\"contact_btn btn_grad_blue2\">\n\t\t\t\t\t\t\t\t<a href=\"..\/contact\">Napisz do nas<\/a><br \/>\n\t\t\t\t\t\t\t<!-- \/.contact_btn --><\/div>\n<p>\t\t\t\t\t\t<!-- \/.contact_box_other --><\/div>\n<p>\t\t\t\t\t<!-- \/.row --><\/div>\n<p>\t\t\t\t<!-- \/.contact_box --><\/div>\n<p>\t\t\t<!-- \/.container --><\/div>\n<p>\t\t<!-- \/.common_area_top --><\/div>\n<p>\t<!-- \/.common_area --><\/section>\n<\/article>\n","protected":false},"excerpt":{"rendered":"<p>Doradztwo w zakresie wyboru materia\u0142\u00f3w Jako dostawca rozwi\u0105za\u0144 z wykorzystaniem ultra-twardych metali, Top Seiko oferuje tak\u017ce us\u0142ug\u0119 pomocy przy wyborze materia\u0142u, bior\u0105c pod uwag\u0119, jakie w\u0142a\u015bciwo\u015bci materia\u0142u mog\u0105 by\u0107 klientowi potrzebne. Poniewa\u017c Top Seiko nie jest producentem materia\u0142\u00f3w, mo\u017cesz liczy\u0107 na nasz\u0105 bezstronn\u0105 opini\u0119. Oferujemy nie tylko materia\u0142y japo\u0144skich producent\u00f3w, ale tak\u017ce zagranicznych. Nasz magazyn r\u00f3wnie\u017c jest dobrze zaapatrzony, co umo\u017cliwia szybk\u0105 dostaw\u0119. Oferujemy kompleksowe us\u0142ugi obr\u00f3bki precyzyjnej, pomocy w doborze materia\u0142u i wyr\u0119czamy te\u017c naszych klient\u00f3w w pozyskaniu materia\u0142\u00f3w. Ponadto, wielokrotnie uda\u0142o nam si\u0119 zaproponowa\u0107 zamian\u0119 materia\u0142\u00f3w, kt\u00f3ra doprowadzi\u0142a do poprawy jako\u015bci, przed\u0142u\u017cenia \u017cywotno\u015bci i zwi\u0119kszenia wydajno\u015bci produktu. Pozw\u00f3l nam pom\u00f3c r\u00f3wnie\u017c Tobie! Najcz\u0119\u015bciej zadawane pytania na temat w\u0142a\u015bciwo\u015bci [&hellip;]<\/p>\n","protected":false},"author":1,"featured_media":0,"parent":0,"menu_order":0,"comment_status":"closed","ping_status":"closed","template":"","meta":{"footnotes":""},"aioseo_notices":[],"_links":{"self":[{"href":"https:\/\/top-seiko.com\/pl\/wp-json\/wp\/v2\/pages\/3244"}],"collection":[{"href":"https:\/\/top-seiko.com\/pl\/wp-json\/wp\/v2\/pages"}],"about":[{"href":"https:\/\/top-seiko.com\/pl\/wp-json\/wp\/v2\/types\/page"}],"author":[{"embeddable":true,"href":"https:\/\/top-seiko.com\/pl\/wp-json\/wp\/v2\/users\/1"}],"replies":[{"embeddable":true,"href":"https:\/\/top-seiko.com\/pl\/wp-json\/wp\/v2\/comments?post=3244"}],"version-history":[{"count":25,"href":"https:\/\/top-seiko.com\/pl\/wp-json\/wp\/v2\/pages\/3244\/revisions"}],"predecessor-version":[{"id":5201,"href":"https:\/\/top-seiko.com\/pl\/wp-json\/wp\/v2\/pages\/3244\/revisions\/5201"}],"wp:attachment":[{"href":"https:\/\/top-seiko.com\/pl\/wp-json\/wp\/v2\/media?parent=3244"}],"curies":[{"name":"wp","href":"https:\/\/api.w.org\/{rel}","templated":true}]}}