{"id":3246,"date":"2016-09-08T14:28:22","date_gmt":"2016-09-08T05:28:22","guid":{"rendered":"http:\/\/top-seiko.co.com\/test\/?page_id=3246"},"modified":"2021-02-08T21:40:37","modified_gmt":"2021-02-08T12:40:37","slug":"successful","status":"publish","type":"page","link":"https:\/\/top-seiko.com\/pl\/propose\/successful\/","title":{"rendered":"Przyk\u0142ady wymiany materia\u0142\u00f3w"},"content":{"rendered":"<article class=\"m-propose\">\n\t<!-- \u52a0\u5de5\u6280\u8853\u7d39\u4ecb --><\/p>\n<section class=\"successful mb0\">\n<div class=\"container\">\n<h2 class=\"ttl01\"><span class=\"ja\">Przyk\u0142ady wymiany materia\u0142\u00f3w<\/span><\/h2>\n<div class=\"contents_top box-shadow row\">\n<div class=\"contents_top_text col-sm-7\">\n<p>\n\t\t\t\t\t\tTop Seiko ma bogate do\u015bwiadczenie w precyzyjnej obr\u00f3bce ultra twardych materia\u0142\u00f3w, w tym ceramiki zaawansowanej, topionego szk\u0142a krzemionkowego i szk\u0142a borokrzemowego, a tak\u017ce metali ogniotrwa\u0142ych, takich jak wolfram, molibden i tantal. W ramach us\u0142ug obr\u00f3bki oferujemy tak\u017ce doradctwo w wyborze materia\u0142u, aby pom\u00f3c zapewni\u0107 naszym klientom najbardziej odpowiadaj\u0105cy ich potrzebom i bud\u017cetowi.\n\t\t\t\t\t<\/p>\n<p>Tworzywa sztuczne i konwencjonalne metale, takie jak \u017celazo, aluminium, stal nierdzewna, mo\u017cna zast\u0105pi\u0107 ceramik\u0105 lub metalami ogniotrwa\u0142ymi w celu uzyskania lepszych parametr\u00f3w, takich jak mi\u0119dzy innymi: wy\u017cszej odporno\u015bci na ciep\u0142o, przewodno\u015bci cieplnej, odporno\u015bci na zu\u017cycie, lepszej stabilno\u015bci wymiarowej pod wp\u0142ywem ciep\u0142a i innych korzy\u015bci. <br \/>\n\t\t\t\t\tJeste\u015bmy ekspertem w precyzyjnej obr\u00f3bce tych ultra twardych materia\u0142\u00f3w.<br \/>\n<br \/>\n\t\t\t\t\tPoni\u017cej znajduje si\u0119 przekr\u00f3j przypadk\u00f3w udanej wymiany materia\u0142\u00f3w, kt\u00f3re mia\u0142y miejsce w naszej firmie.<\/p>\n<\/p><\/div>\n<div class=\"contents_img col-sm-5 tC\">\n\t\t\t\t\t<img decoding=\"async\" src=\"..\/..\/img\/technology\/tech04\/tech04_img01.jpg\" alt=\"\">\n\t\t\t\t<\/div>\n<\/p><\/div>\n<h3 class=\"ttl02\"><span class=\"ja\">Przypadek 1<\/span><\/h3>\n<div class=\"detail_area_in box-shadow mb50\">\n<h4>Problem \u015bladu wypalenia rozwi\u0105zany przez zastosowanie stopionego kwarcu jako materia\u0142u sk\u0142adowego.<\/h4>\n<dl>\n<dt>Problem:<\/dt>\n<dd>Nasz klient by\u0142 zaniepokojony \u015bladami splalenia, kt\u00f3re pojawi\u0142y si\u0119 na powierzchni akrylowego elementu przenosz\u0105cego laser podczas spawania laserowego. Poniewa\u017c \u015blady po oparzeniach powodowa\u0142y zmniejszenie transmisji laserowej, element musia\u0142 by\u0107 szlifowany dwa razy w tygodniu w celu ich usuni\u0119cia.<\/dd>\n<\/dl>\n<dl>\n<dt>Rozwi\u0105zanie:<\/dt>\n<dd>Nasi in\u017cynierowie zasugerowali naszemu klientowi w zmian\u0119 materia\u0142u z akrylu na topiony kwarc ze wzgl\u0119du na jego doskona\u0142e w\u0142a\u015bciwo\u015bci termiczne i optyczne.<\/dd>\n<\/dl>\n<dl>\n<dt>Rezultaty:<\/dt>\n<dd>Dzi\u0119ki wysokiej odporno\u015bci termicznej stopionego kwarcu szlifowanie nie jest ju\u017c konieczne. Ponadto, poniewa\u017c nie ma ju\u017c utraty transmitancji laserowej spowodowanej przez \u015blady po oparzeniach, moc wyj\u015bciowa lasera mog\u0142a zosta\u0107 zmniejszona.<\/dd>\n<\/dl>\n<p>\t\t\t<!-- \/.detail_area_in box-shadow --><\/div>\n<h3 class=\"ttl02\"><span class=\"ja\">Przypadek2<\/span><\/h3>\n<div class=\"detail_area_in box-shadow mb50\">\n<h4>Problem deformacji termicznej rozwi\u0105zany za pomoc\u0105 Machinable Ceramic.<\/h4>\n<dl>\n<dt>Problem:<\/dt>\n<dd>Aluminiowe \u0142\u0105czniki termiczne ulegaj\u0105 deformacji w temperaturze roboczej 250 \u2103, w wyniku czego powstawa\u0142y wadliwe wi\u0105zania i produkty.<\/dd>\n<\/dl>\n<dl>\n<dt>Rozwi\u0105zanie:<\/dt>\n<dd>Nasi in\u017cynierowie zalecili wymian\u0119 materia\u0142u z aluminium na obrabialn\u0105 ceramik\u0119.<\/dd>\n<\/dl>\n<dl>\n<dt>Rezultaty:<\/dt>\n<dd>Dzi\u0119ki wy\u017cszej stabilno\u015bci termicznej obrabialnej ceramiki uchwyty nie odkszta\u0142caj\u0105 si\u0119, a wydajno\u015b\u0107 \u0142\u0105czenia poprawi\u0142a si\u0119 o oko\u0142o 20%.<\/dd>\n<\/dl>\n<p>\t\t\t<!-- \/.detail_area_in box-shadow --><\/div>\n<h3 class=\"ttl02\"><span class=\"ja\">Przypadek3<\/span><\/h3>\n<div class=\"detail_area_in box-shadow mb50\">\n<h4>Zastosowanie tlenku cyrkonu jako materia\u0142u narz\u0119dzia skrawaj\u0105cego wyd\u0142u\u017cy\u0142o \u017cywotno\u015b\u0107 narz\u0119dzia. <\/h4>\n<dl>\n<dt>Problem:<\/dt>\n<dd>Firma u\u017cywa\u0142a do obr\u00f3bki przyrz\u0105du ze stali narz\u0119dziowej. Ciep\u0142o wytwarzane podczas obr\u00f3bki powodowa\u0142o nadmierne jego zu\u017cycie. Dlatego narz\u0119dzie musia\u0142 by\u0107 on cz\u0119sto wymieniane, co za ka\u017cdym razem powodowa\u0142o przestoje. Nasz klient skar\u017cy\u0142 si\u0119, \u017ce jest to \u201eby\u0142o bardzo kosztowne i czasoch\u0142onne\u201d.<\/dd>\n<\/dl>\n<dl>\n<dt>Rozwi\u0105zanie:<\/dt>\n<dd>Poniewa\u017c cyrkon ma doskona\u0142\u0105 odporno\u015b\u0107 na zu\u017cycie, postanowili\u015bmy wykona\u0107 narz\u0119dzie tn\u0105ce z cyrkonu.<\/dd>\n<\/dl>\n<dl>\n<dt>Rezultaty:<\/dt>\n<dd>Cyrkon znacznie poprawi\u0142 jako\u015b\u0107 zu\u017cycia w por\u00f3wnaniu do stali narz\u0119dziowej. \u201eCo najwa\u017cniejsze, mo\u017cemy teraz obrabia\u0107 metale z minimalizuj\u0105c czasem przerwy w pracy\u201d \u2015 doceni\u0142 nasz klient.<\/dd>\n<\/dl>\n<p>\t\t\t<!-- \/.detail_area_in box-shadow --><\/div>\n<h3 class=\"ttl02\"><span class=\"ja\">Przypadek4<\/span><\/h3>\n<div class=\"detail_area_in box-shadow mb50\">\n<h4>Wolfram o wysokiej czysto\u015bci zapewnia kamerom gamma doskona\u0142\u0105 ochron\u0119 przed promieniowaniem.<\/h4>\n<dl>\n<dt>Problem:<\/dt>\n<dd>Ci\u0119\u017cki metal zastosowano jako materia\u0142 ochronny w celu ochrony przed wysokim promieniowaniem. Jednak niewystarczaj\u0105ca os\u0142ona przed promieniowaniem spowodowa\u0142a, \u017ce kamery gamma \u0142atwo si\u0119 psuj\u0105.<\/dd>\n<\/dl>\n<dl>\n<dt>Rozwi\u0105zanie:<\/dt>\n<dd>Aby zapewni\u0107 mo\u017cliwo\u015b\u0107 ochrony przed promieniowaniem, zalecili\u015bmy wymian\u0119 materia\u0142u ekranuj\u0105cego z metalu ci\u0119\u017ckiego na wolfram o wysokiej czysto\u015bci.<\/dd>\n<\/dl>\n<dl>\n<dt>Rezultaty:<\/dt>\n<dd>Dzi\u0119ki wysokiej g\u0119sto\u015bci i wysokiej czysto\u015bci wolfram zapewnia skuteczn\u0105 ochron\u0119 przed promieniowaniem. W rezultacie do produkcji zosta\u0142a wprowadzona kamera gamma z os\u0142on\u0105 wolframow\u0105.<\/dd>\n<\/dl>\n<p>\t\t\t<!-- \/.detail_area_in box-shadow --><\/div>\n<h3 class=\"ttl02\"><span class=\"ja\">Przypadek5<\/span><\/h3>\n<div class=\"detail_area_in box-shadow mb50\">\n<h4>Zastosowanie stopu wolframu i ci\u0119\u017ckich metali do pozycjonowania elementu kluczowego w produkcji komponent\u00f3w elektrycznych dla samochod\u00f3w z powodzeniem zmniejszy\u0142o rozmiar cz\u0119\u015bci, ale przy tej samej wymaganej masie.<\/h4>\n<dl>\n<dt>Problem:<\/dt>\n<dd>Wykonanie uchwytu ze stali nierdzewnej nie spe\u0142nia\u0142oby wymaga\u0144 dotycz\u0105cych rozmiaru. Aby zmniejszy\u0107 rozmiar przy tej samej wadze, niezb\u0119dny by\u0142 materia\u0142 o g\u0119sto\u015bci w\u0142a\u015bciwej wi\u0119kszej ni\u017c 17,5 \/ cm3. Oprawa wymaga\u0142a r\u00f3wnie\u017c lepszej odporno\u015bci na chlor i siark\u0119, aby wyd\u0142u\u017cy\u0107 jej \u017cywotno\u015b\u0107.<\/dd>\n<\/dl>\n<dl>\n<dt>Rozwi\u0105zanie:<\/dt>\n<dd>Zalecane by\u0142y stopy wolframu do zast\u0105pienia stali nierdzewnej, ze wzgl\u0119du na ich wysok\u0105 g\u0119sto\u015b\u0107 w\u0142a\u015bciw\u0105 (18 g \/ cm3), a tak\u017ce doskona\u0142\u0105 odporno\u015b\u0107 na korozj\u0119.<\/dd>\n<\/dl>\n<dl>\n<dt>Rezultaty:<\/dt>\n<dd>Rozmiar oprawy zmniejszy\u0142 si\u0119, a okres u\u017cywania jej znacznie wyd\u0142u\u017cy\u0142.<\/dd>\n<\/dl>\n<p>\t\t\t<!-- \/.detail_area_in box-shadow --><\/div>\n<h3 class=\"ttl02\"><span class=\"ja\">Przypadek6<\/span><\/h3>\n<div class=\"detail_area_in box-shadow mb50\">\n<h4>Zastosowanie tlenku glinu o wysokiej czysto\u015bci poprawi\u0142o odporno\u015b\u0107 formy na ciep\u0142o i znacznie zwi\u0119kszy\u0142o wydajno\u015b\u0107.<\/h4>\n<dl>\n<dt>Problem:<\/dt>\n<dd>Do produkcji w\u0119gla aktywnego w systemie oczyszczania wody wykorzystano formy wykonane z \u017cywicy odpornej na ciep\u0142o. Odporno\u015b\u0107 ta okaza\u0142a si\u0119 jednak niewystarczaj\u0105ca i sta\u0142a si\u0119 g\u0142\u00f3wn\u0105 przyczyn\u0105 niskiej wydajno\u015bci. <\/dd>\n<\/dl>\n<dl>\n<dt>Rozwi\u0105zanie:<\/dt>\n<dd>Poniewa\u017c tlenek glinu o wysokiej czysto\u015bci mo\u017ce wytrzyma\u0107 wysok\u0105 temperatur\u0119 do 1300 \u2103 i jest stosunkowo tani w por\u00f3wnaniu z inn\u0105 ceramik\u0105, zalecamy naszemu klientowi wykonanie form z tlenku glinu 99,5%.<\/dd>\n<\/dl>\n<dl>\n<dt>Rezultaty:<\/dt>\n<dd>\u201eZast\u0105pienie materia\u0142u formy odpornym na wysok\u0105 temperatur\u0119 tlenkiem glinu o wysokiej czysto\u015bci znacznie poprawi\u0142o wydajno\u015b\u0107\u201d \u2013 powiedzia\u0142 z rado\u015bci\u0105 nasz klient.<\/dd>\n<\/dl>\n<p>\t\t\t<!-- \/.detail_area_in box-shadow --><\/div>\n<h3 class=\"ttl02\"><span class=\"ja\">Przypadek7<\/span><\/h3>\n<div class=\"detail_area_in box-shadow mb50\">\n<h4>Metalowe materia\u0142y kompozytowe (MMC) zapewniaj\u0105 optymaln\u0105 wydajno\u015b\u0107 ciepln\u0105 dysz lutowniczych.<\/h4>\n<dl>\n<dt>Problem:<\/dt>\n<dd>Producent maszyn lutowniczych potrzebowa\u0142 dysz, kt\u00f3re nie odkszta\u0142ca\u0142yby si\u0119 w wysokiej temperaturze i mog\u0142yby przewodzi\u0107 wystarczaj\u0105c\u0105 ilo\u015b\u0107 ciep\u0142a. Dysze lutownicze, kt\u00f3re do tej pory wykorzystywano, deformowa\u0142y si\u0119 w zwi\u0105zku z ciep\u0142em wytwarzanym podczas pracy, poci\u0105gaj\u0105c za sob\u0105 s\u0142ab\u0105 jako\u015b\u0107 lutowania. <\/dd>\n<\/dl>\n<dl>\n<dt>Rozwi\u0105zanie:<\/dt>\n<dd>Zaproponowali\u015bmy zast\u0105pienie miedzi MMC (metalowymi materia\u0142ami kompozytowymi) ze wzgl\u0119du na jej doskona\u0142e w\u0142a\u015bciwo\u015bci mechaniczne i termiczne, takie jak wysoka trwa\u0142o\u015b\u0107, niska rozszerzalno\u015b\u0107 termiczna i wysoka przewodno\u015b\u0107 cieplna.<\/dd>\n<\/dl>\n<dl>\n<dt>Rezultaty:<\/dt>\n<dd>Dysze lutownicze z MMC przewodz\u0105 wystarczaj\u0105c\u0105 ilo\u015b\u0107 ciep\u0142a bez nara\u017cania si\u0119 na deformacj\u0119 termiczn\u0105, co znacznie poprawia jako\u015b\u0107 lutowania. Opisany klient jest obecnie wiod\u0105cym producentem maszyn lutowniczych g\u0142\u00f3wnie obs\u0142uguj\u0105cym przemys\u0142 motoryzacyjny.<\/dd>\n<\/dl>\n<p>\t\t\t<!-- \/.detail_area_in box-shadow --><\/div>\n<h3 class=\"ttl02\"><span class=\"ja\">Przypadek8<\/span><\/h3>\n<div class=\"detail_area_in box-shadow mb50\">\n<h4>Problem nier\u00f3wnej pow\u0142oki rozwi\u0105zany za pomoc\u0105 dysz ze szk\u0142a kwarcowego dozuj\u0105cych chemikalia.<\/h4>\n<dl>\n<dt>Problem:<\/dt>\n<dd>Dysze szczelinowe wykonane ze stali nierdzewnej wypaczaj\u0105 si\u0119 podczas pracy, powoduj\u0105c nier\u00f3wnomierne powlekanie substancji chemicznej. <\/dd>\n<\/dl>\n<dl>\n<dt>Rozwi\u0105zanie:<\/dt>\n<dd>Dysze szczelinowe wykonane ze stali nierdzewnej zamieniono na dysze ze szk\u0142a kwarcowego.<\/dd>\n<\/dl>\n<dl>\n<dt>Rezultaty:<\/dt>\n<dd>Nasz klient jest bardzo zadowolony z pozbawionych wypacze\u0144 dysz szczelinowych, kt\u00f3re zapewniaj\u0105 r\u00f3wnomierne powlekanie. Ta zmiana zwi\u0119kszy\u0142a r\u00f3wnie\u017c \u017cywotno\u015b\u0107 dyszy.<\/dd>\n<\/dl>\n<p>\t\t\t<!-- \/.detail_area_in box-shadow --><\/div>\n<h3 class=\"ttl02\"><span class=\"ja\">Przypadek9<\/span><\/h3>\n<div class=\"detail_area_in box-shadow mb50\">\n<h4>Super trwa\u0142e uchwyty wolframowe poprawi\u0142y wydajno\u015b\u0107.<\/h4>\n<dl>\n<dt>Problem:<\/dt>\n<dd>Uchwyty z tlenku glinu nie by\u0142y w stanie wytrzyma\u0107 intensywnego ciep\u0142a wywo\u0142anego podczas procesu obr\u00f3bki cieplnej i cz\u0119sto p\u0119ka\u0142y i \u0142ama\u0142y si\u0119.<\/dd>\n<\/dl>\n<dl>\n<dt>Rozwi\u0105zanie:<\/dt>\n<dd>Zalecili\u015bmy zast\u0105pienie tlenku glinu wolframem ze wzgl\u0119du na jego wyj\u0105tkowo wysok\u0105 wytrzyma\u0142o\u015b\u0107 w bardzo wysokich temperaturach.<\/dd>\n<\/dl>\n<dl>\n<dt>Rezultaty:<\/dt>\n<dd>Wyj\u0105tkowo trwa\u0142e uchwyty wolframowe umo\u017cliwi\u0142y znaczn\u0105 popraw\u0119 wydajno\u015bci.<\/dd>\n<\/dl>\n<p>\t\t\t<!-- \/.detail_area_in box-shadow --><\/div>\n<h3 class=\"ttl02\"><span class=\"ja\">Przypadek10<\/span><\/h3>\n<div class=\"detail_area_in box-shadow mb50\">\n<h4>Molibden jako materia\u0142u przenosz\u0105cy ciep\u0142o ma wysok\u0105 wydajno\u015b\u0107 wi\u0105zania termo-kompresyjnego urz\u0105dzenia \u0142\u0105cz\u0105cego.<\/h4>\n<dl>\n<dt>Problem:<\/dt>\n<dd>Urz\u0105dzenie do \u0142\u0105czenia termo-kompresyjnego mia\u0142o problemy z topniej\u0105c\u0105 nagrzewnic\u0105, kt\u00f3ra w dodatku nie by\u0142a w stanie przewodzi\u0107 wystarczaj\u0105cej ilo\u015bci ciep\u0142a, aby termopara mog\u0142a dok\u0142adnie zmierzy\u0107 temperatur\u0119. Zosta\u0142a ona wykonana ze stali nierdzewnej, metalu o stosunkowo niskim przewodnictwie cieplnym. Niedok\u0142adny pomiar temperatury uniemo\u017cliwi\u0142 prawid\u0142owe dzia\u0142anie systemu kontroli temperatury, co skutkowa\u0142o nisk\u0105 jako\u015bci\u0105 wi\u0105zania.<\/dd>\n<\/dl>\n<dl>\n<dt>Rozwi\u0105zanie:<\/dt>\n<dd>Poniewa\u017c molibden ma oko\u0142o 9 razy wy\u017csz\u0105 przewodno\u015b\u0107 ciepln\u0105 ni\u017c stal nierdzewna, nasi in\u017cynierowie zalecili, aby stopnie grzewcze by\u0142y wykonane z molibdenu o wysokiej czysto\u015bci.<\/dd>\n<\/dl>\n<dl>\n<dt>Rezultaty:<\/dt>\n<dd>\u201eNagrzewnica molibdenowa umo\u017cliwi\u0142a prawid\u0142ow\u0105 kontrol\u0119 temperatury, co znacznie poprawi\u0142o jako\u015b\u0107 wi\u0105zania\u201d \u2013 powiedzia\u0142 nam nasz klient.<\/dd>\n<\/dl>\n<p>\t\t\t<!-- \/.detail_area_in box-shadow --><\/div>\n<h3 class=\"ttl02\"><span class=\"ja\">Przypadek11<\/span><\/h3>\n<div class=\"detail_area_in box-shadow mb50\">\n<h4>Problem wypaczania rozwi\u0105zany za pomoc\u0105 kompozytowego materia\u0142u ceramicznego z krzemowo-w\u0119glikow\u0105 metalow\u0105 matryc\u0105.<\/h4>\n<dl>\n<dt>Problem:<\/dt>\n<dd>P\u0142yta wykonana z krzemu wypaczy\u0142a si\u0119 podczas obr\u00f3bki cieplnej p\u0142ytek p\u00f3\u0142przewodnikowych.<\/dd>\n<\/dl>\n<dl>\n<dt>Rozwi\u0105zanie:<\/dt>\n<dd>Zalecili\u015bmy zast\u0105pienie krzemu kompozytowym materia\u0142em ceramicznym Si50 \/ SiC50 z metalow\u0105 osnow\u0105, aby zwi\u0119kszy\u0107 w\u0142a\u015bciwo\u015bci strukturalne i termiczne p\u0142yty do obr\u00f3bki cieplnej.<\/dd>\n<\/dl>\n<dl>\n<dt>Rezultaty:<\/dt>\n<dd>Ze wzgl\u0119du na wy\u017csz\u0105 twardo\u015b\u0107 i obni\u017con\u0105 rozszerzalno\u015b\u0107 ciepln\u0105 p\u0142yta si\u0119 ju\u017c nie wypacza.<\/dd>\n<\/dl>\n<p>\t\t\t<!-- \/.detail_area_in box-shadow --><\/div>\n<h3 class=\"ttl02\"><span class=\"ja\">Przypadek12<\/span><\/h3>\n<div class=\"detail_area_in box-shadow mb50\">\n<h4>Zast\u0105pienie inwaru topionym szk\u0142em krzemionkowym dla lepszej stabilno\u015bci termicznej umo\u017cliwi\u0142o bezb\u0142\u0119dn\u0105, dok\u0142adn\u0105 i stabiln\u0105 analiz\u0119 gazu.<\/h4>\n<dl>\n<dt>Problem:<\/dt>\n<dd>W analizatorze gazu wyst\u0105pi\u0142 problem z wa\u017cnym jego elementem wykonanym z inwaru, kt\u00f3ry rozszerza\u0142 si\u0119 wraz ze wzrostem temperatury i powodowa\u0142 niestabilny pomiar gazu.<\/dd>\n<\/dl>\n<dl>\n<dt>Rozwi\u0105zanie:<\/dt>\n<dd>Ze wzgl\u0119du na wysok\u0105 stabilno\u015b\u0107 termiczn\u0105 i doskona\u0142\u0105 odporno\u015b\u0107 na korozj\u0119 zalecono zast\u0105pienie inwaru topionym szk\u0142em krzemionkowym.<\/dd>\n<\/dl>\n<dl>\n<dt>Rezultaty:<\/dt>\n<dd>Dzi\u0119ki bardzo niskiej rozszerzalno\u015bci cieplnej stopionej krzemionki sk\u0142adnik sta\u0142 si\u0119 termicznie stabilny, co umo\u017cliwi\u0142o analizatorowi gazu bezb\u0142\u0119dny, dok\u0142adny i stabilny pomiar nawet w wysokich temperaturach.<\/dd>\n<\/dl>\n<p>\t\t\t<!-- \/.detail_area_in box-shadow --><\/div>\n<\/p><\/div>\n<\/section>\n<\/article>\n","protected":false},"excerpt":{"rendered":"<p>Przyk\u0142ady wymiany materia\u0142\u00f3w Top Seiko ma bogate do\u015bwiadczenie w precyzyjnej obr\u00f3bce ultra twardych materia\u0142\u00f3w, w tym ceramiki zaawansowanej, topionego szk\u0142a krzemionkowego i szk\u0142a borokrzemowego, a tak\u017ce metali ogniotrwa\u0142ych, takich jak wolfram, molibden i tantal. W ramach us\u0142ug obr\u00f3bki oferujemy tak\u017ce doradctwo w wyborze materia\u0142u, aby pom\u00f3c zapewni\u0107 naszym klientom najbardziej odpowiadaj\u0105cy ich potrzebom i bud\u017cetowi. Tworzywa sztuczne i konwencjonalne metale, takie jak \u017celazo, aluminium, stal nierdzewna, mo\u017cna zast\u0105pi\u0107 ceramik\u0105 lub metalami ogniotrwa\u0142ymi w celu uzyskania lepszych parametr\u00f3w, takich jak mi\u0119dzy innymi: wy\u017cszej odporno\u015bci na ciep\u0142o, przewodno\u015bci cieplnej, odporno\u015bci na zu\u017cycie, lepszej stabilno\u015bci wymiarowej pod wp\u0142ywem ciep\u0142a i innych korzy\u015bci. Jeste\u015bmy ekspertem w precyzyjnej obr\u00f3bce tych ultra twardych materia\u0142\u00f3w. Poni\u017cej znajduje [&hellip;]<\/p>\n","protected":false},"author":1,"featured_media":0,"parent":3244,"menu_order":0,"comment_status":"closed","ping_status":"closed","template":"","meta":{"footnotes":""},"aioseo_notices":[],"_links":{"self":[{"href":"https:\/\/top-seiko.com\/pl\/wp-json\/wp\/v2\/pages\/3246"}],"collection":[{"href":"https:\/\/top-seiko.com\/pl\/wp-json\/wp\/v2\/pages"}],"about":[{"href":"https:\/\/top-seiko.com\/pl\/wp-json\/wp\/v2\/types\/page"}],"author":[{"embeddable":true,"href":"https:\/\/top-seiko.com\/pl\/wp-json\/wp\/v2\/users\/1"}],"replies":[{"embeddable":true,"href":"https:\/\/top-seiko.com\/pl\/wp-json\/wp\/v2\/comments?post=3246"}],"version-history":[{"count":21,"href":"https:\/\/top-seiko.com\/pl\/wp-json\/wp\/v2\/pages\/3246\/revisions"}],"predecessor-version":[{"id":5205,"href":"https:\/\/top-seiko.com\/pl\/wp-json\/wp\/v2\/pages\/3246\/revisions\/5205"}],"up":[{"embeddable":true,"href":"https:\/\/top-seiko.com\/pl\/wp-json\/wp\/v2\/pages\/3244"}],"wp:attachment":[{"href":"https:\/\/top-seiko.com\/pl\/wp-json\/wp\/v2\/media?parent=3246"}],"curies":[{"name":"wp","href":"https:\/\/api.w.org\/{rel}","templated":true}]}}