{"id":3249,"date":"2016-09-08T14:29:04","date_gmt":"2016-09-08T05:29:04","guid":{"rendered":"http:\/\/top-seiko.co.com\/test\/?page_id=3249"},"modified":"2021-02-05T18:08:08","modified_gmt":"2021-02-05T09:08:08","slug":"guide","status":"publish","type":"page","link":"https:\/\/top-seiko.com\/pl\/guide\/","title":{"rendered":"Materia\u0142y i ich w\u0142a\u015bciwo\u015bci"},"content":{"rendered":"<br \/>\n<article class=\"m-flow\">\n<section class=\"flow\">\n<div class=\"container\">\n<h2 class=\"ttl01\"><span class=\"ja\">Przewodnik po materia\u0142ach<\/span><\/h2>\n<div class=\"contents_top box-shadow\">\n<p>\n\t\t\t\t\t\t\t\tPrzewodnik po oferowanych przez nas materia\u0142ach, zawieraj\u0105cy dok\u0142adny ich opis w\u0142a\u015bciwo\u015bci, jest dost\u0119pny poni\u017cej w j\u0119zyku angielskim.\n\t\t\t\t\t\t\t\t<\/p>\n<p>\t\t\t\t\t\t\t<!-- \/.contents_top --><\/div>\n<p>\t\t\t\t\t\t<!-- container --><\/div>\n<\/section>\n<\/article>\n","protected":false},"excerpt":{"rendered":"<p>Przewodnik po materia\u0142ach Przewodnik po oferowanych przez nas materia\u0142ach, zawieraj\u0105cy dok\u0142adny ich opis w\u0142a\u015bciwo\u015bci, jest dost\u0119pny poni\u017cej w j\u0119zyku angielskim.<\/p>\n","protected":false},"author":1,"featured_media":0,"parent":0,"menu_order":0,"comment_status":"closed","ping_status":"closed","template":"page-guide.php","meta":{"footnotes":""},"aioseo_notices":[],"_links":{"self":[{"href":"https:\/\/top-seiko.com\/pl\/wp-json\/wp\/v2\/pages\/3249"}],"collection":[{"href":"https:\/\/top-seiko.com\/pl\/wp-json\/wp\/v2\/pages"}],"about":[{"href":"https:\/\/top-seiko.com\/pl\/wp-json\/wp\/v2\/types\/page"}],"author":[{"embeddable":true,"href":"https:\/\/top-seiko.com\/pl\/wp-json\/wp\/v2\/users\/1"}],"replies":[{"embeddable":true,"href":"https:\/\/top-seiko.com\/pl\/wp-json\/wp\/v2\/comments?post=3249"}],"version-history":[{"count":15,"href":"https:\/\/top-seiko.com\/pl\/wp-json\/wp\/v2\/pages\/3249\/revisions"}],"predecessor-version":[{"id":5195,"href":"https:\/\/top-seiko.com\/pl\/wp-json\/wp\/v2\/pages\/3249\/revisions\/5195"}],"wp:attachment":[{"href":"https:\/\/top-seiko.com\/pl\/wp-json\/wp\/v2\/media?parent=3249"}],"curies":[{"name":"wp","href":"https:\/\/api.w.org\/{rel}","templated":true}]}}