{"id":3253,"date":"2016-09-08T14:32:40","date_gmt":"2016-09-08T05:32:40","guid":{"rendered":"http:\/\/top-seiko.co.com\/test\/?page_id=3253"},"modified":"2021-02-05T16:53:29","modified_gmt":"2021-02-05T07:53:29","slug":"company","status":"publish","type":"page","link":"https:\/\/top-seiko.com\/pl\/company\/","title":{"rendered":"O nas"},"content":{"rendered":"<article class=\"m-company\">\n<section class=\"company\">\n<div class=\"container\">\n<h2 class=\"ttl01\"><span class=\"ja\">O nas<\/span><\/h2>\n<ul class=\"company_list row\">\n<li class=\"col-xs-12 col-sm-4 col-md-4 col-lg-4 row\">\n<div class=\"list_in\">\n<div class=\"col-sm-6 list_l\"><a href=\"overview\/\"><img decoding=\"async\" src=\"..\/img\/company\/company_overview.jpg\" alt=\"Company Profile \"><\/a><\/div>\n<div class=\"col-sm-6 list_r\">\n<h4>Profil firmy <\/h4>\n<p>\t\t\t\t\t\t\t<a href=\"overview\/\"><\/a>\n\t\t\t\t\t\t<\/div>\n<p>\t\t\t\t\t<!-- \/.list_in --><\/div>\n<\/li>\n<li class=\"col-xs-12 col-sm-4 col-md-4 col-lg-4 row\">\n<div class=\"list_in\">\n<div class=\"col-sm-6 list_l\"><a href=\"history\/\"><img decoding=\"async\" src=\"..\/img\/company\/company_history.jpg\" alt=\"Company History \"><\/a><\/div>\n<div class=\"col-sm-6 list_r\">\n<h4>Historia firmy <\/h4>\n<p>\t\t\t\t\t\t\t<a href=\"history\/\"><\/a>\n\t\t\t\t\t\t<\/div>\n<p>\t\t\t\t\t<!-- \/.list_in --><\/div>\n<\/li>\n<li class=\"col-xs-12 col-sm-4 col-md-4 col-lg-4 row\">\n<div class=\"list_in\">\n<div class=\"col-sm-6 list_l\"><a href=\"facility\/\"><img decoding=\"async\" src=\"..\/img\/company\/company_facility.jpg\" alt=\"Equipment List \"><\/a><\/div>\n<div class=\"col-sm-6 list_r\">\n<h4>Lista wyposa\u017cenia <\/h4>\n<p>\t\t\t\t\t\t\t<a href=\"facility\/\"><\/a>\n\t\t\t\t\t\t<\/div>\n<p>\t\t\t\t\t<!-- \/.list_in --><\/div>\n<\/li>\n<li class=\"col-xs-12 col-sm-4 col-md-4 col-lg-4 row\">\n<div class=\"list_in\">\n<div class=\"col-sm-6 list_l\"><a href=\"address\/\"><img decoding=\"async\" src=\"..\/img\/company\/company_address.jpg\" alt=\"Location \"><\/a><\/div>\n<div class=\"col-sm-6 list_r\">\n<h4>Lokalizacja <\/h4>\n<p>\t\t\t\t\t\t\t<a href=\"address\/\"><\/a>\n\t\t\t\t\t\t<\/div>\n<p>\t\t\t\t\t<!-- \/.list_in --><\/div>\n<\/li>\n<li class=\"col-xs-12 col-sm-4 col-md-4 col-lg-4 row\">\n<div class=\"list_in\">\n<div class=\"col-sm-6 list_l\"><a href=\"greeting\/\"><img decoding=\"async\" src=\"..\/img\/company\/company_greeting.jpg\" alt=\"Message from CEO  \"><\/a><\/div>\n<div class=\"col-sm-6 list_r\">\n<h4>Wiadomo\u015b\u0107 od CEO  <\/h4>\n<p>\t\t\t\t\t\t\t<a href=\"greeting\/\"><\/a>\n\t\t\t\t\t\t<\/div>\n<p>\t\t\t\t\t<!-- \/.list_in --><\/div>\n<\/li>\n<li class=\"col-xs-12 col-sm-4 col-md-4 col-lg-4 row\">\n<div class=\"list_in\">\n<div class=\"col-sm-6 list_l\"><a href=\"philosophy\/\"><img decoding=\"async\" src=\"..\/img\/company\/company_philosophy.jpg\" alt=\"Corporate Philosophy\"><\/a><\/div>\n<div class=\"col-sm-6 list_r\">\n<h4>Filozofia korporacyjna <\/h4>\n<p>\t\t\t\t\t\t\t<a href=\"philosophy\/\"><\/a>\n\t\t\t\t\t\t<\/div>\n<p>\t\t\t\t\t<!-- \/.list_in --><\/div>\n<\/li>\n<li class=\"col-xs-12 col-sm-4 col-md-4 col-lg-4 row\">\n<div class=\"list_in\">\n<div class=\"col-sm-6 list_l\"><a href=\"iso\/\"><img decoding=\"async\" src=\"..\/img\/company\/company_iso.jpg\" alt=\"ISO Certification \"><\/a><\/div>\n<div class=\"col-sm-6 list_r\">\n<h4>Certyfikat ISO <\/h4>\n<p>\t\t\t\t\t\t\t<a href=\"iso\/\"><\/a>\n\t\t\t\t\t\t<\/div>\n<p>\t\t\t\t\t<!-- \/.list_in --><\/div>\n<\/li>\n<li class=\"col-xs-12 col-sm-4 col-md-4 col-lg-4 row\">\n<div class=\"list_in\">\n<div class=\"col-sm-6 list_l\"><a href=\"..\/news\/\"><img decoding=\"async\" src=\"..\/img\/company\/company_news.jpg\" alt=\"News\"><\/a><\/div>\n<div class=\"col-sm-6 list_r\">\n<h4>Aktualno\u015bci <\/h4>\n<p>\t\t\t\t\t\t\t<a href=\"..\/news\/\"><\/a>\n\t\t\t\t\t\t<\/div>\n<p>\t\t\t\t\t<!-- \/.list_in --><\/div>\n<\/li>\n<li class=\"col-xs-12 col-sm-4 col-md-4 col-lg-4 row\">\n<div class=\"list_in\">\n<div class=\"col-sm-6 list_l\"><a href=\"https:\/\/top-seiko.com\/pl\/common\/pdf\/Top_Seiko_Terms_and_Conditions_of_Sales.pdf\" target=\"new\" rel=\"noopener noreferrer\"><img decoding=\"async\" src=\"..\/img\/company\/company_recruit.jpg\" alt=\"Top Seiko Terms &#038; Conditions \nof Sales\"><\/a><\/div>\n<div class=\"col-sm-6 list_r\">\n<h4>Regulamin<\/h4>\n<p>\t\t\t\t\t\t\t<a href=\"https:\/\/top-seiko.com\/pl\/common\/pdf\/Top_Seiko_Terms_and_Conditions_of_Sales.pdf\" target=\"new\" rel=\"noopener noreferrer\"><\/a>\n\t\t\t\t\t\t<\/div>\n<p>\t\t\t\t\t<!-- \/.list_in --><\/div>\n<\/li>\n<\/ul>\n<div class=\"news\">\n<h2 class=\"ttl02\"><span class=\"ja\">Wiadomo\u015bci w j\u0119zyku angielskim<\/span><\/h2>\n<div class=\"news_table_area box-shadow\">\n<table class=\"table_style3 table-responsive2\">\n\t\t\t\t\t\t<tr>\n\t<th><time>2020.08.31<\/time><\/th>\n\t<td><a href=\"https:\/\/top-seiko.com\/pl\/news\/5137\/\">e-newsletter back numbers vol.1<\/a><\/td>\n<\/tr><tr>\n\t<th><time>2020.08.03<\/time><\/th>\n\t<td><a href=\"https:\/\/top-seiko.com\/pl\/news\/5123\/\">Notice of Summer Holidays<\/a><\/td>\n<\/tr><tr>\n\t<th><time>2019.03.12<\/time><\/th>\n\t<td><a href=\"https:\/\/top-seiko.com\/pl\/news\/4976\/\">Ceramics Expo 2019 in USA<\/a><\/td>\n<\/tr><br \/>\n\t\t\t\t\t<\/table>\n<\/p><\/div>\n<div class=\"all_news\">\n\t\t\t\t\t<a href=\"..\/news\/\">News List<i class=\"fa fa-caret-right\" aria-hidden=\"true\"><\/i><\/a>\n\t\t\t\t<\/div>\n<p>\t\t\t<!-- \/.news --><\/div>\n<p>\t\t<!-- container --><\/div>\n<\/section>\n<\/article>\n","protected":false},"excerpt":{"rendered":"<p>O nas Profil firmy Historia firmy Lista wyposa\u017cenia Lokalizacja Wiadomo\u015b\u0107 od CEO Filozofia korporacyjna Certyfikat ISO Aktualno\u015bci Regulamin Wiadomo\u015bci w j\u0119zyku angielskim News List<\/p>\n","protected":false},"author":1,"featured_media":0,"parent":0,"menu_order":0,"comment_status":"closed","ping_status":"closed","template":"","meta":{"footnotes":""},"aioseo_notices":[],"_links":{"self":[{"href":"https:\/\/top-seiko.com\/pl\/wp-json\/wp\/v2\/pages\/3253"}],"collection":[{"href":"https:\/\/top-seiko.com\/pl\/wp-json\/wp\/v2\/pages"}],"about":[{"href":"https:\/\/top-seiko.com\/pl\/wp-json\/wp\/v2\/types\/page"}],"author":[{"embeddable":true,"href":"https:\/\/top-seiko.com\/pl\/wp-json\/wp\/v2\/users\/1"}],"replies":[{"embeddable":true,"href":"https:\/\/top-seiko.com\/pl\/wp-json\/wp\/v2\/comments?post=3253"}],"version-history":[{"count":28,"href":"https:\/\/top-seiko.com\/pl\/wp-json\/wp\/v2\/pages\/3253\/revisions"}],"predecessor-version":[{"id":5178,"href":"https:\/\/top-seiko.com\/pl\/wp-json\/wp\/v2\/pages\/3253\/revisions\/5178"}],"wp:attachment":[{"href":"https:\/\/top-seiko.com\/pl\/wp-json\/wp\/v2\/media?parent=3253"}],"curies":[{"name":"wp","href":"https:\/\/api.w.org\/{rel}","templated":true}]}}