{"id":3255,"date":"2016-09-08T14:33:28","date_gmt":"2016-09-08T05:33:28","guid":{"rendered":"http:\/\/top-seiko.co.com\/test\/?page_id=3255"},"modified":"2021-02-05T17:44:37","modified_gmt":"2021-02-05T08:44:37","slug":"greeting","status":"publish","type":"page","link":"https:\/\/top-seiko.com\/pl\/company\/greeting\/","title":{"rendered":"Wiadomo\u015b\u0107 od CEO"},"content":{"rendered":"<article class=\"m-greeting\">\n<section class=\"greeting\">\n<div class=\"container\">\n<h2 class=\"ttl02\"><span class=\"ja\">Wiadomo\u015b\u0107 od CEO<\/span><\/h2>\n<div class=\"detail_area_in box-shadow\">\n<div class=\"contents_greeting\">\n<p class=\"greeting_img fr\"><img decoding=\"async\" src=\"..\/..\/img\/company\/greeting_img01.jpg\" alt=\"\"><\/p>\n<div class=\"greeting_text\">\n<h3>Wiadomo\u015b\u0107 od CEO<\/h3>\n<p>Przez te lata, kt\u00f3re min\u0119\u0142y od za\u0142o\u017cenia Top Seiko w 2001 roku, zdarza\u0142o nam si\u0119 stawi\u0107 czo\u0142a nielada wyzwaniom. Uda\u0142o nam si\u0119 im podo\u0142a\u0107, a zdobyte do\u015bwiadczenia pozwoli\u0142y nam si\u0119 rozwin\u0105\u0107. Oczywi\u015bcie, nie daliby\u015bmy rady dokona\u0107 tego samodzielnie. Chcia\u0142bym podzi\u0119kowa\u0107 naszym klientom, dostawcom, a tak\u017ce innym osobom, kt\u00f3re nas wspiera\u0142y. <\/p>\n<h3>D\u0105\u017c\u0105c, by by\u0107 najlepszym<\/h3>\n<p>Nasza firma zosta\u0142a nazwana \u201eTop Seiko\u201d, by odzwierciedli\u0107 nasz cel biznesowy \u2014 zostanie najlepsz\u0105 firm\u0105 w bran\u017cy. \u201eSeiko\u201d po japo\u0144sku oznacza precyzyjn\u0105 obr\u00f3bk\u0119. Kiedy zaczynali\u015bmy dzia\u0142alno\u015b\u0107, szybko przekonali\u015bmy si\u0119, \u017ce musimy si\u0119 wyspecjalizowa\u0107 w celu zdobycia pozycji na rynku. Zdecydowali\u015bmy si\u0119 zaj\u0105\u0107 precyzyjn\u0105 obr\u00f3bk\u0105 materia\u0142\u00f3w ultratwardych, takich jak szk\u0142a, ceramika i metale ogniotrwa\u0142e.\n\t\t\t\t\t\t<\/p>\n<h3>Poszerzaj\u0105c nasze mo\u017cliwo\u015bci obr\u00f3bki<\/h3>\n<p>Obr\u00f3bka tych rzadkich, twardych metali jest du\u017co wi\u0119kszym wyzwaniem ni\u017c obr\u00f3bka zwyk\u0142ych materia\u0142\u00f3w przemys\u0142owych. Mimo to jednak, podlegaj\u0105 one prawom fizyki. Wierz\u0119, \u017ce tak d\u0142ugo, jak b\u0119dziemy przestrzega\u0107 zasad opisanych przez fizyk\u0119, b\u0119dziemy w stanie pomy\u015blnie dokona\u0107 obr\u00f3ki ka\u017cdej cz\u0119\u015bci, niewa\u017cne jak kruchej. Ka\u017cde niepowodzenie przy obr\u00f3bce ma \u017ar\u00f3d\u0142o w b\u0142\u0119dnej interpretacji praw fizyki, co oznacza, \u017ce mo\u017cemy znale\u017a\u0107 rozwi\u0105zanie. Z takim za\u0142o\u017ceniem podchodzili\u015bmy do wszystkich napotkanych problem\u00f3w, dzi\u0119ki czemu mogli\u015bmy rozwin\u0105\u0107 nasze zdolno\u015bci w obr\u00f3bce.\n\t\t\t\t\t\t<\/p>\n<h3>Nie ustaj\u0105c w rozwoju<\/h3>\n<p>Zaczynali\u015bmy od obr\u00f3bki komponent\u00f3w dla kilku klient\u00f3w zajmuj\u0105cych si\u0119 p\u00f3\u0142przewodnikami i elektronik\u0105, ale teraz obs\u0142ugujemy rozmaite bran\u017ce, w tym lotnicz\u0105, motoryzacyjn\u0105, lotnicz\u0105, medyczn\u0105 oraz pomiarow\u0105 i badawcz\u0105. Proponujemy klientom rozwi\u0105zania dostosowane do ich indywidualnych potrzeb. Poniewa\u017c liczba naszych klient\u00f3w wci\u0105\u017c ro\u015bnie, nasz zak\u0142ad pracuje na pe\u0142nych obrotach. Podejmiemy wsp\u00f3lny wysi\u0142ek, aby pozosta\u0107 konkurencyjn\u0105 firm\u0105 i nadal dostarcza\u0107 rozwi\u0105zania naszym klientom przez kolejne lata.<br \/>\n<br \/>\n\t\t\t\t\t\t\tJeszcze raz chcieliby\u015bmy podzi\u0119kowa\u0107 wszystkim zainteresowanym osobom za ich ci\u0105g\u0142e wsparcie, wskaz\u00f3wki i porady.\n\t\t\t\t\t\t<\/p>\n<p class=\"tR\">Top Seiko Co., Ltd. <br \/>Yoichi Azai CEO<\/p>\n<\/p><\/div>\n<p>\t\t\t\t<!-- contents_greeting --><\/div>\n<p>\t\t\t<!-- detail_area_in --><\/div>\n<p>\t\t<!-- container --><\/div>\n<\/section>\n<\/article>\n","protected":false},"excerpt":{"rendered":"<p>Wiadomo\u015b\u0107 od CEO Wiadomo\u015b\u0107 od CEO Przez te lata, kt\u00f3re min\u0119\u0142y od za\u0142o\u017cenia Top Seiko w 2001 roku, zdarza\u0142o nam si\u0119 stawi\u0107 czo\u0142a nielada wyzwaniom. Uda\u0142o nam si\u0119 im podo\u0142a\u0107, a zdobyte do\u015bwiadczenia pozwoli\u0142y nam si\u0119 rozwin\u0105\u0107. Oczywi\u015bcie, nie daliby\u015bmy rady dokona\u0107 tego samodzielnie. Chcia\u0142bym podzi\u0119kowa\u0107 naszym klientom, dostawcom, a tak\u017ce innym osobom, kt\u00f3re nas wspiera\u0142y. D\u0105\u017c\u0105c, by by\u0107 najlepszym Nasza firma zosta\u0142a nazwana \u201eTop Seiko\u201d, by odzwierciedli\u0107 nasz cel biznesowy \u2014 zostanie najlepsz\u0105 firm\u0105 w bran\u017cy. \u201eSeiko\u201d po japo\u0144sku oznacza precyzyjn\u0105 obr\u00f3bk\u0119. Kiedy zaczynali\u015bmy dzia\u0142alno\u015b\u0107, szybko przekonali\u015bmy si\u0119, \u017ce musimy si\u0119 wyspecjalizowa\u0107 w celu zdobycia pozycji na rynku. Zdecydowali\u015bmy si\u0119 zaj\u0105\u0107 precyzyjn\u0105 obr\u00f3bk\u0105 materia\u0142\u00f3w ultratwardych, takich jak szk\u0142a, ceramika [&hellip;]<\/p>\n","protected":false},"author":1,"featured_media":0,"parent":3253,"menu_order":0,"comment_status":"closed","ping_status":"closed","template":"page-child-company.php","meta":{"footnotes":""},"aioseo_notices":[],"_links":{"self":[{"href":"https:\/\/top-seiko.com\/pl\/wp-json\/wp\/v2\/pages\/3255"}],"collection":[{"href":"https:\/\/top-seiko.com\/pl\/wp-json\/wp\/v2\/pages"}],"about":[{"href":"https:\/\/top-seiko.com\/pl\/wp-json\/wp\/v2\/types\/page"}],"author":[{"embeddable":true,"href":"https:\/\/top-seiko.com\/pl\/wp-json\/wp\/v2\/users\/1"}],"replies":[{"embeddable":true,"href":"https:\/\/top-seiko.com\/pl\/wp-json\/wp\/v2\/comments?post=3255"}],"version-history":[{"count":12,"href":"https:\/\/top-seiko.com\/pl\/wp-json\/wp\/v2\/pages\/3255\/revisions"}],"predecessor-version":[{"id":5186,"href":"https:\/\/top-seiko.com\/pl\/wp-json\/wp\/v2\/pages\/3255\/revisions\/5186"}],"up":[{"embeddable":true,"href":"https:\/\/top-seiko.com\/pl\/wp-json\/wp\/v2\/pages\/3253"}],"wp:attachment":[{"href":"https:\/\/top-seiko.com\/pl\/wp-json\/wp\/v2\/media?parent=3255"}],"curies":[{"name":"wp","href":"https:\/\/api.w.org\/{rel}","templated":true}]}}