{"id":3260,"date":"2016-09-08T14:34:22","date_gmt":"2016-09-08T05:34:22","guid":{"rendered":"http:\/\/top-seiko.co.com\/test\/?page_id=3260"},"modified":"2024-06-29T02:37:56","modified_gmt":"2024-06-28T17:37:56","slug":"overview","status":"publish","type":"page","link":"https:\/\/top-seiko.com\/pl\/company\/overview\/","title":{"rendered":"Profil firmy"},"content":{"rendered":"<article class=\"m-overview\">\n<section class=\"overview\">\n<div class=\"container\">\n<h2 class=\"ttl02\"><span class=\"ja\">Profil firmy<\/span><\/h2>\n<div class=\"detail_area_in box-shadow\">\n<div class=\"parent_image_area mb30\">\n\t\t\t\t\t<img decoding=\"async\" src=\"..\/..\/img\/company\/overview_img01.jpg\" alt=\"\"><\/p>\n<div class=\"frame\"><\/div>\n<p>\t\t\t\t<!-- \/.parent_image_area --><\/div>\n<table class=\"table-responsive2\">\n<tr>\n<th>Nazwa firmy <\/th>\n<td>Top Seiko Co., Ltd.<\/td>\n<\/tr>\n<tr>\n<th>Data za\u0142o\u017cenia <\/th>\n<td>14 wrze\u015bnia 2001 r.<\/td>\n<\/tr>\n<tr>\n<th>Kapita\u0142 pocz\u0105tkowy<\/th>\n<td>\\20,000,000 jen\u00f3w <\/td>\n<\/tr>\n<tr>\n<th>Lokalizacja i dane kontaktowe<\/th>\n<td>Top Seiko Co., Ltd.(Siedziba i zak\u0142ad)<br \/>\n\t\t\t\t\t\tAddres:1197-4, Hosoe-cho, <br \/>\n\t\t\t\t\t\tmiasto Nagahama, Prefektura Shiga, <br \/>\n\t\t\t\t\t\t526-0105 Japonia <br \/>\n\t\t\t\t\t\tTelefon: +81-(0)749-51-9021 <br \/>\n\t\t\t\t\t\tFax: +81-(0)749-51-9022<\/td>\n<\/tr>\n<tr>\n<th>Kadra zarz\u0105dzaj\u0105ca<\/th>\n<td>President &#038; CEO:       Yoichi Azai<br \/>\n\t\t\t\t\t\tVice President &#038; COO:   Takuya Yukawa<br \/>\n\t\t\t\t\t\tFactory Manager &#038; CTO:  Kazuyuki Nishikawa<br \/>\n\t\t\t\t\t\tDirector &#038; CFO:         Hiromi Tachibana<br \/>\n\t\t\t\t\t\tDirector(R&#038;D):          Kazuya Hiro<br \/>\n\t\t\t\t\t\tDirector(Sales):        Jun Gamo<br \/>\n\t\t\t\t\t\tCorporate Auditor:      Kohei Kawamura<\/td>\n<\/tr>\n<tr>\n<th>Liczba pracownik\u00f3w <\/th>\n<td>108 (Czerwiec 2022)<\/td>\n<\/tr>\n<tr>\n<th>Dzia\u0142alno\u015b\u0107<\/th>\n<td>Produkcja i sprzeda\u017c precyzyjnie obrabianych cz\u0119\u015bci wykonanych z ultra twardych materia\u0142\u00f3w, takich jak szk\u0142a, ceramika techniczna i metale ogniotrwa\u0142e.<\/td>\n<\/tr>\n<tr>\n<th>Klienci<\/th>\n<td>Bran\u017ca elektryczna, medyczna, przemys\u0142owa, lotnicza, motoryzyjna,energia j\u0105drowa i produkcja og\u00f3lna.<\/td>\n<\/tr>\n<p><div class=\"_df_thumb \" id=\"df_5317\"  _slug=\"5317\" data-title=\"company-brochure\" wpoptions=\"true\" thumb=\"https:\/\/top-seiko.com\/pl\/wp-content\/uploads\/2024\/06\/company-brochure.png\" thumbtype=\"\" >Company Brochure<\/div><script class=\"df-shortcode-script\" type=\"application\/javascript\">window.option_df_5317 = {\"outline\":[],\"autoEnableOutline\":\"false\",\"autoEnableThumbnail\":\"false\",\"overwritePDFOutline\":\"false\",\"direction\":\"1\",\"pageSize\":\"0\",\"source\":\"https:\\\/\\\/top-seiko.com\\\/pl\\\/wp-content\\\/uploads\\\/2024\\\/06\\\/TOP_SEIKO_Brochure_Rev.1.pdf\",\"wpOptions\":\"true\"}; if(window.DFLIP && window.DFLIP.parseBooks){window.DFLIP.parseBooks();}<\/script><br \/>\n\t\t\t\t<\/table>\n<p>\t\t\t<!-- \/.detail_area_in --><\/div>\n<p>\t\t<!-- container --><\/div>\n<p>\t<!-- overview --><\/section>\n<\/article>\n","protected":false},"excerpt":{"rendered":"<p>Profil firmy Nazwa firmy Top Seiko Co., Ltd. Data za\u0142o\u017cenia 14 wrze\u015bnia 2001 r. Kapita\u0142 pocz\u0105tkowy \\20,000,000 jen\u00f3w Lokalizacja i dane kontaktowe Top Seiko Co., Ltd.(Siedziba i zak\u0142ad) Addres:1197-4, Hosoe-cho, miasto Nagahama, Prefektura Shiga, 526-0105 Japonia Telefon: +81-(0)749-51-9021 Fax: +81-(0)749-51-9022 Kadra zarz\u0105dzaj\u0105ca President &#038; CEO: Yoichi Azai Vice President &#038; COO: Takuya Yukawa Factory Manager &#038; CTO: Kazuyuki Nishikawa Director &#038; CFO: Hiromi Tachibana Director(R&#038;D): Kazuya Hiro Director(Sales): Jun Gamo Corporate Auditor: Kohei Kawamura Liczba pracownik\u00f3w 108 (Czerwiec 2022) Dzia\u0142alno\u015b\u0107 Produkcja i sprzeda\u017c precyzyjnie obrabianych cz\u0119\u015bci wykonanych z ultra twardych materia\u0142\u00f3w, takich jak szk\u0142a, ceramika techniczna i metale ogniotrwa\u0142e. Klienci Bran\u017ca elektryczna, medyczna, przemys\u0142owa, lotnicza, motoryzyjna,energia j\u0105drowa i produkcja og\u00f3lna.<\/p>\n","protected":false},"author":1,"featured_media":0,"parent":3253,"menu_order":0,"comment_status":"closed","ping_status":"closed","template":"page-child-company.php","meta":{"footnotes":""},"aioseo_notices":[],"_links":{"self":[{"href":"https:\/\/top-seiko.com\/pl\/wp-json\/wp\/v2\/pages\/3260"}],"collection":[{"href":"https:\/\/top-seiko.com\/pl\/wp-json\/wp\/v2\/pages"}],"about":[{"href":"https:\/\/top-seiko.com\/pl\/wp-json\/wp\/v2\/types\/page"}],"author":[{"embeddable":true,"href":"https:\/\/top-seiko.com\/pl\/wp-json\/wp\/v2\/users\/1"}],"replies":[{"embeddable":true,"href":"https:\/\/top-seiko.com\/pl\/wp-json\/wp\/v2\/comments?post=3260"}],"version-history":[{"count":23,"href":"https:\/\/top-seiko.com\/pl\/wp-json\/wp\/v2\/pages\/3260\/revisions"}],"predecessor-version":[{"id":5332,"href":"https:\/\/top-seiko.com\/pl\/wp-json\/wp\/v2\/pages\/3260\/revisions\/5332"}],"up":[{"embeddable":true,"href":"https:\/\/top-seiko.com\/pl\/wp-json\/wp\/v2\/pages\/3253"}],"wp:attachment":[{"href":"https:\/\/top-seiko.com\/pl\/wp-json\/wp\/v2\/media?parent=3260"}],"curies":[{"name":"wp","href":"https:\/\/api.w.org\/{rel}","templated":true}]}}