{"id":3264,"date":"2016-09-08T14:35:56","date_gmt":"2016-09-08T05:35:56","guid":{"rendered":"http:\/\/top-seiko.co.com\/test\/?page_id=3264"},"modified":"2022-01-31T14:03:21","modified_gmt":"2022-01-31T05:03:21","slug":"facility","status":"publish","type":"page","link":"https:\/\/top-seiko.com\/pl\/company\/facility\/","title":{"rendered":"Lista wyposa\u017cenia"},"content":{"rendered":"<article class=\"m-facility\">\n<div class=\"container\">\n<section class=\"facility_list\">\n<h2 class=\"ttl02\"><span class=\"ja\">Lista wyposa\u017cenia<\/span><\/h2>\n<div class=\"detail_area_in box-shadow\">\n<p class=\"mb30\">By mie\u0107 pewno\u015b\u0107, \u017ce zapewniamy naszym produktom precyzj\u0119 wykonania zgodn\u0105 z naszymi standardami, maszyny s\u0105 codziennie sprawdzane i serwisowane.<\/p>\n<h3 class=\"ttl03 ttl_grad_blue\">Centra obr\u00f3bcze CNC<\/h3>\n<div class=\"list_box\">\n<ul class=\"machine_list row\">\n<li class=\"col-xs-6 col-sm-3 col-md-3 col-lg-3\"><img decoding=\"async\" src=\"..\/..\/img\/company\/facility_img01.jpg\" alt=\"5-Axis Machining Centers\"><span>5-Axis Machining Centers<\/span><\/li>\n<li class=\"col-xs-6 col-sm-3 col-md-3 col-lg-3\"><img decoding=\"async\" src=\"..\/..\/img\/company\/facility_img02.jpg\" alt=\"5-Axis Machining Centers NMV5000DCG\"><span>5-Axis Machining Centers NMV5000DCG<\/span><\/li>\n<li class=\"col-xs-6 col-sm-3 col-md-3 col-lg-3\"><img decoding=\"async\" src=\"..\/..\/img\/company\/facility_img03.jpg\" alt=\"5-Axis Machining Centers ZV400\"><span>5-Axis Machining Centers ZV400<\/span><\/li>\n<li class=\"col-xs-6 col-sm-3 col-md-3 col-lg-3\"><img decoding=\"async\" src=\"..\/..\/img\/company\/facility_img04.jpg\" alt=\"High-Speed Linear Machining Centers HS650L\"><span>High-Speed Linear Machining Centers HS650L<\/span><\/li>\n<li class=\"col-xs-6 col-sm-3 col-md-3 col-lg-3\"><img decoding=\"async\" src=\"..\/..\/img\/company\/facility_img05.jpg\" alt=\"High-Speed Linear Machining Centers IQ300\"><span>High-Speed Linear Machining Centers IQ300<\/span><\/li>\n<li class=\"col-xs-6 col-sm-3 col-md-3 col-lg-3\"><img decoding=\"async\" src=\"..\/..\/img\/company\/facility_img06.jpg\" alt=\"3-Axis Machining Centers V56i\"><span>3-Axis Machining Centers V56i<\/span><\/li>\n<li class=\"col-xs-6 col-sm-3 col-md-3 col-lg-3\"><img decoding=\"async\" src=\"..\/..\/img\/company\/facility_img07.jpg\" alt=\"3-Axis Machining Centers V55\"><span>3-Axis Machining Centers V55<\/span><\/li>\n<li class=\"col-xs-6 col-sm-3 col-md-3 col-lg-3\"><img decoding=\"async\" src=\"..\/..\/img\/company\/facility_img08.jpg\" alt=\"3-Axis Machining Centers V33\"><span>3-Axis Machining Centers V33<\/span><\/li>\n<li class=\"col-xs-6 col-sm-3 col-md-3 col-lg-3\"><img decoding=\"async\" src=\"..\/..\/img\/company\/facility_img09.jpg\" alt=\"3-Axis Machining Centers NVX5100\"><span>3-Axis Machining Centers NVX5100<\/span><\/li>\n<li class=\"col-xs-6 col-sm-3 col-md-3 col-lg-3\"><img decoding=\"async\" src=\"..\/..\/img\/company\/facility_img10.jpg\" alt=\"3-Axis Machining Centers NVX5080\"><span>3-Axis Machining Centers NVX5080<\/span><\/li>\n<li class=\"col-xs-6 col-sm-3 col-md-3 col-lg-3\"><img decoding=\"async\" src=\"..\/..\/img\/company\/facility_img11.jpg\" alt=\"3-Axis Machining Centers NV7000\"><span>3-Axis Machining Centers NV7000<\/span><\/li>\n<li class=\"col-xs-6 col-sm-3 col-md-3 col-lg-3\"><img decoding=\"async\" src=\"..\/..\/img\/company\/facility_img12.jpg\" alt=\"3-Axis Machining Centers S500X1\"><span>3-Axis Machining Centers S500X1<\/span><\/li>\n<\/ul>\n<div class=\"table-responsive\">\n<table>\n<tr>\n<th>Centrum obr\u00f3bcze CNC<\/th>\n<th>Producent<\/th>\n<th>Model<\/th>\n<th>Ilo\u015b\u0107 maszyn<\/th>\n<th>X-Y-Z<\/th>\n<th>Cechy charakterystyczne<\/th>\n<\/tr>\n<tr>\n<td rowspan=\"3\">5-Axis Machining Centers<\/td>\n<td>MAKINO<\/td>\n<td>D300<\/td>\n<td>2<\/td>\n<td>300\u00d7500\u00d7350<\/td>\n<td rowspan=\"3\">Wszystkie 5-osiowe maszyny s\u0105 zainstalowane z systemem ch\u0142odz\u0105cym wrzeciona przelotowego.<\/td>\n<\/tr>\n<tr>\n<td rowspan=\"2\">DMG MORI<\/td>\n<td>NMV5000DCG<\/td>\n<td>8<\/td>\n<td>730\u00d7510\u00d7510<\/td>\n<\/tr>\n<tr>\n<td>ZV400<\/td>\n<td>2<\/td>\n<td>600\u00d7425\u00d7450<\/td>\n<\/tr>\n<tr>\n<td rowspan=\"3\">High-Speed Linear Machining Centers<\/td>\n<td rowspan=\"2\">MAKINO<\/td>\n<td>IQ300<\/td>\n<td>1<\/td>\n<td>400\u00d7350\u00d7200<\/td>\n<td rowspan=\"3\">Wszystkie maszyny nap\u0119dzane silnikiem liniowym s\u0105 wyposa\u017cone w wrzeciono o du\u017cej pr\u0119dko\u015bci, idealne do precyzyjnej obr\u00f3bki drobnych detali.<\/td>\n<\/tr>\n<tr>\n<td>IQ500<\/td>\n<td>1<\/td>\n<td>500x450x300<\/td>\n<\/tr>\n<tr>\n<td>SODICK<\/td>\n<td>HS650L<\/td>\n<td>1<\/td>\n<td>625\u00d7500\u00d7300<\/td>\n<\/tr>\n<tr>\n<td rowspan=\"9\">3-Axis Machining Centers<\/td>\n<td rowspan=\"3\">MAKINO<\/td>\n<td>V56i<\/td>\n<td>3<\/td>\n<td>900\u00d7550\u00d7450<\/td>\n<td rowspan=\"7\">V56i jest instalowany z centralnym systemem ch\u0142odz\u0105cym wrzeciona przelotowego.<\/td>\n<\/tr>\n<tr>\n<td>V55<\/td>\n<td>1<\/td>\n<td>900\u00d7500\u00d7450<\/td>\n<\/tr>\n<tr>\n<td>V33<\/td>\n<td>1<\/td>\n<td>600\u00d7400\u00d7350<\/td>\n<\/tr>\n<tr>\n<td rowspan=\"5\">DMG MORI<\/td>\n<td>NVX5100<\/td>\n<td>23<\/td>\n<td>1050\u00d7530\u00d75100<\/td>\n<\/tr>\n<tr>\n<td>NVX5080<\/td>\n<td>1<\/td>\n<td>800\u00d7530\u00d7510<\/td>\n<\/tr>\n<tr>\n<td>NV5000<\/td>\n<td>9<\/td>\n<td>800\u00d7510\u00d7510<\/td>\n<\/tr>\n<tr>\n<td>NV7000<\/td>\n<td>2<\/td>\n<td>1540\u00d7760\u00d7660<\/td>\n<\/tr>\n<tr>\n<td>CMX1100V<\/td>\n<td>12<\/td>\n<td>1100x560x510<\/td>\n<td>Niekt\u00f3re z nich s\u0105 wyposa\u017cone w sto\u0142y obrotowe.<\/td>\n<\/tr>\n<tr>\n<td>BROTHER<\/td>\n<td>S500X1<\/td>\n<td>2<\/td>\n<td>S500X1<\/td>\n<td>&#8211;<\/td>\n<\/tr>\n<\/table>\n<p>\t\t\t\t\t<!-- table-responsive --><\/div>\n<p>\t\t\t\t<!-- \/.list_box --><\/div>\n<div class=\"list_box\">\n<h3 class=\"ttl03 ttl_grad_blue\">Centrum tokarskie CNC<\/h3>\n<ul class=\"machine_list row\">\n<li class=\"col-xs-6 col-sm-3 col-md-3 col-lg-3\"><img decoding=\"async\" src=\"..\/..\/img\/company\/facility_img13.jpg\" alt=\"CNC Lathes NL1500\"><span>Tokarka CNC Lathes NL1500<\/span><\/li>\n<\/ul>\n<div class=\"table-responsive\">\n<table>\n<tr>\n<th>Tokarki<\/th>\n<th>Producent<\/th>\n<th>Model<\/th>\n<th>Ilo\u015b\u0107 maszyn<\/th>\n<th>X-Y-Z<\/th>\n<th>Cechy charakterystyczne<\/th>\n<\/tr>\n<tr>\n<td rowspan=\"2\">CNC Tokarka<\/td>\n<td rowspan=\"2\">DMG MORI<\/td>\n<td>NL1500<\/td>\n<td>6<\/td>\n<td>260\u00d7590\u00d7100<\/td>\n<td rowspan=\"2\">Wszystkie tokarki CNC s\u0105 wyposa\u017cone w drugie wrzeciono, kt\u00f3re ma funkcj\u0119 frezowania.<\/td>\n<\/tr>\n<tr>\n<td>NLX1500<\/td>\n<td>1<\/td>\n<td>260\u00d7590\u00d7100<\/td>\n<\/tr>\n<tr>\n<td>5-Osiowe CNC Tokarka<\/td>\n<td>DMG MORI<\/td>\n<td>NTK1000Ge2\/S<\/td>\n<td>1<\/td>\n<td>450x\u00b1105&#215;800<\/td>\n<td>5-Osiowe<\/td>\n<\/tr>\n<\/table>\n<p>\t\t\t\t\t<!-- \/.table-responsive --><\/div>\n<p>\t\t\t\t<!-- \/.list_box --><\/div>\n<div class=\"list_box\">\n<h3 class=\"ttl03 ttl_grad_blue\">Szlifierki <\/h3>\n<ul class=\"machine_list row\">\n<li class=\"col-xs-6 col-sm-3 col-md-3 col-lg-3\"><img decoding=\"async\" src=\"..\/..\/img\/company\/facility_img14.jpg\" alt=\"Rotary Surface Grinders SSR5\"><span>Rotary Surface Grinders SSR5<\/span><\/li>\n<li class=\"col-xs-6 col-sm-3 col-md-3 col-lg-3\"><img decoding=\"async\" src=\"..\/..\/img\/company\/facility_img15.jpg\" alt=\"Surface Grinders PSG-64EXB\"><span>Surface Grinders PSG-64EXB<\/span><\/li>\n<li class=\"col-xs-6 col-sm-3 col-md-3 col-lg-3\"><img decoding=\"async\" src=\"..\/..\/img\/company\/facility_img16.jpg\" alt=\"Rotary Surface Grinders SSR5 GSR-700\"><span>Rotary Surface Grinders SSR5 GSR-700<\/span><\/li>\n<li class=\"col-xs-6 col-sm-3 col-md-3 col-lg-3\"><img decoding=\"async\" src=\"..\/..\/img\/company\/facility_img17.jpg\" alt=\"Cylindrical Grinders GL4P\"><span>Cylindrical Grinders GL4P<\/span><\/li>\n<\/ul>\n<div class=\"table-responsive\">\n<table>\n<tr>\n<th>Szlifierka<\/th>\n<th>Producent<\/th>\n<th>Model<\/th>\n<th>Ilo\u015b\u0107 maszyn<\/th>\n<th>Wymiar<\/th>\n<th>O\u015b\u3000Z<\/th>\n<th>Cechy charakterystyczne<\/th>\n<\/tr>\n<tr>\n<td rowspan=\"4\">Obrotowe szlifierki powierzchniowe<\/td>\n<td rowspan=\"4\">AMADA<\/td>\n<td>SSR5<\/td>\n<td>6<\/td>\n<td rowspan=\"4\">&phi;500<\/td>\n<td rowspan=\"4\">125<\/td>\n<td rowspan=\"3\">Obr\u00f3bka horyzontalna<\/td>\n<\/tr>\n<tr>\n<td>SS501N<\/td>\n<td>1<\/td>\n<\/tr>\n<tr>\n<td>SS501<\/td>\n<td>1<\/td>\n<\/tr>\n<tr>\n<td>SSR-5 UP<\/td>\n<td>3<\/td>\n<td>Wysoka sztywno\u015b\u0107<\/td>\n<\/tr>\n<tr>\n<td rowspan=\"3\">Szlifierki powierzchniowe<\/td>\n<td rowspan=\"2\">AMADA<\/td>\n<td>TECHSTERD<\/td>\n<td>2<\/td>\n<td>600\u00d7400<\/td>\n<td>250<\/td>\n<td><\/td>\n<\/tr>\n<tr>\n<td>TECHSTER-52<\/td>\n<td>1<\/td>\n<td>\u03c655\u00d7180<\/td>\n<td>250<\/td>\n<td>Szlifowanie bezk\u0142owe<\/td>\n<\/tr>\n<tr>\n<td>OKAMOTO<\/td>\n<td>PSG-64EXB<\/td>\n<td>1<\/td>\n<td>600\u00d7400<\/td>\n<td>260<\/td>\n<td><\/td>\n<\/tr>\n<tr>\n<td>Obrotowe szlifierki powierzchniowe<\/td>\n<td>SAN-EI ENGINEERING<\/td>\n<td>GSR-700<\/td>\n<td>3<\/td>\n<td>&phi;700<\/td>\n<td>150<\/td>\n<td>Obr\u00f3bka wertykalna<\/td>\n<\/tr>\n<tr>\n<td rowspan=\"3\">Szlifierki cylindryczne<\/td>\n<td rowspan=\"2\">JTEKT<\/td>\n<td>GL4P<\/td>\n<td>1<\/td>\n<td>\u03c6300\uff08work size\uff09<\/td>\n<td>500\uff08length\uff09<\/td>\n<td><\/td>\n<\/tr>\n<tr>\n<td>GE3Pi<\/td>\n<td>1<\/td>\n<td>\u03c660<\/td>\n<td>250<\/td>\n<td><\/td>\n<\/tr>\n<tr>\n<td>TSUGAMI<\/td>\n<td>GU25<\/td>\n<td>1<\/td>\n<td>&phi;80<\/td>\n<td>250<\/td>\n<td><\/td>\n<\/tr>\n<\/table>\n<p>\t\t\t\t\t<!-- \/.table-responsive --><\/div>\n<p>\t\t\t\t<!-- \/.list_box --><\/div>\n<div class=\"list_box\">\n<h3 class=\"ttl03 ttl_grad_blue\">Maszyny tn\u0105ce<\/h3>\n<ul class=\"machine_list row\">\n<li class=\"col-xs-6 col-sm-3 col-md-3 col-lg-3\"><img decoding=\"async\" src=\"..\/..\/img\/company\/facility_img18.jpg\" alt=\"Slicing Machine TSN6030\"><span>Slicing Machine TSN6030<\/span><\/li>\n<\/ul>\n<div class=\"table-responsive\">\n<table>\n<tr>\n<th>Maszyny tn\u0105ce<\/th>\n<th>Producent<\/th>\n<th>Model<\/th>\n<th>Ilo\u015b\u0107 maszyn<\/th>\n<th>Wymiar<\/th>\n<th>O\u015b\u3000Z<\/th>\n<\/tr>\n<tr>\n<td>Maszyny tn\u0105ce<\/td>\n<td>TOKYO SEIKI\t<\/td>\n<td>TSN6030<\/td>\n<td>2<\/td>\n<td>600\u00d7300<\/td>\n<td>200<\/td>\n<\/tr>\n<\/table>\n<p>\t\t\t\t\t<!-- \/.table-responsive --><\/div>\n<p>\t\t\t\t<!-- \/.list_box --><\/div>\n<div class=\"list_box\">\n<h3 class=\"ttl03 ttl_grad_blue\">EDM<\/h3>\n<ul class=\"machine_list row\">\n<li class=\"col-xs-6 col-sm-3 col-md-3 col-lg-3\"><img decoding=\"async\" src=\"..\/..\/img\/company\/facility_img19.jpg\" alt=\"Wire-Cut EDM Machine FA20VSM\"><span>Wire-Cut EDM Machine FA20VSM<\/span><\/li>\n<li class=\"col-xs-6 col-sm-3 col-md-3 col-lg-3\"><img decoding=\"async\" src=\"..\/..\/img\/company\/facility_img20.jpg\" alt=\"EDM Small Hole  CT300FX\"><span>Drilling Machine CT300FX<\/span><\/li>\n<\/ul>\n<div class=\"table-responsive\">\n<table>\n<tr>\n<th>EDM\t<\/th>\n<th>Producent<\/th>\n<th>Model<\/th>\n<th>Ilo\u015b\u0107 maszyn<\/th>\n<th>X-Y-Z<\/th>\n<\/tr>\n<tr>\n<td rowspan=\"3\">Elektroerozyjne Wycinarki Drutowe<\/td>\n<td rowspan=\"3\">MITSUBISHI<\/td>\n<td>FA20VSM<\/td>\n<td>1<\/td>\n<td>500\u00d7350\u00d7300<\/td>\n<\/tr>\n<tr>\n<td rowspan=\"2\">MV2400R<\/td>\n<td rowspan=\"2\">2<\/td>\n<td>600\u00d7400\u00d7425<\/td>\n<\/tr>\n<tr>\n<td>600\u00d7400\u00d7300<\/td>\n<\/tr>\n<tr>\n<td rowspan=\"3\">Wiercenie EDM Ma\u0142ych Otwor\u00f3w<\/td>\n<td rowspan=\"3\">ELENIX<\/td>\n<td>CT300FX<\/td>\n<td>1<\/td>\n<td>300\u00d7200\u00d7300<\/td>\n<\/tr>\n<tr>\n<td>CT500FX<\/td>\n<td>1<\/td>\n<td>550\u00d7380\u00d7400<\/td>\n<\/tr>\n<tr>\n<td>GT500FX<\/td>\n<td>1<\/td>\n<td>550\u00d7380\u00d7450<\/td>\n<\/tr>\n<\/table>\n<p>\t\t\t\t\t<!-- \/.table-responsive --><\/div>\n<p>\t\t\t\t<!-- \/.list_box --><\/div>\n<div class=\"list_box\">\n<h3 class=\"ttl03 ttl_grad_blue\">CAD-CAM Software Systems<\/h3>\n<div class=\"table-responsive\">\n<table>\n<tr>\n<th>CAD-CAM Software Systems\t<\/th>\n<th>Producent<\/th>\n<th>Model<\/th>\n<th>Ilo\u015b\u0107<\/th>\n<th>Charakterystyka<\/th>\n<\/tr>\n<tr>\n<td rowspan=\"3\">CAD\/CAM<\/td>\n<td>GODO SOLUTION<\/td>\n<td>Nazca<\/td>\n<td>12<\/td>\n<td>2.5D<\/td>\n<\/tr>\n<tr>\n<td>NTT DATA ENGINEERING SYSTEMS <\/td>\n<td>Space-E<\/td>\n<td>1<\/td>\n<td>3D<\/td>\n<\/tr>\n<tr>\n<td>OPEN MIND<\/td>\n<td>hyperMILL<\/td>\n<td>1<\/td>\n<td>3D + 5-Axis<\/td>\n<\/tr>\n<\/table>\n<p>\t\t\t\t\t<!-- \/.table-responsive --><\/div>\n<p>\t\t\t\t<!-- \/.list_box --><\/div>\n<div class=\"list_box\">\n<h3 class=\"ttl03 ttl_grad_blue\">Sprz\u0119t do inspekcji<\/h3>\n<ul class=\"machine_list row\">\n<li class=\"col-xs-6 col-sm-3 col-md-3 col-lg-3\"><img decoding=\"async\" src=\"..\/..\/img\/company\/facility_img21.jpg\" alt=\"CNC Coordinate Crysta Aspexc\"><span>Measuring Machine Crysta Aspexc<\/span><\/li>\n<li class=\"col-xs-6 col-sm-3 col-md-3 col-lg-3\"><img decoding=\"async\" src=\"..\/..\/img\/company\/facility_img22.jpg\" alt=\"CNC Vision Measuring System Quick Vision stream\"><span>CNC Vision Measuring System Quick Vision stream<\/span><\/li>\n<li class=\"col-xs-6 col-sm-3 col-md-3 col-lg-3\"><img decoding=\"async\" src=\"..\/..\/img\/company\/facility_img23.jpg\" alt=\"Image Dimension Measuring System IM-6225\"><span>Image Dimension Measuring System IM-6225<\/span><\/li>\n<li class=\"col-xs-6 col-sm-3 col-md-3 col-lg-3\"><img decoding=\"async\" src=\"..\/..\/img\/company\/facility_img24.jpg\" alt=\"3D Laser Scanning Microscope VK-X100\"><span>3D Laser Scanning Microscope VK-X100<\/span><\/li>\n<li class=\"col-xs-6 col-sm-3 col-md-3 col-lg-3\"><img decoding=\"async\" src=\"..\/..\/img\/company\/facility_img25.jpg\" alt=\"Digital Microscope VHX-1000\"><span>Digital Microscope VHX-1000<\/span><\/li>\n<li class=\"col-xs-6 col-sm-3 col-md-3 col-lg-3\"><img decoding=\"async\" src=\"..\/..\/img\/company\/facility_img26.jpg\" alt=\"Toolmakers Microscope\"><span>Toolmakers Microscope<\/span><\/li>\n<p>\t\t\t\t\t<!-- \/.machine_list --><\/ul>\n<div class=\"table-responsive\">\n<table>\n<tr>\n<th>Sprz\u0119t do inspekcji<\/th>\n<th>Producent<\/th>\n<th>Model<\/th>\n<th>Ilo\u015b\u0107<\/th>\n<th>Osie X-Y-Z<\/th>\n<\/tr>\n<tr>\n<td rowspan=\"2\">Wsp\u00f3\u0142rz\u0119dno\u015bciowe Maszyny Pomiarowe<\/td>\n<td rowspan=\"2\">MITUTOYO<\/td>\n<td>Crysta Aspexc<\/td>\n<td>3<\/td>\n<td>700\u00d7700\u00d7600<\/td>\n<\/tr>\n<tr>\n<td>STRATO-Apex 9106<\/td>\n<td>1<\/td>\n<td>900\u00d71000\u00d7600<\/td>\n<\/tr>\n<tr>\n<td>Wizyjne Systemy Pomiarowe CNC Quick Vision<\/td>\n<td>MITUTOYO<\/td>\n<td>Quick Vision stream<\/td>\n<td>2<\/td>\n<td>400\u00d7400\u00d7250<\/td>\n<\/tr>\n<tr>\n<td rowspan=\"3\">Cyfrowy Projektor Pomiarowy<\/td>\n<td rowspan=\"3\">KEYENCE<\/td>\n<td>IM-6225<\/td>\n<td>2<\/td>\n<td>100\u00d7200\u00d740<\/td>\n<\/tr>\n<tr>\n<td>IM-7020<\/td>\n<td>1<\/td>\n<td>90\u00d790\u00d730<\/td>\n<\/tr>\n<tr>\n<td>IM-8030<\/td>\n<td>1<\/td>\n<td>190\u00d790\u00d730<\/td>\n<\/tr>\n<tr>\n<td>Optyczny profilometr 3D<\/td>\n<td>KEYENCE<\/td>\n<td>VR-6200<\/td>\n<td>1<\/td>\n<td>278x134x69<\/td>\n<\/tr>\n<tr>\n<td>Konfokalny Mikroskop do Skanowania Laserowego 3D<\/td>\n<td>KEYENCE<\/td>\n<td>VK-X100<\/td>\n<td>1<\/td>\n<td>100\uff5e16,000 (magnification)<\/td>\n<\/tr>\n<tr>\n<td>Mikroskop Cyfrowy<\/td>\n<td>KEYENCE<\/td>\n<td>VHX-1000<\/td>\n<td>1<\/td>\n<td>100\uff5e16,000 (magnification)<\/td>\n<\/tr>\n<tr>\n<td>System Pomiaru P\u0142asko\u015bci Wysoko\u015bci<\/td>\n<td>KEYENCE<\/td>\n<td>HM-1000<\/td>\n<td>1<\/td>\n<td>100\u00d7100\u00d775<\/td>\n<\/tr>\n<tr>\n<td>Optyczne Systemy Pomiarowe<\/td>\n<td>MITUTOYO<\/td>\n<td>MF-UD1010D<\/td>\n<td>1<\/td>\n<td>300\u00d7170\u00d7220<\/td>\n<\/tr>\n<tr>\n<td>Mikroskop dla narz\u0119dziowc\u00f3w<\/td>\n<td>MITUTOYO<\/td>\n<td> &#8211; <\/td>\n<td>1<\/td>\n<td>100\u00d7100\u00d7100<\/td>\n<\/tr>\n<tr>\n<td>Komparator Optyczny<\/td>\n<td>Vision Engineering<\/td>\n<td>Lynx EVO<\/td>\n<td>1<\/td>\n<td>6x\uff5e60x(MAX 240x)<\/td>\n<\/tr>\n<tr>\n<td>Przyrz\u0105dy do Pomiaru Powierzchni Surftest<\/td>\n<td>MITUTOYO<\/td>\n<td>SJ-301<\/td>\n<td>2<\/td>\n<td>Powierzchnia p\u0142aska<\/td>\n<\/tr>\n<\/table>\n<p>\t\t\t\t\t<!-- \/.table-responsive --><\/div>\n<p>\t\t\t\t<!-- \/.list_box --><\/div>\n<p>\t\t\t<!-- \/.detail_area_in --><\/div>\n<p>\t\t<!-- major_facility --><\/section>\n<p>\t<!-- container --><\/div>\n<\/article>\n","protected":false},"excerpt":{"rendered":"<p>Lista wyposa\u017cenia By mie\u0107 pewno\u015b\u0107, \u017ce zapewniamy naszym produktom precyzj\u0119 wykonania zgodn\u0105 z naszymi standardami, maszyny s\u0105 codziennie sprawdzane i serwisowane. Centra obr\u00f3bcze CNC 5-Axis Machining Centers 5-Axis Machining Centers NMV5000DCG 5-Axis Machining Centers ZV400 High-Speed Linear Machining Centers HS650L High-Speed Linear Machining Centers IQ300 3-Axis Machining Centers V56i 3-Axis Machining Centers V55 3-Axis Machining Centers V33 3-Axis Machining Centers NVX5100 3-Axis Machining Centers NVX5080 3-Axis Machining Centers NV7000 3-Axis Machining Centers S500X1 Centrum obr\u00f3bcze CNC Producent Model Ilo\u015b\u0107 maszyn X-Y-Z Cechy charakterystyczne 5-Axis Machining Centers MAKINO D300 2 300\u00d7500\u00d7350 Wszystkie 5-osiowe maszyny s\u0105 zainstalowane z systemem ch\u0142odz\u0105cym wrzeciona przelotowego. DMG MORI NMV5000DCG 8 730\u00d7510\u00d7510 ZV400 2 600\u00d7425\u00d7450 High-Speed Linear [&hellip;]<\/p>\n","protected":false},"author":1,"featured_media":0,"parent":3253,"menu_order":0,"comment_status":"closed","ping_status":"closed","template":"page-child-company.php","meta":{"footnotes":""},"aioseo_notices":[],"_links":{"self":[{"href":"https:\/\/top-seiko.com\/pl\/wp-json\/wp\/v2\/pages\/3264"}],"collection":[{"href":"https:\/\/top-seiko.com\/pl\/wp-json\/wp\/v2\/pages"}],"about":[{"href":"https:\/\/top-seiko.com\/pl\/wp-json\/wp\/v2\/types\/page"}],"author":[{"embeddable":true,"href":"https:\/\/top-seiko.com\/pl\/wp-json\/wp\/v2\/users\/1"}],"replies":[{"embeddable":true,"href":"https:\/\/top-seiko.com\/pl\/wp-json\/wp\/v2\/comments?post=3264"}],"version-history":[{"count":16,"href":"https:\/\/top-seiko.com\/pl\/wp-json\/wp\/v2\/pages\/3264\/revisions"}],"predecessor-version":[{"id":5245,"href":"https:\/\/top-seiko.com\/pl\/wp-json\/wp\/v2\/pages\/3264\/revisions\/5245"}],"up":[{"embeddable":true,"href":"https:\/\/top-seiko.com\/pl\/wp-json\/wp\/v2\/pages\/3253"}],"wp:attachment":[{"href":"https:\/\/top-seiko.com\/pl\/wp-json\/wp\/v2\/media?parent=3264"}],"curies":[{"name":"wp","href":"https:\/\/api.w.org\/{rel}","templated":true}]}}