{"id":3266,"date":"2016-09-08T14:36:14","date_gmt":"2016-09-08T05:36:14","guid":{"rendered":"http:\/\/top-seiko.co.com\/test\/?page_id=3266"},"modified":"2022-01-28T16:32:40","modified_gmt":"2022-01-28T07:32:40","slug":"iso","status":"publish","type":"page","link":"https:\/\/top-seiko.com\/pl\/company\/iso\/","title":{"rendered":"Polityka jako\u015bci ISO 9001"},"content":{"rendered":"<article class=\"m-iso\">\n<section class=\"iso\">\n<div class=\"container\">\n<h2 class=\"ttl02\"><span class=\"ja\">Polityka jako\u015bci ISO 9001<\/span><\/h2>\n<div class=\"detail_area_in box-shadow\">\n<div class=\"iso_heading\">\n          W sierpniu 2006 r. Top Seiko uzyska\u0142o certyfikat ISO 9001: 2000 i JISQ 9001: 2000, spe\u0142niaj\u0105cy dwa mi\u0119dzynarodowe standardy system\u00f3w zarz\u0105dzania jako\u015bci\u0105, w ramach jednolitego wysi\u0142ku pracownik\u00f3w maj\u0105cego na celu dalsz\u0105 popraw\u0119 satysfakcji klienta i dostarczanie bezpiecznych produkt\u00f3w wysokiej jako\u015bci. Zamierzamy nadal efektywnie obs\u0142ugiwa\u0107 nasz system zarz\u0105dzania jako\u015bci\u0105 w przysz\u0142o\u015bci i pozosta\u0107 grup\u0105 in\u017cynier\u00f3w, kt\u00f3ra jest szanowana przez klient\u00f3w.\n        <\/div>\n<div class=\"basic\">\n<h3 class=\"ttl03\">Postawowa polityka jako\u015bci<\/h3>\n<div class=\"basic_list\">\n<h4>Polityka jako\u015bci<\/h4>\n<dl>\n<dt>1<\/dt>\n<dd>Przyk\u0142adanie wagi do potrzeb klienta stanowi podstaw\u0119 naszego systemu zarz\u0105dzania.<\/dd>\n<\/dl>\n<dl>\n<dt>2<\/dt>\n<dd>Nie przestajemy rozwija\u0107 i udoskonala\u0107 naszego podej\u015bcia poprzez wdro\u017cenie tego systemu zarz\u0105dzania.<\/dd>\n<\/dl>\n<dl>\n<dt>3<\/dt>\n<dd>B\u0119dziemy prowadzi\u0107 nasz\u0105 dzia\u0142alno\u015b\u0107 maj\u0105c na uwadze ochron\u0119 globalnego \u015brodowiska i zdrowia ludzkiego.<\/dd>\n<\/dl>\n<p>          <!-- \/.basic_list --><\/div>\n<p>        <!-- \/.detail_area_in --><\/div>\n<p>      <!-- \/.basic --><\/div>\n<p>    <!-- container --><\/div>\n<p>  <!-- iso --><\/section>\n<\/article>\n","protected":false},"excerpt":{"rendered":"<p>Polityka jako\u015bci ISO 9001 W sierpniu 2006 r. Top Seiko uzyska\u0142o certyfikat ISO 9001: 2000 i JISQ 9001: 2000, spe\u0142niaj\u0105cy dwa mi\u0119dzynarodowe standardy system\u00f3w zarz\u0105dzania jako\u015bci\u0105, w ramach jednolitego wysi\u0142ku pracownik\u00f3w maj\u0105cego na celu dalsz\u0105 popraw\u0119 satysfakcji klienta i dostarczanie bezpiecznych produkt\u00f3w wysokiej jako\u015bci. Zamierzamy nadal efektywnie obs\u0142ugiwa\u0107 nasz system zarz\u0105dzania jako\u015bci\u0105 w przysz\u0142o\u015bci i pozosta\u0107 grup\u0105 in\u017cynier\u00f3w, kt\u00f3ra jest szanowana przez klient\u00f3w. Postawowa polityka jako\u015bci Polityka jako\u015bci 1 Przyk\u0142adanie wagi do potrzeb klienta stanowi podstaw\u0119 naszego systemu zarz\u0105dzania. 2 Nie przestajemy rozwija\u0107 i udoskonala\u0107 naszego podej\u015bcia poprzez wdro\u017cenie tego systemu zarz\u0105dzania. 3 B\u0119dziemy prowadzi\u0107 nasz\u0105 dzia\u0142alno\u015b\u0107 maj\u0105c na uwadze ochron\u0119 globalnego \u015brodowiska i zdrowia ludzkiego.<\/p>\n","protected":false},"author":1,"featured_media":0,"parent":3253,"menu_order":0,"comment_status":"closed","ping_status":"closed","template":"page-child-company.php","meta":{"footnotes":""},"aioseo_notices":[],"_links":{"self":[{"href":"https:\/\/top-seiko.com\/pl\/wp-json\/wp\/v2\/pages\/3266"}],"collection":[{"href":"https:\/\/top-seiko.com\/pl\/wp-json\/wp\/v2\/pages"}],"about":[{"href":"https:\/\/top-seiko.com\/pl\/wp-json\/wp\/v2\/types\/page"}],"author":[{"embeddable":true,"href":"https:\/\/top-seiko.com\/pl\/wp-json\/wp\/v2\/users\/1"}],"replies":[{"embeddable":true,"href":"https:\/\/top-seiko.com\/pl\/wp-json\/wp\/v2\/comments?post=3266"}],"version-history":[{"count":11,"href":"https:\/\/top-seiko.com\/pl\/wp-json\/wp\/v2\/pages\/3266\/revisions"}],"predecessor-version":[{"id":5244,"href":"https:\/\/top-seiko.com\/pl\/wp-json\/wp\/v2\/pages\/3266\/revisions\/5244"}],"up":[{"embeddable":true,"href":"https:\/\/top-seiko.com\/pl\/wp-json\/wp\/v2\/pages\/3253"}],"wp:attachment":[{"href":"https:\/\/top-seiko.com\/pl\/wp-json\/wp\/v2\/media?parent=3266"}],"curies":[{"name":"wp","href":"https:\/\/api.w.org\/{rel}","templated":true}]}}