{"id":3270,"date":"2016-09-08T14:37:17","date_gmt":"2016-09-08T05:37:17","guid":{"rendered":"http:\/\/top-seiko.co.com\/test\/?page_id=3270"},"modified":"2021-02-08T22:42:27","modified_gmt":"2021-02-08T13:42:27","slug":"cooperation","status":"publish","type":"page","link":"https:\/\/top-seiko.com\/pl\/cooperation\/","title":{"rendered":"Wsparcie rozwoju produkt\u00f3w"},"content":{"rendered":"<article class=\"m-cooperation\">\n\t<!-- \u52a0\u5de5\u6280\u8853\u7d39\u4ecb --><\/p>\n<section class=\"cooperation\">\n<div class=\"container\">\n<h2 class=\"ttl01\">\n\t\t\t\t<span class=\"ja\">Wsparcie rozwoju produkt\u00f3w<\/span><br \/>\n\t\t\t<\/h2>\n<div class=\"contents_top box-shadow row\">\n<div class=\"contents_top_text col-sm-7\">\n<p>Dzi\u0119ki najnowszym maszynom, rozmaitym narz\u0119dziom do obr\u00f3bki oraz do\u015bwiadczonym in\u017cynierom i operatorom maszyn pomagamy naszym klientom w jak najszybszym rozpocz\u0119ciu prac nad rozwojem produktu.<br \/>\n <br \/>\n\t\t\t\t\tMo\u017cesz na nas liczy\u0107, zar\u00f3wno, je\u015bli potrzebujesz niewielkich ilo\u015bci prototyp\u00f3w, jak i produkcji du\u017cych ilo\u015bci. <\/p>\n<p>Zawsze wykonujemy najpierw obr\u00f3bk\u0119 testow\u0105 by mie\u0107 pewno\u015b\u0107, \u017ce uda nam si\u0119 sprosta\u0107 nawet najbardziej skomplikowanym wymaganiom klienta. Nast\u0119pnie, przeprowadzamy na niej testy, a na podstawie ich wynik\u00f3w decydujemy o najlepszych warunkach obr\u00f3bki, aby spe\u0142ni\u0107 i przekroczy\u0107 najbardziej wyg\u00f3rowane oczekiwania klienta. <\/p>\n<p>Skorzystaj z po\u0142\u0105czonej si\u0142y naszej wiedzy materia\u0142owej i know-how w zakresie obr\u00f3bki skrawaniem i wprowad\u017a swoje ekscytuj\u0105ce innowacyjne produkty na rynek!<\/p>\n<\/p><\/div>\n<div class=\"contents_img col-sm-5 tC\">\n\t\t\t\t\t<img decoding=\"async\" src=\"..\/img\/cooperation\/cooperation_img01.jpg\" alt=\"\">\n\t\t\t\t<\/div>\n<\/p><\/div>\n<div class=\"flow\">\n<h3 class=\"ttl02\"><span class=\"ja\">Od zapytania do dostawy<\/span><\/h3>\n<div class=\"flow_box box-shadow\">\n<ul class=\"row\">\n<li class=\"box_border_only col-sm-6\u3000col-md-6 col-lg-6 mb30\">\n<h4 class=\"ttl_grad_blue box-shadow tC\">01.Napisz do nas<\/h4>\n<div class=\"list_in\">\n<div class=\"image\"><img decoding=\"async\" src=\"..\/img\/cooperation\/flow_img01.jpg\" alt=\"\"><\/div>\n<p>Zach\u0119camy do skorzystania z naszych us\u0142ug w pe\u0142nej postaci, rozpoczynaj\u0105c od dok\u0142adnego opisu przeznaczenia zamawianej cz\u0119\u015bci. Wtedy z pewno\u015bci\u0105, korzystaj\u0105c z naszej wiedzy i lat do\u015bwiadczenia, b\u0119dziemy w stanie zaproponowa\u0107 rozwi\u0105zanie dostosowane do Twoich indywidualnych potrzeb.<\/p>\n<dl>\n<dt>Wyb\u00f3r materia\u0142u<\/dt>\n<dd>Pomo\u017cemy Ci wybra\u0107 materia\u0142 o w\u0142a\u015bciwo\u015bciach adekwatnych do Twoich potrzeb.<\/dd>\n<\/dl>\n<p>\t\t\t\t\t\t\t<!-- \/.list_in --><\/div>\n<\/li>\n<li class=\"box_border_only col-sm-6\u3000col-md-6 col-lg-6 mb30\">\n<h4 class=\"ttl_grad_blue box-shadow tC\">02.Wyb\u00f3r odpowiedniej metody obr\u00f3bki<\/h4>\n<div class=\"list_in\">\n<div class=\"image\"><img decoding=\"async\" src=\"..\/img\/cooperation\/flow_img02.jpg\" alt=\"\"><\/div>\n<dl>\n<dt>Wybieraj\u0105c metod\u0119 obr\u00f3bki, nale\u017cy wzi\u0105\u0107 pod uwag\u0119:<\/dt>\n<dd>1.&nbsp;&nbsp;Jako\u015b\u0107 (w tym tolerancje wymiarowe, z\u0142o\u017cono\u015b\u0107 kszta\u0142tu, wyko\u0144czenie powierzchni), wymagania ilo\u015bciowe oraz dotycz\u0105ce kosztu obr\u00f3bki.<\/dd>\n<dd>2.&nbsp;&nbsp;W\u0142a\u015bciwo\u015bci fizyczne materia\u0142u, w tym twardo\u015b\u0107, wytrzyma\u0142o\u015b\u0107, sztywno\u015b\u0107 (modu\u0142 Younga), wsp\u00f3\u0142czynnik rozszerzalno\u015bci cieplnej, przewodno\u015b\u0107 cieplna i w\u0142a\u015bciwo\u015bci elektryczne.<\/dd>\n<dd>3.&nbsp;&nbsp;Sk\u0142ad chemiczny materia\u0142u.<\/dd>\n<\/dl>\n<p>\t\t\t\t\t\t\t<!-- \/.list_in --><\/div>\n<\/li>\n<\/ul>\n<div class=\"box_border_only mb30\">\n<h4 class=\"ttl_grad_blue box-shadow tC\">03.Akceptacja zam\u00f3wienia<\/h4>\n<div class=\"list_in\">\n<div class=\"row\">\n<div class=\"col-sm-6\">\n<div class=\"image\"><img decoding=\"async\" src=\"..\/img\/cooperation\/flow_img03.jpg\" alt=\"\"><\/div>\n<p>Z przyjemno\u015bci\u0105 przyjmiemy Twoje zam\u00f3wienie, kiedy b\u0119dziesz pewny, \u017ce sprostamy Twoim oczekiwaniom.<\/p>\n<dl>\n<dt>Polecenie innej firmy<\/dt>\n<dd>Je\u015bli Twoje wymagania uwzgl\u0119dniaj\u0105 specjalny procesu lub zabieg, kt\u00f3rym si\u0119 nie zajmujemy, z przyjemno\u015bci\u0105 przedstawiamy Ci\u0119 innym, godnym polecenia specjalistom. Po otrzymaniu od nas danych kontaktowych mo\u017cesz skontaktowa\u0107 si\u0119 z nimi bezpo\u015brednio.<\/dd>\n<\/dl>\n<dl>\n<dt>Przygotowanie do obr\u00f3bki testowej<\/dt>\n<dd>Je\u015bli potrzebna jest obr\u00f3bka testowa, zdecydujemy o jej metodzie, sprz\u0119cie, stosownych narz\u0119dziach na podstawie przedstawionych wymaga\u0144 jej dotycz\u0105cych i przeznaczenia cz\u0119\u015bci.<br \/>\n\t\t\t\t\t\t\t\t\t\tMamy na stanie r\u00f3\u017cnorodne narz\u0119dzia do obr\u00f3bki. Zalecamy si\u0119 skorzystanie z nich podczas obr\u00f3bki testowej, w celu minimalizacji czasu oczekiwania i koszt\u00f3w.<\/dd>\n<\/dl>\n<p>\t\t\t\t\t\t\t\t<!-- \/.col-sm-6 --><\/div>\n<div class=\"col-sm-6\">\n<dl>\n<dt>Obr\u00f3bka testowa<\/dt>\n<dd>Spo\u015br\u00f3d wielu maszyn dost\u0119pnych w naszej fabryce, wybierzemy t\u0119 najbardziej stosown\u0105 do szybkiego przeprowadzenia obr\u00f3bki testowej. Nasi operatorzy b\u0119d\u0105 czuwa\u0107 nad tym procesem, gotowi natychmiast rozwi\u0105za\u0107 ewentualne problemy tak, aby proces przebiega\u0142 w najbardziej optymalny spos\u00f3b.<\/dd>\n<\/dl>\n<dl>\n<dt>Ocena wynik\u00f3w<\/dt>\n<dd>Dokonujemy dok\u0142adnej analizy testu i je\u015bli wyniki s\u0105 niesatysfakcjonuj\u0105ce, pracujemy nad ob\u00f3bk\u0105 testow\u0105 do skutku.<br \/>\nNast\u0119pnie finalizujemy proces obr\u00f3bki testowej i przechodzimy do obr\u00f3bki produktu w\u0142a\u015bciwego.\n<\/dd>\n<\/dl>\n<p>\t\t\t\t\t\t\t\t<!-- \/.col-sm-6 --><\/div>\n<p>\t\t\t\t\t\t\t<!-- \/.row --><\/div>\n<p>\t\t\t\t\t\t<!-- \/.list_in --><\/div>\n<\/p><\/div>\n<ul class=\"row\">\n<li class=\"box_border_only col-sm-6\u3000col-md-6 col-lg-6\">\n<h4 class=\"ttl_grad_blue box-shadow tC\">04.Przygotowania do obr\u00f3bki produktu<\/h4>\n<div class=\"list_in\">\n<div class=\"image\"><img decoding=\"async\" src=\"..\/img\/cooperation\/flow_img04.jpg\" alt=\"\"><\/div>\n<p>Je\u015bli ten projekt wymaga specjalnie zaprojektowanych narz\u0119dzi i przyrz\u0105d\u00f3w, zostan\u0105 one przygotowane na tym etapie.<\/p>\n<dl>\n<dt>Obr\u00f3bka produktu<\/dt>\n<dd>Na pocz\u0105tku, dokonane zostan\u0105 ko\u0144cowe poprawki, aby zapewni\u0107, \u017ce wszystkie procesy obr\u00f3bki przebiegaj\u0105 w optymalnych warunkach.<br \/>\n\t\t\t\t\t\t\t\t\tStarannie dobieramy operator\u00f3w i maszyny do ka\u017cdego projektu z osobna w dba\u0142o\u015bci o spe\u0142nienie oczekiewa\u0144 klienta. W razie potrzeby, nie mamy obiekcji by klient we w\u0142asnej osobie obserwowa\u0142 proces obr\u00f3bki, prosimy jednak o wcze\u015bniejsze ustalenie z nami szczeg\u00f3\u0142\u00f3w wizyty. <\/dd>\n<\/dl>\n<dl>\n<dt>Kontrola jako\u015bci produktu<\/dt>\n<dd>Wszystkie nasze produkty przechodz\u0105 surow\u0105 kontrol\u0119 jako\u015bci, w celu upewnienia si\u0119, \u017ce trafi\u0105 do klienta tylko te spe\u0142niaj\u0105ce nasze standardy.<\/dd>\n<\/dl>\n<p>\t\t\t\t\t\t\t<!-- \/.list_in --><\/div>\n<\/li>\n<li class=\"box_border_only col-sm-6\u3000col-md-6 col-lg-6\">\n<h4 class=\"ttl_grad_blue box-shadow tC\">05.Dostawa<\/h4>\n<div class=\"list_in\">\n<div class=\"image\"><img decoding=\"async\" src=\"..\/img\/cooperation\/flow_img05.jpg\" alt=\"\"><\/div>\n<p>Wszystkie produkty s\u0105 dostarczane z raportami z inspekcji. Informacje na temat proces\u00f3w produkcyjnych mog\u0105 by\u0107 dostarczone na \u017c\u0105danie.<\/p>\n<p>\t\t\t\t\t\t\t<!-- \/.list_in --><\/div>\n<\/li>\n<\/ul>\n<p>\t\t\t\t<!-- \/.flow_box --><\/div>\n<\/p><\/div>\n<p>\t\t<!-- container --><\/div>\n<\/section>\n<section class=\"common_area2\">\n<div class=\"common_area_top\">\n<div class=\"container\">\n<div class=\"contact_box\">\n<h3>Z przyjemno\u015bci\u0105 pomo\u017cemy Ci w dzia\u0142aniach badawczo-rozwojowych u\u017cywaj\u0105c naszej precyzyjnej technologii obr\u00f3bki oraz radz\u0105c w doborze materia\u0142\u00f3w.<\/h3>\n<div class=\"row\">\n<div class=\"contact_box_l col-sm-6\">\n<div class=\"logo\"><img decoding=\"async\" src=\"..\/common\/img\/ico\/common_logo_ico.png\" alt=\"\"><\/div>\n<div class=\"text_area\">\n<h4>Top Seiko Co., Ltd.<\/h4>\n<p>\n\t\t\t\t\t\t\t\t\t1197-4, Hosoe-cho, Nagahama City, Shiga Pref., 526-0105 Japan <br \/>\n\t\t\t\t\t\t\t\t\t<a href=\"company\/address\/\" class=\"access_map_link\">[ Access Map ]<\/a>\n\t\t\t\t\t\t\t\t<\/p>\n<p>\t\t\t\t\t\t\t<!-- \/.text_area --><\/div>\n<p>\t\t\t\t\t\t<!-- \/.contact_box_logo col-sm-6 --><\/div>\n<div class=\"contact_box_r col-sm-6\">\n<div class=\"tel\">\n\t\t\t\t\t\t\t\tTEL.+81-(0)749-51-9021<br \/>\n\t\t\t\t\t\t\t<!-- \/.tel --><\/div>\n<div class=\"fax\">\n\t\t\t\t\t\t\t\tFAX.+81-(0)749-51-9022<br \/>\n\t\t\t\t\t\t\t<!-- \/.fax --><\/div>\n<div class=\"contact_btn btn_grad_blue2\">\n\t\t\t\t\t\t\t\t<a href=\"..\/contact\"> Napisz do nas<\/a><br \/>\n\t\t\t\t\t\t\t<!-- \/.contact_btn --><\/div>\n<p>\t\t\t\t\t\t<!-- \/.contact_box_other --><\/div>\n<p>\t\t\t\t\t<!-- \/.row --><\/div>\n<p>\t\t\t\t<!-- \/.contact_box --><\/div>\n<p>\t\t\t<!-- \/.container --><\/div>\n<p>\t\t<!-- \/.common_area_top --><\/div>\n<p>\t<!-- \/.common_area --><\/section>\n<\/article>\n","protected":false},"excerpt":{"rendered":"<p>Wsparcie rozwoju produkt\u00f3w Dzi\u0119ki najnowszym maszynom, rozmaitym narz\u0119dziom do obr\u00f3bki oraz do\u015bwiadczonym in\u017cynierom i operatorom maszyn pomagamy naszym klientom w jak najszybszym rozpocz\u0119ciu prac nad rozwojem produktu. Mo\u017cesz na nas liczy\u0107, zar\u00f3wno, je\u015bli potrzebujesz niewielkich ilo\u015bci prototyp\u00f3w, jak i produkcji du\u017cych ilo\u015bci. Zawsze wykonujemy najpierw obr\u00f3bk\u0119 testow\u0105 by mie\u0107 pewno\u015b\u0107, \u017ce uda nam si\u0119 sprosta\u0107 nawet najbardziej skomplikowanym wymaganiom klienta. Nast\u0119pnie, przeprowadzamy na niej testy, a na podstawie ich wynik\u00f3w decydujemy o najlepszych warunkach obr\u00f3bki, aby spe\u0142ni\u0107 i przekroczy\u0107 najbardziej wyg\u00f3rowane oczekiwania klienta. Skorzystaj z po\u0142\u0105czonej si\u0142y naszej wiedzy materia\u0142owej i know-how w zakresie obr\u00f3bki skrawaniem i wprowad\u017a swoje ekscytuj\u0105ce innowacyjne produkty na rynek! Od zapytania do dostawy 01.Napisz do [&hellip;]<\/p>\n","protected":false},"author":1,"featured_media":0,"parent":0,"menu_order":0,"comment_status":"closed","ping_status":"closed","template":"","meta":{"footnotes":""},"aioseo_notices":[],"_links":{"self":[{"href":"https:\/\/top-seiko.com\/pl\/wp-json\/wp\/v2\/pages\/3270"}],"collection":[{"href":"https:\/\/top-seiko.com\/pl\/wp-json\/wp\/v2\/pages"}],"about":[{"href":"https:\/\/top-seiko.com\/pl\/wp-json\/wp\/v2\/types\/page"}],"author":[{"embeddable":true,"href":"https:\/\/top-seiko.com\/pl\/wp-json\/wp\/v2\/users\/1"}],"replies":[{"embeddable":true,"href":"https:\/\/top-seiko.com\/pl\/wp-json\/wp\/v2\/comments?post=3270"}],"version-history":[{"count":21,"href":"https:\/\/top-seiko.com\/pl\/wp-json\/wp\/v2\/pages\/3270\/revisions"}],"predecessor-version":[{"id":5197,"href":"https:\/\/top-seiko.com\/pl\/wp-json\/wp\/v2\/pages\/3270\/revisions\/5197"}],"wp:attachment":[{"href":"https:\/\/top-seiko.com\/pl\/wp-json\/wp\/v2\/media?parent=3270"}],"curies":[{"name":"wp","href":"https:\/\/api.w.org\/{rel}","templated":true}]}}