{"id":3321,"date":"2016-09-08T21:20:25","date_gmt":"2016-09-08T12:20:25","guid":{"rendered":"http:\/\/top-seiko.co.com\/test\/?page_id=3321"},"modified":"2021-02-08T21:09:34","modified_gmt":"2021-02-08T12:09:34","slug":"unit","status":"publish","type":"page","link":"https:\/\/top-seiko.com\/pl\/guide\/unit\/","title":{"rendered":"Tabela konwersji jednostek"},"content":{"rendered":"<article class=\"m-unit\">\n<div class=\"container\">\n<section class=\"unit\">\n<h2 class=\"ttl02\"><span class=\"ja\">Tabela konwersji jednostek<\/span><\/h2>\n<div class=\"detail_area_in box-shadow\">\n<div class=\"table_area\">\n<h3 class=\"ttl03\">Napr\u0119\u017cenia mechaniczne<\/h3>\n<div class=\"table-responsive\">\n<table class=\"table_style2 tC\">\n<tr>\n<th>GPa<\/th>\n<th>MPa or N\/mm&#178;<\/th>\n<th>kgf\/mm&#178;<\/th>\n<th>kgf\/cm&#178;<\/th>\n<th>10&#179;lb\/in&#178;<\/th>\n<\/tr>\n<tr>\n<td>1<\/td>\n<td>1X10&#179;<\/td>\n<td>1.0197X10&#178;<\/td>\n<td>1.0197X10&#8308;<\/td>\n<td>1.45X10&#178;<\/td>\n<\/tr>\n<tr>\n<td>1X10-&#179;<\/td>\n<td>1<\/td>\n<td>1.0197X10-&#185;<\/td>\n<td>1.0197X10<\/td>\n<td>1.45X10-&#185;<\/td>\n<\/tr>\n<tr>\n<td>9.807X10-&#179;<\/td>\n<td>9.807<\/td>\n<td>1<\/td>\n<td>1X10&#178;<\/td>\n<td>1.422<\/td>\n<\/tr>\n<tr>\n<td>9.807X10-&#8309;<\/td>\n<td>9.807X10-&#178;<\/td>\n<td>1X10-&#178;<\/td>\n<td>1<\/td>\n<td>1.422X10-&#178;<\/td>\n<\/tr>\n<tr>\n<td>6.895X10-&#179;<\/td>\n<td>6.895<\/td>\n<td>7.03X10-&#185;<\/td>\n<td>7.03X10<\/td>\n<td>1<\/td>\n<\/tr>\n<\/table><\/div>\n<\/p><\/div>\n<div class=\"table_area\">\n<h3 class=\"ttl03\">Thermal conductivity<\/h3>\n<div class=\"table-responsive\">\n<table class=\"table_style2 tC\">\n<tr>\n<th>W\/(m\u30fbK)<\/th>\n<th>kcal\/(h\u30fbm\u30fb&#8451;)<\/th>\n<th>cal\/(sec\u30fbcm\u30fb&#8451;)<\/th>\n<\/tr>\n<tr>\n<td>1<\/td>\n<td>0.86<\/td>\n<td>2.39\u00d710-&#179;<\/td>\n<\/tr>\n<tr>\n<td>1.163<\/td>\n<td>1<\/td>\n<td>2.78X10-&#179;<\/td>\n<\/tr>\n<tr>\n<td>4.187X10&#178;<\/td>\n<td>3.6X10&#178;<\/td>\n<td>1<\/td>\n<\/tr>\n<\/table><\/div>\n<\/p><\/div>\n<div class=\"table_area\">\n<h3 class=\"ttl03\">Ciep\u0142o w\u0142a\u015bciwe<\/h3>\n<div class=\"table-responsive\">\n<table class=\"table_style2 tC\">\n<tr>\n<th>J \/(kg\u30fbK)<\/th>\n<th>kcal \/(kg\u30fbK)<\/th>\n<th>Btu \/(lb\u30fb&#176;R)<\/th>\n<th>kgf\u30fbm \/(kg\u30fbK)<\/th>\n<th>ft-lbf \/(lb\u30fb&#176;R)<\/th>\n<\/tr>\n<tr>\n<td>1<\/td>\n<td>2.39X10-&#8308;<\/td>\n<td>2.39X10-&#8308;<\/td>\n<td>1.0197X10-&#185;<\/td>\n<td>1.8586X10-&#185;<\/td>\n<\/tr>\n<tr>\n<td>4.1868X10&#179;<\/td>\n<td>1<\/td>\n<td>1<\/td>\n<td>4.26935X10&#178;<\/td>\n<td>7.78169X10&#178;<\/td>\n<\/tr>\n<tr>\n<td>9.80665<\/td>\n<td>2.342X10-&#179;<\/td>\n<td>2.342X10-&#179;<\/td>\n<td>1<\/td>\n<td>1.82269<\/td>\n<\/tr>\n<tr>\n<td>5.38032<\/td>\n<td>1.285X10-&#179;<\/td>\n<td>1.285X10-&#179;<\/td>\n<td>5.4864X10-&#185;<\/td>\n<td>1<\/td>\n<\/tr>\n<tr>\n            <\/table>\n<\/p><\/div>\n<\/p><\/div>\n<div class=\"table_area\">\n<h3 class=\"ttl03\">G\u0119sto\u015b\u0107 zaludnienia<\/h3>\n<div class=\"table-responsive\">\n<table class=\"table_style2 tC\">\n<tr>\n<th>g\/cm&#179;<\/th>\n<th>Kg\/m&#179;<\/th>\n<\/tr>\n<tr>\n<td>1<\/td>\n<td>1\u00d710&#179;<\/td>\n<\/tr>\n<tr>\n<td>10-&#179;<\/td>\n<td>1<\/td>\n<\/tr>\n<\/table><\/div>\n<\/p><\/div>\n<div class=\"table_area\">\n<h3 class=\"ttl03\">Odporno\u015b\u0107 na d\u017awi\u0119k<\/h3>\n<div class=\"table-responsive\">\n<table class=\"table_style2 tC\">\n<tr>\n<th>&#937;.cm<\/th>\n<th>&#956;&#937;.cm<\/th>\n<\/tr>\n<tr>\n<td>1<\/td>\n<td>1\u00d710&#8310;<\/td>\n<\/tr>\n<tr>\n<td>1\u00d710-&#8310;<\/td>\n<td>1<\/td>\n<\/tr>\n<\/table>\n<p>          <!-- \/.table-responsive --><\/div>\n<p>        <!-- \/.table-area --><\/div>\n<p>UWAGA:Prezentowane dane stanowi\u0105 jedynie warto\u015b\u0107 referencyjn\u0105 dla materia\u0142\u00f3w do obr\u00f3bki.<\/p>\n<p>      <!-- \/.detail_area_in --><\/div>\n<\/section>\n<p>  <!-- container --><\/div>\n<\/article>\n","protected":false},"excerpt":{"rendered":"<p>Tabela konwersji jednostek Napr\u0119\u017cenia mechaniczne GPa MPa or N\/mm&#178; kgf\/mm&#178; kgf\/cm&#178; 10&#179;lb\/in&#178; 1 1X10&#179; 1.0197X10&#178; 1.0197X10&#8308; 1.45X10&#178; 1X10-&#179; 1 1.0197X10-&#185; 1.0197X10 1.45X10-&#185; 9.807X10-&#179; 9.807 1 1X10&#178; 1.422 9.807X10-&#8309; 9.807X10-&#178; 1X10-&#178; 1 1.422X10-&#178; 6.895X10-&#179; 6.895 7.03X10-&#185; 7.03X10 1 Thermal conductivity W\/(m\u30fbK) kcal\/(h\u30fbm\u30fb&#8451;) cal\/(sec\u30fbcm\u30fb&#8451;) 1 0.86 2.39\u00d710-&#179; 1.163 1 2.78X10-&#179; 4.187X10&#178; 3.6X10&#178; 1 Ciep\u0142o w\u0142a\u015bciwe J \/(kg\u30fbK) kcal \/(kg\u30fbK) Btu \/(lb\u30fb&#176;R) kgf\u30fbm \/(kg\u30fbK) ft-lbf \/(lb\u30fb&#176;R) 1 2.39X10-&#8308; 2.39X10-&#8308; 1.0197X10-&#185; 1.8586X10-&#185; 4.1868X10&#179; 1 1 4.26935X10&#178; 7.78169X10&#178; 9.80665 2.342X10-&#179; 2.342X10-&#179; 1 1.82269 5.38032 1.285X10-&#179; 1.285X10-&#179; 5.4864X10-&#185; 1 G\u0119sto\u015b\u0107 zaludnienia g\/cm&#179; Kg\/m&#179; 1 1\u00d710&#179; 10-&#179; 1 Odporno\u015b\u0107 na d\u017awi\u0119k &#937;.cm &#956;&#937;.cm 1 1\u00d710&#8310; 1\u00d710-&#8310; 1 UWAGA:Prezentowane dane stanowi\u0105 jedynie warto\u015b\u0107 referencyjn\u0105 dla materia\u0142\u00f3w do obr\u00f3bki.<\/p>\n","protected":false},"author":1,"featured_media":0,"parent":3249,"menu_order":0,"comment_status":"closed","ping_status":"closed","template":"page-guide.php","meta":{"footnotes":""},"aioseo_notices":[],"_links":{"self":[{"href":"https:\/\/top-seiko.com\/pl\/wp-json\/wp\/v2\/pages\/3321"}],"collection":[{"href":"https:\/\/top-seiko.com\/pl\/wp-json\/wp\/v2\/pages"}],"about":[{"href":"https:\/\/top-seiko.com\/pl\/wp-json\/wp\/v2\/types\/page"}],"author":[{"embeddable":true,"href":"https:\/\/top-seiko.com\/pl\/wp-json\/wp\/v2\/users\/1"}],"replies":[{"embeddable":true,"href":"https:\/\/top-seiko.com\/pl\/wp-json\/wp\/v2\/comments?post=3321"}],"version-history":[{"count":10,"href":"https:\/\/top-seiko.com\/pl\/wp-json\/wp\/v2\/pages\/3321\/revisions"}],"predecessor-version":[{"id":5207,"href":"https:\/\/top-seiko.com\/pl\/wp-json\/wp\/v2\/pages\/3321\/revisions\/5207"}],"up":[{"embeddable":true,"href":"https:\/\/top-seiko.com\/pl\/wp-json\/wp\/v2\/pages\/3249"}],"wp:attachment":[{"href":"https:\/\/top-seiko.com\/pl\/wp-json\/wp\/v2\/media?parent=3321"}],"curies":[{"name":"wp","href":"https:\/\/api.w.org\/{rel}","templated":true}]}}