{"id":4045,"date":"2016-09-09T16:59:36","date_gmt":"2016-09-09T07:59:36","guid":{"rendered":"http:\/\/top-seiko.co.com\/test\/?page_id=4045"},"modified":"2022-07-08T14:44:09","modified_gmt":"2022-07-08T05:44:09","slug":"history","status":"publish","type":"page","link":"https:\/\/top-seiko.com\/pl\/company\/history\/","title":{"rendered":"Historia firmy"},"content":{"rendered":"<article class=\"m-overview\">\n<section class=\"overview\">\n<div class=\"container\">\n<h2 class=\"ttl02\"><span class=\"ja\">Historia firmy<\/span><\/h2>\n<div class=\"detail_area_in box-shadow\">\n<table class=\"table-responsive2\">\n<tr>\n<th>2001 Wrzesie\u0144<\/th>\n<td>Za\u0142o\u017cenie Top Seiko Co., Ltd.<\/td>\n<\/tr>\n<tr>\n<th>2002 Marzec<\/th>\n<td>Zako\u0144czenie budowy fabryki w Otsumicho w Nagahamie (Prefektura Shiga, Japonia).<\/td>\n<\/tr>\n<tr>\n<th>2004 Czerwiec<\/th>\n<td>Rozbudowa budynku firmy.<\/td>\n<\/tr>\n<tr>\n<th>2005 Wrzesie\u0144<\/th>\n<td>Rozpocz\u0119cie procedur w celu uzyskania certyfikatu ISO 9001.<\/td>\n<\/tr>\n<tr>\n<th>2006 Sierpie\u0144<\/th>\n<td>Rozbudowa budynku firmy.<\/td>\n<\/tr>\n<tr>\n<th>2006 Sierpie\u0144<\/th>\n<td>Uzyskanie certyfikatu  ISO 9001:2000 \/ JISQ 9001: 2000 <\/td>\n<\/tr>\n<tr>\n<th>2008 Pa\u017adziernik<\/th>\n<td>Budowa i przeniesienie do nowego budynku w Hosoecho w Nagahamie (Prefektura Shiga, Japonia).<\/td>\n<\/tr>\n<tr>\n<th>2012 Marzec<\/th>\n<td>Wybrany do rz\u0105dowego programu subsydi\u00f3w dla innowacyjnej firmy<\/td>\n<\/tr>\n<tr>\n<th>2012 Wrzesie\u0144<\/th>\n<td>Zako\u0144czenie powy\u017cszej procedury<\/td>\n<\/tr>\n<tr>\n<th>2013 Czerwiec<\/th>\n<td>Po raz pierwszy wystawiony na 17. Targach Komponent\u00f3w Mechanicznych i Technologii Materia\u0142owych<\/td>\n<\/tr>\n<tr>\n<th>2015 Maj<\/th>\n<td>Pojawi\u0142 si\u0119 w programie telewizji NHK &#8220;Chozetsu Sugo Waza!(Super Amazing Techniques!)&#8221;.<\/td>\n<\/tr>\n<tr>\n<th>2017 Kwiecie\u0144<\/th>\n<td>Rozbudowa zak\u0142adu g\u0142\u00f3wnego (powierzchnia u\u017cytkowa: ok. 3.000 \u33a1)<\/td>\n<\/tr>\n<tr>\n<th>2018 Grudzie\u0144<\/th>\n<td>Wystawiony po raz pierwszy na 3rd Advanced Ceramics Expo (Makuhari Messe)<\/td>\n<\/tr>\n<tr>\n<th>2021 Wrzesie\u0144<\/th>\n<td>Ozbudowa siedziby g\u0142\u00f3wnej i zak\u0142adu (2-pi\u0119trowy budynek o \u0142\u0105cznej powierzchni u\u017cytkowej 2.500 \u33a1)<\/td>\n<\/tr>\n<\/table>\n<p>\t\t\t<!-- \/.detail_area_in.box-shadow --><\/div>\n<p>\t\t<!-- container --><\/div>\n<p>\t<!-- overview --><\/section>\n<\/article>\n","protected":false},"excerpt":{"rendered":"<p>Historia firmy 2001 Wrzesie\u0144 Za\u0142o\u017cenie Top Seiko Co., Ltd. 2002 Marzec Zako\u0144czenie budowy fabryki w Otsumicho w Nagahamie (Prefektura Shiga, Japonia). 2004 Czerwiec Rozbudowa budynku firmy. 2005 Wrzesie\u0144 Rozpocz\u0119cie procedur w celu uzyskania certyfikatu ISO 9001. 2006 Sierpie\u0144 Rozbudowa budynku firmy. 2006 Sierpie\u0144 Uzyskanie certyfikatu ISO 9001:2000 \/ JISQ 9001: 2000 2008 Pa\u017adziernik Budowa i przeniesienie do nowego budynku w Hosoecho w Nagahamie (Prefektura Shiga, Japonia). 2012 Marzec Wybrany do rz\u0105dowego programu subsydi\u00f3w dla innowacyjnej firmy 2012 Wrzesie\u0144 Zako\u0144czenie powy\u017cszej procedury 2013 Czerwiec Po raz pierwszy wystawiony na 17. Targach Komponent\u00f3w Mechanicznych i Technologii Materia\u0142owych 2015 Maj Pojawi\u0142 si\u0119 w programie telewizji NHK &#8220;Chozetsu Sugo Waza!(Super Amazing Techniques!)&#8221;. 2017 Kwiecie\u0144 [&hellip;]<\/p>\n","protected":false},"author":1,"featured_media":0,"parent":3253,"menu_order":0,"comment_status":"closed","ping_status":"closed","template":"page-child-company.php","meta":{"footnotes":""},"aioseo_notices":[],"_links":{"self":[{"href":"https:\/\/top-seiko.com\/pl\/wp-json\/wp\/v2\/pages\/4045"}],"collection":[{"href":"https:\/\/top-seiko.com\/pl\/wp-json\/wp\/v2\/pages"}],"about":[{"href":"https:\/\/top-seiko.com\/pl\/wp-json\/wp\/v2\/types\/page"}],"author":[{"embeddable":true,"href":"https:\/\/top-seiko.com\/pl\/wp-json\/wp\/v2\/users\/1"}],"replies":[{"embeddable":true,"href":"https:\/\/top-seiko.com\/pl\/wp-json\/wp\/v2\/comments?post=4045"}],"version-history":[{"count":17,"href":"https:\/\/top-seiko.com\/pl\/wp-json\/wp\/v2\/pages\/4045\/revisions"}],"predecessor-version":[{"id":5258,"href":"https:\/\/top-seiko.com\/pl\/wp-json\/wp\/v2\/pages\/4045\/revisions\/5258"}],"up":[{"embeddable":true,"href":"https:\/\/top-seiko.com\/pl\/wp-json\/wp\/v2\/pages\/3253"}],"wp:attachment":[{"href":"https:\/\/top-seiko.com\/pl\/wp-json\/wp\/v2\/media?parent=4045"}],"curies":[{"name":"wp","href":"https:\/\/api.w.org\/{rel}","templated":true}]}}