{"id":5271,"date":"2023-11-21T18:45:34","date_gmt":"2023-11-21T09:45:34","guid":{"rendered":"https:\/\/top-seiko.com\/pl\/?page_id=5271"},"modified":"2023-11-21T19:07:36","modified_gmt":"2023-11-21T10:07:36","slug":"tech05","status":"publish","type":"page","link":"https:\/\/top-seiko.com\/pl\/technology\/tech05\/","title":{"rendered":"Diffusion Bonding"},"content":{"rendered":"<br \/>\n<article class=\"m-tech04\">\n\t\t\t\t\t<!-- \u52a0\u5de5\u6280\u8853\u7d39\u4ecb --><\/p>\n<section class=\"technology\">\n<div class=\"container\">\n<h2 class=\"ttl01\"><span class=\"ja\">Diffusion Bonding<\/span><\/h2>\n<div class=\"contents_top box-shadow row\">\n<div class=\"contents_top_text col-sm-7\">\n<h4>Osi\u0105gni\u0119cie kszta\u0142t\u00f3w wcze\u015bniej niemo\u017cliwych<\/h4>\n<p>Co roku popyt na wysoko precyzyjne i skomplikowane kszta\u0142ty obrabiane jest coraz wi\u0119kszy. Te kszta\u0142ty s\u0105 niezb\u0119dne do poprawy wydajno\u015bci sprz\u0119tu, w kt\u00f3rym s\u0105 stosowane.<br \/>\n\t\t\t\t\t\t\t\t\t\t<\/p>\n<p>\t\t\t\t\t\t\t\t\t\tOpr\u00f3cz naszych tradycyjnych zdolno\u015bci w precyzyjnym obrabianiu materia\u0142\u00f3w, aktywnie rozwijamy technologi\u0119 Diffusion Bonding, aby sprosta\u0107 rosn\u0105cym wymaganiom dotycz\u0105cym wydajno\u015bci. W przeciwie\u0144stwie do klej\u00f3w czy lutowania, spawanie dyfuzyjne oferuje bezpo\u015brednie po\u0142\u0105czenie, eliminuj\u0105c obawy dotycz\u0105ce r\u00f3\u017cnic w odporno\u015bci na ciep\u0142o czy wsp\u00f3\u0142czynnikach rozszerzalno\u015bci liniowej. Ta technologia u\u0142atwia r\u00f3wnie\u017c tworzenie wewn\u0119trznych \u015bcie\u017cek ch\u0142odzenia i przep\u0142ywu gaz\u00f3w, umo\u017cliwiaj\u0105c projektowanie innowacyjnych kszta\u0142t\u00f3w i rozwi\u0105za\u0144.<br \/>\n\t\t\t\t\t\t\t\t\t\t<br \/>\n\t\t\t\t\t\t\t\t\t\tDzi\u0119ki po\u0142\u0105czeniu naszego bogatego do\u015bwiadczenia w obr\u00f3bce precyzyjnej z nasz\u0105 niedawno wprowadzon\u0105 technologi\u0105 \u0142\u0105czenia, jeste\u015bmy teraz w stanie osi\u0105gn\u0105\u0107 kszta\u0142ty, kt\u00f3re wcze\u015bniej by\u0142y trudne do realizacji, co znacz\u0105co przyczynia si\u0119 do rozwi\u0105zywania problem\u00f3w technicznych naszych klient\u00f3w.<\/p>\n<\/p><\/div>\n<div class=\"contents_img img_frame col-sm-5 tC\">\n\t\t\t\t\t\t\t\t\t<img decoding=\"async\" src=\"..\/..\/img\/technology\/tech05\/tech05_img01.jpg\" alt=\"\"><\/p>\n<div class=\"frame\"><\/div>\n<\/p><\/div>\n<p>\t\t\t\t\t\t\t<!-- \/.contents_top --><\/div>\n<div class=\"detail_area_in box-shadow\">\n<table class=\"processing_table table-responsive2\">\n<tr>\n<th>Materia\u0142y<\/th>\n<td>\n\t\t\t\t\t\t\t\t\t\t\t&#8220;Zrealizowane dyfuzje: molibden, nikiel, szk\u0142o kwarcowe, SiSiC, tlenek glinu, krzem kolumnowy&#8221;&#8221;.<br \/>\n(*S\u0105 to dyfuzje tych samych materia\u0142\u00f3w).<br \/>\n(*Eksperymentujemy r\u00f3wnie\u017c z innymi materia\u0142ami).&#8221;\n\t\t\t\t\t\t\t\t\t\t<\/td>\n<\/tr>\n<tr>\n<th>Wska\u017anik wycieku helu<\/th>\n<td>\n\t\t\t\t\t\t\t\t\t\t\t&#8220;Poni\u017cej 1,0\u00d710^-9 [Pa\u00b7m^3\/sec] osi\u0105gni\u0119to wyniki przy u\u017cyciu pr\u00f3bek testowych dla dowolnego z powy\u017cszych materia\u0142\u00f3w.<br \/>\n(Zainstalowany detektor wycieku helu, zdolny do pomiaru do 1,0\u00d710^-11 [Pa\u00b7m^3\/sec])&#8221;\n\t\t\t\t\t\t\t\t\t\t<\/td>\n<\/tr>\n<\/table>\n<div class=\"processing_work\">\n<h3 class=\"ttl03\">Przyk\u0142ady produkt\u00f3w<\/h3>\n<h4 class=\"ttl04 ml15\">Nikiel<\/h4>\n<p class=\"ml15\">\u00f8310, 3 wewn\u0119trzne kana\u0142y przep\u0142ywowe, diffusion bonding<\/p>\n<ul class=\"row\">\n<li class=\"col-sm-3 col-lg-3 col-xs-6\">\n\t\t\t\t\t\t\t\t\t\t\t<a href=\"..\/..\/img\/technology\/tech05\/case01.jpg\" data-lightbox=\"tech05\" data-title=\"\u52a0\u5de5\u4e8b\u4f8b\"><br \/>\n\t\t\t\t\t\t\t\t\t\t\t\t<img decoding=\"async\" src=\"..\/..\/img\/technology\/tech05\/case01.jpg\" alt=\"\"><br \/>\n\t\t\t\t\t\t\t\t\t\t\t<\/a>\n\t\t\t\t\t\t\t\t\t\t<\/li>\n<li class=\"col-sm-3 col-lg-3 col-xs-6\">\n\t\t\t\t\t\t\t\t\t\t\t<a href=\"..\/..\/img\/technology\/tech05\/case02.jpg\" data-lightbox=\"tech05\" data-title=\"\u52a0\u5de5\u4e8b\u4f8b\"><br \/>\n\t\t\t\t\t\t\t\t\t\t\t\t<img decoding=\"async\" src=\"..\/..\/img\/technology\/tech05\/case02.jpg\" alt=\"\"><br \/>\n\t\t\t\t\t\t\t\t\t\t\t<\/a>\n\t\t\t\t\t\t\t\t\t\t<\/li>\n<li class=\"col-sm-3 col-lg-3 col-xs-6\">\n\t\t\t\t\t\t\t\t\t\t\t<a href=\"..\/..\/img\/technology\/tech05\/case03.jpg\" data-lightbox=\"tech05\" data-title=\"\u52a0\u5de5\u4e8b\u4f8b\"><br \/>\n\t\t\t\t\t\t\t\t\t\t\t\t<img decoding=\"async\" src=\"..\/..\/img\/technology\/tech05\/case03.jpg\" alt=\"\"><br \/>\n\t\t\t\t\t\t\t\t\t\t\t<\/a>\n\t\t\t\t\t\t\t\t\t\t<\/li>\n<\/ul>\n<h4 class=\"ttl04 ml15\">SiSiC<\/h4>\n<p class=\"ml15\">\u03c6300mm, 3 cz\u0119\u015bci spawane, szczeliny ch\u0142odz\u0105ce, otwory boczne<\/p>\n<ul class=\"row\">\n<li class=\"col-sm-3 col-lg-3 col-xs-6\">\n\t\t\t\t\t\t\t\t\t\t\t<a href=\"..\/..\/img\/technology\/tech05\/case04.jpg\" data-lightbox=\"tech05\" data-title=\"\u52a0\u5de5\u4e8b\u4f8b\"><br \/>\n\t\t\t\t\t\t\t\t\t\t\t\t<img decoding=\"async\" src=\"..\/..\/img\/technology\/tech05\/case04.jpg\" alt=\"\"><br \/>\n\t\t\t\t\t\t\t\t\t\t\t<\/a>\n\t\t\t\t\t\t\t\t\t\t<\/li>\n<li class=\"col-sm-3 col-lg-3 col-xs-6\">\n\t\t\t\t\t\t\t\t\t\t\t<a href=\"..\/..\/img\/technology\/tech05\/case05.jpg\" data-lightbox=\"tech05\" data-title=\"\u52a0\u5de5\u4e8b\u4f8b\"><br \/>\n\t\t\t\t\t\t\t\t\t\t\t\t<img decoding=\"async\" src=\"..\/..\/img\/technology\/tech05\/case05.jpg\" alt=\"\"><br \/>\n\t\t\t\t\t\t\t\t\t\t\t<\/a>\n\t\t\t\t\t\t\t\t\t\t<\/li>\n<\/ul>\n<h4 class=\"ttl04 ml15\">Szk\u0142o kwarcowe<\/h4>\n<p class=\"ml15\">\u00f8390 mm, 2 sztuki po\u0142\u0105czone, wewn\u0119trzny kana\u0142 przep\u0142ywowy, otwory boczne<\/p>\n<ul class=\"row\">\n<li class=\"col-sm-3 col-lg-3 col-xs-6\">\n\t\t\t\t\t\t\t\t\t\t\t<a href=\"..\/..\/img\/technology\/tech05\/case06.jpg\" data-lightbox=\"tech05\" data-title=\"\u52a0\u5de5\u4e8b\u4f8b\"><br \/>\n\t\t\t\t\t\t\t\t\t\t\t\t<img decoding=\"async\" src=\"..\/..\/img\/technology\/tech05\/case06.jpg\" alt=\"\"><br \/>\n\t\t\t\t\t\t\t\t\t\t\t<\/a>\n\t\t\t\t\t\t\t\t\t\t<\/li>\n<li class=\"col-sm-3 col-lg-3 col-xs-6\">\n\t\t\t\t\t\t\t\t\t\t\t<a href=\"..\/..\/img\/technology\/tech05\/case07.jpg\" data-lightbox=\"tech05\" data-title=\"\u52a0\u5de5\u4e8b\u4f8b\"><br \/>\n\t\t\t\t\t\t\t\t\t\t\t\t<img decoding=\"async\" src=\"..\/..\/img\/technology\/tech05\/case07.jpg\" alt=\"\"><br \/>\n\t\t\t\t\t\t\t\t\t\t\t<\/a>\n\t\t\t\t\t\t\t\t\t\t<\/li>\n<li class=\"col-sm-3 col-lg-3 col-xs-6\">\n\t\t\t\t\t\t\t\t\t\t\t<a href=\"..\/..\/img\/technology\/tech05\/case08.jpg\" data-lightbox=\"tech05\" data-title=\"\u52a0\u5de5\u4e8b\u4f8b\"><br \/>\n\t\t\t\t\t\t\t\t\t\t\t\t<img decoding=\"async\" src=\"..\/..\/img\/technology\/tech05\/case08.jpg\" alt=\"\"><br \/>\n\t\t\t\t\t\t\t\t\t\t\t<\/a>\n\t\t\t\t\t\t\t\t\t\t<\/li>\n<\/ul>\n<h4 class=\"ttl04 ml15\">SiSiC<\/h4>\n<p class=\"ml15\">\u03c6390mm, 2 cz\u0119\u015bci spawane, kana\u0142 wewn\u0119trzny, otwory boczne.<br \/>\n\t\t\t\t\t\t\t\t\t\t*Wynik pomiaru wycieku helu w kanale wewn\u0119trznym: 6,0&#215;10-12Pa-m3\/s lub mniej (osi\u0105gni\u0119ta warto\u015b\u0107 docelowa).<\/p>\n<ul class=\"row\">\n<li class=\"col-sm-3 col-lg-3 col-xs-6\">\n\t\t\t\t\t\t\t\t\t\t\t<a href=\"..\/..\/img\/technology\/tech05\/case09.jpg\" data-lightbox=\"tech05\" data-title=\"\u52a0\u5de5\u4e8b\u4f8b\"><br \/>\n\t\t\t\t\t\t\t\t\t\t\t\t<img decoding=\"async\" src=\"..\/..\/img\/technology\/tech05\/case09.jpg\" alt=\"\"><br \/>\n\t\t\t\t\t\t\t\t\t\t\t<\/a>\n\t\t\t\t\t\t\t\t\t\t<\/li>\n<li class=\"col-sm-3 col-lg-3 col-xs-6\">\n\t\t\t\t\t\t\t\t\t\t\t<a href=\"..\/..\/img\/technology\/tech05\/case10.jpg\" data-lightbox=\"tech05\" data-title=\"\u52a0\u5de5\u4e8b\u4f8b\"><br \/>\n\t\t\t\t\t\t\t\t\t\t\t\t<img decoding=\"async\" src=\"..\/..\/img\/technology\/tech05\/case10.jpg\" alt=\"\"><br \/>\n\t\t\t\t\t\t\t\t\t\t\t<\/a>\n\t\t\t\t\t\t\t\t\t\t<\/li>\n<li class=\"col-sm-3 col-lg-3 col-xs-6\">\n\t\t\t\t\t\t\t\t\t\t\t<a href=\"..\/..\/img\/technology\/tech05\/case11.jpg\" data-lightbox=\"tech05\" data-title=\"\u52a0\u5de5\u4e8b\u4f8b\"><br \/>\n\t\t\t\t\t\t\t\t\t\t\t\t<img decoding=\"async\" src=\"..\/..\/img\/technology\/tech05\/case11.jpg\" alt=\"\"><br \/>\n\t\t\t\t\t\t\t\t\t\t\t<\/a>\n\t\t\t\t\t\t\t\t\t\t<\/li>\n<\/ul>\n<h4 class=\"ttl04 ml15\">Tlenek glinu<\/h4>\n<p class=\"ml15\">50x100mm, 2 cz\u0119\u015bci spawane, wewn\u0119trzne kana\u0142y przep\u0142ywowe<\/p>\n<ul class=\"row\">\n<li class=\"col-sm-3 col-lg-3 col-xs-6\">\n\t\t\t\t\t\t\t\t\t\t\t<a href=\"..\/..\/img\/technology\/tech05\/case12.jpg\" data-lightbox=\"tech05\" data-title=\"\u52a0\u5de5\u4e8b\u4f8b\"><br \/>\n\t\t\t\t\t\t\t\t\t\t\t\t<img decoding=\"async\" src=\"..\/..\/img\/technology\/tech05\/case12.jpg\" alt=\"\"><br \/>\n\t\t\t\t\t\t\t\t\t\t\t<\/a>\n\t\t\t\t\t\t\t\t\t\t<\/li>\n<li class=\"col-sm-3 col-lg-3 col-xs-6\">\n\t\t\t\t\t\t\t\t\t\t\t<a href=\"..\/..\/img\/technology\/tech05\/case13.jpg\" data-lightbox=\"tech05\" data-title=\"\u52a0\u5de5\u4e8b\u4f8b\"><br \/>\n\t\t\t\t\t\t\t\t\t\t\t\t<img decoding=\"async\" src=\"..\/..\/img\/technology\/tech05\/case13.jpg\" alt=\"\"><br \/>\n\t\t\t\t\t\t\t\t\t\t\t<\/a>\n\t\t\t\t\t\t\t\t\t\t<\/li>\n<li class=\"col-sm-3 col-lg-3 col-xs-6\">\n\t\t\t\t\t\t\t\t\t\t\t<a href=\"..\/..\/img\/technology\/tech05\/case14.jpg\" data-lightbox=\"tech05\" data-title=\"\u52a0\u5de5\u4e8b\u4f8b\"><br \/>\n\t\t\t\t\t\t\t\t\t\t\t\t<img decoding=\"async\" src=\"..\/..\/img\/technology\/tech05\/case14.jpg\" alt=\"\"><br \/>\n\t\t\t\t\t\t\t\t\t\t\t<\/a>\n\t\t\t\t\t\t\t\t\t\t<\/li>\n<\/ul>\n<h4 class=\"ttl04 ml15\">Molibden<\/h4>\n<p class=\"ml15\">\u03c6270mm, \u03c6270 mm, 2 cz\u0119\u015bci spawane, wewn\u0119trzne kana\u0142y przep\u0142ywowe.<br \/>\n\t\t\t\t\t\t\t\t\t\tWynik pomiaru wycieku helu w kana\u0142ach wewn\u0119trznych: 5,0&#215;10-11Pa-m3\/s lub mniej (warto\u015b\u0107 docelowa osi\u0105gni\u0119ta).<\/p>\n<ul class=\"row\">\n<li class=\"col-sm-3 col-lg-3 col-xs-6\">\n\t\t\t\t\t\t\t\t\t\t\t<a href=\"..\/..\/img\/technology\/tech05\/case15.jpg\" data-lightbox=\"tech05\" data-title=\"\u52a0\u5de5\u4e8b\u4f8b\"><br \/>\n\t\t\t\t\t\t\t\t\t\t\t\t<img decoding=\"async\" src=\"..\/..\/img\/technology\/tech05\/case15.jpg\" alt=\"\"><br \/>\n\t\t\t\t\t\t\t\t\t\t\t<\/a>\n\t\t\t\t\t\t\t\t\t\t<\/li>\n<li class=\"col-sm-3 col-lg-3 col-xs-6\">\n\t\t\t\t\t\t\t\t\t\t\t<a href=\"..\/..\/img\/technology\/tech05\/case16.jpg\" data-lightbox=\"tech05\" data-title=\"\u52a0\u5de5\u4e8b\u4f8b\"><br \/>\n\t\t\t\t\t\t\t\t\t\t\t\t<img decoding=\"async\" src=\"..\/..\/img\/technology\/tech05\/case16.jpg\" alt=\"\"><br \/>\n\t\t\t\t\t\t\t\t\t\t\t<\/a>\n\t\t\t\t\t\t\t\t\t\t<\/li>\n<li class=\"col-sm-3 col-lg-3 col-xs-6\">\n\t\t\t\t\t\t\t\t\t\t\t<a href=\"..\/..\/img\/technology\/tech05\/case17.jpg\" data-lightbox=\"tech05\" data-title=\"\u52a0\u5de5\u4e8b\u4f8b\"><br \/>\n\t\t\t\t\t\t\t\t\t\t\t\t<img decoding=\"async\" src=\"..\/..\/img\/technology\/tech05\/case17.jpg\" alt=\"\"><br \/>\n\t\t\t\t\t\t\t\t\t\t\t<\/a>\n\t\t\t\t\t\t\t\t\t\t<\/li>\n<\/ul>\n<h4 class=\"ttl04 ml15\">Szk\u0142o kwarcowe<\/h4>\n<p class=\"ml15\">\u03c696 mm, 3 elementy spawane, 2 kana\u0142y wewn\u0119trzne<\/p>\n<ul class=\"row\">\n<li class=\"col-sm-3 col-lg-3 col-xs-6\">\n\t\t\t\t\t\t\t\t\t\t\t<a href=\"..\/..\/img\/technology\/tech05\/case18.jpg\" data-lightbox=\"tech05\" data-title=\"\u52a0\u5de5\u4e8b\u4f8b\"><br \/>\n\t\t\t\t\t\t\t\t\t\t\t\t<img decoding=\"async\" src=\"..\/..\/img\/technology\/tech05\/case18.jpg\" alt=\"\"><br \/>\n\t\t\t\t\t\t\t\t\t\t\t<\/a>\n\t\t\t\t\t\t\t\t\t\t<\/li>\n<li class=\"col-sm-3 col-lg-3 col-xs-6\">\n\t\t\t\t\t\t\t\t\t\t\t<a href=\"..\/..\/img\/technology\/tech05\/case19.jpg\" data-lightbox=\"tech05\" data-title=\"\u52a0\u5de5\u4e8b\u4f8b\"><br \/>\n\t\t\t\t\t\t\t\t\t\t\t\t<img decoding=\"async\" src=\"..\/..\/img\/technology\/tech05\/case19.jpg\" alt=\"\"><br \/>\n\t\t\t\t\t\t\t\t\t\t\t<\/a>\n\t\t\t\t\t\t\t\t\t\t<\/li>\n<li class=\"col-sm-3 col-lg-3 col-xs-6\">\n\t\t\t\t\t\t\t\t\t\t\t<a href=\"..\/..\/img\/technology\/tech05\/case20.jpg\" data-lightbox=\"tech05\" data-title=\"\u52a0\u5de5\u4e8b\u4f8b\"><br \/>\n\t\t\t\t\t\t\t\t\t\t\t\t<img decoding=\"async\" src=\"..\/..\/img\/technology\/tech05\/case20.jpg\" alt=\"\"><br \/>\n\t\t\t\t\t\t\t\t\t\t\t<\/a>\n\t\t\t\t\t\t\t\t\t\t<\/li>\n<\/ul><\/div>\n<p>\t\t\t\t\t\t\t<!-- detail_area_in --><\/div>\n<\/p><\/div>\n<p>\t\t\t\t\t\t<!-- container --><\/div>\n<\/section>\n<\/article>\n","protected":false},"excerpt":{"rendered":"<p>Diffusion Bonding Osi\u0105gni\u0119cie kszta\u0142t\u00f3w wcze\u015bniej niemo\u017cliwych Co roku popyt na wysoko precyzyjne i skomplikowane kszta\u0142ty obrabiane jest coraz wi\u0119kszy. Te kszta\u0142ty s\u0105 niezb\u0119dne do poprawy wydajno\u015bci sprz\u0119tu, w kt\u00f3rym s\u0105 stosowane. Opr\u00f3cz naszych tradycyjnych zdolno\u015bci w precyzyjnym obrabianiu materia\u0142\u00f3w, aktywnie rozwijamy technologi\u0119 Diffusion Bonding, aby sprosta\u0107 rosn\u0105cym wymaganiom dotycz\u0105cym wydajno\u015bci. W przeciwie\u0144stwie do klej\u00f3w czy lutowania, spawanie dyfuzyjne oferuje bezpo\u015brednie po\u0142\u0105czenie, eliminuj\u0105c obawy dotycz\u0105ce r\u00f3\u017cnic w odporno\u015bci na ciep\u0142o czy wsp\u00f3\u0142czynnikach rozszerzalno\u015bci liniowej. Ta technologia u\u0142atwia r\u00f3wnie\u017c tworzenie wewn\u0119trznych \u015bcie\u017cek ch\u0142odzenia i przep\u0142ywu gaz\u00f3w, umo\u017cliwiaj\u0105c projektowanie innowacyjnych kszta\u0142t\u00f3w i rozwi\u0105za\u0144. Dzi\u0119ki po\u0142\u0105czeniu naszego bogatego do\u015bwiadczenia w obr\u00f3bce precyzyjnej z nasz\u0105 niedawno wprowadzon\u0105 technologi\u0105 \u0142\u0105czenia, jeste\u015bmy teraz w stanie osi\u0105gn\u0105\u0107 kszta\u0142ty, [&hellip;]<\/p>\n","protected":false},"author":1,"featured_media":0,"parent":3223,"menu_order":0,"comment_status":"closed","ping_status":"closed","template":"","meta":{"footnotes":""},"aioseo_notices":[],"_links":{"self":[{"href":"https:\/\/top-seiko.com\/pl\/wp-json\/wp\/v2\/pages\/5271"}],"collection":[{"href":"https:\/\/top-seiko.com\/pl\/wp-json\/wp\/v2\/pages"}],"about":[{"href":"https:\/\/top-seiko.com\/pl\/wp-json\/wp\/v2\/types\/page"}],"author":[{"embeddable":true,"href":"https:\/\/top-seiko.com\/pl\/wp-json\/wp\/v2\/users\/1"}],"replies":[{"embeddable":true,"href":"https:\/\/top-seiko.com\/pl\/wp-json\/wp\/v2\/comments?post=5271"}],"version-history":[{"count":7,"href":"https:\/\/top-seiko.com\/pl\/wp-json\/wp\/v2\/pages\/5271\/revisions"}],"predecessor-version":[{"id":5278,"href":"https:\/\/top-seiko.com\/pl\/wp-json\/wp\/v2\/pages\/5271\/revisions\/5278"}],"up":[{"embeddable":true,"href":"https:\/\/top-seiko.com\/pl\/wp-json\/wp\/v2\/pages\/3223"}],"wp:attachment":[{"href":"https:\/\/top-seiko.com\/pl\/wp-json\/wp\/v2\/media?parent=5271"}],"curies":[{"name":"wp","href":"https:\/\/api.w.org\/{rel}","templated":true}]}}