{"id":5282,"date":"2024-04-05T12:45:05","date_gmt":"2024-04-05T03:45:05","guid":{"rendered":"https:\/\/top-seiko.com\/pl\/?page_id=5282"},"modified":"2024-10-03T18:48:17","modified_gmt":"2024-10-03T09:48:17","slug":"test","status":"publish","type":"page","link":"https:\/\/top-seiko.com\/pl\/","title":{"rendered":"HOME"},"content":{"rendered":"<article class=\"m-index -innov\">\n<section class=\"section01\">\n<div class=\"container\">\n<div class=\"row\">\n<div class=\"img col-xs-12 col-sm-4 col-md-4 col-lg-4\"><img decoding=\"async\" src=\"https:\/\/top-seiko.com\/pl\/img\/pl_innov\/body_img01.png\" srcset=\"https:\/\/top-seiko.com\/pl\/img\/pl_innov\/body_img01.png 1x, https:\/\/top-seiko.com\/pl\/img\/pl_innov\/body_img01@2x.png 2x\" alt=\"\"><\/div>\n<div class=\"text col-xs-12 col-sm-6 col-md-6 col-lg-6\">\n<h3>MOC TWORZENIA<\/h3>\n<p>Jeste\u015bmy dumni z naszych najwy\u017cszej klasy mo\u017cliwo\u015bci technicznych w\u015br\u00f3d producent\u00f3w ceramiki i metali o wysokiej temperaturze topnienia, zar\u00f3wno pod wzgl\u0119dem dok\u0142adno\u015bci wymiarowej, jak i geometrycznej. Nie ma ogranicze\u0144 co do precyzji wymaganej przez naszych klient\u00f3w, kt\u00f3ra staje si\u0119 coraz bardziej wyrafinowana w miar\u0119 up\u0142ywu czasu i zmian technologicznych. Aby nad\u0105\u017cy\u0107 za takimi wymaganiami, stale d\u0105\u017cymy do stabilnej obr\u00f3bki precyzyjnej i wielokrotnie przeprowadzamy obr\u00f3bk\u0119 testow\u0105 w celu dalszego zwi\u0119kszenia naszych mo\u017cliwo\u015bci technicznych.<\/p>\n<ul>\n<li>Obr\u00f3bka \u015brednicy zewn\u0119trznej\/wewn\u0119trznej<\/li>\n<li>Toczenie<\/li>\n<li>Szlifowanie precyzyjne<\/li>\n<li>Szlifowanie cylindryczne<\/li>\n<li>Obr\u00f3bka 3D skomplikowanych kszta\u0142t\u00f3w konturowych<\/li>\n<li>\u0141\u0105czenie dyfuzyjne<\/li>\n<\/ul><\/div>\n<\/p><\/div>\n<div class=\"row -reverse\">\n<div class=\"img col-xs-12 col-sm-4 col-md-4 col-lg-4\"><img decoding=\"async\" src=\"https:\/\/top-seiko.com\/pl\/img\/pl_innov\/body_img02.png\" srcset=\"https:\/\/top-seiko.com\/pl\/img\/pl_innov\/body_img02.png 1x, https:\/\/top-seiko.com\/pl\/img\/pl_innov\/body_img02@2x.png 2x\" alt=\"\"><\/div>\n<div class=\"text col-xs-12 col-sm-6 col-md-6 col-lg-6\">\n<h3>DZIELENIE SI\u0118 WIEDZ\u0104<\/h3>\n<p>Poniewa\u017c nie jeste\u015bmy producentem materia\u0142\u00f3w, nasi klienci mog\u0105 skorzysta\u0107 z naszej bezstronnej wiedzy na temat egzotycznych twardych materia\u0142\u00f3w, aby wybra\u0107 najlepszy materia\u0142 do swoich zastosowa\u0144. Wspierali\u015bmy naszych klient\u00f3w w wymianie materia\u0142\u00f3w na ich istniej\u0105ce cz\u0119\u015bci. Istnieje wiele udanych przypadk\u00f3w, w kt\u00f3rych nasi klienci odnie\u015bli korzy\u015bci dzi\u0119ki ulepszonej funkcjonalno\u015bci swoich cz\u0119\u015bci, kt\u00f3ra doprowadzi\u0142a do prze\u015bcigni\u0119cia ich konkurent\u00f3w, lub d\u0142u\u017cszej \u017cywotno\u015bci cz\u0119\u015bci, co zaowocowa\u0142o ni\u017cszymi kosztami, mniejsz\u0105 konserwacj\u0105 i kr\u00f3tszymi przestojami.<\/p>\n<\/p><\/div>\n<\/p><\/div>\n<div class=\"imgC col-xs-12 col-sm-6 col-md-6 col-lg-6\"><img decoding=\"async\" src=\"https:\/\/top-seiko.com\/pl\/img\/pl_innov\/body_img03.png\" srcset=\"https:\/\/top-seiko.com\/pl\/img\/pl_innov\/body_img03.png 1x, https:\/\/top-seiko.com\/pl\/img\/pl_innov\/body_img03@2x.png 2x\" alt=\"\"><\/div>\n<\/p><\/div>\n<\/section>\n<section class=\"section02\">\n<h3 class=\"ttl\">O NAS<\/h3>\n<div class=\"container\">\n<div class=\"youtube\">\n<div class=\"youtube__inner row\">\n<div class=\"text col-sm-7\">\n<p><span>Wiele precyzyjnych cz\u0119\u015bci zosta\u0142o wykonanych z powszechnie stosowanych materia\u0142\u00f3w metalicznych. Ale my obrabiamy egzotyczne twarde materia\u0142y i wykonujemy te same cz\u0119\u015bci.<\/span><br \/>\n                        Kieruj\u0105c si\u0119 tym mottem, firma Top Seiko wyspecjalizowa\u0142a si\u0119 w ultra twardych materia\u0142ach, takich jak zaawansowana ceramika, szk\u0142o, metale ogniotrwa\u0142e i nowo opracowane materia\u0142y o wysokiej wydajno\u015bci, takie jak materia\u0142y kompozytowe. W oparciu o charakterystyk\u0119 skrawalno\u015bci ka\u017cdego materia\u0142u i z\u0142o\u017cono\u015b\u0107 kszta\u0142tu cz\u0119\u015bci, okre\u015blamy najbardziej odpowiedni\u0105 metod\u0119 produkcji przy u\u017cyciu metod fizycznych i chemicznych. <\/p>\n<p>                        Jeste\u015bmy r\u00f3wnie\u017c ekspertami w projektowaniu narz\u0119dzi do obr\u00f3bki skrawaniem, kt\u00f3re mog\u0105 zmaksymalizowa\u0107 wydajno\u015b\u0107 przy zachowaniu najwy\u017cszej jako\u015bci produkt\u00f3w. Wi\u0119kszo\u015b\u0107 z tych narz\u0119dzi jest produkowana przez firmy narz\u0119dziowe zgodnie z naszymi specyfikacjami. Je\u015bli nie, wykonujemy je sami.<\/p>\n<p>                        Nieustannie prowadzimy badania i inwestujemy w nowe technologie, aby dostarcza\u0107 naszym klientom najwy\u017cszej jako\u015bci us\u0142ugi obr\u00f3bki skrawaniem. Ponadto regularnie przeprowadzamy obr\u00f3bk\u0119 testow\u0105 w celu zebrania danych, kt\u00f3re pozwol\u0105 nam jeszcze bardziej rozszerzy\u0107 nasze mo\u017cliwo\u015bci.<\/p>\n<\/p><\/div>\n<div class=\"movie col-sm-5\"><a href=\"https:\/\/youtu.be\/4XVhlnLyBkk?si=JAPZt-YRlHX0U0E4\" target=\"_blank\" rel=\"noopener noreferrer\"><img decoding=\"async\" src=\"https:\/\/top-seiko.com\/img\/index\/Top_Seiko-Youtube_Banner.png\" alt=\"youtube\"><\/a><\/div>\n<\/p><\/div>\n<\/p><\/div>\n<\/p><\/div>\n<div class=\"list\">\n<ul class=\"tech_kind row\">\n<li class=\"tech_kind_box col-xs-12 col-sm-6\">\n<div class=\"tech_kind_box_in row\">\n<div class=\"left col-sm-6\">\n<h4>Obr\u00f3bka z\u0142o\u017cona i 3D<\/h4>\n<div>\n                            <img decoding=\"async\" src=\"https:\/\/top-seiko.com\/pl\/img\/index\/index_tech_img01.jpg\" alt=\"\">\n                        <\/div>\n<\/p><\/div>\n<div class=\"tech_kind_box_in2 col-sm-6\">\n<p>Dzi\u0119ki najnowszym technologiom, takim jak wysokoobrotowe centrum frezarskie z nap\u0119dem liniowym i 5-osiowe centra obr\u00f3bcze, Top Seiko oferuje us\u0142ugi precyzyjnej obr\u00f3bki ultra twardych materia\u0142\u00f3w. Specjalizujemy si\u0119 w kompleksowej i precyzyjnej obr\u00f3bce skomplikowanych kszta\u0142t\u00f3w konturowych, szczelin, rowk\u00f3w, rowk\u00f3w, stopni \/ podwy\u017cszonych kszta\u0142t\u00f3w, otwor\u00f3w przeciwbie\u017cnych, gwint\u00f3w, otwor\u00f3w prostych \/ sto\u017ckowych itp. w ceramice, szkle i metalach ogniotrwa\u0142ych. Us\u0142uga obr\u00f3bki 3D jest dost\u0119pna dla ceramiki i molibdenu.<\/p>\n<div class=\"detail_btn tC\">\n                            <a href=\"..\/technology\/tech01\/\"><\/a>\n                        <\/div>\n<\/p><\/div>\n<p>                <!-- \/.tech_kind_box_in --><\/div>\n<p>            <!-- \/.tech_kind_box.col-sm-3 --><\/li>\n<li class=\"tech_kind_box col-xs-12 col-sm-6\">\n<div class=\"tech_kind_box_in row\">\n<div class=\"left col-sm-6\">\n<h4>Obr\u00f3bka precyzyjna\/mikro<\/h4>\n<div>\n                            <img decoding=\"async\" src=\"https:\/\/top-seiko.com\/pl\/img\/index\/index_tech_img02.jpg\" alt=\"\">\n                        <\/div>\n<\/p><\/div>\n<div class=\"tech_kind_box_in2 col-sm-6\">\n<p>Logiczne podej\u015bcie do wyzwa\u0144 zwi\u0105zanych z obr\u00f3bk\u0105 skrawaniem przy u\u017cyciu metod fizycznych i chemicznych to nasze motto. <br \/>Jako wiod\u0105cy w bran\u017cy dostawca, jeste\u015bmy w stanie zapewni\u0107 wysok\u0105 precyzj\u0119 i us\u0142ugi mikroobr\u00f3bki dla szerokiej gamy egzotycznych twardych materia\u0142\u00f3w. Dzi\u0119ki naszej dog\u0142\u0119bnej wiedzy na temat tych materia\u0142\u00f3w, najnowocze\u015bniejszym precyzyjnym maszynom i narz\u0119dziom, do\u015bwiadczonym in\u017cynierom i dobrze wyszkolonym operatorom maszyn, produkujemy niestandardowe cz\u0119\u015bci obrabiane z dok\u0142adno\u015bci\u0105 do mikrona.<br \/>\n                        Posiadamy r\u00f3wnie\u017c sprz\u0119t pomiarowy, kt\u00f3ry pozwala nam zagwarantowa\u0107 dok\u0142adno\u015b\u0107 wymiarow\u0105 ka\u017cdej obrabianej cz\u0119\u015bci. <\/p>\n<div class=\"detail_btn tC\">\n                            <a href=\"..\/technology\/tech02\/\"><\/a>\n                        <\/div>\n<\/p><\/div>\n<p>                <!-- \/.tech_kind_box_in --><\/div>\n<p>            <!-- \/.tech_kind_box.col-sm-3 --><\/li>\n<li class=\"tech_kind_box col-xs-12 col-sm-6\">\n<div class=\"tech_kind_box_in row\">\n<div class=\"left col-sm-6\">\n<h4>Wiercenie otwor\u00f3w<\/h4>\n<div>\n                            <img decoding=\"async\" src=\"https:\/\/top-seiko.com\/pl\/img\/index\/index_tech_img03.jpg\" alt=\"\">\n                        <\/div>\n<\/p><\/div>\n<div class=\"tech_kind_box_in2 col-sm-6\">\n<p>Wiercenie otwor\u00f3w w twardych materia\u0142ach to nasza specjalno\u015b\u0107. Precyzyjne otwory, mikrootwory i otwory wielokrotne mog\u0105 by\u0107 obrabiane w ceramice, szkle i metalach ogniotrwa\u0142ych, takich jak wolfram, molibden i tantal.<br \/>Projektujemy narz\u0119dzia do obr\u00f3bki skrawaniem w celu precyzyjnego wiercenia otwor\u00f3w zgodnie z wymaganiami klienta. Wystarczy poda\u0107 nam \u015brednic\u0119, g\u0142\u0119boko\u015b\u0107, tolerancje itp. potrzebnych otwor\u00f3w!<\/p>\n<div class=\"detail_btn tC\">\n                            <a href=\"..\/technology\/tech03\/\"><\/a>\n                        <\/div>\n<\/p><\/div>\n<p>                <!-- \/.tech_kind_box_in --><\/div>\n<p>            <!-- \/.tech_kind_box --><\/li>\n<li class=\"tech_kind_box col-xs-12 col-sm-6\">\n<div class=\"tech_kind_box_in row\">\n<div class=\"left col-sm-6\">\n<h4>Wiercenie g\u0142\u0119bokich otwor\u00f3w<\/h4>\n<div>\n                            <img decoding=\"async\" src=\"https:\/\/top-seiko.com\/pl\/img\/index\/index_tech_img04.jpg\" alt=\"\">\n                        <\/div>\n<\/p><\/div>\n<div class=\"tech_kind_box_in2 col-sm-6\">\n<p>Dzi\u0119ki niestandardowym narz\u0119dziom do obr\u00f3bki zaprojektowanym przez nasz zesp\u00f3\u0142 in\u017cynier\u00f3w, jeste\u015bmy dumni z wiercenia g\u0142\u0119bokich otwor\u00f3w prostych i d\u0142ugich otwor\u00f3w sto\u017ckowych w bardzo twardych materia\u0142ach, takich jak zaawansowana ceramika, topione szk\u0142o krzemionkowe (topiony kwarc), molibden i wolfram.<br \/>\n                        Kluczami do sukcesu w wierceniu g\u0142\u0119bokich otwor\u00f3w s\u0105: 1. utrzymywanie wiert\u0142a prosto, 2. wyp\u0142ukiwanie wi\u00f3r\u00f3w z otworu i unikanie gromadzenia si\u0119 wi\u00f3r\u00f3w na dnie otworu. A my dok\u0142adnie wiemy, jak to zrobi\u0107!<\/p>\n<div class=\"detail_btn tC\">\n                            <a href=\"..\/technology\/tech04\/\"><\/a>\n                        <\/div>\n<\/p><\/div>\n<p>                <!-- \/.tech_kind_box_in --><\/div>\n<p>            <!-- \/.tech_kind_box.col-sm-3 --><\/li>\n<li class=\"tech_kind_box col-xs-12 col-sm-6\">\n<div class=\"tech_kind_box_in row\">\n<div class=\"left col-sm-6\">\n<h4>Spajanie dyfuzyjne<\/h4>\n<div>\n                            <img decoding=\"async\" src=\"https:\/\/top-seiko.com\/pl\/img\/index\/index_tech_img05.jpg\" alt=\"\">\n                        <\/div>\n<\/p><\/div>\n<div class=\"tech_kind_box_in2 col-sm-6\">\n<p>Opr\u00f3cz konwencjonalnej precyzyjnej obr\u00f3bki skrawaniem, koncentrujemy si\u0119 i rozwijamy technologi\u0119 &#8220;\u0142\u0105czenia dyfuzyjnego&#8221;, aby sprosta\u0107 zapotrzebowaniu na wy\u017csz\u0105 wydajno\u015b\u0107.<br \/>\n                        \u0141\u0105cz\u0105c technologi\u0119 precyzyjnej obr\u00f3bki skrawaniem, kt\u00f3r\u0105 budowali\u015bmy przez lata, z nasz\u0105 nowo wprowadzon\u0105 technologi\u0105 \u0142\u0105czenia, jeste\u015bmy w stanie uzyska\u0107 kszta\u0142ty, kt\u00f3re by\u0142y trudne do osi\u0105gni\u0119cia w przesz\u0142o\u015bci, i przyczyni\u0107 si\u0119 do rozwi\u0105zania problem\u00f3w technicznych naszych klient\u00f3w.<\/p>\n<div class=\"detail_btn tC\">\n                            <a href=\"..\/technology\/tech05\/\"><\/a>\n                        <\/div>\n<\/p><\/div>\n<p>                <!-- \/.tech_kind_box_in --><\/div>\n<p>            <!-- \/.tech_kind_box.col-sm-3 --><\/li>\n<p>        <!-- \/.tech_kind --><\/ul>\n<p class=\"btn\"><a href=\"..\/technology\/\"><span>Dowiedz si\u0119 wi\u0119cej<\/span><\/a><\/p>\n<\/p><\/div>\n<\/section>\n<section class=\"section03\">\n<div class=\"container\">\n<h3>NASZE US\u0141UGI<\/h3>\n<div class=\"wrap\">\n<ul class=\"list\">\n<li class=\"col-xs-12 col-sm-4\">\n<h4>PRECYZYJNA OBR\u00d3BKA SKRAWANIEM<\/h4>\n<p>                        <img decoding=\"async\" src=\"https:\/\/top-seiko.com\/pl\/img\/pl_innov\/services01.png\" srcset=\"https:\/\/top-seiko.com\/pl\/img\/pl_innov\/services01.png 1x, https:\/\/top-seiko.com\/pl\/img\/pl_innov\/services01@2x.png 2x\" alt=\"\"><\/p>\n<p class=\"ttl\">OBR\u00d3BKA KSZTA\u0141TOWA\/3D<\/p>\n<dl>\n<dt>To, co mo\u017cna obrabia\u0107 na stali, mo\u017cna obrabia\u0107 na wszystkich materia\u0142ach<\/dt>\n<dd>Korzystaj\u0105c z obrabiarek, takich jak frezarki 3-osiowe i frezarki liniowe, wykonujemy r\u00f3\u017cnorodne operacje obr\u00f3bki skrawaniem, takie jak obr\u00f3bka kszta\u0142t\u00f3w zewn\u0119trznych, wiercenie, obr\u00f3bka nier\u00f3wno\u015bci, rowkowanie i obr\u00f3bka \u015brub na materia\u0142ach trudnych w obr\u00f3bce. Jeste\u015bmy r\u00f3wnie\u017c zdolni do obr\u00f3bki 3D zakrzywionych powierzchni i tr\u00f3jwymiarowych kszta\u0142t\u00f3w, a tak\u017ce wiercenia otwor\u00f3w w takich specjalnych kszta\u0142tach. Ponadto specjalizujemy si\u0119 r\u00f3wnie\u017c w wierceniu g\u0142\u0119bokich otwor\u00f3w na powierzchni bocznej.<\/dd>\n<\/dl>\n<\/li>\n<li class=\"col-xs-12 col-sm-4\">\n<h4>ROZWI\u0104ZANIA MATERIA\u0141OWE<\/h4>\n<p>                        <img decoding=\"async\" src=\"https:\/\/top-seiko.com\/pl\/img\/pl_innov\/services02.png\" srcset=\"https:\/\/top-seiko.com\/pl\/img\/pl_innov\/services02.png 1x, https:\/\/top-seiko.com\/pl\/img\/pl_innov\/services02@2x.png 2x\" alt=\"\"><\/p>\n<p class=\"ttl\">NIEOGRANICZONA WIEDZA NA TEMAT MATERIA\u0141\u00d3W<\/p>\n<dl>\n<dt>Dokonanie w\u0142a\u015bciwego wyboru mo\u017ce mie\u0107 ogromne znaczenie<\/dt>\n<dd>Top Seiko oferuje us\u0142ug\u0119 pomocy w doborze materia\u0142\u00f3w, rekomenduj\u0105c materia\u0142y w oparciu o ich w\u0142a\u015bciwo\u015bci istotne dla danego zastosowania. Poniewa\u017c nie produkujemy materia\u0142\u00f3w, mo\u017cesz liczy\u0107 na nasz\u0105 bezstronn\u0105 wiedz\u0119 na temat materia\u0142\u00f3w, aby wybra\u0107 najbardziej odpowiedni materia\u0142 do swojego zastosowania. Oferujemy nie tylko materia\u0142y japo\u0144skich producent\u00f3w, ale tak\u017ce tych spoza Japonii. Posiadamy r\u00f3wnie\u017c szerok\u0105 gam\u0119 materia\u0142\u00f3w w magazynie, co umo\u017cliwia szybk\u0105 dostaw\u0119. Mo\u017cesz skorzysta\u0107 z naszej kompleksowej us\u0142ugi obr\u00f3bki precyzyjnej, w tym pomocy w doborze materia\u0142\u00f3w i pozyskiwaniu materia\u0142\u00f3w do projekt\u00f3w rozwoju produktu! Co wi\u0119cej, istnieje wiele udanych przypadk\u00f3w wymiany materia\u0142\u00f3w, kt\u00f3re zaowocowa\u0142y popraw\u0105 jako\u015bci, wyd\u0142u\u017ceniem \u017cywotno\u015bci i zwi\u0119kszeniem produktywno\u015bci \/ wydajno\u015bci produktu. Pozw\u00f3l nam pom\u00f3c r\u00f3wnie\u017c Tobie!<\/dd>\n<\/dl>\n<\/li>\n<li class=\"col-xs-12 col-sm-4\">\n<h4>WSPARCIE BADA\u0143 I ROZWOJU<\/h4>\n<p>                        <img decoding=\"async\" src=\"https:\/\/top-seiko.com\/pl\/img\/pl_innov\/services03.png\" srcset=\"https:\/\/top-seiko.com\/pl\/img\/pl_innov\/services03.png 1x, https:\/\/top-seiko.com\/pl\/img\/pl_innov\/services03@2x.png 2x\" alt=\"\"><\/p>\n<p class=\"ttl\">WSPARCIE DLA ROZWOJU<\/p>\n<dl>\n<dt>Przenie\u015b swoje ekscytuj\u0105ce innowacyjne produkty do komercyjnej rzeczywisto\u015bci<\/dt>\n<dd>Dzi\u0119ki naszym najnowszym maszynom, r\u00f3\u017cnym rodzajom narz\u0119dzi do obr\u00f3bki skrawaniem w magazynie oraz do\u015bwiadczonym in\u017cynierom i operatorom maszyn, pomagamy naszym klientom w jak najszybszym rozpocz\u0119ciu projekt\u00f3w rozwoju produkt\u00f3w. Mo\u017cesz na nas liczy\u0107, je\u015bli chodzi o obr\u00f3bk\u0119 prototyp\u00f3w w ma\u0142ych ilo\u015bciach i obr\u00f3bk\u0119 produkcyjn\u0105 w du\u017cych ilo\u015bciach. Dla wymagaj\u0105cych klient\u00f3w przeprowadzamy obr\u00f3bk\u0119 testow\u0105. W oparciu o wyniki testu decydujemy o najlepszych warunkach obr\u00f3bki, aby spe\u0142ni\u0107 i przekroczy\u0107 najtrudniejsze wymagania. Przeprowadzamy nawet testy do momentu uzyskania po\u017c\u0105danych wynik\u00f3w.<\/dd>\n<\/dl>\n<\/li>\n<\/ul><\/div>\n<\/p><\/div>\n<\/section>\n<section class=\"section04\">\n<h3 class=\"ttl\">PRZEWODNIK PO MATERIA\u0141ACH DO OBR\u00d3BKI<\/h3>\n<div class=\"container\">\n<div class=\"guide row\">\n<div class=\"col-sm-6 col-xs-12\">\n<h4 class=\"tC\">Szukaj wed\u0142ug funkcji<\/h4>\n<ul>\n<li class=\"tC\"><a href=\"..\/guide\/characteristic\/\">Przewodniki po materia\u0142ach Materia\u0142y i zastosowania<i class=\"fa fa-caret-right fr\" aria-hidden=\"true\"><\/i><\/a><\/li>\n<li class=\"tC\"><a href=\"..\/guide\/heat_resisting\/\">Materia\u0142y \u017caroodporne<i class=\"fa fa-caret-right fr\" aria-hidden=\"true\"><\/i><\/a><\/li>\n<li class=\"tC\"><a href=\"..\/guide\/insulation\/\">Materia\u0142y izolacyjne<i class=\"fa fa-caret-right fr\" aria-hidden=\"true\"><\/i><\/a><\/li>\n<\/ul><\/div>\n<div class=\"col-sm-6 col-xs-12\">\n<h4 class=\"tC\">Wyszukiwanie wed\u0142ug danych<\/h4>\n<ul>\n<li class=\"tC\"><a href=\"..\/guide\/graph\/\">W\u0142a\u015bciwo\u015bci materia\u0142\u00f3w i tabele por\u00f3wnawcze<i class=\"fa fa-caret-right fr\" aria-hidden=\"true\"><\/i><\/a><\/li>\n<li class=\"tC\"><a href=\"..\/guide\/hardness\/\">Twardo\u015b\u0107 materia\u0142\u00f3w<i class=\"fa fa-caret-right fr\" aria-hidden=\"true\"><\/i><\/a><\/li>\n<li class=\"tC\"><a href=\"..\/guide\/unit\/\">Tabela konwersji jednostek<i class=\"fa fa-caret-right fr\" aria-hidden=\"true\"><\/i><\/a><\/li>\n<\/ul><\/div>\n<\/p><\/div>\n<p class=\"btn\"><a href=\"..\/download\/\">Dokumenty do pobrania<\/a><\/p>\n<\/p><\/div>\n<\/section>\n<\/article>\n","protected":false},"excerpt":{"rendered":"<p>MOC TWORZENIA Jeste\u015bmy dumni z naszych najwy\u017cszej klasy mo\u017cliwo\u015bci technicznych w\u015br\u00f3d producent\u00f3w ceramiki i metali o wysokiej temperaturze topnienia, zar\u00f3wno pod wzgl\u0119dem dok\u0142adno\u015bci wymiarowej, jak i geometrycznej. Nie ma ogranicze\u0144 co do precyzji wymaganej przez naszych klient\u00f3w, kt\u00f3ra staje si\u0119 coraz bardziej wyrafinowana w miar\u0119 up\u0142ywu czasu i zmian technologicznych. Aby nad\u0105\u017cy\u0107 za takimi wymaganiami, stale d\u0105\u017cymy do stabilnej obr\u00f3bki precyzyjnej i wielokrotnie przeprowadzamy obr\u00f3bk\u0119 testow\u0105 w celu dalszego zwi\u0119kszenia naszych mo\u017cliwo\u015bci technicznych. Obr\u00f3bka \u015brednicy zewn\u0119trznej\/wewn\u0119trznej Toczenie Szlifowanie precyzyjne Szlifowanie cylindryczne Obr\u00f3bka 3D skomplikowanych kszta\u0142t\u00f3w konturowych \u0141\u0105czenie dyfuzyjne DZIELENIE SI\u0118 WIEDZ\u0104 Poniewa\u017c nie jeste\u015bmy producentem materia\u0142\u00f3w, nasi klienci mog\u0105 skorzysta\u0107 z naszej bezstronnej wiedzy na temat egzotycznych twardych materia\u0142\u00f3w, aby [&hellip;]<\/p>\n","protected":false},"author":1,"featured_media":0,"parent":0,"menu_order":0,"comment_status":"closed","ping_status":"closed","template":"page-test.php","meta":{"footnotes":""},"aioseo_notices":[],"_links":{"self":[{"href":"https:\/\/top-seiko.com\/pl\/wp-json\/wp\/v2\/pages\/5282"}],"collection":[{"href":"https:\/\/top-seiko.com\/pl\/wp-json\/wp\/v2\/pages"}],"about":[{"href":"https:\/\/top-seiko.com\/pl\/wp-json\/wp\/v2\/types\/page"}],"author":[{"embeddable":true,"href":"https:\/\/top-seiko.com\/pl\/wp-json\/wp\/v2\/users\/1"}],"replies":[{"embeddable":true,"href":"https:\/\/top-seiko.com\/pl\/wp-json\/wp\/v2\/comments?post=5282"}],"version-history":[{"count":9,"href":"https:\/\/top-seiko.com\/pl\/wp-json\/wp\/v2\/pages\/5282\/revisions"}],"predecessor-version":[{"id":5340,"href":"https:\/\/top-seiko.com\/pl\/wp-json\/wp\/v2\/pages\/5282\/revisions\/5340"}],"wp:attachment":[{"href":"https:\/\/top-seiko.com\/pl\/wp-json\/wp\/v2\/media?parent=5282"}],"curies":[{"name":"wp","href":"https:\/\/api.w.org\/{rel}","templated":true}]}}